{"id":10,"date":"2021-01-15T23:43:05","date_gmt":"2021-01-15T21:43:05","guid":{"rendered":"https:\/\/test.aislayahorra.es\/tienda\/?post_type=product&#038;p=10"},"modified":"2021-10-10T17:46:25","modified_gmt":"2021-10-10T15:46:25","slug":"curso-passivhaus-tradesperson","status":"publish","type":"product","link":"https:\/\/aislayahorra.es\/tienda\/shop\/curso-passivhaus-tradesperson\/","title":{"rendered":"Curso Passivhaus Tradesperson"},"content":{"rendered":"<p>Este curso est\u00e1 pensado para cualquier agente en obra o agente comercial, ingeniero, arquitecto, t\u00e9cnico, oficial, capataz o encargado de obra que desee adquirir conocimientos sobre el est\u00e1ndar passivhaus. No requiere titulaci\u00f3n previa.<\/p>\n<p><iframe title=\"\u00bfPor qu\u00e9 el Curso Tradesperson Passivhaus de Zero Energy Lab?\" width=\"980\" height=\"551\" data-src=\"https:\/\/www.youtube.com\/embed\/UBs59xDiBrc?feature=oembed\" frameborder=\"0\" allow=\"accelerometer; autoplay; clipboard-write; encrypted-media; gyroscope; picture-in-picture\" allowfullscreen src=\"data:image\/svg+xml;base64,PHN2ZyB3aWR0aD0iMSIgaGVpZ2h0PSIxIiB4bWxucz0iaHR0cDovL3d3dy53My5vcmcvMjAwMC9zdmciPjwvc3ZnPg==\" class=\"lazyload\" data-load-mode=\"1\"><\/iframe><\/p>\n<p>Contamos con la colaboraci\u00f3n de <b>ZERO ENERGY<\/b> como ponentes para nuestros cursos de <b>PASSIVHAUS TRADESPERSON<\/b>.<\/p>\n<p>Para poder acceder al precio especial rebajado de <b>395 \u20ac<\/b> de este curso oficial, es imprescindible que la inscripci\u00f3n se realice exclusivamente a trav\u00e9s de nuestra p\u00e1gina web <a href=\"https:\/\/www.aislayahorra.es\/curso-passivhaus\/\">aislayahorra.es\/curso-oficial-passivhaus-tradesperson<\/a>-para-instaladores<\/p>\n<p>Posteriormente se puede realizar el ex\u00e1men oficial, abonando las tasas de <b>300 \u20ac<\/b> de examen para obtener el sello de Passivhaus Tradesperson.<\/p>\n<p>Si tiene dudas o requiere m\u00e1s asesoramiento, ll\u00e1menos al <b>608218772<\/b> y atenderemos sus preguntas.<\/p>\n<p><iframe title=\"Formaci\u00f3n passivhaus\" width=\"980\" height=\"551\" data-src=\"https:\/\/www.youtube.com\/embed\/8qmjrCVUY18?feature=oembed\" frameborder=\"0\" allow=\"accelerometer; autoplay; clipboard-write; encrypted-media; gyroscope; picture-in-picture\" allowfullscreen src=\"data:image\/svg+xml;base64,PHN2ZyB3aWR0aD0iMSIgaGVpZ2h0PSIxIiB4bWxucz0iaHR0cDovL3d3dy53My5vcmcvMjAwMC9zdmciPjwvc3ZnPg==\" class=\"lazyload\" data-load-mode=\"1\"><\/iframe><\/p>\n","protected":false},"excerpt":{"rendered":"<p>Este curso est\u00e1 pensado para cualquier agente en obra o agente comercial, ingeniero, arquitecto, t\u00e9cnico, oficial, capataz o encargado de obra que desee adquirir conocimientos sobre el est\u00e1ndar passivhaus. No requiere titulaci\u00f3n previa.<\/p>\n","protected":false},"featured_media":207,"comment_status":"open","ping_status":"closed","template":"","meta":[],"product_brand":[],"product_cat":[16],"product_tag":[],"class_list":{"0":"post-10","1":"product","2":"type-product","3":"status-publish","4":"has-post-thumbnail","6":"product_cat-cursos","7":"product_shipping_class-sin-envio","9":"first","10":"instock","11":"shipping-taxable","12":"purchasable","13":"product-type-simple"},"yoast_head":"<!-- This site is optimized with the Yoast SEO plugin v26.8 - https:\/\/yoast.com\/product\/yoast-seo-wordpress\/ -->\n<title>Curso Passivhaus Tradesperson la Formaci\u00f3n id\u00f3nea para instaladores<\/title>\n<meta name=\"description\" content=\"Con el Curso Passivhaus Tradesperson el instalador adquiere conocimientos de los principios de construcci\u00f3n pasiva, importantes hoy en d\u00eda\" \/>\n<meta name=\"robots\" content=\"index, follow, max-snippet:-1, max-image-preview:large, max-video-preview:-1\" \/>\n<link rel=\"canonical\" href=\"https:\/\/aislayahorra.es\/tienda\/shop\/curso-passivhaus-tradesperson\/\" \/>\n<meta property=\"og:locale\" content=\"es_ES\" \/>\n<meta property=\"og:type\" content=\"article\" \/>\n<meta property=\"og:title\" content=\"Curso Passivhaus Tradesperson la Formaci\u00f3n id\u00f3nea para instaladores\" \/>\n<meta property=\"og:description\" content=\"Con el Curso Passivhaus Tradesperson el instalador adquiere conocimientos de los principios de construcci\u00f3n pasiva, importantes hoy en d\u00eda\" \/>\n<meta property=\"og:url\" content=\"https:\/\/aislayahorra.es\/tienda\/shop\/curso-passivhaus-tradesperson\/\" \/>\n<meta property=\"article:modified_time\" content=\"2021-10-10T15:46:25+00:00\" \/>\n<meta property=\"og:image\" content=\"https:\/\/aislayahorra.es\/tienda\/wp-content\/uploads\/2021\/01\/82-CURSO.jpg\" \/>\n\t<meta property=\"og:image:width\" content=\"1294\" \/>\n\t<meta property=\"og:image:height\" content=\"1294\" \/>\n\t<meta property=\"og:image:type\" content=\"image\/jpeg\" \/>\n<meta name=\"twitter:card\" content=\"summary_large_image\" \/>\n<meta name=\"twitter:label1\" content=\"Tiempo de lectura\" \/>\n\t<meta name=\"twitter:data1\" content=\"1 minuto\" \/>\n<script type=\"application\/ld+json\" class=\"yoast-schema-graph\">{\"@context\":\"https:\/\/schema.org\",\"@graph\":[{\"@type\":\"WebPage\",\"@id\":\"https:\/\/aislayahorra.es\/tienda\/shop\/curso-passivhaus-tradesperson\/\",\"url\":\"https:\/\/aislayahorra.es\/tienda\/shop\/curso-passivhaus-tradesperson\/\",\"name\":\"Curso Passivhaus Tradesperson la Formaci\u00f3n id\u00f3nea para instaladores\",\"isPartOf\":{\"@id\":\"https:\/\/aislayahorra.es\/tienda\/#website\"},\"primaryImageOfPage\":{\"@id\":\"https:\/\/aislayahorra.es\/tienda\/shop\/curso-passivhaus-tradesperson\/#primaryimage\"},\"image\":{\"@id\":\"https:\/\/aislayahorra.es\/tienda\/shop\/curso-passivhaus-tradesperson\/#primaryimage\"},\"thumbnailUrl\":\"https:\/\/aislayahorra.es\/tienda\/wp-content\/uploads\/2021\/01\/82-CURSO.jpg\",\"datePublished\":\"2021-01-15T21:43:05+00:00\",\"dateModified\":\"2021-10-10T15:46:25+00:00\",\"description\":\"Con el Curso Passivhaus Tradesperson el instalador adquiere conocimientos de los principios de construcci\u00f3n pasiva, importantes hoy en d\u00eda\",\"breadcrumb\":{\"@id\":\"https:\/\/aislayahorra.es\/tienda\/shop\/curso-passivhaus-tradesperson\/#breadcrumb\"},\"inLanguage\":\"es\",\"potentialAction\":[{\"@type\":\"ReadAction\",\"target\":[\"https:\/\/aislayahorra.es\/tienda\/shop\/curso-passivhaus-tradesperson\/\"]}]},{\"@type\":\"ImageObject\",\"inLanguage\":\"es\",\"@id\":\"https:\/\/aislayahorra.es\/tienda\/shop\/curso-passivhaus-tradesperson\/#primaryimage\",\"url\":\"https:\/\/aislayahorra.es\/tienda\/wp-content\/uploads\/2021\/01\/82-CURSO.jpg\",\"contentUrl\":\"https:\/\/aislayahorra.es\/tienda\/wp-content\/uploads\/2021\/01\/82-CURSO.jpg\",\"width\":1294,\"height\":1294,\"caption\":\"Curso Passivhaus Tradesperson\"},{\"@type\":\"BreadcrumbList\",\"@id\":\"https:\/\/aislayahorra.es\/tienda\/shop\/curso-passivhaus-tradesperson\/#breadcrumb\",\"itemListElement\":[{\"@type\":\"ListItem\",\"position\":1,\"name\":\"Portada\",\"item\":\"https:\/\/aislayahorra.es\/tienda\/\"},{\"@type\":\"ListItem\",\"position\":2,\"name\":\"Shop\",\"item\":\"https:\/\/aislayahorra.es\/tienda\/\"},{\"@type\":\"ListItem\",\"position\":3,\"name\":\"Curso Passivhaus Tradesperson\"}]},{\"@type\":\"WebSite\",\"@id\":\"https:\/\/aislayahorra.es\/tienda\/#website\",\"url\":\"https:\/\/aislayahorra.es\/tienda\/\",\"name\":\"\",\"description\":\"\",\"potentialAction\":[{\"@type\":\"SearchAction\",\"target\":{\"@type\":\"EntryPoint\",\"urlTemplate\":\"https:\/\/aislayahorra.es\/tienda\/?s={search_term_string}\"},\"query-input\":{\"@type\":\"PropertyValueSpecification\",\"valueRequired\":true,\"valueName\":\"search_term_string\"}}],\"inLanguage\":\"es\"}]}<\/script>\n<!-- \/ Yoast SEO plugin. -->","yoast_head_json":{"title":"Curso Passivhaus Tradesperson la Formaci\u00f3n id\u00f3nea para instaladores","description":"Con el Curso Passivhaus Tradesperson el instalador adquiere conocimientos de los principios de construcci\u00f3n pasiva, importantes hoy en d\u00eda","robots":{"index":"index","follow":"follow","max-snippet":"max-snippet:-1","max-image-preview":"max-image-preview:large","max-video-preview":"max-video-preview:-1"},"canonical":"https:\/\/aislayahorra.es\/tienda\/shop\/curso-passivhaus-tradesperson\/","og_locale":"es_ES","og_type":"article","og_title":"Curso Passivhaus Tradesperson la Formaci\u00f3n id\u00f3nea para instaladores","og_description":"Con el Curso Passivhaus Tradesperson el instalador adquiere conocimientos de los principios de construcci\u00f3n pasiva, importantes hoy en d\u00eda","og_url":"https:\/\/aislayahorra.es\/tienda\/shop\/curso-passivhaus-tradesperson\/","article_modified_time":"2021-10-10T15:46:25+00:00","og_image":[{"width":1294,"height":1294,"url":"https:\/\/aislayahorra.es\/tienda\/wp-content\/uploads\/2021\/01\/82-CURSO.jpg","type":"image\/jpeg"}],"twitter_card":"summary_large_image","twitter_misc":{"Tiempo de lectura":"1 minuto"},"schema":{"@context":"https:\/\/schema.org","@graph":[{"@type":"WebPage","@id":"https:\/\/aislayahorra.es\/tienda\/shop\/curso-passivhaus-tradesperson\/","url":"https:\/\/aislayahorra.es\/tienda\/shop\/curso-passivhaus-tradesperson\/","name":"Curso Passivhaus Tradesperson la Formaci\u00f3n id\u00f3nea para instaladores","isPartOf":{"@id":"https:\/\/aislayahorra.es\/tienda\/#website"},"primaryImageOfPage":{"@id":"https:\/\/aislayahorra.es\/tienda\/shop\/curso-passivhaus-tradesperson\/#primaryimage"},"image":{"@id":"https:\/\/aislayahorra.es\/tienda\/shop\/curso-passivhaus-tradesperson\/#primaryimage"},"thumbnailUrl":"https:\/\/aislayahorra.es\/tienda\/wp-content\/uploads\/2021\/01\/82-CURSO.jpg","datePublished":"2021-01-15T21:43:05+00:00","dateModified":"2021-10-10T15:46:25+00:00","description":"Con el Curso Passivhaus Tradesperson el instalador adquiere conocimientos de los principios de construcci\u00f3n pasiva, importantes hoy en d\u00eda","breadcrumb":{"@id":"https:\/\/aislayahorra.es\/tienda\/shop\/curso-passivhaus-tradesperson\/#breadcrumb"},"inLanguage":"es","potentialAction":[{"@type":"ReadAction","target":["https:\/\/aislayahorra.es\/tienda\/shop\/curso-passivhaus-tradesperson\/"]}]},{"@type":"ImageObject","inLanguage":"es","@id":"https:\/\/aislayahorra.es\/tienda\/shop\/curso-passivhaus-tradesperson\/#primaryimage","url":"https:\/\/aislayahorra.es\/tienda\/wp-content\/uploads\/2021\/01\/82-CURSO.jpg","contentUrl":"https:\/\/aislayahorra.es\/tienda\/wp-content\/uploads\/2021\/01\/82-CURSO.jpg","width":1294,"height":1294,"caption":"Curso Passivhaus Tradesperson"},{"@type":"BreadcrumbList","@id":"https:\/\/aislayahorra.es\/tienda\/shop\/curso-passivhaus-tradesperson\/#breadcrumb","itemListElement":[{"@type":"ListItem","position":1,"name":"Portada","item":"https:\/\/aislayahorra.es\/tienda\/"},{"@type":"ListItem","position":2,"name":"Shop","item":"https:\/\/aislayahorra.es\/tienda\/"},{"@type":"ListItem","position":3,"name":"Curso Passivhaus Tradesperson"}]},{"@type":"WebSite","@id":"https:\/\/aislayahorra.es\/tienda\/#website","url":"https:\/\/aislayahorra.es\/tienda\/","name":"","description":"","potentialAction":[{"@type":"SearchAction","target":{"@type":"EntryPoint","urlTemplate":"https:\/\/aislayahorra.es\/tienda\/?s={search_term_string}"},"query-input":{"@type":"PropertyValueSpecification","valueRequired":true,"valueName":"search_term_string"}}],"inLanguage":"es"}]}},"_links":{"self":[{"href":"https:\/\/aislayahorra.es\/tienda\/wp-json\/wp\/v2\/product\/10","targetHints":{"allow":["GET"]}}],"collection":[{"href":"https:\/\/aislayahorra.es\/tienda\/wp-json\/wp\/v2\/product"}],"about":[{"href":"https:\/\/aislayahorra.es\/tienda\/wp-json\/wp\/v2\/types\/product"}],"replies":[{"embeddable":true,"href":"https:\/\/aislayahorra.es\/tienda\/wp-json\/wp\/v2\/comments?post=10"}],"version-history":[{"count":0,"href":"https:\/\/aislayahorra.es\/tienda\/wp-json\/wp\/v2\/product\/10\/revisions"}],"wp:featuredmedia":[{"embeddable":true,"href":"https:\/\/aislayahorra.es\/tienda\/wp-json\/wp\/v2\/media\/207"}],"wp:attachment":[{"href":"https:\/\/aislayahorra.es\/tienda\/wp-json\/wp\/v2\/media?parent=10"}],"wp:term":[{"taxonomy":"product_brand","embeddable":true,"href":"https:\/\/aislayahorra.es\/tienda\/wp-json\/wp\/v2\/product_brand?post=10"},{"taxonomy":"product_cat","embeddable":true,"href":"https:\/\/aislayahorra.es\/tienda\/wp-json\/wp\/v2\/product_cat?post=10"},{"taxonomy":"product_tag","embeddable":true,"href":"https:\/\/aislayahorra.es\/tienda\/wp-json\/wp\/v2\/product_tag?post=10"}],"curies":[{"name":"wp","href":"https:\/\/api.w.org\/{rel}","templated":true}]}}