{"id":1907,"date":"2022-04-07T15:58:34","date_gmt":"2022-04-07T13:58:34","guid":{"rendered":"https:\/\/aislayahorra.es\/tienda\/?post_type=product&#038;p=1907"},"modified":"2026-03-27T12:22:32","modified_gmt":"2026-03-27T10:22:32","slug":"pintura-aislante-termica-blatem","status":"publish","type":"product","link":"https:\/\/aislayahorra.es\/tienda\/shop\/pintura-aislante-termica-blatem\/","title":{"rendered":"Pintura aislante t\u00e9rmica Blatem"},"content":{"rendered":"\t\t<div data-elementor-type=\"product-post\" data-elementor-id=\"1907\" class=\"elementor elementor-1907\" data-elementor-post-type=\"product\">\n\t\t\t\t\t\t<section class=\"elementor-section elementor-top-section elementor-element elementor-element-c868112 elementor-section-boxed elementor-section-height-default elementor-section-height-default\" data-id=\"c868112\" data-element_type=\"section\" data-e-type=\"section\">\n\t\t\t\t\t\t<div class=\"elementor-container elementor-column-gap-default\">\n\t\t\t\t\t<div class=\"elementor-column elementor-col-100 elementor-top-column elementor-element elementor-element-a30a24f\" data-id=\"a30a24f\" data-element_type=\"column\" data-e-type=\"column\">\n\t\t\t<div class=\"elementor-widget-wrap elementor-element-populated\">\n\t\t\t\t\t\t<div class=\"elementor-element elementor-element-2ea6624 elementor-align-center elementor-widget elementor-widget-button\" data-id=\"2ea6624\" data-element_type=\"widget\" data-e-type=\"widget\" data-widget_type=\"button.default\">\n\t\t\t\t<div class=\"elementor-widget-container\">\n\t\t\t\t\t\t\t\t\t<div class=\"elementor-button-wrapper\">\n\t\t\t\t\t<a class=\"elementor-button elementor-button-link elementor-size-sm\" href=\"https:\/\/aislayahorra.es\/tienda\/wp-content\/uploads\/2025\/09\/es_00600750700933.pdf\">\n\t\t\t\t\t\t<span class=\"elementor-button-content-wrapper\">\n\t\t\t\t\t\t\t\t\t<span class=\"elementor-button-text\">Bajar ficha t\u00e9cnica de pintura t\u00e9rmica<\/span>\n\t\t\t\t\t<\/span>\n\t\t\t\t\t<\/a>\n\t\t\t\t<\/div>\n\t\t\t\t\t\t\t\t<\/div>\n\t\t\t\t<\/div>\n\t\t\t\t\t<\/div>\n\t\t<\/div>\n\t\t\t\t\t<\/div>\n\t\t<\/section>\n\t\t\t\t<section class=\"elementor-section elementor-top-section elementor-element elementor-element-41a170a elementor-section-boxed elementor-section-height-default elementor-section-height-default\" data-id=\"41a170a\" data-element_type=\"section\" data-e-type=\"section\">\n\t\t\t\t\t\t<div class=\"elementor-container elementor-column-gap-default\">\n\t\t\t\t\t<div class=\"elementor-column elementor-col-100 elementor-top-column elementor-element elementor-element-e412286\" data-id=\"e412286\" data-element_type=\"column\" data-e-type=\"column\">\n\t\t\t<div class=\"elementor-widget-wrap elementor-element-populated\">\n\t\t\t\t\t\t<div class=\"elementor-element elementor-element-8abff26 elementor-widget elementor-widget-text-editor\" data-id=\"8abff26\" data-element_type=\"widget\" data-e-type=\"widget\" data-widget_type=\"text-editor.default\">\n\t\t\t\t<div class=\"elementor-widget-container\">\n\t\t\t\t\t\t\t\t\t<p>Pintura aislante t\u00e9rmica Blatem, para aplicar (2 manos) sobre superficies con puentes t\u00e9rmicos y condensaciones.\u00a0<\/p><p>Pintura aislante t\u00e9rmica Blatem especial mate al agua con propiedades termoaislantes y al mismo tiempo anticondensaci\u00f3n y antimoho (sobre la pel\u00edcula de pintura)<\/p><p>Para decoraci\u00f3n de interiores y exteriores en lugares con mucha condensaci\u00f3n como ba\u00f1os, cocinas, salones, etc. y en general cuando deseemos mejorar el aislamiento t\u00e9rmico, ac\u00fastico y de condensaci\u00f3n.<\/p><p>Las superficies deben haberse limpiado con Lej\u00eda (diluida en agua 1:5) previamente, y deben estar secas y libres de sales. Retirar partes de yeso muerto. Sustituir por relleno con Aguaplas, que deber\u00e1 secar antes de la aplicaci\u00f3n. A aplicar con rodillos o brocha.<\/p><table><tbody><tr><td width=\"274\"><p>INFORMACION PRODUCTO<\/p><\/td><td width=\"104\"><p>VALOR<\/p><\/td><td width=\"189\"><p>UNIDAD<\/p><\/td><\/tr><tr><td width=\"274\"><p>Peso<\/p><\/td><td width=\"104\"><p>4<\/p><\/td><td width=\"189\"><p>Litros (0,61 kg\/lt)<\/p><\/td><\/tr><tr><td width=\"274\"><p>Rendimiento<\/p><\/td><td width=\"104\"><p>3<\/p><\/td><td width=\"189\"><p>M2 (0,4L\/m2) con 2 manos<\/p><\/td><\/tr><tr><td width=\"274\"><p>Secado entre manos<\/p><\/td><td width=\"104\"><p>60<\/p><\/td><td width=\"189\"><p>Minutos<\/p><\/td><\/tr><tr><td width=\"274\"><p>Secado antes de repintado<\/p><\/td><td width=\"104\"><p>5<\/p><\/td><td width=\"189\"><p>Horas<\/p><\/td><\/tr><tr><td width=\"274\"><p>Capas prescritas<\/p><\/td><td width=\"104\"><p>2<\/p><\/td><td width=\"189\"><p>Manos, m\u00ednimo<\/p><\/td><\/tr><tr><td width=\"274\"><p>Finura:\u00a0\u00a0<\/p><\/td><td width=\"104\">5,5 +- 1HG<\/td><td width=\"189\">(UNE-EN-ISO 1524<\/td><\/tr><tr><td width=\"274\"><p>Diluci\u00f3n<\/p><\/td><td width=\"104\"><p>5-15 %<\/p><\/td><td width=\"189\"><p>Aplicar Agua siempre, 2a mano 5%<\/p><\/td><\/tr><tr><td width=\"274\"><p>Color<\/p><\/td><td width=\"104\">\u00a0<\/td><td width=\"189\"><p>blanco mate<\/p><\/td><\/tr><tr><td width=\"274\"><p>Vida \u00fatil almacenamiento<\/p><\/td><td width=\"104\"><p>1<\/p><\/td><td width=\"189\"><p>a\u00f1o<\/p><\/td><\/tr><\/tbody><\/table><p>La aplicaci\u00f3n de la pintura t\u00e9rmica conlleva una funcionalidad que deben ser asumida antes de aplicarla. Se tratar\u00e1 de una capa de acabado final, de color blanco.<\/p><p>Por lo\u00a0 general, debido a sus componentes aislantes, la pintura es de textura ligeramente rugosa, que apenas se nota visualmente, pero si se nota al tacto.<\/p><p>No se recomienda pintar encima, ya que puede afectar a la capacidad biocida de eliminaci\u00f3n de los hongos y la capacidad reflexiva. Tampoco debe ser emplastecida ni ser lijada.\u00a0<\/p>\t\t\t\t\t\t\t\t<\/div>\n\t\t\t\t<\/div>\n\t\t\t\t\t<\/div>\n\t\t<\/div>\n\t\t\t\t\t<\/div>\n\t\t<\/section>\n\t\t\t\t<\/div>\n\t\t","protected":false},"excerpt":{"rendered":"<p>Pintura aislante t\u00e9rmica Blatem para tratamiento de puentes t\u00e9rmicos, condensaciones y hongos.<\/p>\n<p>Para decoraci\u00f3n de interiores y exteriores en lugaes con mucha condensaci\u00f3n como ba\u00f1os, cocinas, salones etc.. y en general cuando deseemos mejorar el aislamiento t\u00e9rmico, ac\u00fastico y eliminar las condensaciones<\/p>\n<p>Contenido 4 Litros<\/p>\n<p>Rendimiento 3 metros cuadrados con 2 manos.<\/p>\n","protected":false},"featured_media":2718,"comment_status":"open","ping_status":"closed","template":"","meta":[],"product_brand":[],"product_cat":[19],"product_tag":[111],"class_list":{"0":"post-1907","1":"product","2":"type-product","3":"status-publish","4":"has-post-thumbnail","6":"product_cat-materiales","7":"product_tag-pintura-aislante-termica-blatem","8":"product_shipping_class-producto-tipo-4","10":"first","11":"instock","12":"shipping-taxable","13":"purchasable","14":"product-type-simple"},"yoast_head":"<!-- This site is optimized with the Yoast SEO plugin v26.8 - https:\/\/yoast.com\/product\/yoast-seo-wordpress\/ -->\n<title>Pintura aislante t\u00e9rmica Blatem -<\/title>\n<meta name=\"description\" content=\"Pintura aislante t\u00e9rmica Blatem, ideal para eliminar puentes t\u00e9rmicos, condensaciones y hongos en paredes, vigas y columnas.\" \/>\n<meta name=\"robots\" content=\"index, follow, max-snippet:-1, max-image-preview:large, max-video-preview:-1\" \/>\n<link rel=\"canonical\" href=\"https:\/\/aislayahorra.es\/tienda\/shop\/pintura-aislante-termica-blatem\/\" \/>\n<meta property=\"og:locale\" content=\"es_ES\" \/>\n<meta property=\"og:type\" content=\"article\" \/>\n<meta property=\"og:title\" content=\"Pintura aislante t\u00e9rmica Blatem -\" \/>\n<meta property=\"og:description\" content=\"Pintura aislante t\u00e9rmica Blatem, ideal para eliminar puentes t\u00e9rmicos, condensaciones y hongos en paredes, vigas y columnas.\" \/>\n<meta property=\"og:url\" content=\"https:\/\/aislayahorra.es\/tienda\/shop\/pintura-aislante-termica-blatem\/\" \/>\n<meta property=\"article:modified_time\" content=\"2026-03-27T10:22:32+00:00\" \/>\n<meta property=\"og:image\" content=\"https:\/\/aislayahorra.es\/tienda\/wp-content\/uploads\/2022\/04\/anticondensacion.jpg\" \/>\n\t<meta property=\"og:image:width\" content=\"700\" \/>\n\t<meta property=\"og:image:height\" content=\"700\" \/>\n\t<meta property=\"og:image:type\" content=\"image\/jpeg\" \/>\n<meta name=\"twitter:card\" content=\"summary_large_image\" \/>\n<meta name=\"twitter:label1\" content=\"Tiempo de lectura\" \/>\n\t<meta name=\"twitter:data1\" content=\"1 minuto\" \/>\n<script type=\"application\/ld+json\" class=\"yoast-schema-graph\">{\"@context\":\"https:\/\/schema.org\",\"@graph\":[{\"@type\":\"WebPage\",\"@id\":\"https:\/\/aislayahorra.es\/tienda\/shop\/pintura-aislante-termica-blatem\/\",\"url\":\"https:\/\/aislayahorra.es\/tienda\/shop\/pintura-aislante-termica-blatem\/\",\"name\":\"Pintura aislante t\u00e9rmica Blatem -\",\"isPartOf\":{\"@id\":\"https:\/\/aislayahorra.es\/tienda\/#website\"},\"primaryImageOfPage\":{\"@id\":\"https:\/\/aislayahorra.es\/tienda\/shop\/pintura-aislante-termica-blatem\/#primaryimage\"},\"image\":{\"@id\":\"https:\/\/aislayahorra.es\/tienda\/shop\/pintura-aislante-termica-blatem\/#primaryimage\"},\"thumbnailUrl\":\"https:\/\/aislayahorra.es\/tienda\/wp-content\/uploads\/2022\/04\/anticondensacion.jpg\",\"datePublished\":\"2022-04-07T13:58:34+00:00\",\"dateModified\":\"2026-03-27T10:22:32+00:00\",\"description\":\"Pintura aislante t\u00e9rmica Blatem, ideal para eliminar puentes t\u00e9rmicos, condensaciones y hongos en paredes, vigas y columnas.\",\"breadcrumb\":{\"@id\":\"https:\/\/aislayahorra.es\/tienda\/shop\/pintura-aislante-termica-blatem\/#breadcrumb\"},\"inLanguage\":\"es\",\"potentialAction\":[{\"@type\":\"ReadAction\",\"target\":[\"https:\/\/aislayahorra.es\/tienda\/shop\/pintura-aislante-termica-blatem\/\"]}]},{\"@type\":\"ImageObject\",\"inLanguage\":\"es\",\"@id\":\"https:\/\/aislayahorra.es\/tienda\/shop\/pintura-aislante-termica-blatem\/#primaryimage\",\"url\":\"https:\/\/aislayahorra.es\/tienda\/wp-content\/uploads\/2022\/04\/anticondensacion.jpg\",\"contentUrl\":\"https:\/\/aislayahorra.es\/tienda\/wp-content\/uploads\/2022\/04\/anticondensacion.jpg\",\"width\":700,\"height\":700,\"caption\":\"Pintura t\u00e9rmica Blatem anticondensaci\u00f3n\"},{\"@type\":\"BreadcrumbList\",\"@id\":\"https:\/\/aislayahorra.es\/tienda\/shop\/pintura-aislante-termica-blatem\/#breadcrumb\",\"itemListElement\":[{\"@type\":\"ListItem\",\"position\":1,\"name\":\"Portada\",\"item\":\"https:\/\/aislayahorra.es\/tienda\/\"},{\"@type\":\"ListItem\",\"position\":2,\"name\":\"Shop\",\"item\":\"https:\/\/aislayahorra.es\/tienda\/\"},{\"@type\":\"ListItem\",\"position\":3,\"name\":\"Pintura aislante t\u00e9rmica Blatem\"}]},{\"@type\":\"WebSite\",\"@id\":\"https:\/\/aislayahorra.es\/tienda\/#website\",\"url\":\"https:\/\/aislayahorra.es\/tienda\/\",\"name\":\"\",\"description\":\"\",\"potentialAction\":[{\"@type\":\"SearchAction\",\"target\":{\"@type\":\"EntryPoint\",\"urlTemplate\":\"https:\/\/aislayahorra.es\/tienda\/?s={search_term_string}\"},\"query-input\":{\"@type\":\"PropertyValueSpecification\",\"valueRequired\":true,\"valueName\":\"search_term_string\"}}],\"inLanguage\":\"es\"}]}<\/script>\n<!-- \/ Yoast SEO plugin. -->","yoast_head_json":{"title":"Pintura aislante t\u00e9rmica Blatem -","description":"Pintura aislante t\u00e9rmica Blatem, ideal para eliminar puentes t\u00e9rmicos, condensaciones y hongos en paredes, vigas y columnas.","robots":{"index":"index","follow":"follow","max-snippet":"max-snippet:-1","max-image-preview":"max-image-preview:large","max-video-preview":"max-video-preview:-1"},"canonical":"https:\/\/aislayahorra.es\/tienda\/shop\/pintura-aislante-termica-blatem\/","og_locale":"es_ES","og_type":"article","og_title":"Pintura aislante t\u00e9rmica Blatem -","og_description":"Pintura aislante t\u00e9rmica Blatem, ideal para eliminar puentes t\u00e9rmicos, condensaciones y hongos en paredes, vigas y columnas.","og_url":"https:\/\/aislayahorra.es\/tienda\/shop\/pintura-aislante-termica-blatem\/","article_modified_time":"2026-03-27T10:22:32+00:00","og_image":[{"width":700,"height":700,"url":"https:\/\/aislayahorra.es\/tienda\/wp-content\/uploads\/2022\/04\/anticondensacion.jpg","type":"image\/jpeg"}],"twitter_card":"summary_large_image","twitter_misc":{"Tiempo de lectura":"1 minuto"},"schema":{"@context":"https:\/\/schema.org","@graph":[{"@type":"WebPage","@id":"https:\/\/aislayahorra.es\/tienda\/shop\/pintura-aislante-termica-blatem\/","url":"https:\/\/aislayahorra.es\/tienda\/shop\/pintura-aislante-termica-blatem\/","name":"Pintura aislante t\u00e9rmica Blatem -","isPartOf":{"@id":"https:\/\/aislayahorra.es\/tienda\/#website"},"primaryImageOfPage":{"@id":"https:\/\/aislayahorra.es\/tienda\/shop\/pintura-aislante-termica-blatem\/#primaryimage"},"image":{"@id":"https:\/\/aislayahorra.es\/tienda\/shop\/pintura-aislante-termica-blatem\/#primaryimage"},"thumbnailUrl":"https:\/\/aislayahorra.es\/tienda\/wp-content\/uploads\/2022\/04\/anticondensacion.jpg","datePublished":"2022-04-07T13:58:34+00:00","dateModified":"2026-03-27T10:22:32+00:00","description":"Pintura aislante t\u00e9rmica Blatem, ideal para eliminar puentes t\u00e9rmicos, condensaciones y hongos en paredes, vigas y columnas.","breadcrumb":{"@id":"https:\/\/aislayahorra.es\/tienda\/shop\/pintura-aislante-termica-blatem\/#breadcrumb"},"inLanguage":"es","potentialAction":[{"@type":"ReadAction","target":["https:\/\/aislayahorra.es\/tienda\/shop\/pintura-aislante-termica-blatem\/"]}]},{"@type":"ImageObject","inLanguage":"es","@id":"https:\/\/aislayahorra.es\/tienda\/shop\/pintura-aislante-termica-blatem\/#primaryimage","url":"https:\/\/aislayahorra.es\/tienda\/wp-content\/uploads\/2022\/04\/anticondensacion.jpg","contentUrl":"https:\/\/aislayahorra.es\/tienda\/wp-content\/uploads\/2022\/04\/anticondensacion.jpg","width":700,"height":700,"caption":"Pintura t\u00e9rmica Blatem anticondensaci\u00f3n"},{"@type":"BreadcrumbList","@id":"https:\/\/aislayahorra.es\/tienda\/shop\/pintura-aislante-termica-blatem\/#breadcrumb","itemListElement":[{"@type":"ListItem","position":1,"name":"Portada","item":"https:\/\/aislayahorra.es\/tienda\/"},{"@type":"ListItem","position":2,"name":"Shop","item":"https:\/\/aislayahorra.es\/tienda\/"},{"@type":"ListItem","position":3,"name":"Pintura aislante t\u00e9rmica Blatem"}]},{"@type":"WebSite","@id":"https:\/\/aislayahorra.es\/tienda\/#website","url":"https:\/\/aislayahorra.es\/tienda\/","name":"","description":"","potentialAction":[{"@type":"SearchAction","target":{"@type":"EntryPoint","urlTemplate":"https:\/\/aislayahorra.es\/tienda\/?s={search_term_string}"},"query-input":{"@type":"PropertyValueSpecification","valueRequired":true,"valueName":"search_term_string"}}],"inLanguage":"es"}]}},"_links":{"self":[{"href":"https:\/\/aislayahorra.es\/tienda\/wp-json\/wp\/v2\/product\/1907","targetHints":{"allow":["GET"]}}],"collection":[{"href":"https:\/\/aislayahorra.es\/tienda\/wp-json\/wp\/v2\/product"}],"about":[{"href":"https:\/\/aislayahorra.es\/tienda\/wp-json\/wp\/v2\/types\/product"}],"replies":[{"embeddable":true,"href":"https:\/\/aislayahorra.es\/tienda\/wp-json\/wp\/v2\/comments?post=1907"}],"version-history":[{"count":31,"href":"https:\/\/aislayahorra.es\/tienda\/wp-json\/wp\/v2\/product\/1907\/revisions"}],"predecessor-version":[{"id":2733,"href":"https:\/\/aislayahorra.es\/tienda\/wp-json\/wp\/v2\/product\/1907\/revisions\/2733"}],"wp:featuredmedia":[{"embeddable":true,"href":"https:\/\/aislayahorra.es\/tienda\/wp-json\/wp\/v2\/media\/2718"}],"wp:attachment":[{"href":"https:\/\/aislayahorra.es\/tienda\/wp-json\/wp\/v2\/media?parent=1907"}],"wp:term":[{"taxonomy":"product_brand","embeddable":true,"href":"https:\/\/aislayahorra.es\/tienda\/wp-json\/wp\/v2\/product_brand?post=1907"},{"taxonomy":"product_cat","embeddable":true,"href":"https:\/\/aislayahorra.es\/tienda\/wp-json\/wp\/v2\/product_cat?post=1907"},{"taxonomy":"product_tag","embeddable":true,"href":"https:\/\/aislayahorra.es\/tienda\/wp-json\/wp\/v2\/product_tag?post=1907"}],"curies":[{"name":"wp","href":"https:\/\/api.w.org\/{rel}","templated":true}]}}