{"id":2164,"date":"2023-05-10T08:53:55","date_gmt":"2023-05-10T06:53:55","guid":{"rendered":"https:\/\/aislayahorra.es\/tienda\/?post_type=product&#038;p=2164"},"modified":"2025-10-10T12:14:44","modified_gmt":"2025-10-10T10:14:44","slug":"masilla-omega-quilli-600-ml","status":"publish","type":"product","link":"https:\/\/aislayahorra.es\/tienda\/shop\/masilla-omega-quilli-600-ml\/","title":{"rendered":"Masilla Omega Quilli 600 ml"},"content":{"rendered":"","protected":false},"excerpt":{"rendered":"<h2>Omega Quilli Masilla 310 ml<\/h2>\n<div><\/div>\n<div>Esta masilla se usa como sellante adhesivo para asegurar una instalaci\u00f3n segura a la lluvia y resistencia a la estanqueidad al viento .\u00a0 En particular para regularizar superficies bajo l\u00e1minas de rad\u00f3n, unir y sellar zonas de solape,\u00a0 para sellar clavos y juntas en paredes ascendentes, chimeneas,\u00a0 etc. Este producto tambi\u00e9n se puede usar para unir juntas de paneles de fibra de madera,\u00a0 OSB and DWD. Resistencia a la lluvia probada por Holzforschung Austria. (Report no. : 301\/2003\/2-T\/HH)<\/div>\n<div class=\"md:grid md:grid-cols-2 gap-4 pt-5\">\n<div>\n<dl class=\"flex flex-wrap\">\n<dt class=\"w-full md:w-2\/5 px-2 pt-2 md:py-2 text-primary bg-white\">Composici\u00f3n material<\/dt>\n<dd class=\"w-full md:w-3\/5 px-2 pb-2 md:py-2 bg-white\">1-K-PUR libre de disolvente<\/dd>\n<dt class=\"w-full md:w-2\/5 px-2 pt-2 md:py-2 text-primary bg-gray-200\">Color<\/dt>\n<dd class=\"w-full md:w-3\/5 px-2 pb-2 md:py-2 bg-gray-200\">Beige<\/dd>\n<dt class=\"w-full md:w-2\/5 px-2 pt-2 md:py-2 text-primary bg-white\">Densidad &#8211; g\/cm\u00b3<\/dt>\n<dd class=\"w-full md:w-3\/5 px-2 pb-2 md:py-2 bg-white\">1.54 g\/cm\u00b3<\/dd>\n<dt class=\"w-full md:w-2\/5 px-2 pt-2 md:py-2 text-primary bg-gray-200\">Resistencia a bajas temperaturas<\/dt>\n<dd class=\"w-full md:w-3\/5 px-2 pb-2 md:py-2 bg-gray-200\">-40 \u00b0C<\/dd>\n<dt class=\"w-full md:w-2\/5 px-2 pt-2 md:py-2 text-primary bg-white\">Resistencia a las altas temperaturas<\/dt>\n<dd class=\"w-full md:w-3\/5 px-2 pb-2 md:py-2 bg-white\">110 \u00b0C<\/dd>\n<dt class=\"w-full md:w-2\/5 px-2 pt-2 md:py-2 text-primary bg-gray-200\">Temperatura de trabajo<\/dt>\n<dd class=\"w-full md:w-3\/5 px-2 pb-2 md:py-2 bg-gray-200\">7 \u00b0C<\/dd>\n<\/dl>\n<\/div>\n<div>\n<dl class=\"flex flex-wrap\">\n<dt class=\"w-full md:w-2\/5 px-2 pt-2 md:py-2 text-primary bg-white\">Temperartura superficial y al aire<\/dt>\n<dd class=\"w-full md:w-3\/5 px-2 pb-2 md:py-2 bg-white\">-5 \u00b0C<\/dd>\n<dt class=\"w-full md:w-2\/5 px-2 pt-2 md:py-2 text-primary bg-gray-200\">Tiempo de curado<\/dt>\n<dd class=\"w-full md:w-3\/5 px-2 pb-2 md:py-2 bg-gray-200\">aprox. 24 h (2,5 mm adhsivo, 20 \u00b0C y 50 % humedad relativa)<\/dd>\n<dt class=\"w-full md:w-2\/5 px-2 pt-2 md:py-2 text-primary bg-white\">Duraci\u00f3n de formaci\u00f3n de pel\u00edcula, h\u00famedo<\/dt>\n<dd class=\"w-full md:w-3\/5 px-2 pb-2 md:py-2 bg-white\">ca. 7 min. at +20 \u00b0C \/ 50 % rel. humidity<\/dd>\n<dt class=\"w-full md:w-2\/5 px-2 pt-2 md:py-2 text-primary bg-gray-200\">Caducidad Almacenamiento<\/dt>\n<dd class=\"w-full md:w-3\/5 px-2 pb-2 md:py-2 bg-gray-200\">12 meses, sin abrir<\/dd>\n<dd class=\"w-full md:w-3\/5 px-2 pb-2 md:py-2 bg-gray-200\">+15 \u00b0C &#8211; + 25 \u00b0C seco, sin luz solar<\/dd>\n<\/dl>\n<\/div>\n<\/div>\n","protected":false},"featured_media":2161,"comment_status":"open","ping_status":"closed","template":"","meta":[],"product_brand":[],"product_cat":[24],"product_tag":[87,86],"class_list":{"0":"post-2164","1":"product","2":"type-product","3":"status-publish","4":"has-post-thumbnail","6":"product_cat-estanqueidad","7":"product_tag-masilla-de-regularizacion","8":"product_tag-masilla-omega-quilli-600","9":"product_shipping_class-producto-tipo-4","11":"first","12":"instock","13":"shipping-taxable","14":"purchasable","15":"product-type-simple"},"yoast_head":"<!-- This site is optimized with the Yoast SEO plugin v26.8 - https:\/\/yoast.com\/product\/yoast-seo-wordpress\/ -->\n<title>Masilla Omega Quilli 600 ml -<\/title>\n<meta name=\"description\" content=\"La masilla Omega Quilli 600 ml sirve para regularizar superficies de pegado entre membranas, barreras de vapor, l\u00e1minas...sobre madera, hormig\u00f3n, ladrillo\" \/>\n<meta name=\"robots\" content=\"index, follow, max-snippet:-1, max-image-preview:large, max-video-preview:-1\" \/>\n<link rel=\"canonical\" href=\"https:\/\/aislayahorra.es\/tienda\/shop\/masilla-omega-quilli-600-ml\/\" \/>\n<meta property=\"og:locale\" content=\"es_ES\" \/>\n<meta property=\"og:type\" content=\"article\" \/>\n<meta property=\"og:title\" content=\"Masilla Omega Quilli 600 ml -\" \/>\n<meta property=\"og:description\" content=\"La masilla Omega Quilli 600 ml sirve para regularizar superficies de pegado entre membranas, barreras de vapor, l\u00e1minas...sobre madera, hormig\u00f3n, ladrillo\" \/>\n<meta property=\"og:url\" content=\"https:\/\/aislayahorra.es\/tienda\/shop\/masilla-omega-quilli-600-ml\/\" \/>\n<meta property=\"article:modified_time\" content=\"2025-10-10T10:14:44+00:00\" \/>\n<meta property=\"og:image\" content=\"https:\/\/aislayahorra.es\/tienda\/wp-content\/uploads\/2023\/05\/csm_MA_OM_QUILLI_PROPIC_Klebedichtmasse_0281c1e365.webp\" \/>\n\t<meta property=\"og:image:width\" content=\"255\" \/>\n\t<meta property=\"og:image:height\" content=\"255\" \/>\n\t<meta property=\"og:image:type\" content=\"image\/webp\" \/>\n<meta name=\"twitter:card\" content=\"summary_large_image\" \/>\n<script type=\"application\/ld+json\" class=\"yoast-schema-graph\">{\"@context\":\"https:\/\/schema.org\",\"@graph\":[{\"@type\":\"WebPage\",\"@id\":\"https:\/\/aislayahorra.es\/tienda\/shop\/masilla-omega-quilli-600-ml\/\",\"url\":\"https:\/\/aislayahorra.es\/tienda\/shop\/masilla-omega-quilli-600-ml\/\",\"name\":\"Masilla Omega Quilli 600 ml -\",\"isPartOf\":{\"@id\":\"https:\/\/aislayahorra.es\/tienda\/#website\"},\"primaryImageOfPage\":{\"@id\":\"https:\/\/aislayahorra.es\/tienda\/shop\/masilla-omega-quilli-600-ml\/#primaryimage\"},\"image\":{\"@id\":\"https:\/\/aislayahorra.es\/tienda\/shop\/masilla-omega-quilli-600-ml\/#primaryimage\"},\"thumbnailUrl\":\"https:\/\/aislayahorra.es\/tienda\/wp-content\/uploads\/2023\/05\/csm_MA_OM_QUILLI_PROPIC_Klebedichtmasse_0281c1e365.webp\",\"datePublished\":\"2023-05-10T06:53:55+00:00\",\"dateModified\":\"2025-10-10T10:14:44+00:00\",\"description\":\"La masilla Omega Quilli 600 ml sirve para regularizar superficies de pegado entre membranas, barreras de vapor, l\u00e1minas...sobre madera, hormig\u00f3n, ladrillo\",\"breadcrumb\":{\"@id\":\"https:\/\/aislayahorra.es\/tienda\/shop\/masilla-omega-quilli-600-ml\/#breadcrumb\"},\"inLanguage\":\"es\",\"potentialAction\":[{\"@type\":\"ReadAction\",\"target\":[\"https:\/\/aislayahorra.es\/tienda\/shop\/masilla-omega-quilli-600-ml\/\"]}]},{\"@type\":\"ImageObject\",\"inLanguage\":\"es\",\"@id\":\"https:\/\/aislayahorra.es\/tienda\/shop\/masilla-omega-quilli-600-ml\/#primaryimage\",\"url\":\"https:\/\/aislayahorra.es\/tienda\/wp-content\/uploads\/2023\/05\/csm_MA_OM_QUILLI_PROPIC_Klebedichtmasse_0281c1e365.webp\",\"contentUrl\":\"https:\/\/aislayahorra.es\/tienda\/wp-content\/uploads\/2023\/05\/csm_MA_OM_QUILLI_PROPIC_Klebedichtmasse_0281c1e365.webp\",\"width\":255,\"height\":255,\"caption\":\"Masilla Omega Quilli\"},{\"@type\":\"BreadcrumbList\",\"@id\":\"https:\/\/aislayahorra.es\/tienda\/shop\/masilla-omega-quilli-600-ml\/#breadcrumb\",\"itemListElement\":[{\"@type\":\"ListItem\",\"position\":1,\"name\":\"Portada\",\"item\":\"https:\/\/aislayahorra.es\/tienda\/\"},{\"@type\":\"ListItem\",\"position\":2,\"name\":\"Shop\",\"item\":\"https:\/\/aislayahorra.es\/tienda\/\"},{\"@type\":\"ListItem\",\"position\":3,\"name\":\"Masilla Omega Quilli 600 ml\"}]},{\"@type\":\"WebSite\",\"@id\":\"https:\/\/aislayahorra.es\/tienda\/#website\",\"url\":\"https:\/\/aislayahorra.es\/tienda\/\",\"name\":\"\",\"description\":\"\",\"potentialAction\":[{\"@type\":\"SearchAction\",\"target\":{\"@type\":\"EntryPoint\",\"urlTemplate\":\"https:\/\/aislayahorra.es\/tienda\/?s={search_term_string}\"},\"query-input\":{\"@type\":\"PropertyValueSpecification\",\"valueRequired\":true,\"valueName\":\"search_term_string\"}}],\"inLanguage\":\"es\"}]}<\/script>\n<!-- \/ Yoast SEO plugin. -->","yoast_head_json":{"title":"Masilla Omega Quilli 600 ml -","description":"La masilla Omega Quilli 600 ml sirve para regularizar superficies de pegado entre membranas, barreras de vapor, l\u00e1minas...sobre madera, hormig\u00f3n, ladrillo","robots":{"index":"index","follow":"follow","max-snippet":"max-snippet:-1","max-image-preview":"max-image-preview:large","max-video-preview":"max-video-preview:-1"},"canonical":"https:\/\/aislayahorra.es\/tienda\/shop\/masilla-omega-quilli-600-ml\/","og_locale":"es_ES","og_type":"article","og_title":"Masilla Omega Quilli 600 ml -","og_description":"La masilla Omega Quilli 600 ml sirve para regularizar superficies de pegado entre membranas, barreras de vapor, l\u00e1minas...sobre madera, hormig\u00f3n, ladrillo","og_url":"https:\/\/aislayahorra.es\/tienda\/shop\/masilla-omega-quilli-600-ml\/","article_modified_time":"2025-10-10T10:14:44+00:00","og_image":[{"width":255,"height":255,"url":"https:\/\/aislayahorra.es\/tienda\/wp-content\/uploads\/2023\/05\/csm_MA_OM_QUILLI_PROPIC_Klebedichtmasse_0281c1e365.webp","type":"image\/webp"}],"twitter_card":"summary_large_image","schema":{"@context":"https:\/\/schema.org","@graph":[{"@type":"WebPage","@id":"https:\/\/aislayahorra.es\/tienda\/shop\/masilla-omega-quilli-600-ml\/","url":"https:\/\/aislayahorra.es\/tienda\/shop\/masilla-omega-quilli-600-ml\/","name":"Masilla Omega Quilli 600 ml -","isPartOf":{"@id":"https:\/\/aislayahorra.es\/tienda\/#website"},"primaryImageOfPage":{"@id":"https:\/\/aislayahorra.es\/tienda\/shop\/masilla-omega-quilli-600-ml\/#primaryimage"},"image":{"@id":"https:\/\/aislayahorra.es\/tienda\/shop\/masilla-omega-quilli-600-ml\/#primaryimage"},"thumbnailUrl":"https:\/\/aislayahorra.es\/tienda\/wp-content\/uploads\/2023\/05\/csm_MA_OM_QUILLI_PROPIC_Klebedichtmasse_0281c1e365.webp","datePublished":"2023-05-10T06:53:55+00:00","dateModified":"2025-10-10T10:14:44+00:00","description":"La masilla Omega Quilli 600 ml sirve para regularizar superficies de pegado entre membranas, barreras de vapor, l\u00e1minas...sobre madera, hormig\u00f3n, ladrillo","breadcrumb":{"@id":"https:\/\/aislayahorra.es\/tienda\/shop\/masilla-omega-quilli-600-ml\/#breadcrumb"},"inLanguage":"es","potentialAction":[{"@type":"ReadAction","target":["https:\/\/aislayahorra.es\/tienda\/shop\/masilla-omega-quilli-600-ml\/"]}]},{"@type":"ImageObject","inLanguage":"es","@id":"https:\/\/aislayahorra.es\/tienda\/shop\/masilla-omega-quilli-600-ml\/#primaryimage","url":"https:\/\/aislayahorra.es\/tienda\/wp-content\/uploads\/2023\/05\/csm_MA_OM_QUILLI_PROPIC_Klebedichtmasse_0281c1e365.webp","contentUrl":"https:\/\/aislayahorra.es\/tienda\/wp-content\/uploads\/2023\/05\/csm_MA_OM_QUILLI_PROPIC_Klebedichtmasse_0281c1e365.webp","width":255,"height":255,"caption":"Masilla Omega Quilli"},{"@type":"BreadcrumbList","@id":"https:\/\/aislayahorra.es\/tienda\/shop\/masilla-omega-quilli-600-ml\/#breadcrumb","itemListElement":[{"@type":"ListItem","position":1,"name":"Portada","item":"https:\/\/aislayahorra.es\/tienda\/"},{"@type":"ListItem","position":2,"name":"Shop","item":"https:\/\/aislayahorra.es\/tienda\/"},{"@type":"ListItem","position":3,"name":"Masilla Omega Quilli 600 ml"}]},{"@type":"WebSite","@id":"https:\/\/aislayahorra.es\/tienda\/#website","url":"https:\/\/aislayahorra.es\/tienda\/","name":"","description":"","potentialAction":[{"@type":"SearchAction","target":{"@type":"EntryPoint","urlTemplate":"https:\/\/aislayahorra.es\/tienda\/?s={search_term_string}"},"query-input":{"@type":"PropertyValueSpecification","valueRequired":true,"valueName":"search_term_string"}}],"inLanguage":"es"}]}},"_links":{"self":[{"href":"https:\/\/aislayahorra.es\/tienda\/wp-json\/wp\/v2\/product\/2164","targetHints":{"allow":["GET"]}}],"collection":[{"href":"https:\/\/aislayahorra.es\/tienda\/wp-json\/wp\/v2\/product"}],"about":[{"href":"https:\/\/aislayahorra.es\/tienda\/wp-json\/wp\/v2\/types\/product"}],"replies":[{"embeddable":true,"href":"https:\/\/aislayahorra.es\/tienda\/wp-json\/wp\/v2\/comments?post=2164"}],"version-history":[{"count":2,"href":"https:\/\/aislayahorra.es\/tienda\/wp-json\/wp\/v2\/product\/2164\/revisions"}],"predecessor-version":[{"id":2166,"href":"https:\/\/aislayahorra.es\/tienda\/wp-json\/wp\/v2\/product\/2164\/revisions\/2166"}],"wp:featuredmedia":[{"embeddable":true,"href":"https:\/\/aislayahorra.es\/tienda\/wp-json\/wp\/v2\/media\/2161"}],"wp:attachment":[{"href":"https:\/\/aislayahorra.es\/tienda\/wp-json\/wp\/v2\/media?parent=2164"}],"wp:term":[{"taxonomy":"product_brand","embeddable":true,"href":"https:\/\/aislayahorra.es\/tienda\/wp-json\/wp\/v2\/product_brand?post=2164"},{"taxonomy":"product_cat","embeddable":true,"href":"https:\/\/aislayahorra.es\/tienda\/wp-json\/wp\/v2\/product_cat?post=2164"},{"taxonomy":"product_tag","embeddable":true,"href":"https:\/\/aislayahorra.es\/tienda\/wp-json\/wp\/v2\/product_tag?post=2164"}],"curies":[{"name":"wp","href":"https:\/\/api.w.org\/{rel}","templated":true}]}}