{"id":2369,"date":"2024-05-26T11:45:51","date_gmt":"2024-05-26T09:45:51","guid":{"rendered":"https:\/\/aislayahorra.es\/tienda\/?post_type=product&#038;p=2369"},"modified":"2026-03-27T12:04:58","modified_gmt":"2026-03-27T10:04:58","slug":"saco-ursa-purefloc-loft-47","status":"publish","type":"product","link":"https:\/\/aislayahorra.es\/tienda\/shop\/saco-ursa-purefloc-loft-47\/","title":{"rendered":"saco URSA Purefloc Loft 47"},"content":{"rendered":"\t\t<div data-elementor-type=\"product-post\" data-elementor-id=\"2369\" class=\"elementor elementor-2369\" data-elementor-post-type=\"product\">\n\t\t\t\t\t\t<section class=\"elementor-section elementor-top-section elementor-element elementor-element-6d3ae13f elementor-section-boxed elementor-section-height-default elementor-section-height-default\" data-id=\"6d3ae13f\" data-element_type=\"section\" data-e-type=\"section\">\n\t\t\t\t\t\t<div class=\"elementor-container elementor-column-gap-default\">\n\t\t\t\t\t<div class=\"elementor-column elementor-col-100 elementor-top-column elementor-element elementor-element-426d6d6\" data-id=\"426d6d6\" data-element_type=\"column\" data-e-type=\"column\">\n\t\t\t<div class=\"elementor-widget-wrap elementor-element-populated\">\n\t\t\t\t\t\t<div class=\"elementor-element elementor-element-1e58c5ad elementor-widget elementor-widget-text-editor\" data-id=\"1e58c5ad\" data-element_type=\"widget\" data-e-type=\"widget\" data-widget_type=\"text-editor.default\">\n\t\t\t\t<div class=\"elementor-widget-container\">\n\t\t\t\t\t\t\t\t\t&nbsp;\n\n&nbsp;\t\t\t\t\t\t\t\t<\/div>\n\t\t\t\t<\/div>\n\t\t\t\t\t<\/div>\n\t\t<\/div>\n\t\t\t\t\t<\/div>\n\t\t<\/section>\n\t\t\t\t<section class=\"elementor-section elementor-top-section elementor-element elementor-element-2c1281e elementor-section-boxed elementor-section-height-default elementor-section-height-default\" data-id=\"2c1281e\" data-element_type=\"section\" data-e-type=\"section\">\n\t\t\t\t\t\t<div class=\"elementor-container elementor-column-gap-default\">\n\t\t\t\t\t<div class=\"elementor-column elementor-col-100 elementor-top-column elementor-element elementor-element-0827502\" data-id=\"0827502\" data-element_type=\"column\" data-e-type=\"column\">\n\t\t\t<div class=\"elementor-widget-wrap elementor-element-populated\">\n\t\t\t\t\t\t<div class=\"elementor-element elementor-element-6ce15e8 elementor-widget elementor-widget-text-editor\" data-id=\"6ce15e8\" data-element_type=\"widget\" data-e-type=\"widget\" data-widget_type=\"text-editor.default\">\n\t\t\t\t<div class=\"elementor-widget-container\">\n\t\t\t\t\t\t\t\t\t<p>El saco URSA Purefloc Loft\u00a0 47 es un producto para soplar aislamiento bajo cubiertas no habitadas, entre tabiques palomeros o buhardillas y \u00e1ticos sin habitar.<\/p><p>El saco URSA Purefloc Loft 47 no tiene ligantes, es incombustible (m\u00e1xima calificaci\u00f3n contra el fuego, A1, no es hidr\u00f3filo es decir no almacena humedad. Se aplica con m\u00e1quinas de soplado profesionales introduciendo los sacos en la m\u00e1quina y dejando caer el material triturado mezclado con aire sobre el forjado de una cubierta.<\/p><p>El material no contiene resinas a\u00f1adidas y est\u00e1 pensado para su uso exclusivo como aislante soplado o aislante proyectado en seco.<\/p><p>Su resistencia t\u00e9rmica es en esta aplicaci\u00f3n de Lambda 0,047. Conviene aplicar espesores generosos a partir de 20 cm.<\/p><p>Es posible que con el tiempo se asiente unos cm por lo que conviene echar un espesor de 25 cm para que se consolide en unos 20 cm con el tiempo.<\/p>\t\t\t\t\t\t\t\t<\/div>\n\t\t\t\t<\/div>\n\t\t\t\t\t<\/div>\n\t\t<\/div>\n\t\t\t\t\t<\/div>\n\t\t<\/section>\n\t\t\t\t<section class=\"elementor-section elementor-top-section elementor-element elementor-element-d650b41 elementor-section-boxed elementor-section-height-default elementor-section-height-default\" data-id=\"d650b41\" data-element_type=\"section\" data-e-type=\"section\">\n\t\t\t\t\t\t<div class=\"elementor-container elementor-column-gap-default\">\n\t\t\t\t\t<div class=\"elementor-column elementor-col-100 elementor-top-column elementor-element elementor-element-40cff37\" data-id=\"40cff37\" data-element_type=\"column\" data-e-type=\"column\">\n\t\t\t<div class=\"elementor-widget-wrap elementor-element-populated\">\n\t\t\t\t\t\t<div class=\"elementor-element elementor-element-dc72cd2 elementor-align-center elementor-widget elementor-widget-button\" data-id=\"dc72cd2\" data-element_type=\"widget\" data-e-type=\"widget\" data-widget_type=\"button.default\">\n\t\t\t\t<div class=\"elementor-widget-container\">\n\t\t\t\t\t\t\t\t\t<div class=\"elementor-button-wrapper\">\n\t\t\t\t\t<a class=\"elementor-button elementor-button-link elementor-size-sm\" href=\"https:\/\/aislayahorra.es\/tienda\/wp-content\/uploads\/2025\/10\/URSA_PUREFLOC_LOFT47_ES.pdf\">\n\t\t\t\t\t\t<span class=\"elementor-button-content-wrapper\">\n\t\t\t\t\t\t<span class=\"elementor-button-icon\">\n\t\t\t\t<i aria-hidden=\"true\" class=\"far fa-file-pdf\"><\/i>\t\t\t<\/span>\n\t\t\t\t\t\t\t\t\t<span class=\"elementor-button-text\">Ficha T\u00e9cnica URSA Purefloc Loft 47<\/span>\n\t\t\t\t\t<\/span>\n\t\t\t\t\t<\/a>\n\t\t\t\t<\/div>\n\t\t\t\t\t\t\t\t<\/div>\n\t\t\t\t<\/div>\n\t\t\t\t\t<\/div>\n\t\t<\/div>\n\t\t\t\t\t<\/div>\n\t\t<\/section>\n\t\t\t\t<\/div>\n\t\t","protected":false},"excerpt":{"rendered":"<p>El saco URSA Purefloc Loft\u00a0 47 es un producto para soplar aislamiento bajo cubiertas no habitadas, entre tabiques palomeros o buhardillas y \u00e1ticos sin habitar.<\/p>\n<p>El producto URSA Purefloc Loft 47 no tiene ligantes, es incombustible (m\u00e1xima calificaci\u00f3n contra el fuego, A1, no es hidr\u00f3filo es decir no almacena humedad. Se aplica con m\u00e1quinas de soplado profesionales introduciendo los sacos en la m\u00e1quina y dejando caer el material triturado mezclado con aire sobre el forjado de una cubierta.<\/p>\n<p>El material no contiene resinas a\u00f1adidas y est\u00e1 pensado para su uso exclusivo como aislante soplado o aislante proyectado en seco. Su resistencia t\u00e9rmica es en esta aplicaci\u00f3n de Lambda 0,047.<\/p>\n<p>Conviene aplicar espesores generosos a partir de 20 cm. Es posible que con el tiempo se asiente unos cm por lo que conviene echar un espesor de 25 cm para que se consolide en unos 20 cm con el tiempo.<\/p>\n","protected":false},"featured_media":2872,"comment_status":"open","ping_status":"closed","template":"","meta":[],"product_brand":[],"product_cat":[19],"product_tag":[116],"class_list":{"0":"post-2369","1":"product","2":"type-product","3":"status-publish","4":"has-post-thumbnail","6":"product_cat-materiales","7":"product_tag-saco-ursa-purefloc-loft-47","8":"product_shipping_class-producto-tipo-4","10":"first","11":"instock","12":"shipping-taxable","13":"purchasable","14":"product-type-simple"},"yoast_head":"<!-- This site is optimized with the Yoast SEO plugin v26.8 - https:\/\/yoast.com\/product\/yoast-seo-wordpress\/ -->\n<title>saco URSA Purefloc Loft 47<\/title>\n<meta name=\"description\" content=\"El material de lana mineral blanca virgen saco URSA Purefloc Loft 47 es una aplicaci\u00f3n para el soplado en bajo cubiertas y entre tabiques palomeros\" \/>\n<meta name=\"robots\" content=\"index, follow, max-snippet:-1, max-image-preview:large, max-video-preview:-1\" \/>\n<link rel=\"canonical\" href=\"https:\/\/aislayahorra.es\/tienda\/shop\/saco-ursa-purefloc-loft-47\/\" \/>\n<meta property=\"og:locale\" content=\"es_ES\" \/>\n<meta property=\"og:type\" content=\"article\" \/>\n<meta property=\"og:title\" content=\"saco URSA Purefloc Loft 47\" \/>\n<meta property=\"og:description\" content=\"El material de lana mineral blanca virgen saco URSA Purefloc Loft 47 es una aplicaci\u00f3n para el soplado en bajo cubiertas y entre tabiques palomeros\" \/>\n<meta property=\"og:url\" content=\"https:\/\/aislayahorra.es\/tienda\/shop\/saco-ursa-purefloc-loft-47\/\" \/>\n<meta property=\"article:modified_time\" content=\"2026-03-27T10:04:58+00:00\" \/>\n<meta property=\"og:image\" content=\"https:\/\/aislayahorra.es\/tienda\/wp-content\/uploads\/2024\/05\/URSA-Purefloc-Loft-47.webp\" \/>\n\t<meta property=\"og:image:width\" content=\"740\" \/>\n\t<meta property=\"og:image:height\" content=\"640\" \/>\n\t<meta property=\"og:image:type\" content=\"image\/webp\" \/>\n<meta name=\"twitter:card\" content=\"summary_large_image\" \/>\n<meta name=\"twitter:label1\" content=\"Tiempo de lectura\" \/>\n\t<meta name=\"twitter:data1\" content=\"1 minuto\" \/>\n<script type=\"application\/ld+json\" class=\"yoast-schema-graph\">{\"@context\":\"https:\/\/schema.org\",\"@graph\":[{\"@type\":\"WebPage\",\"@id\":\"https:\/\/aislayahorra.es\/tienda\/shop\/saco-ursa-purefloc-loft-47\/\",\"url\":\"https:\/\/aislayahorra.es\/tienda\/shop\/saco-ursa-purefloc-loft-47\/\",\"name\":\"saco URSA Purefloc Loft 47\",\"isPartOf\":{\"@id\":\"https:\/\/aislayahorra.es\/tienda\/#website\"},\"primaryImageOfPage\":{\"@id\":\"https:\/\/aislayahorra.es\/tienda\/shop\/saco-ursa-purefloc-loft-47\/#primaryimage\"},\"image\":{\"@id\":\"https:\/\/aislayahorra.es\/tienda\/shop\/saco-ursa-purefloc-loft-47\/#primaryimage\"},\"thumbnailUrl\":\"https:\/\/aislayahorra.es\/tienda\/wp-content\/uploads\/2024\/05\/URSA-Purefloc-Loft-47.webp\",\"datePublished\":\"2024-05-26T09:45:51+00:00\",\"dateModified\":\"2026-03-27T10:04:58+00:00\",\"description\":\"El material de lana mineral blanca virgen saco URSA Purefloc Loft 47 es una aplicaci\u00f3n para el soplado en bajo cubiertas y entre tabiques palomeros\",\"breadcrumb\":{\"@id\":\"https:\/\/aislayahorra.es\/tienda\/shop\/saco-ursa-purefloc-loft-47\/#breadcrumb\"},\"inLanguage\":\"es\",\"potentialAction\":[{\"@type\":\"ReadAction\",\"target\":[\"https:\/\/aislayahorra.es\/tienda\/shop\/saco-ursa-purefloc-loft-47\/\"]}]},{\"@type\":\"ImageObject\",\"inLanguage\":\"es\",\"@id\":\"https:\/\/aislayahorra.es\/tienda\/shop\/saco-ursa-purefloc-loft-47\/#primaryimage\",\"url\":\"https:\/\/aislayahorra.es\/tienda\/wp-content\/uploads\/2024\/05\/URSA-Purefloc-Loft-47.webp\",\"contentUrl\":\"https:\/\/aislayahorra.es\/tienda\/wp-content\/uploads\/2024\/05\/URSA-Purefloc-Loft-47.webp\",\"width\":740,\"height\":640,\"caption\":\"URSA Purefloc Loft 47\"},{\"@type\":\"BreadcrumbList\",\"@id\":\"https:\/\/aislayahorra.es\/tienda\/shop\/saco-ursa-purefloc-loft-47\/#breadcrumb\",\"itemListElement\":[{\"@type\":\"ListItem\",\"position\":1,\"name\":\"Portada\",\"item\":\"https:\/\/aislayahorra.es\/tienda\/\"},{\"@type\":\"ListItem\",\"position\":2,\"name\":\"Shop\",\"item\":\"https:\/\/aislayahorra.es\/tienda\/\"},{\"@type\":\"ListItem\",\"position\":3,\"name\":\"saco URSA Purefloc Loft 47\"}]},{\"@type\":\"WebSite\",\"@id\":\"https:\/\/aislayahorra.es\/tienda\/#website\",\"url\":\"https:\/\/aislayahorra.es\/tienda\/\",\"name\":\"\",\"description\":\"\",\"potentialAction\":[{\"@type\":\"SearchAction\",\"target\":{\"@type\":\"EntryPoint\",\"urlTemplate\":\"https:\/\/aislayahorra.es\/tienda\/?s={search_term_string}\"},\"query-input\":{\"@type\":\"PropertyValueSpecification\",\"valueRequired\":true,\"valueName\":\"search_term_string\"}}],\"inLanguage\":\"es\"}]}<\/script>\n<!-- \/ Yoast SEO plugin. -->","yoast_head_json":{"title":"saco URSA Purefloc Loft 47","description":"El material de lana mineral blanca virgen saco URSA Purefloc Loft 47 es una aplicaci\u00f3n para el soplado en bajo cubiertas y entre tabiques palomeros","robots":{"index":"index","follow":"follow","max-snippet":"max-snippet:-1","max-image-preview":"max-image-preview:large","max-video-preview":"max-video-preview:-1"},"canonical":"https:\/\/aislayahorra.es\/tienda\/shop\/saco-ursa-purefloc-loft-47\/","og_locale":"es_ES","og_type":"article","og_title":"saco URSA Purefloc Loft 47","og_description":"El material de lana mineral blanca virgen saco URSA Purefloc Loft 47 es una aplicaci\u00f3n para el soplado en bajo cubiertas y entre tabiques palomeros","og_url":"https:\/\/aislayahorra.es\/tienda\/shop\/saco-ursa-purefloc-loft-47\/","article_modified_time":"2026-03-27T10:04:58+00:00","og_image":[{"width":740,"height":640,"url":"https:\/\/aislayahorra.es\/tienda\/wp-content\/uploads\/2024\/05\/URSA-Purefloc-Loft-47.webp","type":"image\/webp"}],"twitter_card":"summary_large_image","twitter_misc":{"Tiempo de lectura":"1 minuto"},"schema":{"@context":"https:\/\/schema.org","@graph":[{"@type":"WebPage","@id":"https:\/\/aislayahorra.es\/tienda\/shop\/saco-ursa-purefloc-loft-47\/","url":"https:\/\/aislayahorra.es\/tienda\/shop\/saco-ursa-purefloc-loft-47\/","name":"saco URSA Purefloc Loft 47","isPartOf":{"@id":"https:\/\/aislayahorra.es\/tienda\/#website"},"primaryImageOfPage":{"@id":"https:\/\/aislayahorra.es\/tienda\/shop\/saco-ursa-purefloc-loft-47\/#primaryimage"},"image":{"@id":"https:\/\/aislayahorra.es\/tienda\/shop\/saco-ursa-purefloc-loft-47\/#primaryimage"},"thumbnailUrl":"https:\/\/aislayahorra.es\/tienda\/wp-content\/uploads\/2024\/05\/URSA-Purefloc-Loft-47.webp","datePublished":"2024-05-26T09:45:51+00:00","dateModified":"2026-03-27T10:04:58+00:00","description":"El material de lana mineral blanca virgen saco URSA Purefloc Loft 47 es una aplicaci\u00f3n para el soplado en bajo cubiertas y entre tabiques palomeros","breadcrumb":{"@id":"https:\/\/aislayahorra.es\/tienda\/shop\/saco-ursa-purefloc-loft-47\/#breadcrumb"},"inLanguage":"es","potentialAction":[{"@type":"ReadAction","target":["https:\/\/aislayahorra.es\/tienda\/shop\/saco-ursa-purefloc-loft-47\/"]}]},{"@type":"ImageObject","inLanguage":"es","@id":"https:\/\/aislayahorra.es\/tienda\/shop\/saco-ursa-purefloc-loft-47\/#primaryimage","url":"https:\/\/aislayahorra.es\/tienda\/wp-content\/uploads\/2024\/05\/URSA-Purefloc-Loft-47.webp","contentUrl":"https:\/\/aislayahorra.es\/tienda\/wp-content\/uploads\/2024\/05\/URSA-Purefloc-Loft-47.webp","width":740,"height":640,"caption":"URSA Purefloc Loft 47"},{"@type":"BreadcrumbList","@id":"https:\/\/aislayahorra.es\/tienda\/shop\/saco-ursa-purefloc-loft-47\/#breadcrumb","itemListElement":[{"@type":"ListItem","position":1,"name":"Portada","item":"https:\/\/aislayahorra.es\/tienda\/"},{"@type":"ListItem","position":2,"name":"Shop","item":"https:\/\/aislayahorra.es\/tienda\/"},{"@type":"ListItem","position":3,"name":"saco URSA Purefloc Loft 47"}]},{"@type":"WebSite","@id":"https:\/\/aislayahorra.es\/tienda\/#website","url":"https:\/\/aislayahorra.es\/tienda\/","name":"","description":"","potentialAction":[{"@type":"SearchAction","target":{"@type":"EntryPoint","urlTemplate":"https:\/\/aislayahorra.es\/tienda\/?s={search_term_string}"},"query-input":{"@type":"PropertyValueSpecification","valueRequired":true,"valueName":"search_term_string"}}],"inLanguage":"es"}]}},"_links":{"self":[{"href":"https:\/\/aislayahorra.es\/tienda\/wp-json\/wp\/v2\/product\/2369","targetHints":{"allow":["GET"]}}],"collection":[{"href":"https:\/\/aislayahorra.es\/tienda\/wp-json\/wp\/v2\/product"}],"about":[{"href":"https:\/\/aislayahorra.es\/tienda\/wp-json\/wp\/v2\/types\/product"}],"replies":[{"embeddable":true,"href":"https:\/\/aislayahorra.es\/tienda\/wp-json\/wp\/v2\/comments?post=2369"}],"version-history":[{"count":38,"href":"https:\/\/aislayahorra.es\/tienda\/wp-json\/wp\/v2\/product\/2369\/revisions"}],"predecessor-version":[{"id":2873,"href":"https:\/\/aislayahorra.es\/tienda\/wp-json\/wp\/v2\/product\/2369\/revisions\/2873"}],"wp:featuredmedia":[{"embeddable":true,"href":"https:\/\/aislayahorra.es\/tienda\/wp-json\/wp\/v2\/media\/2872"}],"wp:attachment":[{"href":"https:\/\/aislayahorra.es\/tienda\/wp-json\/wp\/v2\/media?parent=2369"}],"wp:term":[{"taxonomy":"product_brand","embeddable":true,"href":"https:\/\/aislayahorra.es\/tienda\/wp-json\/wp\/v2\/product_brand?post=2369"},{"taxonomy":"product_cat","embeddable":true,"href":"https:\/\/aislayahorra.es\/tienda\/wp-json\/wp\/v2\/product_cat?post=2369"},{"taxonomy":"product_tag","embeddable":true,"href":"https:\/\/aislayahorra.es\/tienda\/wp-json\/wp\/v2\/product_tag?post=2369"}],"curies":[{"name":"wp","href":"https:\/\/api.w.org\/{rel}","templated":true}]}}