{"id":2410,"date":"2024-06-22T12:47:33","date_gmt":"2024-06-22T10:47:33","guid":{"rendered":"https:\/\/aislayahorra.es\/tienda\/?post_type=product&#038;p=2410"},"modified":"2026-03-27T12:04:21","modified_gmt":"2026-03-27T10:04:21","slug":"saco-lana-de-roca-paroc-blt9-15-kg","status":"publish","type":"product","link":"https:\/\/aislayahorra.es\/tienda\/shop\/saco-lana-de-roca-paroc-blt9-15-kg\/","title":{"rendered":"Saco Lana de roca Paroc BLT9 15 kg"},"content":{"rendered":"\t\t<div data-elementor-type=\"product-post\" data-elementor-id=\"2410\" class=\"elementor elementor-2410\" data-elementor-post-type=\"product\">\n\t\t\t\t\t\t<section class=\"elementor-section elementor-top-section elementor-element elementor-element-b165937 elementor-section-boxed elementor-section-height-default elementor-section-height-default\" data-id=\"b165937\" data-element_type=\"section\" data-e-type=\"section\">\n\t\t\t\t\t\t<div class=\"elementor-container elementor-column-gap-default\">\n\t\t\t\t\t<div class=\"elementor-column elementor-col-100 elementor-top-column elementor-element elementor-element-d068590\" data-id=\"d068590\" data-element_type=\"column\" data-e-type=\"column\">\n\t\t\t<div class=\"elementor-widget-wrap elementor-element-populated\">\n\t\t\t\t\t\t<div class=\"elementor-element elementor-element-8db7655 elementor-widget elementor-widget-text-editor\" data-id=\"8db7655\" data-element_type=\"widget\" data-e-type=\"widget\" data-widget_type=\"text-editor.default\">\n\t\t\t\t<div class=\"elementor-widget-container\">\n\t\t\t\t\t\t\t\t\t<p>Paroc BLT9 es una lana de roca reciclada en forma de borra gruesa, sirve para soplarla sobre forjados y bajo cubiertas de palomeros. Tambi\u00e9n se puede soplar en cavidades mayores de 3 cm, si se tienen en cuenta las siguientes instrucciones en m\u00e1quinas M99 DS-Pro de X-floc (maquina recomendada):<\/p>\n<ul>\n<li>Entrada exclusa 1 a 1,5<\/li>\n<li>2 motores, 100% de capacidad del ventilador&nbsp;<\/li>\n<li>Las cavidades &gt; = 3 cm tienen que estar libres de otros materiales aislantes, excepto PU proyectado<\/li>\n<li>Uso de tobera recta, recortada de 24 mm de X-floc<\/li>\n<\/ul>\n<p>Tambi\u00e9n se puede desmigar a mano y colocarse en espesores generosos de 20 cm &#8211; 30 cm de espesor sobre el forjado.<\/p>\n<p>Valor Lambda variable entre 0,038 W\/mK y 0,041 W\/mK seg\u00fan marca el fabricante<\/p>\n<p>Material incombustible, aguanta temperaturas superiores a los 1.000 grados C.<\/p>\n<p>Material que permite la transpiraci\u00f3n, valor mue u muy bajo. Apenas absorbe la humedad. Ideal para colocar en zonas pr\u00f3ximas a chimeneas con altas temperaturas.<\/p>\n<p>Densidad de soplado aprox 40 kg\/m3, de insuflado 70 kg\/m3.&nbsp; &nbsp;<\/p>\n<p>La lana de roca Paroc BLT 9&nbsp; es apta para utilizarse como sistema de aislamiento insuflado procesado con m\u00e1quinas de aislamiento dentro de c\u00e1maras de fachadas,&nbsp; es procesable para el insuflado con las m\u00e1quinas y los accesorios indicados.&nbsp;&nbsp;<\/p>\t\t\t\t\t\t\t\t<\/div>\n\t\t\t\t<\/div>\n\t\t\t\t<div class=\"elementor-element elementor-element-9d35c9c elementor-align-center elementor-widget elementor-widget-button\" data-id=\"9d35c9c\" data-element_type=\"widget\" data-e-type=\"widget\" data-widget_type=\"button.default\">\n\t\t\t\t<div class=\"elementor-widget-container\">\n\t\t\t\t\t\t\t\t\t<div class=\"elementor-button-wrapper\">\n\t\t\t\t\t<a class=\"elementor-button elementor-button-link elementor-size-sm\" href=\"https:\/\/aislayahorra.es\/wp-content\/uploads\/2026\/03\/1_TL_PAROC_BLT_9_.pdf\">\n\t\t\t\t\t\t<span class=\"elementor-button-content-wrapper\">\n\t\t\t\t\t\t\t\t\t<span class=\"elementor-button-text\">Ficha T\u00e9cnica<\/span>\n\t\t\t\t\t<\/span>\n\t\t\t\t\t<\/a>\n\t\t\t\t<\/div>\n\t\t\t\t\t\t\t\t<\/div>\n\t\t\t\t<\/div>\n\t\t\t\t\t<\/div>\n\t\t<\/div>\n\t\t\t\t\t<\/div>\n\t\t<\/section>\n\t\t\t\t<\/div>\n\t\t","protected":false},"excerpt":{"rendered":"<p>Paroc BLT9 es una lana de roca reciclada en forma de borra gruesa, sirve para soplarla sobre forjados y bajo cubiertas de palomeros. Tambi\u00e9n se puede insuflar en c\u00e1maras a partir de 3 cm en fachadas teniendo en cuenta las siguientes limitaciones:<\/p>\n<p>M\u00e1quina aconsejada M99 DS-Pro<\/p>\n<p>Exclusa apertura 1 a 1,5<\/p>\n<p>Soplado con 2 motores al 100%<\/p>\n<p>Uso de toberas recortadas fijas, de 24 mm de espesor m\u00ednimo de la casa X-floc<\/p>\n<p>Solo puede insuflarse cavidades &gt; = 3 cm si la cavidad no tiene materiales aislantes previos o si tiene espuma de PU proyectada.<\/p>\n<p>Tambi\u00e9n se puede desmigar a mano y colocarse en espesores generosos de 20 cm de espesor sobre el forjado.<\/p>\n<p>Valor Lambda variable entre 0,038 W\/mK y 0,041 W\/mK seg\u00fan marca el fabricante<\/p>\n<p>Material incombustible, aguanta temperaturas superiores a los 1.000 grados C.<\/p>\n<p>Material que permite la transpiraci\u00f3n, valor mue u muy bajo. Apenas absorbe la humedad. Ideal para colocar en zonas pr\u00f3ximas a chimeneas con altas temperaturas.<\/p>\n<p>Densidad de soplado aprox 35 kg\/m3.<\/p>\n<p>Paroc no es apto para utilizarse como sistema de aislamiento insuflado procesado con m\u00e1quinas de aislamiento dentro de c\u00e1maras de fachadas, debido a su estructura irregular no es procesable para el insuflado.<\/p>\n","protected":false},"featured_media":2412,"comment_status":"open","ping_status":"closed","template":"","meta":[],"product_brand":[],"product_cat":[15,19],"product_tag":[],"class_list":{"0":"post-2410","1":"product","2":"type-product","3":"status-publish","4":"has-post-thumbnail","6":"product_cat-uncategorized","7":"product_cat-materiales","8":"product_shipping_class-producto-tipo-4","10":"first","11":"instock","12":"shipping-taxable","13":"purchasable","14":"product-type-simple"},"yoast_head":"<!-- This site is optimized with the Yoast SEO plugin v26.8 - https:\/\/yoast.com\/product\/yoast-seo-wordpress\/ -->\n<title>Saco Lana de roca Paroc BLT9 15 kg<\/title>\n<meta name=\"description\" content=\"Comercializamos sacos de lana de Roca reciclada de la casa Paroc BLT9 que son \u00fatiles para soplar sobre forjados bajo cubierta.\" \/>\n<meta name=\"robots\" content=\"index, follow, max-snippet:-1, max-image-preview:large, max-video-preview:-1\" \/>\n<link rel=\"canonical\" href=\"https:\/\/aislayahorra.es\/tienda\/shop\/saco-lana-de-roca-paroc-blt9-15-kg\/\" \/>\n<meta property=\"og:locale\" content=\"es_ES\" \/>\n<meta property=\"og:type\" content=\"article\" \/>\n<meta property=\"og:title\" content=\"Saco Lana de roca Paroc BLT9 15 kg\" \/>\n<meta property=\"og:description\" content=\"Comercializamos sacos de lana de Roca reciclada de la casa Paroc BLT9 que son \u00fatiles para soplar sobre forjados bajo cubierta.\" \/>\n<meta property=\"og:url\" content=\"https:\/\/aislayahorra.es\/tienda\/shop\/saco-lana-de-roca-paroc-blt9-15-kg\/\" \/>\n<meta property=\"article:modified_time\" content=\"2026-03-27T10:04:21+00:00\" \/>\n<meta property=\"og:image\" content=\"https:\/\/aislayahorra.es\/tienda\/wp-content\/uploads\/2024\/06\/60389916.jpg\" \/>\n\t<meta property=\"og:image:width\" content=\"472\" \/>\n\t<meta property=\"og:image:height\" content=\"700\" \/>\n\t<meta property=\"og:image:type\" content=\"image\/jpeg\" \/>\n<meta name=\"twitter:card\" content=\"summary_large_image\" \/>\n<meta name=\"twitter:label1\" content=\"Tiempo de lectura\" \/>\n\t<meta name=\"twitter:data1\" content=\"1 minuto\" \/>\n<script type=\"application\/ld+json\" class=\"yoast-schema-graph\">{\"@context\":\"https:\/\/schema.org\",\"@graph\":[{\"@type\":\"WebPage\",\"@id\":\"https:\/\/aislayahorra.es\/tienda\/shop\/saco-lana-de-roca-paroc-blt9-15-kg\/\",\"url\":\"https:\/\/aislayahorra.es\/tienda\/shop\/saco-lana-de-roca-paroc-blt9-15-kg\/\",\"name\":\"Saco Lana de roca Paroc BLT9 15 kg\",\"isPartOf\":{\"@id\":\"https:\/\/aislayahorra.es\/tienda\/#website\"},\"primaryImageOfPage\":{\"@id\":\"https:\/\/aislayahorra.es\/tienda\/shop\/saco-lana-de-roca-paroc-blt9-15-kg\/#primaryimage\"},\"image\":{\"@id\":\"https:\/\/aislayahorra.es\/tienda\/shop\/saco-lana-de-roca-paroc-blt9-15-kg\/#primaryimage\"},\"thumbnailUrl\":\"https:\/\/aislayahorra.es\/tienda\/wp-content\/uploads\/2024\/06\/60389916.jpg\",\"datePublished\":\"2024-06-22T10:47:33+00:00\",\"dateModified\":\"2026-03-27T10:04:21+00:00\",\"description\":\"Comercializamos sacos de lana de Roca reciclada de la casa Paroc BLT9 que son \u00fatiles para soplar sobre forjados bajo cubierta.\",\"breadcrumb\":{\"@id\":\"https:\/\/aislayahorra.es\/tienda\/shop\/saco-lana-de-roca-paroc-blt9-15-kg\/#breadcrumb\"},\"inLanguage\":\"es\",\"potentialAction\":[{\"@type\":\"ReadAction\",\"target\":[\"https:\/\/aislayahorra.es\/tienda\/shop\/saco-lana-de-roca-paroc-blt9-15-kg\/\"]}]},{\"@type\":\"ImageObject\",\"inLanguage\":\"es\",\"@id\":\"https:\/\/aislayahorra.es\/tienda\/shop\/saco-lana-de-roca-paroc-blt9-15-kg\/#primaryimage\",\"url\":\"https:\/\/aislayahorra.es\/tienda\/wp-content\/uploads\/2024\/06\/60389916.jpg\",\"contentUrl\":\"https:\/\/aislayahorra.es\/tienda\/wp-content\/uploads\/2024\/06\/60389916.jpg\",\"width\":472,\"height\":700,\"caption\":\"saco de lana de roca Paroc BLT9\"},{\"@type\":\"BreadcrumbList\",\"@id\":\"https:\/\/aislayahorra.es\/tienda\/shop\/saco-lana-de-roca-paroc-blt9-15-kg\/#breadcrumb\",\"itemListElement\":[{\"@type\":\"ListItem\",\"position\":1,\"name\":\"Portada\",\"item\":\"https:\/\/aislayahorra.es\/tienda\/\"},{\"@type\":\"ListItem\",\"position\":2,\"name\":\"Shop\",\"item\":\"https:\/\/aislayahorra.es\/tienda\/\"},{\"@type\":\"ListItem\",\"position\":3,\"name\":\"Saco Lana de roca Paroc BLT9 15 kg\"}]},{\"@type\":\"WebSite\",\"@id\":\"https:\/\/aislayahorra.es\/tienda\/#website\",\"url\":\"https:\/\/aislayahorra.es\/tienda\/\",\"name\":\"\",\"description\":\"\",\"potentialAction\":[{\"@type\":\"SearchAction\",\"target\":{\"@type\":\"EntryPoint\",\"urlTemplate\":\"https:\/\/aislayahorra.es\/tienda\/?s={search_term_string}\"},\"query-input\":{\"@type\":\"PropertyValueSpecification\",\"valueRequired\":true,\"valueName\":\"search_term_string\"}}],\"inLanguage\":\"es\"}]}<\/script>\n<!-- \/ Yoast SEO plugin. -->","yoast_head_json":{"title":"Saco Lana de roca Paroc BLT9 15 kg","description":"Comercializamos sacos de lana de Roca reciclada de la casa Paroc BLT9 que son \u00fatiles para soplar sobre forjados bajo cubierta.","robots":{"index":"index","follow":"follow","max-snippet":"max-snippet:-1","max-image-preview":"max-image-preview:large","max-video-preview":"max-video-preview:-1"},"canonical":"https:\/\/aislayahorra.es\/tienda\/shop\/saco-lana-de-roca-paroc-blt9-15-kg\/","og_locale":"es_ES","og_type":"article","og_title":"Saco Lana de roca Paroc BLT9 15 kg","og_description":"Comercializamos sacos de lana de Roca reciclada de la casa Paroc BLT9 que son \u00fatiles para soplar sobre forjados bajo cubierta.","og_url":"https:\/\/aislayahorra.es\/tienda\/shop\/saco-lana-de-roca-paroc-blt9-15-kg\/","article_modified_time":"2026-03-27T10:04:21+00:00","og_image":[{"width":472,"height":700,"url":"https:\/\/aislayahorra.es\/tienda\/wp-content\/uploads\/2024\/06\/60389916.jpg","type":"image\/jpeg"}],"twitter_card":"summary_large_image","twitter_misc":{"Tiempo de lectura":"1 minuto"},"schema":{"@context":"https:\/\/schema.org","@graph":[{"@type":"WebPage","@id":"https:\/\/aislayahorra.es\/tienda\/shop\/saco-lana-de-roca-paroc-blt9-15-kg\/","url":"https:\/\/aislayahorra.es\/tienda\/shop\/saco-lana-de-roca-paroc-blt9-15-kg\/","name":"Saco Lana de roca Paroc BLT9 15 kg","isPartOf":{"@id":"https:\/\/aislayahorra.es\/tienda\/#website"},"primaryImageOfPage":{"@id":"https:\/\/aislayahorra.es\/tienda\/shop\/saco-lana-de-roca-paroc-blt9-15-kg\/#primaryimage"},"image":{"@id":"https:\/\/aislayahorra.es\/tienda\/shop\/saco-lana-de-roca-paroc-blt9-15-kg\/#primaryimage"},"thumbnailUrl":"https:\/\/aislayahorra.es\/tienda\/wp-content\/uploads\/2024\/06\/60389916.jpg","datePublished":"2024-06-22T10:47:33+00:00","dateModified":"2026-03-27T10:04:21+00:00","description":"Comercializamos sacos de lana de Roca reciclada de la casa Paroc BLT9 que son \u00fatiles para soplar sobre forjados bajo cubierta.","breadcrumb":{"@id":"https:\/\/aislayahorra.es\/tienda\/shop\/saco-lana-de-roca-paroc-blt9-15-kg\/#breadcrumb"},"inLanguage":"es","potentialAction":[{"@type":"ReadAction","target":["https:\/\/aislayahorra.es\/tienda\/shop\/saco-lana-de-roca-paroc-blt9-15-kg\/"]}]},{"@type":"ImageObject","inLanguage":"es","@id":"https:\/\/aislayahorra.es\/tienda\/shop\/saco-lana-de-roca-paroc-blt9-15-kg\/#primaryimage","url":"https:\/\/aislayahorra.es\/tienda\/wp-content\/uploads\/2024\/06\/60389916.jpg","contentUrl":"https:\/\/aislayahorra.es\/tienda\/wp-content\/uploads\/2024\/06\/60389916.jpg","width":472,"height":700,"caption":"saco de lana de roca Paroc BLT9"},{"@type":"BreadcrumbList","@id":"https:\/\/aislayahorra.es\/tienda\/shop\/saco-lana-de-roca-paroc-blt9-15-kg\/#breadcrumb","itemListElement":[{"@type":"ListItem","position":1,"name":"Portada","item":"https:\/\/aislayahorra.es\/tienda\/"},{"@type":"ListItem","position":2,"name":"Shop","item":"https:\/\/aislayahorra.es\/tienda\/"},{"@type":"ListItem","position":3,"name":"Saco Lana de roca Paroc BLT9 15 kg"}]},{"@type":"WebSite","@id":"https:\/\/aislayahorra.es\/tienda\/#website","url":"https:\/\/aislayahorra.es\/tienda\/","name":"","description":"","potentialAction":[{"@type":"SearchAction","target":{"@type":"EntryPoint","urlTemplate":"https:\/\/aislayahorra.es\/tienda\/?s={search_term_string}"},"query-input":{"@type":"PropertyValueSpecification","valueRequired":true,"valueName":"search_term_string"}}],"inLanguage":"es"}]}},"_links":{"self":[{"href":"https:\/\/aislayahorra.es\/tienda\/wp-json\/wp\/v2\/product\/2410","targetHints":{"allow":["GET"]}}],"collection":[{"href":"https:\/\/aislayahorra.es\/tienda\/wp-json\/wp\/v2\/product"}],"about":[{"href":"https:\/\/aislayahorra.es\/tienda\/wp-json\/wp\/v2\/types\/product"}],"replies":[{"embeddable":true,"href":"https:\/\/aislayahorra.es\/tienda\/wp-json\/wp\/v2\/comments?post=2410"}],"version-history":[{"count":28,"href":"https:\/\/aislayahorra.es\/tienda\/wp-json\/wp\/v2\/product\/2410\/revisions"}],"predecessor-version":[{"id":3203,"href":"https:\/\/aislayahorra.es\/tienda\/wp-json\/wp\/v2\/product\/2410\/revisions\/3203"}],"wp:featuredmedia":[{"embeddable":true,"href":"https:\/\/aislayahorra.es\/tienda\/wp-json\/wp\/v2\/media\/2412"}],"wp:attachment":[{"href":"https:\/\/aislayahorra.es\/tienda\/wp-json\/wp\/v2\/media?parent=2410"}],"wp:term":[{"taxonomy":"product_brand","embeddable":true,"href":"https:\/\/aislayahorra.es\/tienda\/wp-json\/wp\/v2\/product_brand?post=2410"},{"taxonomy":"product_cat","embeddable":true,"href":"https:\/\/aislayahorra.es\/tienda\/wp-json\/wp\/v2\/product_cat?post=2410"},{"taxonomy":"product_tag","embeddable":true,"href":"https:\/\/aislayahorra.es\/tienda\/wp-json\/wp\/v2\/product_tag?post=2410"}],"curies":[{"name":"wp","href":"https:\/\/api.w.org\/{rel}","templated":true}]}}