{"id":2508,"date":"2025-03-25T09:36:41","date_gmt":"2025-03-25T07:36:41","guid":{"rendered":"https:\/\/aislayahorra.es\/tienda\/?post_type=product&#038;p=2508"},"modified":"2026-03-27T12:02:28","modified_gmt":"2026-03-27T10:02:28","slug":"palet-ursa-purefloc-loft-47","status":"publish","type":"product","link":"https:\/\/aislayahorra.es\/tienda\/shop\/palet-ursa-purefloc-loft-47\/","title":{"rendered":"Palet URSA Purefloc Loft 47 de 24 sacos"},"content":{"rendered":"\t\t<div data-elementor-type=\"product-post\" data-elementor-id=\"2508\" class=\"elementor elementor-2508\" data-elementor-post-type=\"product\">\n\t\t\t\t\t\t<section class=\"elementor-section elementor-top-section elementor-element elementor-element-e14ffb1 elementor-section-boxed elementor-section-height-default elementor-section-height-default\" data-id=\"e14ffb1\" data-element_type=\"section\" data-e-type=\"section\">\n\t\t\t\t\t\t<div class=\"elementor-container elementor-column-gap-default\">\n\t\t\t\t\t<div class=\"elementor-column elementor-col-100 elementor-top-column elementor-element elementor-element-6e06a5c\" data-id=\"6e06a5c\" data-element_type=\"column\" data-e-type=\"column\">\n\t\t\t<div class=\"elementor-widget-wrap elementor-element-populated\">\n\t\t\t\t\t\t<div class=\"elementor-element elementor-element-b0718d3 elementor-align-center elementor-widget elementor-widget-button\" data-id=\"b0718d3\" data-element_type=\"widget\" data-e-type=\"widget\" data-widget_type=\"button.default\">\n\t\t\t\t<div class=\"elementor-widget-container\">\n\t\t\t\t\t\t\t\t\t<div class=\"elementor-button-wrapper\">\n\t\t\t\t\t<a class=\"elementor-button elementor-button-link elementor-size-sm\" href=\"https:\/\/aislayahorra.es\/tienda\/wp-content\/uploads\/2025\/10\/URSA_PUREFLOC_LOFT47_ES.pdf\">\n\t\t\t\t\t\t<span class=\"elementor-button-content-wrapper\">\n\t\t\t\t\t\t\t\t\t<span class=\"elementor-button-text\">Ficha T\u00e9cnica URSA Purefloc Loft 47 <\/span>\n\t\t\t\t\t<\/span>\n\t\t\t\t\t<\/a>\n\t\t\t\t<\/div>\n\t\t\t\t\t\t\t\t<\/div>\n\t\t\t\t<\/div>\n\t\t\t\t<div class=\"elementor-element elementor-element-8a81f58 elementor-widget elementor-widget-text-editor\" data-id=\"8a81f58\" data-element_type=\"widget\" data-e-type=\"widget\" data-widget_type=\"text-editor.default\">\n\t\t\t\t<div class=\"elementor-widget-container\">\n\t\t\t\t\t\t\t\t\t<p>Palet URSA Purefloc Loft 47 de 24 sacos : Lana mineral blanca sin ligantes, incombustible y repelente al agua para aplicar por soplado<\/p><ul><li>Lana f\u00e1cil de almacenar e instalar<\/li><li>Suministrada en sacos de 16,6 kg<\/li><li>Un embalaje optimizado: 39 sacos por palet<\/li><li>Instrucciones de uso en el embalaje<\/li><\/ul><p>M\u00ednimo asentamiento (compactaci\u00f3n 25%)<\/p><p>La Lana contenida en un palet URSA Purefloc Loft 47 es una lana saludable<\/p><ul><li>Compuesta de vidrio reciclado y arena, materias primas naturales y reciclables<\/li><li>No libera sustancias vol\u00e1iles contaminantes<\/li><li>No contiene sustancias que atraigan a los insectos<\/li><\/ul><p>Excelentes prestaciones<\/p><ul><li>Mayor rendimiento por m2<\/li><li>N\u00famero de kg a soplar para 100 m2 espacio bajo cubierta con R = 8 m2*K\/W = 400 kg<\/li><\/ul><p>Ventajas<\/p><ul><li>Excelente poder cobertura por m2. De media un 9% mas eficaz que el mejor producto del mercado<\/li><li>Menos kg a soplar para una resistencia t\u00e9rmica R equivalente<\/li><li>Facilidad de instalaci\u00f3n\u00a0<\/li><\/ul><p>Aplicaciones<\/p><ul><li>Buhardillas no transitables, de dif\u00edcil acceso, no acondicionadas<\/li><li>Falsos techos<\/li><li>Como aislamiento complementario<\/li><\/ul><p>Sellos:\u00a0<\/p><p>CE: 1163\/CPR\/0366<\/p><p>C\u00f3digo de designaci\u00f3n: MW EN14064-1 A1-S1-MU1<\/p><p>Dop 33SFL4714121<\/p><p>ATEC 20\/16 -388<\/p><p>ACERMI: 14\/D\/58\/950<\/p><p>Emisiones en el aire interior: A+<\/p><p>Sello EUCEB<\/p>\t\t\t\t\t\t\t\t<\/div>\n\t\t\t\t<\/div>\n\t\t\t\t\t<\/div>\n\t\t<\/div>\n\t\t\t\t\t<\/div>\n\t\t<\/section>\n\t\t\t\t<\/div>\n\t\t","protected":false},"excerpt":{"rendered":"<p>Palet URSA Purefloc Loft 47: Lana mineral blanca sin ligantes, incombustible y repelente al agua para aplicar por soplado<\/p>\n<ul>\n<li>Lana f\u00e1cil de almacenar e instalar<\/li>\n<li>Suministrada en sacos de 16,6 kg<\/li>\n<li>Un embalaje optimizado: 39 sacos por palet<\/li>\n<li>Instrucciones de uso en el embalaje<\/li>\n<\/ul>\n<p>M\u00ednimo asentamiento (compactaci\u00f3n9<\/p>\n<p>El palet URSA Purefloc Loft 47 es una lana saludable<\/p>\n<ul>\n<li>Compuesta en un 99% por materias primas naturales y reciclables<\/li>\n<li>No libera sustancias vol\u00e1iles contaminantes<\/li>\n<li>No contiene sustancias que atraigan a los insectos<\/li>\n<\/ul>\n<p>Excelentes prestaciones<\/p>\n<ul>\n<li>Mayor rendimiento por m2<\/li>\n<li>N\u00famero de kg a soplar para 100 m2 espacio bajo cubierta con R = 8 m2*K\/W = 400 kg<\/li>\n<\/ul>\n<p>Ventajas<\/p>\n<ul>\n<li>Excelente poder cobertura por m2. De media un 9% mas eficaz que el mejor producto del mercado<\/li>\n<li>Menos kg a soplar para una resistencia t\u00e9rmica R equivalente<\/li>\n<li>Facilidad de instalaci\u00f3n<\/li>\n<\/ul>\n<p>Aplicaciones<\/p>\n<ul>\n<li>Buhardillas no transitables, de dif\u00edcil acceso, no acondicionadas<\/li>\n<li>Falsos techos<\/li>\n<li>Como aislamiento complementario<\/li>\n<\/ul>\n<p>Sellos:<\/p>\n<p>CE: 1163\/CPR\/0366<\/p>\n<p>C\u00f3digo de designaci\u00f3n: MW EN14064-1 A1-S1-MU1<\/p>\n<p>Dop 33SFL4714121<\/p>\n<p>ATEC 20\/16 -388<\/p>\n<p>ACERMI: 14\/D\/58\/950<\/p>\n<p>Emisiones en el aire interior: A+<\/p>\n<p>Sello EUCEB<\/p>\n<p>El precio incluye IVA 21% y se entiende suministrado 1 palet de 36 sacos en Colmenarejo. Para c\u00e1lculo de portes ver en la pr\u00f3xima p\u00e1gina de aplicaci\u00f3n<\/p>\n<p>&nbsp;<\/p>\n","protected":false},"featured_media":2693,"comment_status":"open","ping_status":"closed","template":"","meta":[],"product_brand":[],"product_cat":[19],"product_tag":[103,100],"class_list":{"0":"post-2508","1":"product","2":"type-product","3":"status-publish","4":"has-post-thumbnail","6":"product_cat-materiales","7":"product_tag-palet-ursa-pulsr-47","8":"product_tag-ursa-pulsr-47","9":"product_shipping_class-palet-envio","11":"first","12":"instock","13":"shipping-taxable","14":"purchasable","15":"product-type-simple"},"yoast_head":"<!-- This site is optimized with the Yoast SEO plugin v26.8 - https:\/\/yoast.com\/product\/yoast-seo-wordpress\/ -->\n<title>Palet URSA Purefloc Loft 47 de 24 sacos<\/title>\n<meta name=\"description\" content=\"Con la lana mineral contenido en un palet URSA Purefloc Loft 47 de 24 sacos se puede aislar soplando varias buhardillas en 1 solo d\u00eda\" \/>\n<meta name=\"robots\" content=\"index, follow, max-snippet:-1, max-image-preview:large, max-video-preview:-1\" \/>\n<link rel=\"canonical\" href=\"https:\/\/aislayahorra.es\/tienda\/shop\/palet-ursa-purefloc-loft-47\/\" \/>\n<meta property=\"og:locale\" content=\"es_ES\" \/>\n<meta property=\"og:type\" content=\"article\" \/>\n<meta property=\"og:title\" content=\"Palet URSA Purefloc Loft 47 de 24 sacos\" \/>\n<meta property=\"og:description\" content=\"Con la lana mineral contenido en un palet URSA Purefloc Loft 47 de 24 sacos se puede aislar soplando varias buhardillas en 1 solo d\u00eda\" \/>\n<meta property=\"og:url\" content=\"https:\/\/aislayahorra.es\/tienda\/shop\/palet-ursa-purefloc-loft-47\/\" \/>\n<meta property=\"article:modified_time\" content=\"2026-03-27T10:02:28+00:00\" \/>\n<meta property=\"og:image\" content=\"https:\/\/aislayahorra.es\/tienda\/wp-content\/uploads\/2025\/03\/URSA-PULS-R47-PALET-24-SACOSred.jpg\" \/>\n\t<meta property=\"og:image:width\" content=\"619\" \/>\n\t<meta property=\"og:image:height\" content=\"825\" \/>\n\t<meta property=\"og:image:type\" content=\"image\/jpeg\" \/>\n<meta name=\"twitter:card\" content=\"summary_large_image\" \/>\n<meta name=\"twitter:label1\" content=\"Tiempo de lectura\" \/>\n\t<meta name=\"twitter:data1\" content=\"1 minuto\" \/>\n<script type=\"application\/ld+json\" class=\"yoast-schema-graph\">{\"@context\":\"https:\/\/schema.org\",\"@graph\":[{\"@type\":\"WebPage\",\"@id\":\"https:\/\/aislayahorra.es\/tienda\/shop\/palet-ursa-purefloc-loft-47\/\",\"url\":\"https:\/\/aislayahorra.es\/tienda\/shop\/palet-ursa-purefloc-loft-47\/\",\"name\":\"Palet URSA Purefloc Loft 47 de 24 sacos\",\"isPartOf\":{\"@id\":\"https:\/\/aislayahorra.es\/tienda\/#website\"},\"primaryImageOfPage\":{\"@id\":\"https:\/\/aislayahorra.es\/tienda\/shop\/palet-ursa-purefloc-loft-47\/#primaryimage\"},\"image\":{\"@id\":\"https:\/\/aislayahorra.es\/tienda\/shop\/palet-ursa-purefloc-loft-47\/#primaryimage\"},\"thumbnailUrl\":\"https:\/\/aislayahorra.es\/tienda\/wp-content\/uploads\/2025\/03\/URSA-PULS-R47-PALET-24-SACOSred.jpg\",\"datePublished\":\"2025-03-25T07:36:41+00:00\",\"dateModified\":\"2026-03-27T10:02:28+00:00\",\"description\":\"Con la lana mineral contenido en un palet URSA Purefloc Loft 47 de 24 sacos se puede aislar soplando varias buhardillas en 1 solo d\u00eda\",\"breadcrumb\":{\"@id\":\"https:\/\/aislayahorra.es\/tienda\/shop\/palet-ursa-purefloc-loft-47\/#breadcrumb\"},\"inLanguage\":\"es\",\"potentialAction\":[{\"@type\":\"ReadAction\",\"target\":[\"https:\/\/aislayahorra.es\/tienda\/shop\/palet-ursa-purefloc-loft-47\/\"]}]},{\"@type\":\"ImageObject\",\"inLanguage\":\"es\",\"@id\":\"https:\/\/aislayahorra.es\/tienda\/shop\/palet-ursa-purefloc-loft-47\/#primaryimage\",\"url\":\"https:\/\/aislayahorra.es\/tienda\/wp-content\/uploads\/2025\/03\/URSA-PULS-R47-PALET-24-SACOSred.jpg\",\"contentUrl\":\"https:\/\/aislayahorra.es\/tienda\/wp-content\/uploads\/2025\/03\/URSA-PULS-R47-PALET-24-SACOSred.jpg\",\"width\":619,\"height\":825,\"caption\":\"24 SACOS PALET URSA PUREFLOC LOFT 47\"},{\"@type\":\"BreadcrumbList\",\"@id\":\"https:\/\/aislayahorra.es\/tienda\/shop\/palet-ursa-purefloc-loft-47\/#breadcrumb\",\"itemListElement\":[{\"@type\":\"ListItem\",\"position\":1,\"name\":\"Portada\",\"item\":\"https:\/\/aislayahorra.es\/tienda\/\"},{\"@type\":\"ListItem\",\"position\":2,\"name\":\"Shop\",\"item\":\"https:\/\/aislayahorra.es\/tienda\/\"},{\"@type\":\"ListItem\",\"position\":3,\"name\":\"Palet URSA Purefloc Loft 47 de 24 sacos\"}]},{\"@type\":\"WebSite\",\"@id\":\"https:\/\/aislayahorra.es\/tienda\/#website\",\"url\":\"https:\/\/aislayahorra.es\/tienda\/\",\"name\":\"\",\"description\":\"\",\"potentialAction\":[{\"@type\":\"SearchAction\",\"target\":{\"@type\":\"EntryPoint\",\"urlTemplate\":\"https:\/\/aislayahorra.es\/tienda\/?s={search_term_string}\"},\"query-input\":{\"@type\":\"PropertyValueSpecification\",\"valueRequired\":true,\"valueName\":\"search_term_string\"}}],\"inLanguage\":\"es\"}]}<\/script>\n<!-- \/ Yoast SEO plugin. -->","yoast_head_json":{"title":"Palet URSA Purefloc Loft 47 de 24 sacos","description":"Con la lana mineral contenido en un palet URSA Purefloc Loft 47 de 24 sacos se puede aislar soplando varias buhardillas en 1 solo d\u00eda","robots":{"index":"index","follow":"follow","max-snippet":"max-snippet:-1","max-image-preview":"max-image-preview:large","max-video-preview":"max-video-preview:-1"},"canonical":"https:\/\/aislayahorra.es\/tienda\/shop\/palet-ursa-purefloc-loft-47\/","og_locale":"es_ES","og_type":"article","og_title":"Palet URSA Purefloc Loft 47 de 24 sacos","og_description":"Con la lana mineral contenido en un palet URSA Purefloc Loft 47 de 24 sacos se puede aislar soplando varias buhardillas en 1 solo d\u00eda","og_url":"https:\/\/aislayahorra.es\/tienda\/shop\/palet-ursa-purefloc-loft-47\/","article_modified_time":"2026-03-27T10:02:28+00:00","og_image":[{"width":619,"height":825,"url":"https:\/\/aislayahorra.es\/tienda\/wp-content\/uploads\/2025\/03\/URSA-PULS-R47-PALET-24-SACOSred.jpg","type":"image\/jpeg"}],"twitter_card":"summary_large_image","twitter_misc":{"Tiempo de lectura":"1 minuto"},"schema":{"@context":"https:\/\/schema.org","@graph":[{"@type":"WebPage","@id":"https:\/\/aislayahorra.es\/tienda\/shop\/palet-ursa-purefloc-loft-47\/","url":"https:\/\/aislayahorra.es\/tienda\/shop\/palet-ursa-purefloc-loft-47\/","name":"Palet URSA Purefloc Loft 47 de 24 sacos","isPartOf":{"@id":"https:\/\/aislayahorra.es\/tienda\/#website"},"primaryImageOfPage":{"@id":"https:\/\/aislayahorra.es\/tienda\/shop\/palet-ursa-purefloc-loft-47\/#primaryimage"},"image":{"@id":"https:\/\/aislayahorra.es\/tienda\/shop\/palet-ursa-purefloc-loft-47\/#primaryimage"},"thumbnailUrl":"https:\/\/aislayahorra.es\/tienda\/wp-content\/uploads\/2025\/03\/URSA-PULS-R47-PALET-24-SACOSred.jpg","datePublished":"2025-03-25T07:36:41+00:00","dateModified":"2026-03-27T10:02:28+00:00","description":"Con la lana mineral contenido en un palet URSA Purefloc Loft 47 de 24 sacos se puede aislar soplando varias buhardillas en 1 solo d\u00eda","breadcrumb":{"@id":"https:\/\/aislayahorra.es\/tienda\/shop\/palet-ursa-purefloc-loft-47\/#breadcrumb"},"inLanguage":"es","potentialAction":[{"@type":"ReadAction","target":["https:\/\/aislayahorra.es\/tienda\/shop\/palet-ursa-purefloc-loft-47\/"]}]},{"@type":"ImageObject","inLanguage":"es","@id":"https:\/\/aislayahorra.es\/tienda\/shop\/palet-ursa-purefloc-loft-47\/#primaryimage","url":"https:\/\/aislayahorra.es\/tienda\/wp-content\/uploads\/2025\/03\/URSA-PULS-R47-PALET-24-SACOSred.jpg","contentUrl":"https:\/\/aislayahorra.es\/tienda\/wp-content\/uploads\/2025\/03\/URSA-PULS-R47-PALET-24-SACOSred.jpg","width":619,"height":825,"caption":"24 SACOS PALET URSA PUREFLOC LOFT 47"},{"@type":"BreadcrumbList","@id":"https:\/\/aislayahorra.es\/tienda\/shop\/palet-ursa-purefloc-loft-47\/#breadcrumb","itemListElement":[{"@type":"ListItem","position":1,"name":"Portada","item":"https:\/\/aislayahorra.es\/tienda\/"},{"@type":"ListItem","position":2,"name":"Shop","item":"https:\/\/aislayahorra.es\/tienda\/"},{"@type":"ListItem","position":3,"name":"Palet URSA Purefloc Loft 47 de 24 sacos"}]},{"@type":"WebSite","@id":"https:\/\/aislayahorra.es\/tienda\/#website","url":"https:\/\/aislayahorra.es\/tienda\/","name":"","description":"","potentialAction":[{"@type":"SearchAction","target":{"@type":"EntryPoint","urlTemplate":"https:\/\/aislayahorra.es\/tienda\/?s={search_term_string}"},"query-input":{"@type":"PropertyValueSpecification","valueRequired":true,"valueName":"search_term_string"}}],"inLanguage":"es"}]}},"_links":{"self":[{"href":"https:\/\/aislayahorra.es\/tienda\/wp-json\/wp\/v2\/product\/2508","targetHints":{"allow":["GET"]}}],"collection":[{"href":"https:\/\/aislayahorra.es\/tienda\/wp-json\/wp\/v2\/product"}],"about":[{"href":"https:\/\/aislayahorra.es\/tienda\/wp-json\/wp\/v2\/types\/product"}],"replies":[{"embeddable":true,"href":"https:\/\/aislayahorra.es\/tienda\/wp-json\/wp\/v2\/comments?post=2508"}],"version-history":[{"count":55,"href":"https:\/\/aislayahorra.es\/tienda\/wp-json\/wp\/v2\/product\/2508\/revisions"}],"predecessor-version":[{"id":2831,"href":"https:\/\/aislayahorra.es\/tienda\/wp-json\/wp\/v2\/product\/2508\/revisions\/2831"}],"wp:featuredmedia":[{"embeddable":true,"href":"https:\/\/aislayahorra.es\/tienda\/wp-json\/wp\/v2\/media\/2693"}],"wp:attachment":[{"href":"https:\/\/aislayahorra.es\/tienda\/wp-json\/wp\/v2\/media?parent=2508"}],"wp:term":[{"taxonomy":"product_brand","embeddable":true,"href":"https:\/\/aislayahorra.es\/tienda\/wp-json\/wp\/v2\/product_brand?post=2508"},{"taxonomy":"product_cat","embeddable":true,"href":"https:\/\/aislayahorra.es\/tienda\/wp-json\/wp\/v2\/product_cat?post=2508"},{"taxonomy":"product_tag","embeddable":true,"href":"https:\/\/aislayahorra.es\/tienda\/wp-json\/wp\/v2\/product_tag?post=2508"}],"curies":[{"name":"wp","href":"https:\/\/api.w.org\/{rel}","templated":true}]}}