{"id":2530,"date":"2025-03-29T13:08:52","date_gmt":"2025-03-29T11:08:52","guid":{"rendered":"https:\/\/aislayahorra.es\/tienda\/?post_type=product&#038;p=2530"},"modified":"2026-03-27T12:01:42","modified_gmt":"2026-03-27T10:01:42","slug":"palet-ursa-purefloc-universal","status":"publish","type":"product","link":"https:\/\/aislayahorra.es\/tienda\/shop\/palet-ursa-purefloc-universal\/","title":{"rendered":"Palet URSA Purefloc Universal 24 sacos"},"content":{"rendered":"\t\t<div data-elementor-type=\"product-post\" data-elementor-id=\"2530\" class=\"elementor elementor-2530\" data-elementor-post-type=\"product\">\n\t\t\t\t\t\t<section class=\"elementor-section elementor-top-section elementor-element elementor-element-2d4a1e7 elementor-section-boxed elementor-section-height-default elementor-section-height-default\" data-id=\"2d4a1e7\" data-element_type=\"section\" data-e-type=\"section\">\n\t\t\t\t\t\t<div class=\"elementor-container elementor-column-gap-default\">\n\t\t\t\t\t<div class=\"elementor-column elementor-col-100 elementor-top-column elementor-element elementor-element-20658dd\" data-id=\"20658dd\" data-element_type=\"column\" data-e-type=\"column\">\n\t\t\t<div class=\"elementor-widget-wrap elementor-element-populated\">\n\t\t\t\t\t\t<div class=\"elementor-element elementor-element-173da9c elementor-align-center elementor-widget elementor-widget-button\" data-id=\"173da9c\" data-element_type=\"widget\" data-e-type=\"widget\" data-widget_type=\"button.default\">\n\t\t\t\t<div class=\"elementor-widget-container\">\n\t\t\t\t\t\t\t\t\t<div class=\"elementor-button-wrapper\">\n\t\t\t\t\t<a class=\"elementor-button elementor-button-link elementor-size-sm\" href=\"https:\/\/aislayahorra.es\/tienda\/wp-content\/uploads\/2025\/10\/URSA_PUREFLOC_UNIVERSAL_ES.pdf\">\n\t\t\t\t\t\t<span class=\"elementor-button-content-wrapper\">\n\t\t\t\t\t\t\t\t\t<span class=\"elementor-button-text\">Ficha T\u00e9cnica URSA Purefloc Universal<\/span>\n\t\t\t\t\t<\/span>\n\t\t\t\t\t<\/a>\n\t\t\t\t<\/div>\n\t\t\t\t\t\t\t\t<\/div>\n\t\t\t\t<\/div>\n\t\t\t\t<div class=\"elementor-element elementor-element-9762c88 elementor-widget elementor-widget-text-editor\" data-id=\"9762c88\" data-element_type=\"widget\" data-e-type=\"widget\" data-widget_type=\"text-editor.default\">\n\t\t\t\t<div class=\"elementor-widget-container\">\n\t\t\t\t\t\t\t\t\t<p>El palet URSA Purefloc Universal es el nuevo producto de la gama URSA Purefloc, \u00f3ptimo para la rehabilitaci\u00f3n.<\/p><p>Se trata de una lana mineral blanca que se instala mediante la t\u00e9cnica del insuflado de forma mec\u00e1nica, con m\u00e1quinas especialmente dise\u00f1adas para su uso.<\/p><p>La m\u00e1quina desmenuza e inyecta el material de forma neum\u00e1tica en el interior de fachadas, medianeras, tabiques y falsos techos proporcionando las m\u00e1s elevadas prestaciones de aislamiento t\u00e9rmico y ac\u00fastico, as\u00ed como protecci\u00f3n al fuego, todo en uno.<\/p><p>El producto se adapta a todo tipo de cavidades llegando a todos los rincones y consiguiendo un aislamiento continuo y libre de juntas.<\/p><p>El aislamiento de URSA combina las excelentes caracter\u00edsticas t\u00e9cnicas de la lana mineral con un tratamiento r\u00e1pido y flexible, por lo que ofrece una soluci\u00f3n de aislamiento sencilla, segura y duradera, tanto en construcciones nuevas como en rehabilitaci\u00f3n.<\/p><p>Una soluci\u00f3n 10 para el instalador<\/p><ol><li>-Soluci\u00f3n id\u00f3nea para todo tipo de obra, tanto para obra nueva como rehabilitaci\u00f3n<\/li><li>Proporciona altos nievles de aislamiento t\u00e9rmico, gracias a la baja conductividad t\u00e9rmica y que contribuye a crear cerramientos estancos evitando la entrada del aire exterior<\/li><li>Excelente tambi\u00e9n como aislante ac\u00fastico, que minimiza los ruidos del exterior<\/li><li>Producto ideal para aislar aplicaciones de dif\u00edcil acceso como buhardillas o falsos techos y sin perder espacio habitable en cerramientos de f\u00e1brica de ladrillo con c\u00e1mara de aire<\/li><li>Este nuevo material, por su composici\u00f3n y prestaciones es capaz de rellenar todo el espacio disponible.<\/li><li>Instalaci\u00f3n r\u00e1pida y segura, sin obras que genera pocos residuos, porque no tiene juntas ni recortes<\/li><li>Es un producto noble, saludable y de agradable manipulaci\u00f3n, ya que es suave al tato, esponjoso, no irritante y genera poco polvo.<\/li><li>URSA Purefloc Universal est\u00e1 compuesto solamente de vidrio con un antiest\u00e1tico, sin resinas a\u00f1adidas, por lo que no produce abrasi\u00f3n y no deteriora las m\u00e1quinas y herramientas empleadas en su instalaci\u00f3n<\/li><li>Mantiene una gran estabilidad<\/li><li>Emplea menos cantidad de material y no genera mermas, que las soluciones tradicionales y por lo tanto hay que manejar menos peso y volumen, por lo que la carga, transporte y manipulaci\u00f3n son m\u00e1s sencillos.<\/li><\/ol>\t\t\t\t\t\t\t\t<\/div>\n\t\t\t\t<\/div>\n\t\t\t\t\t<\/div>\n\t\t<\/div>\n\t\t\t\t\t<\/div>\n\t\t<\/section>\n\t\t\t\t<section class=\"elementor-section elementor-top-section elementor-element elementor-element-b496eb8 elementor-section-boxed elementor-section-height-default elementor-section-height-default\" data-id=\"b496eb8\" data-element_type=\"section\" data-e-type=\"section\">\n\t\t\t\t\t\t<div class=\"elementor-container elementor-column-gap-default\">\n\t\t\t\t\t<div class=\"elementor-column elementor-col-100 elementor-top-column elementor-element elementor-element-a43f313\" data-id=\"a43f313\" data-element_type=\"column\" data-e-type=\"column\">\n\t\t\t<div class=\"elementor-widget-wrap elementor-element-populated\">\n\t\t\t\t\t\t<div class=\"elementor-element elementor-element-6d75fe5 elementor-widget elementor-widget-text-editor\" data-id=\"6d75fe5\" data-element_type=\"widget\" data-e-type=\"widget\" data-widget_type=\"text-editor.default\">\n\t\t\t\t<div class=\"elementor-widget-container\">\n\t\t\t\t\t\t\t\t\t<p>El palet URSA Purefloc Universal es una soluci\u00f3n 10 para el usuario<\/p><ol><li>El aislamiento insuflado palet URSA Purefloc Universal se instala de forma mec\u00e1nica, utilizando una m\u00e1quina insufladora y sin obras ni andamios.<\/li><li>Se insufla a trav\u00e9s de unos pocos orificios que se practican en las paredes, por lo que genera poco escombro y muy poco polvo,\u00a0 de forma que se puede permanecer en la vivienda mientras duran los trabajos.<\/li><li>Proporciona un excelente aislamiento t\u00e9rmico, crea cerramientos estancos a las corrientes de aire, lo que le permitir\u00e1 reducir los costes habituales de calefacci\u00f3n y aire acondicionado.<\/li><li>Excelente aislamiento ac\u00fastico frente al ruido exterior, ya que reduce los puentes ac\u00fasticos proporcionando un ambiente acogedor y tranquilo en el interior de la vivienda.<\/li><li>Eficaz protecci\u00f3n frente al fuego, producto incombustible.<\/li><li>Es no higrosc\u00f3pico, es decir, que no absorbe ni retiene humedad. Adem\u00e1s es permeable al vapor y por tanto transpirable.<\/li><li>Es un producto nobel y agradable, suave al tacto y exento de polvo, que por lo tanto ni irrita ni molesta a los usuarios durante la instalaci\u00f3n\u00a0<\/li><li>Es un producto saludable, ya que est\u00e1 exento de compuestos org\u00e1nicos vol\u00e1tiles (COV&#8217;s) por lo que garantiza la calidad del aire interior de la vivienda. URSA Purefloc Universal dispone de la etiqueta de Emissions Dans L&#8217;Air Int\u00e9rieur (Emisiones en el aire interior) en su m\u00e1xima puntuaci\u00f3n: A+<\/li><li>Es resistente al moho y no se pudre ni se descompone, lo que le convierte en un producto fiable y duradero.<\/li><li>Est\u00e1 compuesto de vidrio, por lo que es un material natural, sin ning\u00fan tipo de aditivos artificiales.<\/li><\/ol>\t\t\t\t\t\t\t\t<\/div>\n\t\t\t\t<\/div>\n\t\t\t\t\t<\/div>\n\t\t<\/div>\n\t\t\t\t\t<\/div>\n\t\t<\/section>\n\t\t\t\t<section class=\"elementor-section elementor-top-section elementor-element elementor-element-76c09f0 elementor-section-boxed elementor-section-height-default elementor-section-height-default\" data-id=\"76c09f0\" data-element_type=\"section\" data-e-type=\"section\">\n\t\t\t\t\t\t<div class=\"elementor-container elementor-column-gap-default\">\n\t\t\t\t\t<div class=\"elementor-column elementor-col-100 elementor-top-column elementor-element elementor-element-4ee5e6b\" data-id=\"4ee5e6b\" data-element_type=\"column\" data-e-type=\"column\">\n\t\t\t<div class=\"elementor-widget-wrap elementor-element-populated\">\n\t\t\t\t\t\t<div class=\"elementor-element elementor-element-43738dc elementor-widget elementor-widget-text-editor\" data-id=\"43738dc\" data-element_type=\"widget\" data-e-type=\"widget\" data-widget_type=\"text-editor.default\">\n\t\t\t\t<div class=\"elementor-widget-container\">\n\t\t\t\t\t\t\t\t\t<p>Caracter\u00edsticas t\u00e9cnicas:<\/p><p>C\u00f3digo de designaci\u00f3n: MW EN14064-1-S1-AF5-MU1-WS<\/p><p>Lambda (Lambda 90\/90) EN 12667 0,034 W\/mK<\/p><p>REacci\u00f3n al fuego (Euroclases) EN 13501 &#8211; 1 A1<\/p><p>Transmisi\u00f3n del vapor al agua (mue) EN 12806: MU1<\/p><p>Asentamiento S1<\/p><p>El palet de A\u00edsla y Ahorra, SL lleva 24 sacos de 16,6 kg en palets de 1.1 m x 1.1 m x 2.00 m de altura, especialmente recortados por motivos log\u00edsticos.<\/p><p>\u00a0<\/p>\t\t\t\t\t\t\t\t<\/div>\n\t\t\t\t<\/div>\n\t\t\t\t\t<\/div>\n\t\t<\/div>\n\t\t\t\t\t<\/div>\n\t\t<\/section>\n\t\t\t\t<\/div>\n\t\t","protected":false},"excerpt":{"rendered":"<p>El palet Pure Floc KD es el nuevo producto de la gama URSA Pureone, \u00f3ptimo para la rehabilitaci\u00f3n.<\/p>\n<p>Se trata de una lana mineral blanca que se instala mediante la t\u00e9cnica del insuflado de forma mec\u00e1nica, con m\u00e1quinas especialmente dise\u00f1adas para su uso.<\/p>\n<p>La m\u00e1quina desmenuza e inyecta el material de forma neum\u00e1tica en el interior de fachadas, medianeras, tabiques y falsos techos proporcionando las m\u00e1s elevadas prestaciones de aislamiento t\u00e9rmico y ac\u00fastico, as\u00ed como protecci\u00f3n al fuego, todo en uno.<\/p>\n<p>El palet URSA Pureone Pure Floc KD es una soluci\u00f3n 10 para el usuario<\/p>\n<ol>\n<li>El aislamiento insuflado palet URSA Pureone Pure Floc KD se instala de forma mec\u00e1nica, utilizando una m\u00e1quina insufladora y sin obras ni andamios.<\/li>\n<li>Se insuflad a trav\u00e9s de unos pocos orificios que se practican en las paredes, por lo que genera poco escombro y muy poco polvo,\u00a0 de forma que se puede permanecer en la vivienda mientras duran los trabajos.<\/li>\n<li>Proporciona un excelente aislamiento t\u00e9rmico, crea cerramientos estancos a las corrientes de aire, lo que le permitir\u00e1 reducir los costes habituales de calefacci\u00f3n y aire acondicionado.<\/li>\n<li>Excelente aislamiento ac\u00fastico frente al ruido exterior, ya que reduce los puentes ac\u00fasticos proporcionando un ambiente acogedor y tranquilo en el interior de la vivienda.<\/li>\n<li>Eficaz protecci\u00f3n frente al fuego, producto incombustible.<\/li>\n<li>Es no higrosc\u00f3pico, es decir, que no absorbe ni retiene humedad. Adem\u00e1s es permeable al vapor y por tanto transpirable.<\/li>\n<li>Es un producto nobel y agradable, suave al tacto y exento de polvo, que por lo tanto ni irrita ni molesta a los usuarios durante la instalaci\u00f3n<\/li>\n<li>Es un producto saludable, ya que est\u00e1 exento de compuestos org\u00e1nicos vol\u00e1tiles (COV&#8217;s) por lo que garantiza la calidad del aire interior de la vivienda. Pure Floc KD dispone de la etiqueta de Emissions Dans L&#8217;Air Int\u00e9rieur (Emisiones en el aire interior) en su m\u00e1xima puntuaci\u00f3n: A+<\/li>\n<li>Es resistente al moho y no se pudre ni se descompone, lo que le convierte en un producto fiable y duradero.<\/li>\n<li>Est\u00e1 compuesto de vidrio, por lo que es un material natural, sin ning\u00fan tipo de aditivos artificiales.<\/li>\n<\/ol>\n<p>El producto se adapta a todo tipo de cavidades llegando a todos los rincones y consiguiendo un aislamiento continuo y libre de juntas.<\/p>\n<p>El aislamiento de URSA combina las excelentes caracter\u00edsticas t\u00e9cnicas de la lana mineral con un tratamiento r\u00e1pido y flexible, por lo que ofrece una soluci\u00f3n de aislamiento sencilla, segura y duradera, tanto en construcciones nuevas como en rehabilitaci\u00f3n.<\/p>\n<p>Una soluci\u00f3n 10 para el instalador<\/p>\n<ol>\n<li>-Soluci\u00f3n id\u00f3nea para todo tipo de obra, tanto para obra nueva como rehabilitaci\u00f3n<\/li>\n<li>Proporciona altos nievles de aislamiento t\u00e9rmico, gracias a la baja conductividad t\u00e9rmica y que contribuye a crear cerramientos estancos evitando la entrada del aire exterior<\/li>\n<li>Excelente tambi\u00e9n como aislante ac\u00fastico, que minimiza los ruidos del exterior<\/li>\n<li>Producto ideal para aislar aplicaciones de dif\u00edcil acceso como buhardillas o falsos techos y sin perder espacio habitable en cerramientos de f\u00e1brica de ladrillo con c\u00e1mara de aire<\/li>\n<li>Este nuevo material, por su composici\u00f3n y prestaciones es capaz de rellenar todo el espacio disponible.<\/li>\n<li>Instalaci\u00f3n r\u00e1pida y segura, sin obras que genera pocos residuos, porque no tiene juntas ni recortes<\/li>\n<li>Es un producto noble, saludable y de agradable manipulaci\u00f3n, ya que es suave al tato, esponjoso, no irritante y genera poco polvo.<\/li>\n<li>Pure Floc KD est\u00e1 compuesto solamente de vidrio con un antiest\u00e1tico, sin resinas a\u00f1adidas, por lo que no produce abrasi\u00f3n y no deteriora las m\u00e1quinas y herramientas empleadas en su instalaci\u00f3n<\/li>\n<li>Mantiene una gran estabilidad<\/li>\n<li>Emplea menos cantidad de material y no genera mermas, que las soluciones tradicionales y por lo tanto hay que manejar menos peso y volumen, por lo que la carga, transporte y manipulaci\u00f3n son m\u00e1s sencillos.<\/li>\n<\/ol>\n<p>Caracter\u00edsticas t\u00e9cnicas del palet URSA Pureone Pure Floc KD:<\/p>\n<p>C\u00f3digo de designaci\u00f3n: MW EN14064-1-S1-AF5-MU1-WS<\/p>\n<p>Lambda (Lambda 90\/90) EN 12667 0,034 W\/mK<\/p>\n<p>REacci\u00f3n al fuego (Euroclases) EN 13501 &#8211; 1 A1<\/p>\n<p>Transmisi\u00f3n del vapor al agua (mue) EN 12806: MU1<\/p>\n<p>Asentamiento S1<\/p>\n<p>El palet de A\u00edsla y Ahorra, SL lleva 24 sacos de 16,6 kg en palets de 1.1 m x 1.1 m x 2.00 m de altura, especialmente recortados por motivos log\u00edsticos.<\/p>\n<p>El precio incluye IVA 21% y se entiende suministrado 1 palet de 24 sacos en Colmenarejo. Para c\u00e1lculo de portes ver en la pr\u00f3xima p\u00e1gina de aplicaci\u00f3n<\/p>\n<p>&nbsp;<\/p>\n","protected":false},"featured_media":2689,"comment_status":"open","ping_status":"closed","template":"","meta":[],"product_brand":[],"product_cat":[19],"product_tag":[113],"class_list":{"0":"post-2530","1":"product","2":"type-product","3":"status-publish","4":"has-post-thumbnail","6":"product_cat-materiales","7":"product_tag-palet-ursa-pureone-universal","8":"product_shipping_class-palet-envio","10":"first","11":"instock","12":"shipping-taxable","13":"purchasable","14":"product-type-simple"},"yoast_head":"<!-- This site is optimized with the Yoast SEO plugin v26.8 - https:\/\/yoast.com\/product\/yoast-seo-wordpress\/ -->\n<title>Palet URSA Purefloc Universal 24 sacos<\/title>\n<meta name=\"description\" content=\"El aislamiento insuflado con palet URSA Purefloc Universal es un aislamiento premium para aislar su fachada o cubierta desde el interior, mediante insuflado\" \/>\n<meta name=\"robots\" content=\"index, follow, max-snippet:-1, max-image-preview:large, max-video-preview:-1\" \/>\n<link rel=\"canonical\" href=\"https:\/\/aislayahorra.es\/tienda\/shop\/palet-ursa-purefloc-universal\/\" \/>\n<meta property=\"og:locale\" content=\"es_ES\" \/>\n<meta property=\"og:type\" content=\"article\" \/>\n<meta property=\"og:title\" content=\"Palet URSA Purefloc Universal 24 sacos\" \/>\n<meta property=\"og:description\" content=\"El aislamiento insuflado con palet URSA Purefloc Universal es un aislamiento premium para aislar su fachada o cubierta desde el interior, mediante insuflado\" \/>\n<meta property=\"og:url\" content=\"https:\/\/aislayahorra.es\/tienda\/shop\/palet-ursa-purefloc-universal\/\" \/>\n<meta property=\"article:modified_time\" content=\"2026-03-27T10:01:42+00:00\" \/>\n<meta property=\"og:image\" content=\"https:\/\/aislayahorra.es\/tienda\/wp-content\/uploads\/2025\/03\/PALET-URSA-PUREONE-PURE-FLOC-KD-24-2red.jpg\" \/>\n\t<meta property=\"og:image:width\" content=\"444\" \/>\n\t<meta property=\"og:image:height\" content=\"860\" \/>\n\t<meta property=\"og:image:type\" content=\"image\/jpeg\" \/>\n<meta name=\"twitter:card\" content=\"summary_large_image\" \/>\n<meta name=\"twitter:label1\" content=\"Tiempo de lectura\" \/>\n\t<meta name=\"twitter:data1\" content=\"4 minutos\" \/>\n<script type=\"application\/ld+json\" class=\"yoast-schema-graph\">{\"@context\":\"https:\/\/schema.org\",\"@graph\":[{\"@type\":\"WebPage\",\"@id\":\"https:\/\/aislayahorra.es\/tienda\/shop\/palet-ursa-purefloc-universal\/\",\"url\":\"https:\/\/aislayahorra.es\/tienda\/shop\/palet-ursa-purefloc-universal\/\",\"name\":\"Palet URSA Purefloc Universal 24 sacos\",\"isPartOf\":{\"@id\":\"https:\/\/aislayahorra.es\/tienda\/#website\"},\"primaryImageOfPage\":{\"@id\":\"https:\/\/aislayahorra.es\/tienda\/shop\/palet-ursa-purefloc-universal\/#primaryimage\"},\"image\":{\"@id\":\"https:\/\/aislayahorra.es\/tienda\/shop\/palet-ursa-purefloc-universal\/#primaryimage\"},\"thumbnailUrl\":\"https:\/\/aislayahorra.es\/tienda\/wp-content\/uploads\/2025\/03\/PALET-URSA-PUREONE-PURE-FLOC-KD-24-2red.jpg\",\"datePublished\":\"2025-03-29T11:08:52+00:00\",\"dateModified\":\"2026-03-27T10:01:42+00:00\",\"description\":\"El aislamiento insuflado con palet URSA Purefloc Universal es un aislamiento premium para aislar su fachada o cubierta desde el interior, mediante insuflado\",\"breadcrumb\":{\"@id\":\"https:\/\/aislayahorra.es\/tienda\/shop\/palet-ursa-purefloc-universal\/#breadcrumb\"},\"inLanguage\":\"es\",\"potentialAction\":[{\"@type\":\"ReadAction\",\"target\":[\"https:\/\/aislayahorra.es\/tienda\/shop\/palet-ursa-purefloc-universal\/\"]}]},{\"@type\":\"ImageObject\",\"inLanguage\":\"es\",\"@id\":\"https:\/\/aislayahorra.es\/tienda\/shop\/palet-ursa-purefloc-universal\/#primaryimage\",\"url\":\"https:\/\/aislayahorra.es\/tienda\/wp-content\/uploads\/2025\/03\/PALET-URSA-PUREONE-PURE-FLOC-KD-24-2red.jpg\",\"contentUrl\":\"https:\/\/aislayahorra.es\/tienda\/wp-content\/uploads\/2025\/03\/PALET-URSA-PUREONE-PURE-FLOC-KD-24-2red.jpg\",\"width\":444,\"height\":860,\"caption\":\"PALET URSA PUREONE UNIVERSAL 24 SACOS\"},{\"@type\":\"BreadcrumbList\",\"@id\":\"https:\/\/aislayahorra.es\/tienda\/shop\/palet-ursa-purefloc-universal\/#breadcrumb\",\"itemListElement\":[{\"@type\":\"ListItem\",\"position\":1,\"name\":\"Portada\",\"item\":\"https:\/\/aislayahorra.es\/tienda\/\"},{\"@type\":\"ListItem\",\"position\":2,\"name\":\"Shop\",\"item\":\"https:\/\/aislayahorra.es\/tienda\/\"},{\"@type\":\"ListItem\",\"position\":3,\"name\":\"Palet URSA Purefloc Universal 24 sacos\"}]},{\"@type\":\"WebSite\",\"@id\":\"https:\/\/aislayahorra.es\/tienda\/#website\",\"url\":\"https:\/\/aislayahorra.es\/tienda\/\",\"name\":\"\",\"description\":\"\",\"potentialAction\":[{\"@type\":\"SearchAction\",\"target\":{\"@type\":\"EntryPoint\",\"urlTemplate\":\"https:\/\/aislayahorra.es\/tienda\/?s={search_term_string}\"},\"query-input\":{\"@type\":\"PropertyValueSpecification\",\"valueRequired\":true,\"valueName\":\"search_term_string\"}}],\"inLanguage\":\"es\"}]}<\/script>\n<!-- \/ Yoast SEO plugin. -->","yoast_head_json":{"title":"Palet URSA Purefloc Universal 24 sacos","description":"El aislamiento insuflado con palet URSA Purefloc Universal es un aislamiento premium para aislar su fachada o cubierta desde el interior, mediante insuflado","robots":{"index":"index","follow":"follow","max-snippet":"max-snippet:-1","max-image-preview":"max-image-preview:large","max-video-preview":"max-video-preview:-1"},"canonical":"https:\/\/aislayahorra.es\/tienda\/shop\/palet-ursa-purefloc-universal\/","og_locale":"es_ES","og_type":"article","og_title":"Palet URSA Purefloc Universal 24 sacos","og_description":"El aislamiento insuflado con palet URSA Purefloc Universal es un aislamiento premium para aislar su fachada o cubierta desde el interior, mediante insuflado","og_url":"https:\/\/aislayahorra.es\/tienda\/shop\/palet-ursa-purefloc-universal\/","article_modified_time":"2026-03-27T10:01:42+00:00","og_image":[{"width":444,"height":860,"url":"https:\/\/aislayahorra.es\/tienda\/wp-content\/uploads\/2025\/03\/PALET-URSA-PUREONE-PURE-FLOC-KD-24-2red.jpg","type":"image\/jpeg"}],"twitter_card":"summary_large_image","twitter_misc":{"Tiempo de lectura":"4 minutos"},"schema":{"@context":"https:\/\/schema.org","@graph":[{"@type":"WebPage","@id":"https:\/\/aislayahorra.es\/tienda\/shop\/palet-ursa-purefloc-universal\/","url":"https:\/\/aislayahorra.es\/tienda\/shop\/palet-ursa-purefloc-universal\/","name":"Palet URSA Purefloc Universal 24 sacos","isPartOf":{"@id":"https:\/\/aislayahorra.es\/tienda\/#website"},"primaryImageOfPage":{"@id":"https:\/\/aislayahorra.es\/tienda\/shop\/palet-ursa-purefloc-universal\/#primaryimage"},"image":{"@id":"https:\/\/aislayahorra.es\/tienda\/shop\/palet-ursa-purefloc-universal\/#primaryimage"},"thumbnailUrl":"https:\/\/aislayahorra.es\/tienda\/wp-content\/uploads\/2025\/03\/PALET-URSA-PUREONE-PURE-FLOC-KD-24-2red.jpg","datePublished":"2025-03-29T11:08:52+00:00","dateModified":"2026-03-27T10:01:42+00:00","description":"El aislamiento insuflado con palet URSA Purefloc Universal es un aislamiento premium para aislar su fachada o cubierta desde el interior, mediante insuflado","breadcrumb":{"@id":"https:\/\/aislayahorra.es\/tienda\/shop\/palet-ursa-purefloc-universal\/#breadcrumb"},"inLanguage":"es","potentialAction":[{"@type":"ReadAction","target":["https:\/\/aislayahorra.es\/tienda\/shop\/palet-ursa-purefloc-universal\/"]}]},{"@type":"ImageObject","inLanguage":"es","@id":"https:\/\/aislayahorra.es\/tienda\/shop\/palet-ursa-purefloc-universal\/#primaryimage","url":"https:\/\/aislayahorra.es\/tienda\/wp-content\/uploads\/2025\/03\/PALET-URSA-PUREONE-PURE-FLOC-KD-24-2red.jpg","contentUrl":"https:\/\/aislayahorra.es\/tienda\/wp-content\/uploads\/2025\/03\/PALET-URSA-PUREONE-PURE-FLOC-KD-24-2red.jpg","width":444,"height":860,"caption":"PALET URSA PUREONE UNIVERSAL 24 SACOS"},{"@type":"BreadcrumbList","@id":"https:\/\/aislayahorra.es\/tienda\/shop\/palet-ursa-purefloc-universal\/#breadcrumb","itemListElement":[{"@type":"ListItem","position":1,"name":"Portada","item":"https:\/\/aislayahorra.es\/tienda\/"},{"@type":"ListItem","position":2,"name":"Shop","item":"https:\/\/aislayahorra.es\/tienda\/"},{"@type":"ListItem","position":3,"name":"Palet URSA Purefloc Universal 24 sacos"}]},{"@type":"WebSite","@id":"https:\/\/aislayahorra.es\/tienda\/#website","url":"https:\/\/aislayahorra.es\/tienda\/","name":"","description":"","potentialAction":[{"@type":"SearchAction","target":{"@type":"EntryPoint","urlTemplate":"https:\/\/aislayahorra.es\/tienda\/?s={search_term_string}"},"query-input":{"@type":"PropertyValueSpecification","valueRequired":true,"valueName":"search_term_string"}}],"inLanguage":"es"}]}},"_links":{"self":[{"href":"https:\/\/aislayahorra.es\/tienda\/wp-json\/wp\/v2\/product\/2530","targetHints":{"allow":["GET"]}}],"collection":[{"href":"https:\/\/aislayahorra.es\/tienda\/wp-json\/wp\/v2\/product"}],"about":[{"href":"https:\/\/aislayahorra.es\/tienda\/wp-json\/wp\/v2\/types\/product"}],"replies":[{"embeddable":true,"href":"https:\/\/aislayahorra.es\/tienda\/wp-json\/wp\/v2\/comments?post=2530"}],"version-history":[{"count":68,"href":"https:\/\/aislayahorra.es\/tienda\/wp-json\/wp\/v2\/product\/2530\/revisions"}],"predecessor-version":[{"id":2804,"href":"https:\/\/aislayahorra.es\/tienda\/wp-json\/wp\/v2\/product\/2530\/revisions\/2804"}],"wp:featuredmedia":[{"embeddable":true,"href":"https:\/\/aislayahorra.es\/tienda\/wp-json\/wp\/v2\/media\/2689"}],"wp:attachment":[{"href":"https:\/\/aislayahorra.es\/tienda\/wp-json\/wp\/v2\/media?parent=2530"}],"wp:term":[{"taxonomy":"product_brand","embeddable":true,"href":"https:\/\/aislayahorra.es\/tienda\/wp-json\/wp\/v2\/product_brand?post=2530"},{"taxonomy":"product_cat","embeddable":true,"href":"https:\/\/aislayahorra.es\/tienda\/wp-json\/wp\/v2\/product_cat?post=2530"},{"taxonomy":"product_tag","embeddable":true,"href":"https:\/\/aislayahorra.es\/tienda\/wp-json\/wp\/v2\/product_tag?post=2530"}],"curies":[{"name":"wp","href":"https:\/\/api.w.org\/{rel}","templated":true}]}}