{"id":254,"date":"2021-01-17T15:09:19","date_gmt":"2021-01-17T13:09:19","guid":{"rendered":"https:\/\/test.aislayahorra.es\/tienda\/?post_type=product&#038;p=254"},"modified":"2025-12-26T09:50:10","modified_gmt":"2025-12-26T07:50:10","slug":"saco-superwhite-34","status":"publish","type":"product","link":"https:\/\/aislayahorra.es\/tienda\/shop\/saco-superwhite-34\/","title":{"rendered":"Saco Superwhite 34 (SUPERGLASS)"},"content":{"rendered":"\t\t<div data-elementor-type=\"product-post\" data-elementor-id=\"254\" class=\"elementor elementor-254\" data-elementor-post-type=\"product\">\n\t\t\t\t\t\t<section class=\"elementor-section elementor-top-section elementor-element elementor-element-afc9838 elementor-section-boxed elementor-section-height-default elementor-section-height-default\" data-id=\"afc9838\" data-element_type=\"section\" data-e-type=\"section\">\n\t\t\t\t\t\t<div class=\"elementor-container elementor-column-gap-default\">\n\t\t\t\t\t<div class=\"elementor-column elementor-col-100 elementor-top-column elementor-element elementor-element-d29d1c7\" data-id=\"d29d1c7\" data-element_type=\"column\" data-e-type=\"column\">\n\t\t\t<div class=\"elementor-widget-wrap elementor-element-populated\">\n\t\t\t\t\t\t<div class=\"elementor-element elementor-element-b78e779 elementor-widget elementor-widget-text-editor\" data-id=\"b78e779\" data-element_type=\"widget\" data-e-type=\"widget\" data-widget_type=\"text-editor.default\">\n\t\t\t\t<div class=\"elementor-widget-container\">\n\t\t\t\t\t\t\t\t\t<p>La lana mineral blanca virgen de este fabricante escoces es la de menor densidad que existe en el mercado, posibilitando a la vez la obtenci\u00f3n de una conductividad muy baja de 0,034 W\/mK. Por tanto, obtenemos la m\u00e1xima calidad con el precio m\u00e1s bajo, si se contempla el m3 de material instalado. Apenas se requieren 2 sacos para insuflar un m3.<\/p><p>El material, es un material reciclado proveniente de vidrio reciclado, por tanto, ecol\u00f3gico en su huella C02.<\/p><p>Se puede instalar en cualquier cavidad, es especialmente recomendable para aislar fachadas, ya que no absorbe agua, pudiendo dar un elevado rendimiento gracias a su conductividad especialmente baja.<\/p><p>Tambi\u00e9n es recomendable a la hora de aislar falsos techos gracias a su baja densidad, y por tanto peso muy ligero (25 kg\/m3).<\/p><p>Una de sus propiedades es que es incombustible, por lo que da la m\u00e1xima seguridad en recintos que deben protegerse de incendios. Al no absorber apenas humedad, tambi\u00e9n est\u00e1 indicado para cavidades con presencia de instalaci\u00f3n de agua.<\/p><p>Solo se debe instalar por instaladores especializados homologados y formados.<\/p>\t\t\t\t\t\t\t\t<\/div>\n\t\t\t\t<\/div>\n\t\t\t\t\t<\/div>\n\t\t<\/div>\n\t\t\t\t\t<\/div>\n\t\t<\/section>\n\t\t\t\t<section class=\"elementor-section elementor-top-section elementor-element elementor-element-64584fc elementor-section-boxed elementor-section-height-default elementor-section-height-default\" data-id=\"64584fc\" data-element_type=\"section\" data-e-type=\"section\">\n\t\t\t\t\t\t<div class=\"elementor-container elementor-column-gap-default\">\n\t\t\t\t\t<div class=\"elementor-column elementor-col-100 elementor-top-column elementor-element elementor-element-e1767c3\" data-id=\"e1767c3\" data-element_type=\"column\" data-e-type=\"column\">\n\t\t\t<div class=\"elementor-widget-wrap elementor-element-populated\">\n\t\t\t\t\t\t<div class=\"elementor-element elementor-element-650873c elementor-icon-list--layout-traditional elementor-list-item-link-full_width elementor-widget elementor-widget-icon-list\" data-id=\"650873c\" data-element_type=\"widget\" data-e-type=\"widget\" data-widget_type=\"icon-list.default\">\n\t\t\t\t<div class=\"elementor-widget-container\">\n\t\t\t\t\t\t\t<ul class=\"elementor-icon-list-items\">\n\t\t\t\t\t\t\t<li class=\"elementor-icon-list-item\">\n\t\t\t\t\t\t\t\t\t\t\t<a href=\"https:\/\/aislayahorra.es\/tienda\/wp-content\/uploads\/2024\/06\/32663_Superglass-Superwhite-34_Junio_2024.pdf\" target=\"_blank\">\n\n\t\t\t\t\t\t\t\t\t\t\t\t<span class=\"elementor-icon-list-icon\">\n\t\t\t\t\t\t\t<i aria-hidden=\"true\" class=\"far fa-file-pdf\"><\/i>\t\t\t\t\t\t<\/span>\n\t\t\t\t\t\t\t\t\t\t<span class=\"elementor-icon-list-text\">SUPERGLASS-SUPERWHITE-34-SPANISH<\/span>\n\t\t\t\t\t\t\t\t\t\t\t<\/a>\n\t\t\t\t\t\t\t\t\t<\/li>\n\t\t\t\t\t\t<\/ul>\n\t\t\t\t\t\t<\/div>\n\t\t\t\t<\/div>\n\t\t\t\t\t<\/div>\n\t\t<\/div>\n\t\t\t\t\t<\/div>\n\t\t<\/section>\n\t\t\t\t<section class=\"elementor-section elementor-top-section elementor-element elementor-element-436abd4 elementor-section-boxed elementor-section-height-default elementor-section-height-default\" data-id=\"436abd4\" data-element_type=\"section\" data-e-type=\"section\">\n\t\t\t\t\t\t<div class=\"elementor-container elementor-column-gap-default\">\n\t\t\t\t\t<div class=\"elementor-column elementor-col-50 elementor-top-column elementor-element elementor-element-3a12f42\" data-id=\"3a12f42\" data-element_type=\"column\" data-e-type=\"column\">\n\t\t\t<div class=\"elementor-widget-wrap elementor-element-populated\">\n\t\t\t\t\t\t<div class=\"elementor-element elementor-element-35a5588 elementor-widget elementor-widget-video\" data-id=\"35a5588\" data-element_type=\"widget\" data-e-type=\"widget\" data-settings=\"{&quot;youtube_url&quot;:&quot;https:\\\/\\\/youtu.be\\\/3JH6kkzZ8so&quot;,&quot;video_type&quot;:&quot;youtube&quot;,&quot;controls&quot;:&quot;yes&quot;}\" data-widget_type=\"video.default\">\n\t\t\t\t<div class=\"elementor-widget-container\">\n\t\t\t\t\t\t\t<div class=\"elementor-wrapper elementor-open-inline\">\n\t\t\t<div class=\"elementor-video\"><\/div>\t\t<\/div>\n\t\t\t\t\t\t<\/div>\n\t\t\t\t<\/div>\n\t\t\t\t\t<\/div>\n\t\t<\/div>\n\t\t\t\t<div class=\"elementor-column elementor-col-50 elementor-top-column elementor-element elementor-element-8cadeec\" data-id=\"8cadeec\" data-element_type=\"column\" data-e-type=\"column\">\n\t\t\t<div class=\"elementor-widget-wrap elementor-element-populated\">\n\t\t\t\t\t\t<div class=\"elementor-element elementor-element-23ad5b3 elementor-widget elementor-widget-video\" data-id=\"23ad5b3\" data-element_type=\"widget\" data-e-type=\"widget\" data-settings=\"{&quot;youtube_url&quot;:&quot;https:\\\/\\\/youtu.be\\\/-YAw_CV0RC4&quot;,&quot;video_type&quot;:&quot;youtube&quot;,&quot;controls&quot;:&quot;yes&quot;}\" data-widget_type=\"video.default\">\n\t\t\t\t<div class=\"elementor-widget-container\">\n\t\t\t\t\t\t\t<div class=\"elementor-wrapper elementor-open-inline\">\n\t\t\t<div class=\"elementor-video\"><\/div>\t\t<\/div>\n\t\t\t\t\t\t<\/div>\n\t\t\t\t<\/div>\n\t\t\t\t\t<\/div>\n\t\t<\/div>\n\t\t\t\t\t<\/div>\n\t\t<\/section>\n\t\t\t\t<\/div>\n\t\t","protected":false},"excerpt":{"rendered":"<p>La lana mineral blanca virgen de este fabricante escoces es la de menor densidad que existe en el mercado, posibilitando a la vez la obtenci\u00f3n de una conductividad muy baja de 0,034 W\/mK. Por tanto, obtenemos la m\u00e1xima calidad con el precio m\u00e1s bajo, si se contempla el m3 de material instalado. Apenas se requieren 2 sacos para insuflar un m3.<\/p>\n<p>&nbsp;<\/p>\n","protected":false},"featured_media":255,"comment_status":"open","ping_status":"closed","template":"","meta":[],"product_brand":[],"product_cat":[19],"product_tag":[],"class_list":{"0":"post-254","1":"product","2":"type-product","3":"status-publish","4":"has-post-thumbnail","6":"product_cat-materiales","7":"product_shipping_class-producto-tipo-4","9":"first","10":"instock","11":"shipping-taxable","12":"purchasable","13":"product-type-simple"},"yoast_head":"<!-- This site is optimized with the Yoast SEO plugin v26.8 - https:\/\/yoast.com\/product\/yoast-seo-wordpress\/ -->\n<title>Lana mineral blanca para insuflado<\/title>\n<meta name=\"description\" content=\"Con la lana mineral blanca para insuflado presentado como Saco Superwhite 34 (SUPERGLASS) se puede aislar la fachada de su vivienda en 1 d\u00eda\" \/>\n<meta name=\"robots\" content=\"index, follow, max-snippet:-1, max-image-preview:large, max-video-preview:-1\" \/>\n<link rel=\"canonical\" href=\"https:\/\/aislayahorra.es\/tienda\/shop\/saco-superwhite-34\/\" \/>\n<meta property=\"og:locale\" content=\"es_ES\" \/>\n<meta property=\"og:type\" content=\"article\" \/>\n<meta property=\"og:title\" content=\"Lana mineral blanca para insuflado\" \/>\n<meta property=\"og:description\" content=\"Con la lana mineral blanca para insuflado presentado como Saco Superwhite 34 (SUPERGLASS) se puede aislar la fachada de su vivienda en 1 d\u00eda\" \/>\n<meta property=\"og:url\" content=\"https:\/\/aislayahorra.es\/tienda\/shop\/saco-superwhite-34\/\" \/>\n<meta property=\"article:modified_time\" content=\"2025-12-26T07:50:10+00:00\" \/>\n<meta property=\"og:image\" content=\"https:\/\/aislayahorra.es\/tienda\/wp-content\/uploads\/2021\/01\/78-saco-superwhite-34.jpg\" \/>\n\t<meta property=\"og:image:width\" content=\"1294\" \/>\n\t<meta property=\"og:image:height\" content=\"1294\" \/>\n\t<meta property=\"og:image:type\" content=\"image\/jpeg\" \/>\n<meta name=\"twitter:card\" content=\"summary_large_image\" \/>\n<meta name=\"twitter:label1\" content=\"Tiempo de lectura\" \/>\n\t<meta name=\"twitter:data1\" content=\"1 minuto\" \/>\n<script type=\"application\/ld+json\" class=\"yoast-schema-graph\">{\"@context\":\"https:\/\/schema.org\",\"@graph\":[{\"@type\":\"WebPage\",\"@id\":\"https:\/\/aislayahorra.es\/tienda\/shop\/saco-superwhite-34\/\",\"url\":\"https:\/\/aislayahorra.es\/tienda\/shop\/saco-superwhite-34\/\",\"name\":\"Lana mineral blanca para insuflado\",\"isPartOf\":{\"@id\":\"https:\/\/aislayahorra.es\/tienda\/#website\"},\"primaryImageOfPage\":{\"@id\":\"https:\/\/aislayahorra.es\/tienda\/shop\/saco-superwhite-34\/#primaryimage\"},\"image\":{\"@id\":\"https:\/\/aislayahorra.es\/tienda\/shop\/saco-superwhite-34\/#primaryimage\"},\"thumbnailUrl\":\"https:\/\/aislayahorra.es\/tienda\/wp-content\/uploads\/2021\/01\/78-saco-superwhite-34.jpg\",\"datePublished\":\"2021-01-17T13:09:19+00:00\",\"dateModified\":\"2025-12-26T07:50:10+00:00\",\"description\":\"Con la lana mineral blanca para insuflado presentado como Saco Superwhite 34 (SUPERGLASS) se puede aislar la fachada de su vivienda en 1 d\u00eda\",\"breadcrumb\":{\"@id\":\"https:\/\/aislayahorra.es\/tienda\/shop\/saco-superwhite-34\/#breadcrumb\"},\"inLanguage\":\"es\",\"potentialAction\":[{\"@type\":\"ReadAction\",\"target\":[\"https:\/\/aislayahorra.es\/tienda\/shop\/saco-superwhite-34\/\"]}]},{\"@type\":\"ImageObject\",\"inLanguage\":\"es\",\"@id\":\"https:\/\/aislayahorra.es\/tienda\/shop\/saco-superwhite-34\/#primaryimage\",\"url\":\"https:\/\/aislayahorra.es\/tienda\/wp-content\/uploads\/2021\/01\/78-saco-superwhite-34.jpg\",\"contentUrl\":\"https:\/\/aislayahorra.es\/tienda\/wp-content\/uploads\/2021\/01\/78-saco-superwhite-34.jpg\",\"width\":1294,\"height\":1294,\"caption\":\"Saco Superwhite 34 (SUPERGLASS)\"},{\"@type\":\"BreadcrumbList\",\"@id\":\"https:\/\/aislayahorra.es\/tienda\/shop\/saco-superwhite-34\/#breadcrumb\",\"itemListElement\":[{\"@type\":\"ListItem\",\"position\":1,\"name\":\"Portada\",\"item\":\"https:\/\/aislayahorra.es\/tienda\/\"},{\"@type\":\"ListItem\",\"position\":2,\"name\":\"Shop\",\"item\":\"https:\/\/aislayahorra.es\/tienda\/\"},{\"@type\":\"ListItem\",\"position\":3,\"name\":\"Saco Superwhite 34 (SUPERGLASS)\"}]},{\"@type\":\"WebSite\",\"@id\":\"https:\/\/aislayahorra.es\/tienda\/#website\",\"url\":\"https:\/\/aislayahorra.es\/tienda\/\",\"name\":\"\",\"description\":\"\",\"potentialAction\":[{\"@type\":\"SearchAction\",\"target\":{\"@type\":\"EntryPoint\",\"urlTemplate\":\"https:\/\/aislayahorra.es\/tienda\/?s={search_term_string}\"},\"query-input\":{\"@type\":\"PropertyValueSpecification\",\"valueRequired\":true,\"valueName\":\"search_term_string\"}}],\"inLanguage\":\"es\"}]}<\/script>\n<!-- \/ Yoast SEO plugin. -->","yoast_head_json":{"title":"Lana mineral blanca para insuflado","description":"Con la lana mineral blanca para insuflado presentado como Saco Superwhite 34 (SUPERGLASS) se puede aislar la fachada de su vivienda en 1 d\u00eda","robots":{"index":"index","follow":"follow","max-snippet":"max-snippet:-1","max-image-preview":"max-image-preview:large","max-video-preview":"max-video-preview:-1"},"canonical":"https:\/\/aislayahorra.es\/tienda\/shop\/saco-superwhite-34\/","og_locale":"es_ES","og_type":"article","og_title":"Lana mineral blanca para insuflado","og_description":"Con la lana mineral blanca para insuflado presentado como Saco Superwhite 34 (SUPERGLASS) se puede aislar la fachada de su vivienda en 1 d\u00eda","og_url":"https:\/\/aislayahorra.es\/tienda\/shop\/saco-superwhite-34\/","article_modified_time":"2025-12-26T07:50:10+00:00","og_image":[{"width":1294,"height":1294,"url":"https:\/\/aislayahorra.es\/tienda\/wp-content\/uploads\/2021\/01\/78-saco-superwhite-34.jpg","type":"image\/jpeg"}],"twitter_card":"summary_large_image","twitter_misc":{"Tiempo de lectura":"1 minuto"},"schema":{"@context":"https:\/\/schema.org","@graph":[{"@type":"WebPage","@id":"https:\/\/aislayahorra.es\/tienda\/shop\/saco-superwhite-34\/","url":"https:\/\/aislayahorra.es\/tienda\/shop\/saco-superwhite-34\/","name":"Lana mineral blanca para insuflado","isPartOf":{"@id":"https:\/\/aislayahorra.es\/tienda\/#website"},"primaryImageOfPage":{"@id":"https:\/\/aislayahorra.es\/tienda\/shop\/saco-superwhite-34\/#primaryimage"},"image":{"@id":"https:\/\/aislayahorra.es\/tienda\/shop\/saco-superwhite-34\/#primaryimage"},"thumbnailUrl":"https:\/\/aislayahorra.es\/tienda\/wp-content\/uploads\/2021\/01\/78-saco-superwhite-34.jpg","datePublished":"2021-01-17T13:09:19+00:00","dateModified":"2025-12-26T07:50:10+00:00","description":"Con la lana mineral blanca para insuflado presentado como Saco Superwhite 34 (SUPERGLASS) se puede aislar la fachada de su vivienda en 1 d\u00eda","breadcrumb":{"@id":"https:\/\/aislayahorra.es\/tienda\/shop\/saco-superwhite-34\/#breadcrumb"},"inLanguage":"es","potentialAction":[{"@type":"ReadAction","target":["https:\/\/aislayahorra.es\/tienda\/shop\/saco-superwhite-34\/"]}]},{"@type":"ImageObject","inLanguage":"es","@id":"https:\/\/aislayahorra.es\/tienda\/shop\/saco-superwhite-34\/#primaryimage","url":"https:\/\/aislayahorra.es\/tienda\/wp-content\/uploads\/2021\/01\/78-saco-superwhite-34.jpg","contentUrl":"https:\/\/aislayahorra.es\/tienda\/wp-content\/uploads\/2021\/01\/78-saco-superwhite-34.jpg","width":1294,"height":1294,"caption":"Saco Superwhite 34 (SUPERGLASS)"},{"@type":"BreadcrumbList","@id":"https:\/\/aislayahorra.es\/tienda\/shop\/saco-superwhite-34\/#breadcrumb","itemListElement":[{"@type":"ListItem","position":1,"name":"Portada","item":"https:\/\/aislayahorra.es\/tienda\/"},{"@type":"ListItem","position":2,"name":"Shop","item":"https:\/\/aislayahorra.es\/tienda\/"},{"@type":"ListItem","position":3,"name":"Saco Superwhite 34 (SUPERGLASS)"}]},{"@type":"WebSite","@id":"https:\/\/aislayahorra.es\/tienda\/#website","url":"https:\/\/aislayahorra.es\/tienda\/","name":"","description":"","potentialAction":[{"@type":"SearchAction","target":{"@type":"EntryPoint","urlTemplate":"https:\/\/aislayahorra.es\/tienda\/?s={search_term_string}"},"query-input":{"@type":"PropertyValueSpecification","valueRequired":true,"valueName":"search_term_string"}}],"inLanguage":"es"}]}},"_links":{"self":[{"href":"https:\/\/aislayahorra.es\/tienda\/wp-json\/wp\/v2\/product\/254","targetHints":{"allow":["GET"]}}],"collection":[{"href":"https:\/\/aislayahorra.es\/tienda\/wp-json\/wp\/v2\/product"}],"about":[{"href":"https:\/\/aislayahorra.es\/tienda\/wp-json\/wp\/v2\/types\/product"}],"replies":[{"embeddable":true,"href":"https:\/\/aislayahorra.es\/tienda\/wp-json\/wp\/v2\/comments?post=254"}],"version-history":[{"count":5,"href":"https:\/\/aislayahorra.es\/tienda\/wp-json\/wp\/v2\/product\/254\/revisions"}],"predecessor-version":[{"id":3043,"href":"https:\/\/aislayahorra.es\/tienda\/wp-json\/wp\/v2\/product\/254\/revisions\/3043"}],"wp:featuredmedia":[{"embeddable":true,"href":"https:\/\/aislayahorra.es\/tienda\/wp-json\/wp\/v2\/media\/255"}],"wp:attachment":[{"href":"https:\/\/aislayahorra.es\/tienda\/wp-json\/wp\/v2\/media?parent=254"}],"wp:term":[{"taxonomy":"product_brand","embeddable":true,"href":"https:\/\/aislayahorra.es\/tienda\/wp-json\/wp\/v2\/product_brand?post=254"},{"taxonomy":"product_cat","embeddable":true,"href":"https:\/\/aislayahorra.es\/tienda\/wp-json\/wp\/v2\/product_cat?post=254"},{"taxonomy":"product_tag","embeddable":true,"href":"https:\/\/aislayahorra.es\/tienda\/wp-json\/wp\/v2\/product_tag?post=254"}],"curies":[{"name":"wp","href":"https:\/\/api.w.org\/{rel}","templated":true}]}}