{"id":2628,"date":"2025-04-10T12:28:40","date_gmt":"2025-04-10T10:28:40","guid":{"rendered":"https:\/\/aislayahorra.es\/tienda\/?post_type=product&#038;p=2628"},"modified":"2025-10-10T10:43:33","modified_gmt":"2025-10-10T08:43:33","slug":"caperuza-led-resistente-al-fuego","status":"publish","type":"product","link":"https:\/\/aislayahorra.es\/tienda\/shop\/caperuza-led-resistente-al-fuego\/","title":{"rendered":"Caperuza LED resistente al fuego"},"content":{"rendered":"","protected":false},"excerpt":{"rendered":"<p>Caperuza LED resistente al fuego,<\/p>\n<p>Tama\u00f1os disponible:<\/p>\n<p>160 mm x 220 mm<\/p>\n<p>200mm\u00a0 x 300 mm<\/p>\n","protected":false},"featured_media":2630,"comment_status":"open","ping_status":"closed","template":"","meta":[],"product_brand":[],"product_cat":[19],"product_tag":[104,105],"class_list":{"0":"post-2628","1":"product","2":"type-product","3":"status-publish","4":"has-post-thumbnail","6":"product_cat-materiales","7":"product_tag-caperuza-led","8":"product_tag-caperuza-led-resitente-al-fuego","9":"product_shipping_class-producto-tipo-3","11":"first","12":"instock","13":"shipping-taxable","14":"purchasable","15":"product-type-simple"},"yoast_head":"<!-- This site is optimized with the Yoast SEO plugin v26.8 - https:\/\/yoast.com\/product\/yoast-seo-wordpress\/ -->\n<title>Caperuza LED resistente al fuego -<\/title>\n<meta name=\"description\" content=\"La instalaci\u00f3n de una caperuza LED resistente al fuego es muy \u00fatil para posibilitar a los LED disipar calor, a la vez que se ofrece una soluci\u00f3n profesional\" \/>\n<meta name=\"robots\" content=\"index, follow, max-snippet:-1, max-image-preview:large, max-video-preview:-1\" \/>\n<link rel=\"canonical\" href=\"https:\/\/aislayahorra.es\/tienda\/shop\/caperuza-led-resistente-al-fuego\/\" \/>\n<meta property=\"og:locale\" content=\"es_ES\" \/>\n<meta property=\"og:type\" content=\"article\" \/>\n<meta property=\"og:title\" content=\"Caperuza LED resistente al fuego -\" \/>\n<meta property=\"og:description\" content=\"La instalaci\u00f3n de una caperuza LED resistente al fuego es muy \u00fatil para posibilitar a los LED disipar calor, a la vez que se ofrece una soluci\u00f3n profesional\" \/>\n<meta property=\"og:url\" content=\"https:\/\/aislayahorra.es\/tienda\/shop\/caperuza-led-resistente-al-fuego\/\" \/>\n<meta property=\"article:modified_time\" content=\"2025-10-10T08:43:33+00:00\" \/>\n<meta property=\"og:image\" content=\"https:\/\/aislayahorra.es\/tienda\/wp-content\/uploads\/2025\/04\/loft-environment-v2-before-fire-.97.png\" \/>\n\t<meta property=\"og:image:width\" content=\"1140\" \/>\n\t<meta property=\"og:image:height\" content=\"855\" \/>\n\t<meta property=\"og:image:type\" content=\"image\/png\" \/>\n<meta name=\"twitter:card\" content=\"summary_large_image\" \/>\n<script type=\"application\/ld+json\" class=\"yoast-schema-graph\">{\"@context\":\"https:\/\/schema.org\",\"@graph\":[{\"@type\":\"WebPage\",\"@id\":\"https:\/\/aislayahorra.es\/tienda\/shop\/caperuza-led-resistente-al-fuego\/\",\"url\":\"https:\/\/aislayahorra.es\/tienda\/shop\/caperuza-led-resistente-al-fuego\/\",\"name\":\"Caperuza LED resistente al fuego -\",\"isPartOf\":{\"@id\":\"https:\/\/aislayahorra.es\/tienda\/#website\"},\"primaryImageOfPage\":{\"@id\":\"https:\/\/aislayahorra.es\/tienda\/shop\/caperuza-led-resistente-al-fuego\/#primaryimage\"},\"image\":{\"@id\":\"https:\/\/aislayahorra.es\/tienda\/shop\/caperuza-led-resistente-al-fuego\/#primaryimage\"},\"thumbnailUrl\":\"https:\/\/aislayahorra.es\/tienda\/wp-content\/uploads\/2025\/04\/loft-environment-v2-before-fire-.97.png\",\"datePublished\":\"2025-04-10T10:28:40+00:00\",\"dateModified\":\"2025-10-10T08:43:33+00:00\",\"description\":\"La instalaci\u00f3n de una caperuza LED resistente al fuego es muy \u00fatil para posibilitar a los LED disipar calor, a la vez que se ofrece una soluci\u00f3n profesional\",\"breadcrumb\":{\"@id\":\"https:\/\/aislayahorra.es\/tienda\/shop\/caperuza-led-resistente-al-fuego\/#breadcrumb\"},\"inLanguage\":\"es\",\"potentialAction\":[{\"@type\":\"ReadAction\",\"target\":[\"https:\/\/aislayahorra.es\/tienda\/shop\/caperuza-led-resistente-al-fuego\/\"]}]},{\"@type\":\"ImageObject\",\"inLanguage\":\"es\",\"@id\":\"https:\/\/aislayahorra.es\/tienda\/shop\/caperuza-led-resistente-al-fuego\/#primaryimage\",\"url\":\"https:\/\/aislayahorra.es\/tienda\/wp-content\/uploads\/2025\/04\/loft-environment-v2-before-fire-.97.png\",\"contentUrl\":\"https:\/\/aislayahorra.es\/tienda\/wp-content\/uploads\/2025\/04\/loft-environment-v2-before-fire-.97.png\",\"width\":1140,\"height\":855,\"caption\":\"Caperuza LED resistente al fuego\"},{\"@type\":\"BreadcrumbList\",\"@id\":\"https:\/\/aislayahorra.es\/tienda\/shop\/caperuza-led-resistente-al-fuego\/#breadcrumb\",\"itemListElement\":[{\"@type\":\"ListItem\",\"position\":1,\"name\":\"Portada\",\"item\":\"https:\/\/aislayahorra.es\/tienda\/\"},{\"@type\":\"ListItem\",\"position\":2,\"name\":\"Shop\",\"item\":\"https:\/\/aislayahorra.es\/tienda\/\"},{\"@type\":\"ListItem\",\"position\":3,\"name\":\"Caperuza LED resistente al fuego\"}]},{\"@type\":\"WebSite\",\"@id\":\"https:\/\/aislayahorra.es\/tienda\/#website\",\"url\":\"https:\/\/aislayahorra.es\/tienda\/\",\"name\":\"\",\"description\":\"\",\"potentialAction\":[{\"@type\":\"SearchAction\",\"target\":{\"@type\":\"EntryPoint\",\"urlTemplate\":\"https:\/\/aislayahorra.es\/tienda\/?s={search_term_string}\"},\"query-input\":{\"@type\":\"PropertyValueSpecification\",\"valueRequired\":true,\"valueName\":\"search_term_string\"}}],\"inLanguage\":\"es\"}]}<\/script>\n<!-- \/ Yoast SEO plugin. -->","yoast_head_json":{"title":"Caperuza LED resistente al fuego -","description":"La instalaci\u00f3n de una caperuza LED resistente al fuego es muy \u00fatil para posibilitar a los LED disipar calor, a la vez que se ofrece una soluci\u00f3n profesional","robots":{"index":"index","follow":"follow","max-snippet":"max-snippet:-1","max-image-preview":"max-image-preview:large","max-video-preview":"max-video-preview:-1"},"canonical":"https:\/\/aislayahorra.es\/tienda\/shop\/caperuza-led-resistente-al-fuego\/","og_locale":"es_ES","og_type":"article","og_title":"Caperuza LED resistente al fuego -","og_description":"La instalaci\u00f3n de una caperuza LED resistente al fuego es muy \u00fatil para posibilitar a los LED disipar calor, a la vez que se ofrece una soluci\u00f3n profesional","og_url":"https:\/\/aislayahorra.es\/tienda\/shop\/caperuza-led-resistente-al-fuego\/","article_modified_time":"2025-10-10T08:43:33+00:00","og_image":[{"width":1140,"height":855,"url":"https:\/\/aislayahorra.es\/tienda\/wp-content\/uploads\/2025\/04\/loft-environment-v2-before-fire-.97.png","type":"image\/png"}],"twitter_card":"summary_large_image","schema":{"@context":"https:\/\/schema.org","@graph":[{"@type":"WebPage","@id":"https:\/\/aislayahorra.es\/tienda\/shop\/caperuza-led-resistente-al-fuego\/","url":"https:\/\/aislayahorra.es\/tienda\/shop\/caperuza-led-resistente-al-fuego\/","name":"Caperuza LED resistente al fuego -","isPartOf":{"@id":"https:\/\/aislayahorra.es\/tienda\/#website"},"primaryImageOfPage":{"@id":"https:\/\/aislayahorra.es\/tienda\/shop\/caperuza-led-resistente-al-fuego\/#primaryimage"},"image":{"@id":"https:\/\/aislayahorra.es\/tienda\/shop\/caperuza-led-resistente-al-fuego\/#primaryimage"},"thumbnailUrl":"https:\/\/aislayahorra.es\/tienda\/wp-content\/uploads\/2025\/04\/loft-environment-v2-before-fire-.97.png","datePublished":"2025-04-10T10:28:40+00:00","dateModified":"2025-10-10T08:43:33+00:00","description":"La instalaci\u00f3n de una caperuza LED resistente al fuego es muy \u00fatil para posibilitar a los LED disipar calor, a la vez que se ofrece una soluci\u00f3n profesional","breadcrumb":{"@id":"https:\/\/aislayahorra.es\/tienda\/shop\/caperuza-led-resistente-al-fuego\/#breadcrumb"},"inLanguage":"es","potentialAction":[{"@type":"ReadAction","target":["https:\/\/aislayahorra.es\/tienda\/shop\/caperuza-led-resistente-al-fuego\/"]}]},{"@type":"ImageObject","inLanguage":"es","@id":"https:\/\/aislayahorra.es\/tienda\/shop\/caperuza-led-resistente-al-fuego\/#primaryimage","url":"https:\/\/aislayahorra.es\/tienda\/wp-content\/uploads\/2025\/04\/loft-environment-v2-before-fire-.97.png","contentUrl":"https:\/\/aislayahorra.es\/tienda\/wp-content\/uploads\/2025\/04\/loft-environment-v2-before-fire-.97.png","width":1140,"height":855,"caption":"Caperuza LED resistente al fuego"},{"@type":"BreadcrumbList","@id":"https:\/\/aislayahorra.es\/tienda\/shop\/caperuza-led-resistente-al-fuego\/#breadcrumb","itemListElement":[{"@type":"ListItem","position":1,"name":"Portada","item":"https:\/\/aislayahorra.es\/tienda\/"},{"@type":"ListItem","position":2,"name":"Shop","item":"https:\/\/aislayahorra.es\/tienda\/"},{"@type":"ListItem","position":3,"name":"Caperuza LED resistente al fuego"}]},{"@type":"WebSite","@id":"https:\/\/aislayahorra.es\/tienda\/#website","url":"https:\/\/aislayahorra.es\/tienda\/","name":"","description":"","potentialAction":[{"@type":"SearchAction","target":{"@type":"EntryPoint","urlTemplate":"https:\/\/aislayahorra.es\/tienda\/?s={search_term_string}"},"query-input":{"@type":"PropertyValueSpecification","valueRequired":true,"valueName":"search_term_string"}}],"inLanguage":"es"}]}},"_links":{"self":[{"href":"https:\/\/aislayahorra.es\/tienda\/wp-json\/wp\/v2\/product\/2628","targetHints":{"allow":["GET"]}}],"collection":[{"href":"https:\/\/aislayahorra.es\/tienda\/wp-json\/wp\/v2\/product"}],"about":[{"href":"https:\/\/aislayahorra.es\/tienda\/wp-json\/wp\/v2\/types\/product"}],"replies":[{"embeddable":true,"href":"https:\/\/aislayahorra.es\/tienda\/wp-json\/wp\/v2\/comments?post=2628"}],"version-history":[{"count":3,"href":"https:\/\/aislayahorra.es\/tienda\/wp-json\/wp\/v2\/product\/2628\/revisions"}],"predecessor-version":[{"id":3247,"href":"https:\/\/aislayahorra.es\/tienda\/wp-json\/wp\/v2\/product\/2628\/revisions\/3247"}],"wp:featuredmedia":[{"embeddable":true,"href":"https:\/\/aislayahorra.es\/tienda\/wp-json\/wp\/v2\/media\/2630"}],"wp:attachment":[{"href":"https:\/\/aislayahorra.es\/tienda\/wp-json\/wp\/v2\/media?parent=2628"}],"wp:term":[{"taxonomy":"product_brand","embeddable":true,"href":"https:\/\/aislayahorra.es\/tienda\/wp-json\/wp\/v2\/product_brand?post=2628"},{"taxonomy":"product_cat","embeddable":true,"href":"https:\/\/aislayahorra.es\/tienda\/wp-json\/wp\/v2\/product_cat?post=2628"},{"taxonomy":"product_tag","embeddable":true,"href":"https:\/\/aislayahorra.es\/tienda\/wp-json\/wp\/v2\/product_tag?post=2628"}],"curies":[{"name":"wp","href":"https:\/\/api.w.org\/{rel}","templated":true}]}}