{"id":2667,"date":"2025-04-26T12:05:51","date_gmt":"2025-04-26T10:05:51","guid":{"rendered":"https:\/\/aislayahorra.es\/tienda\/?post_type=product&#038;p=2667"},"modified":"2025-10-10T10:42:39","modified_gmt":"2025-10-10T08:42:39","slug":"kit-de-obra-de-aislamiento-soplado-bajo-cubierta","status":"publish","type":"product","link":"https:\/\/aislayahorra.es\/tienda\/shop\/kit-de-obra-de-aislamiento-soplado-bajo-cubierta\/","title":{"rendered":"KITS de Obra de aislamiento soplado bajo cubierta"},"content":{"rendered":"\t\t<div data-elementor-type=\"product-post\" data-elementor-id=\"2667\" class=\"elementor elementor-2667\" data-elementor-post-type=\"product\">\n\t\t\t\t\t\t<section class=\"elementor-section elementor-top-section elementor-element elementor-element-f31cb22 elementor-section-boxed elementor-section-height-default elementor-section-height-default\" data-id=\"f31cb22\" data-element_type=\"section\" data-e-type=\"section\">\n\t\t\t\t\t\t<div class=\"elementor-container elementor-column-gap-default\">\n\t\t\t\t\t<div class=\"elementor-column elementor-col-100 elementor-top-column elementor-element elementor-element-14191ad\" data-id=\"14191ad\" data-element_type=\"column\" data-e-type=\"column\">\n\t\t\t<div class=\"elementor-widget-wrap elementor-element-populated\">\n\t\t\t\t\t\t<div class=\"elementor-element elementor-element-0f6211d elementor-widget elementor-widget-text-editor\" data-id=\"0f6211d\" data-element_type=\"widget\" data-e-type=\"widget\" data-widget_type=\"text-editor.default\">\n\t\t\t\t<div class=\"elementor-widget-container\">\n\t\t\t\t\t\t\t\t\t<p>Con nuestro KIT de obra de aislamiento soplado facilitamos la labor de protecci\u00f3n del aislamiento en las buhardillas al instalador. Mediante este KIT, que consta de 2 cartones que se unen, creando un espacio\u00a0 vac\u00edo, a trav\u00e9s del cual se puede acceder al bajo cubierta o buhardilla, se puede crear una separaci\u00f3n del aislamiento ordenada y limpia. En cada paquete vienen 20 cartones, que una vez montados dan para 10 accesos.<\/p>\t\t\t\t\t\t\t\t<\/div>\n\t\t\t\t<\/div>\n\t\t\t\t\t<\/div>\n\t\t<\/div>\n\t\t\t\t\t<\/div>\n\t\t<\/section>\n\t\t\t\t<\/div>\n\t\t","protected":false},"excerpt":{"rendered":"<p>Con nuestro KIT de obra de aislamiento soplado facilitamos la labor de protecci\u00f3n del aislamiento en las buhardillas al instalador. Mediante este KIT, que consta de 2 cartones que se unen, creando un espacio\u00a0 vac\u00edo, a trav\u00e9s del cual se puede acceder al bajo cubierta o buhardilla, se puede crear una separaci\u00f3n del aislamiento ordenada y limpia. En cada paquete vienen 20 cartones, que una vez montados dan para 10 accesos.<\/p>\n","protected":false},"featured_media":2672,"comment_status":"open","ping_status":"closed","template":"","meta":[],"product_brand":[],"product_cat":[19],"product_tag":[107],"class_list":{"0":"post-2667","1":"product","2":"type-product","3":"status-publish","4":"has-post-thumbnail","6":"product_cat-materiales","7":"product_tag-kit-de-obra-para-soplado","8":"product_shipping_class-producto-tipo-4","10":"first","11":"instock","12":"shipping-taxable","13":"purchasable","14":"product-type-simple"},"yoast_head":"<!-- This site is optimized with the Yoast SEO plugin v26.8 - https:\/\/yoast.com\/product\/yoast-seo-wordpress\/ -->\n<title>KITS de Obra de aislamiento soplado bajo cubierta -<\/title>\n<meta name=\"description\" content=\"El Kit de obra de aislamiento soplado bajo cubierta, ayuda a proteger las salidas de las buhardillas no transitadas reteniendo el aislante. Packs de 10 u.\" \/>\n<meta name=\"robots\" content=\"index, follow, max-snippet:-1, max-image-preview:large, max-video-preview:-1\" \/>\n<link rel=\"canonical\" href=\"https:\/\/aislayahorra.es\/tienda\/shop\/kit-de-obra-de-aislamiento-soplado-bajo-cubierta\/\" \/>\n<meta property=\"og:locale\" content=\"es_ES\" \/>\n<meta property=\"og:type\" content=\"article\" \/>\n<meta property=\"og:title\" content=\"KITS de Obra de aislamiento soplado bajo cubierta -\" \/>\n<meta property=\"og:description\" content=\"El Kit de obra de aislamiento soplado bajo cubierta, ayuda a proteger las salidas de las buhardillas no transitadas reteniendo el aislante. Packs de 10 u.\" \/>\n<meta property=\"og:url\" content=\"https:\/\/aislayahorra.es\/tienda\/shop\/kit-de-obra-de-aislamiento-soplado-bajo-cubierta\/\" \/>\n<meta property=\"article:modified_time\" content=\"2025-10-10T08:42:39+00:00\" \/>\n<meta property=\"og:image\" content=\"https:\/\/aislayahorra.es\/tienda\/wp-content\/uploads\/2025\/04\/1744275784885red25.jpg\" \/>\n\t<meta property=\"og:image:width\" content=\"450\" \/>\n\t<meta property=\"og:image:height\" content=\"300\" \/>\n\t<meta property=\"og:image:type\" content=\"image\/jpeg\" \/>\n<meta name=\"twitter:card\" content=\"summary_large_image\" \/>\n<script type=\"application\/ld+json\" class=\"yoast-schema-graph\">{\"@context\":\"https:\/\/schema.org\",\"@graph\":[{\"@type\":\"WebPage\",\"@id\":\"https:\/\/aislayahorra.es\/tienda\/shop\/kit-de-obra-de-aislamiento-soplado-bajo-cubierta\/\",\"url\":\"https:\/\/aislayahorra.es\/tienda\/shop\/kit-de-obra-de-aislamiento-soplado-bajo-cubierta\/\",\"name\":\"KITS de Obra de aislamiento soplado bajo cubierta -\",\"isPartOf\":{\"@id\":\"https:\/\/aislayahorra.es\/tienda\/#website\"},\"primaryImageOfPage\":{\"@id\":\"https:\/\/aislayahorra.es\/tienda\/shop\/kit-de-obra-de-aislamiento-soplado-bajo-cubierta\/#primaryimage\"},\"image\":{\"@id\":\"https:\/\/aislayahorra.es\/tienda\/shop\/kit-de-obra-de-aislamiento-soplado-bajo-cubierta\/#primaryimage\"},\"thumbnailUrl\":\"https:\/\/aislayahorra.es\/tienda\/wp-content\/uploads\/2025\/04\/1744275784885red25.jpg\",\"datePublished\":\"2025-04-26T10:05:51+00:00\",\"dateModified\":\"2025-10-10T08:42:39+00:00\",\"description\":\"El Kit de obra de aislamiento soplado bajo cubierta, ayuda a proteger las salidas de las buhardillas no transitadas reteniendo el aislante. Packs de 10 u.\",\"breadcrumb\":{\"@id\":\"https:\/\/aislayahorra.es\/tienda\/shop\/kit-de-obra-de-aislamiento-soplado-bajo-cubierta\/#breadcrumb\"},\"inLanguage\":\"es\",\"potentialAction\":[{\"@type\":\"ReadAction\",\"target\":[\"https:\/\/aislayahorra.es\/tienda\/shop\/kit-de-obra-de-aislamiento-soplado-bajo-cubierta\/\"]}]},{\"@type\":\"ImageObject\",\"inLanguage\":\"es\",\"@id\":\"https:\/\/aislayahorra.es\/tienda\/shop\/kit-de-obra-de-aislamiento-soplado-bajo-cubierta\/#primaryimage\",\"url\":\"https:\/\/aislayahorra.es\/tienda\/wp-content\/uploads\/2025\/04\/1744275784885red25.jpg\",\"contentUrl\":\"https:\/\/aislayahorra.es\/tienda\/wp-content\/uploads\/2025\/04\/1744275784885red25.jpg\",\"width\":450,\"height\":300,\"caption\":\"Kit de aislamiento soplado bajo cubierta\"},{\"@type\":\"BreadcrumbList\",\"@id\":\"https:\/\/aislayahorra.es\/tienda\/shop\/kit-de-obra-de-aislamiento-soplado-bajo-cubierta\/#breadcrumb\",\"itemListElement\":[{\"@type\":\"ListItem\",\"position\":1,\"name\":\"Portada\",\"item\":\"https:\/\/aislayahorra.es\/tienda\/\"},{\"@type\":\"ListItem\",\"position\":2,\"name\":\"Shop\",\"item\":\"https:\/\/aislayahorra.es\/tienda\/\"},{\"@type\":\"ListItem\",\"position\":3,\"name\":\"KITS de Obra de aislamiento soplado bajo cubierta\"}]},{\"@type\":\"WebSite\",\"@id\":\"https:\/\/aislayahorra.es\/tienda\/#website\",\"url\":\"https:\/\/aislayahorra.es\/tienda\/\",\"name\":\"\",\"description\":\"\",\"potentialAction\":[{\"@type\":\"SearchAction\",\"target\":{\"@type\":\"EntryPoint\",\"urlTemplate\":\"https:\/\/aislayahorra.es\/tienda\/?s={search_term_string}\"},\"query-input\":{\"@type\":\"PropertyValueSpecification\",\"valueRequired\":true,\"valueName\":\"search_term_string\"}}],\"inLanguage\":\"es\"}]}<\/script>\n<!-- \/ Yoast SEO plugin. -->","yoast_head_json":{"title":"KITS de Obra de aislamiento soplado bajo cubierta -","description":"El Kit de obra de aislamiento soplado bajo cubierta, ayuda a proteger las salidas de las buhardillas no transitadas reteniendo el aislante. Packs de 10 u.","robots":{"index":"index","follow":"follow","max-snippet":"max-snippet:-1","max-image-preview":"max-image-preview:large","max-video-preview":"max-video-preview:-1"},"canonical":"https:\/\/aislayahorra.es\/tienda\/shop\/kit-de-obra-de-aislamiento-soplado-bajo-cubierta\/","og_locale":"es_ES","og_type":"article","og_title":"KITS de Obra de aislamiento soplado bajo cubierta -","og_description":"El Kit de obra de aislamiento soplado bajo cubierta, ayuda a proteger las salidas de las buhardillas no transitadas reteniendo el aislante. Packs de 10 u.","og_url":"https:\/\/aislayahorra.es\/tienda\/shop\/kit-de-obra-de-aislamiento-soplado-bajo-cubierta\/","article_modified_time":"2025-10-10T08:42:39+00:00","og_image":[{"width":450,"height":300,"url":"https:\/\/aislayahorra.es\/tienda\/wp-content\/uploads\/2025\/04\/1744275784885red25.jpg","type":"image\/jpeg"}],"twitter_card":"summary_large_image","schema":{"@context":"https:\/\/schema.org","@graph":[{"@type":"WebPage","@id":"https:\/\/aislayahorra.es\/tienda\/shop\/kit-de-obra-de-aislamiento-soplado-bajo-cubierta\/","url":"https:\/\/aislayahorra.es\/tienda\/shop\/kit-de-obra-de-aislamiento-soplado-bajo-cubierta\/","name":"KITS de Obra de aislamiento soplado bajo cubierta -","isPartOf":{"@id":"https:\/\/aislayahorra.es\/tienda\/#website"},"primaryImageOfPage":{"@id":"https:\/\/aislayahorra.es\/tienda\/shop\/kit-de-obra-de-aislamiento-soplado-bajo-cubierta\/#primaryimage"},"image":{"@id":"https:\/\/aislayahorra.es\/tienda\/shop\/kit-de-obra-de-aislamiento-soplado-bajo-cubierta\/#primaryimage"},"thumbnailUrl":"https:\/\/aislayahorra.es\/tienda\/wp-content\/uploads\/2025\/04\/1744275784885red25.jpg","datePublished":"2025-04-26T10:05:51+00:00","dateModified":"2025-10-10T08:42:39+00:00","description":"El Kit de obra de aislamiento soplado bajo cubierta, ayuda a proteger las salidas de las buhardillas no transitadas reteniendo el aislante. Packs de 10 u.","breadcrumb":{"@id":"https:\/\/aislayahorra.es\/tienda\/shop\/kit-de-obra-de-aislamiento-soplado-bajo-cubierta\/#breadcrumb"},"inLanguage":"es","potentialAction":[{"@type":"ReadAction","target":["https:\/\/aislayahorra.es\/tienda\/shop\/kit-de-obra-de-aislamiento-soplado-bajo-cubierta\/"]}]},{"@type":"ImageObject","inLanguage":"es","@id":"https:\/\/aislayahorra.es\/tienda\/shop\/kit-de-obra-de-aislamiento-soplado-bajo-cubierta\/#primaryimage","url":"https:\/\/aislayahorra.es\/tienda\/wp-content\/uploads\/2025\/04\/1744275784885red25.jpg","contentUrl":"https:\/\/aislayahorra.es\/tienda\/wp-content\/uploads\/2025\/04\/1744275784885red25.jpg","width":450,"height":300,"caption":"Kit de aislamiento soplado bajo cubierta"},{"@type":"BreadcrumbList","@id":"https:\/\/aislayahorra.es\/tienda\/shop\/kit-de-obra-de-aislamiento-soplado-bajo-cubierta\/#breadcrumb","itemListElement":[{"@type":"ListItem","position":1,"name":"Portada","item":"https:\/\/aislayahorra.es\/tienda\/"},{"@type":"ListItem","position":2,"name":"Shop","item":"https:\/\/aislayahorra.es\/tienda\/"},{"@type":"ListItem","position":3,"name":"KITS de Obra de aislamiento soplado bajo cubierta"}]},{"@type":"WebSite","@id":"https:\/\/aislayahorra.es\/tienda\/#website","url":"https:\/\/aislayahorra.es\/tienda\/","name":"","description":"","potentialAction":[{"@type":"SearchAction","target":{"@type":"EntryPoint","urlTemplate":"https:\/\/aislayahorra.es\/tienda\/?s={search_term_string}"},"query-input":{"@type":"PropertyValueSpecification","valueRequired":true,"valueName":"search_term_string"}}],"inLanguage":"es"}]}},"_links":{"self":[{"href":"https:\/\/aislayahorra.es\/tienda\/wp-json\/wp\/v2\/product\/2667","targetHints":{"allow":["GET"]}}],"collection":[{"href":"https:\/\/aislayahorra.es\/tienda\/wp-json\/wp\/v2\/product"}],"about":[{"href":"https:\/\/aislayahorra.es\/tienda\/wp-json\/wp\/v2\/types\/product"}],"replies":[{"embeddable":true,"href":"https:\/\/aislayahorra.es\/tienda\/wp-json\/wp\/v2\/comments?post=2667"}],"version-history":[{"count":8,"href":"https:\/\/aislayahorra.es\/tienda\/wp-json\/wp\/v2\/product\/2667\/revisions"}],"predecessor-version":[{"id":2677,"href":"https:\/\/aislayahorra.es\/tienda\/wp-json\/wp\/v2\/product\/2667\/revisions\/2677"}],"wp:featuredmedia":[{"embeddable":true,"href":"https:\/\/aislayahorra.es\/tienda\/wp-json\/wp\/v2\/media\/2672"}],"wp:attachment":[{"href":"https:\/\/aislayahorra.es\/tienda\/wp-json\/wp\/v2\/media?parent=2667"}],"wp:term":[{"taxonomy":"product_brand","embeddable":true,"href":"https:\/\/aislayahorra.es\/tienda\/wp-json\/wp\/v2\/product_brand?post=2667"},{"taxonomy":"product_cat","embeddable":true,"href":"https:\/\/aislayahorra.es\/tienda\/wp-json\/wp\/v2\/product_cat?post=2667"},{"taxonomy":"product_tag","embeddable":true,"href":"https:\/\/aislayahorra.es\/tienda\/wp-json\/wp\/v2\/product_tag?post=2667"}],"curies":[{"name":"wp","href":"https:\/\/api.w.org\/{rel}","templated":true}]}}