{"id":2935,"date":"2025-11-25T19:11:40","date_gmt":"2025-11-25T17:11:40","guid":{"rendered":"https:\/\/aislayahorra.es\/tienda\/?post_type=product&#038;p=2935"},"modified":"2026-03-31T18:49:18","modified_gmt":"2026-03-31T16:49:18","slug":"palet-lana-de-roca-rockwool-rockin-l","status":"publish","type":"product","link":"https:\/\/aislayahorra.es\/tienda\/shop\/palet-lana-de-roca-rockwool-rockin-l\/","title":{"rendered":"Palet lana de roca Rockwool Rockin L"},"content":{"rendered":"\t\t<div data-elementor-type=\"product-post\" data-elementor-id=\"2935\" class=\"elementor elementor-2935\" data-elementor-post-type=\"product\">\n\t\t\t\t\t\t<section class=\"elementor-section elementor-top-section elementor-element elementor-element-64d2ed9 elementor-section-boxed elementor-section-height-default elementor-section-height-default\" data-id=\"64d2ed9\" data-element_type=\"section\" data-e-type=\"section\">\n\t\t\t\t\t\t<div class=\"elementor-container elementor-column-gap-default\">\n\t\t\t\t\t<div class=\"elementor-column elementor-col-100 elementor-top-column elementor-element elementor-element-e3fe16b\" data-id=\"e3fe16b\" data-element_type=\"column\" data-e-type=\"column\">\n\t\t\t<div class=\"elementor-widget-wrap elementor-element-populated\">\n\t\t\t\t\t\t<div class=\"elementor-element elementor-element-9608694 elementor-widget elementor-widget-text-editor\" data-id=\"9608694\" data-element_type=\"widget\" data-e-type=\"widget\" data-widget_type=\"text-editor.default\">\n\t\t\t\t<div class=\"elementor-widget-container\">\n\t\t\t\t\t\t\t\t\t<p>El palet <a href=\"http:\/\/aislayahorra.es\/lana-de-roca\/\">lana de roca<\/a> Rockwool Rockin L es una borra que sirve para soplar bajo cubiertas de viviendas (espacio ubicado entre cubierta y \u00faltimo forjado horinzotal), habitualmente provisto de refuerzo estructural con tabiques cer\u00e1micos llamados tabiques de palomero.\u00a0 Tambi\u00e9n se puede utilizar para insuflar a presi\u00f3n cavidades en fachadas de mas de 8 cm de espesor.<\/p><p>El valor lambda, dependiendo de la aplicaci\u00f3n, es de 0,036 W\/mK en el caso del insuflado, y 0,045 W\/mK en el caso del soplado. La borra se aplica con 55 kg\/m3 y es algo basta en insuflado y unos 25 kg\/m3 soplados. Con ello se consigue abaratar el elevado coste del material de origen volc\u00e1nico (basalto).<\/p><p>Tiene tambi\u00e9n excelentes propiedades de aislamiento ac\u00fastico debido a su elevado peso. Se puede de esta forma eliminar el efecto de resonancia dentro de las c\u00e1maras.\u00a0<\/p><p>Siendo un material incombustible, con la m\u00e1xima clasificaci\u00f3n A1 es muy seguro. Igualmente el sello EUCEB garantiza que no causa c\u00e1ncer, ya que est\u00e1 compuesto por fibras biodisolubles.\u00a0\u00a0<\/p>\t\t\t\t\t\t\t\t<\/div>\n\t\t\t\t<\/div>\n\t\t\t\t<div class=\"elementor-element elementor-element-ee65339 elementor-align-center elementor-widget elementor-widget-button\" data-id=\"ee65339\" data-element_type=\"widget\" data-e-type=\"widget\" data-widget_type=\"button.default\">\n\t\t\t\t<div class=\"elementor-widget-container\">\n\t\t\t\t\t\t\t\t\t<div class=\"elementor-button-wrapper\">\n\t\t\t\t\t<a class=\"elementor-button elementor-button-link elementor-size-sm\" href=\"https:\/\/aislayahorra.es\/descargas\">\n\t\t\t\t\t\t<span class=\"elementor-button-content-wrapper\">\n\t\t\t\t\t\t\t\t\t<span class=\"elementor-button-text\">Ficha T\u00e9cnica Rockwool Rockin L<\/span>\n\t\t\t\t\t<\/span>\n\t\t\t\t\t<\/a>\n\t\t\t\t<\/div>\n\t\t\t\t\t\t\t\t<\/div>\n\t\t\t\t<\/div>\n\t\t\t\t\t<\/div>\n\t\t<\/div>\n\t\t\t\t\t<\/div>\n\t\t<\/section>\n\t\t\t\t<section class=\"elementor-section elementor-top-section elementor-element elementor-element-930f5bd elementor-section-boxed elementor-section-height-default elementor-section-height-default\" data-id=\"930f5bd\" data-element_type=\"section\" data-e-type=\"section\">\n\t\t\t\t\t\t<div class=\"elementor-container elementor-column-gap-default\">\n\t\t\t\t\t<div class=\"elementor-column elementor-col-100 elementor-top-column elementor-element elementor-element-249222b\" data-id=\"249222b\" data-element_type=\"column\" data-e-type=\"column\">\n\t\t\t<div class=\"elementor-widget-wrap elementor-element-populated\">\n\t\t\t\t\t\t<div class=\"elementor-element elementor-element-3169a87 elementor-widget elementor-widget-image\" data-id=\"3169a87\" data-element_type=\"widget\" data-e-type=\"widget\" data-widget_type=\"image.default\">\n\t\t\t\t<div class=\"elementor-widget-container\">\n\t\t\t\t\t\t\t\t\t\t\t\t\t\t\t<img fetchpriority=\"high\" decoding=\"async\" width=\"768\" height=\"1024\" src=\"https:\/\/aislayahorra.es\/tienda\/wp-content\/uploads\/2025\/11\/9cb5ad10-2086-4544-b056-a777a9570de4-768x1024.jpeg\" class=\"attachment-large size-large wp-image-2937\" alt=\"Palet lana de roca Rockwool Rockin L\" srcset=\"https:\/\/aislayahorra.es\/tienda\/wp-content\/uploads\/2025\/11\/9cb5ad10-2086-4544-b056-a777a9570de4-768x1024.jpeg 768w, https:\/\/aislayahorra.es\/tienda\/wp-content\/uploads\/2025\/11\/9cb5ad10-2086-4544-b056-a777a9570de4-225x300.jpeg 225w, https:\/\/aislayahorra.es\/tienda\/wp-content\/uploads\/2025\/11\/9cb5ad10-2086-4544-b056-a777a9570de4-1152x1536.jpeg 1152w, https:\/\/aislayahorra.es\/tienda\/wp-content\/uploads\/2025\/11\/9cb5ad10-2086-4544-b056-a777a9570de4-416x555.jpeg 416w, https:\/\/aislayahorra.es\/tienda\/wp-content\/uploads\/2025\/11\/9cb5ad10-2086-4544-b056-a777a9570de4-64x85.jpeg 64w, https:\/\/aislayahorra.es\/tienda\/wp-content\/uploads\/2025\/11\/9cb5ad10-2086-4544-b056-a777a9570de4.jpeg 1500w\" sizes=\"(max-width: 768px) 100vw, 768px\" \/>\t\t\t\t\t\t\t\t\t\t\t\t\t\t\t<\/div>\n\t\t\t\t<\/div>\n\t\t\t\t\t<\/div>\n\t\t<\/div>\n\t\t\t\t\t<\/div>\n\t\t<\/section>\n\t\t\t\t<section class=\"elementor-section elementor-top-section elementor-element elementor-element-6d5dcca elementor-section-boxed elementor-section-height-default elementor-section-height-default\" data-id=\"6d5dcca\" data-element_type=\"section\" data-e-type=\"section\">\n\t\t\t\t\t\t<div class=\"elementor-container elementor-column-gap-default\">\n\t\t\t\t\t<div class=\"elementor-column elementor-col-100 elementor-top-column elementor-element elementor-element-1dc3c8f\" data-id=\"1dc3c8f\" data-element_type=\"column\" data-e-type=\"column\">\n\t\t\t<div class=\"elementor-widget-wrap elementor-element-populated\">\n\t\t\t\t\t\t<div class=\"elementor-element elementor-element-d2fd32b elementor-widget elementor-widget-text-editor\" data-id=\"d2fd32b\" data-element_type=\"widget\" data-e-type=\"widget\" data-widget_type=\"text-editor.default\">\n\t\t\t\t<div class=\"elementor-widget-container\">\n\t\t\t\t\t\t\t\t\t<p>\u00a0<\/p><p data-path-to-node=\"0\">Ventajas de la lana Rockin L<\/p><p data-path-to-node=\"0\"><span dir=\"auto\">El palet lana mineral Rockwool <\/span><b><span dir=\"auto\">Rockin L<\/span><\/b><span dir=\"auto\"> es un producto dise\u00f1ado espec\u00edficamente para el aislamiento mediante <\/span><b><span dir=\"auto\">insuflado o soplado con m\u00e1quina neum\u00e1tica<\/span><\/b><span dir=\"auto\"> , lo que ofrece varias ventajas clave para las aplicaciones que menciona.<\/span><\/p><p data-path-to-node=\"1\"><span dir=\"auto\">Aqu\u00ed est\u00e1n las principales ventajas de usar Rockin L para el aislamiento bajo cubierta de tabiques palomeros y el insuflado en fachadas con cavidades mayores de 8 cm<\/span><span dir=\"auto\">:<\/span><\/p><hr data-path-to-node=\"2\" \/><h3><span dir=\"auto\">1. Ventajas Clave del Aislamiento T\u00e9rmico y Ac\u00fastico<\/span><\/h3><ul data-path-to-node=\"4\"><li><p data-path-to-node=\"4,0,0\"><b><span dir=\"auto\">Aislamiento T\u00e9rmico Superior:<\/span><\/b><span dir=\"auto\"> El producto ofrece una buena conductividad t\u00e9rmica ( valor <\/span><span class=\"math-inline\" data-math=\"\\lambda\">lambda <\/span><span class=\"math-inline\" data-math=\"0,036 \\text{ W\/mK}\">0,036 \\ W\/mK) <\/span><span dir=\"auto\">en c\u00e1maras insufladas), lo que se traduce en una <\/span><b><span dir=\"auto\">reducci\u00f3n significativa de las p\u00e9rdidas de calor<\/span><\/b><span dir=\"auto\"> en invierno y de las ganancias de calor en verano. Esto mejora el <\/span><b><span dir=\"auto\">confort t\u00e9rmico<\/span><\/b><span dir=\"auto\"> y genera un <\/span><b><span dir=\"auto\">ahorro energ\u00e9tico<\/span><\/b><span dir=\"auto\"> inmediato.<\/span><\/p><\/li><li><p data-path-to-node=\"4,1,0\"><b><span dir=\"auto\">Aislamiento Ac\u00fastico Excelente:<\/span><\/b><span dir=\"auto\"> Como n\u00f3dulos de lana de roca, el material es altamente <\/span><b><span dir=\"auto\">absorbente de sonido<\/span><\/b><span dir=\"auto\"> . Al rellenar completamente la cavidad (ya sea la c\u00e1mara de aire de la fachada o el espacio bajo cubierta), reduce la transmisi\u00f3n de ruido exterior y a\u00e9reo, mejorando el <\/span><b><span dir=\"auto\">confort ac\u00fastico<\/span><\/b><span dir=\"auto\"> .<\/span><\/p><\/li><li><p data-path-to-node=\"4,2,0\"><b><span dir=\"auto\">Eliminaci\u00f3n de Puentes T\u00e9rmicos:<\/span><\/b><span dir=\"auto\"> El insuflado o soplado permite que la borra se <\/span><b><span dir=\"auto\">adapte perfectamente<\/span><\/b><span dir=\"auto\"> a todas las irregularidades del espacio, rellenando esquinas, huecos y el espacio entre el tabique palomero, asegurando un <\/span><b><span dir=\"auto\">aislamiento continuo<\/span><\/b><span dir=\"auto\"> y eliminando los puentes t\u00e9rmicos que son comunes en sistemas r\u00edgidos.<\/span><\/p><\/li><\/ul><h3><span dir=\"auto\">2. Ventajas del M\u00e9todo de Instalaci\u00f3n (Insuflado\/Soplado)<\/span><\/h3><ul data-path-to-node=\"6\"><li><p data-path-to-node=\"6,0,0\"><b><span dir=\"auto\">Instalaci\u00f3n R\u00e1pida y Limpia (Sin Obras Mayores):<\/span><\/b><span dir=\"auto\"> Al ser un sistema de <\/span><b><span dir=\"auto\">rehabilitaci\u00f3n energ\u00e9tica sin obras<\/span><\/b><span dir=\"auto\"> , se instala de forma muy r\u00e1pida y sencilla a trav\u00e9s de peque\u00f1os agujeros en la fachada o mediante el soplado en la buhardilla. Esto <\/span><b><span dir=\"auto\">no reduce la superficie \u00fatil<\/span><\/b><span dir=\"auto\"> de la edificaci\u00f3n y <\/span><b><span dir=\"auto\">no modifica la est\u00e9tica<\/span><\/b><span dir=\"auto\"> de la fachada.<\/span><\/p><\/li><li><p data-path-to-node=\"6,1,0\"><b><span dir=\"auto\">Penetraci\u00f3n en Espacios Complejos:<\/span><\/b><span dir=\"auto\"> Es el m\u00e9todo ideal para <\/span><b><span dir=\"auto\">cubiertas con tabiques palomeros<\/span><\/b><span dir=\"auto\"> (donde el acceso y la colocaci\u00f3n de paneles r\u00edgidos ser\u00eda muy dif\u00edcil o imposible) y para <\/span><b><span dir=\"auto\">c\u00e1maras de aire existentes<\/span><\/b><span dir=\"auto\"> en fachadas, especialmente aquellas con un espesor de <\/span><span class=\"math-inline\" data-math=\"8 \\text{ cm}\">8 cm o<\/span><span dir=\"auto\"> m\u00e1s, donde la densidad de insuflado <\/span><span class=\"math-inline\" data-math=\"55 \\text{ kg\/m}^3\">55 kg\/m3<\/span><span dir=\"auto\">\u00a0es \u00f3ptima.<\/span><\/p><\/li><\/ul><h3><span dir=\"auto\">3. Seguridad y durabilidad<\/span><\/h3><ul data-path-to-node=\"8\"><li><p data-path-to-node=\"8,0,0\"><b><span dir=\"auto\">Incombustibilidad (Reacci\u00f3n al Fuego A1):<\/span><\/b><span dir=\"auto\"> La lana de roca es un material <\/span><b><span dir=\"auto\">incombustible<\/span><\/b><span dir=\"auto\"> (Clasificaci\u00f3n A1), lo que significa que <\/span><b><span dir=\"auto\">no contribuye al desarrollo del incendio<\/span><\/b><span dir=\"auto\"> y ofrece una alta resistencia al fuego, aumentando la seguridad de la edificaci\u00f3n.<\/span><\/p><\/li><li><p data-path-to-node=\"8,1,0\"><b><span dir=\"auto\">Transpirabilidad y Permeabilidad al Vapor:<\/span><\/b><span dir=\"auto\"> Es un producto <\/span><b><span dir=\"auto\">permeable al vapor de agua<\/span><\/b><span dir=\"auto\">, lo que permite que el muro o la cubierta \u00abrespiren\u00bb. Esto ayuda a <\/span><b><span dir=\"auto\">prevenir la aparici\u00f3n de humedades por condensaci\u00f3n<\/span><\/b><span dir=\"auto\"> intersticial dentro de la cavidad.<\/span><\/p><\/li><li><p data-path-to-node=\"8,2,0\"><b><span dir=\"auto\">Resistencia y Durabilidad:<\/span><\/b><span dir=\"auto\"> Es un material <\/span><b><span dir=\"auto\">qu\u00edmicamente inerte<\/span><\/b><span dir=\"auto\"> y muy duradero. Adem\u00e1s, se han realizado pruebas que demuestran que la lana de roca <\/span><b><span dir=\"auto\">act\u00faa como barrera frente a las termitas<\/span><\/b><span dir=\"auto\"> .<\/span><\/p><\/li><\/ul><hr data-path-to-node=\"9\" \/><table data-path-to-node=\"10\"><thead><tr><td><strong>Aplicaci\u00f3n<\/strong><\/td><td><strong>Ventaja Espec\u00edfica de Palet lana de roca Rockwool Rockin L<\/strong><\/td><\/tr><\/thead><tbody><tr><td><span data-path-to-node=\"10,1,0,0\"><b><span dir=\"auto\">Bajo Cubierta (Tabiques Palomeros)<\/span><\/b><\/span><\/td><td><span data-path-to-node=\"10,1,1,0\"><span dir=\"auto\">El <\/span><b><span dir=\"auto\">soplado<\/span><\/b><span dir=\"auto\"> permite rellenar eficazmente el espacio horizontal entre los tabiques, una zona muy dif\u00edcil de aislar con materiales en plancha o rollo, dejando una capa continua.<\/span><\/span><\/td><\/tr><tr><td><span data-path-to-node=\"10,2,0,0\"><b><span dir=\"auto\">Insuflado en Fachada (Cavidades mayor o igual a 8 cm<\/span><span dir=\"auto\">)<\/span><\/b><\/span><\/td><td><span data-path-to-node=\"10,2,1,0\"><span dir=\"auto\">La densidad de insuflado de <\/span><span class=\"math-inline\" data-math=\"55 \\text{ kg\/m}^3\">55 kg\/m3 <\/span><span dir=\"auto\">y su baja conductividad t\u00e9rmica lo hacen especialmente eficaz en estas <\/span><b><span dir=\"auto\">cavidades anchas<\/span><\/b><span dir=\"auto\"> , optimizando el rendimiento t\u00e9rmico y ac\u00fastico sin necesidad de desmontar la hoja interior.<\/span><\/span><\/td><\/tr><\/tbody><\/table>\t\t\t\t\t\t\t\t<\/div>\n\t\t\t\t<\/div>\n\t\t\t\t\t<\/div>\n\t\t<\/div>\n\t\t\t\t\t<\/div>\n\t\t<\/section>\n\t\t\t\t<\/div>\n\t\t","protected":false},"excerpt":{"rendered":"<p>El palet lana de roca Rockwool Rockin L es una borra que sirve para soplar bajo cubiertas de viviendas (espacio ubicado entre cubierta y \u00faltimo forjado horinzotal), habitualmente provisto de refuerzo estructural con tabiques cer\u00e1micos llamados tabiques de palomero.\u00a0 Tambi\u00e9n se puede utilizar para insuflar a presi\u00f3n cavidades en fachadas de mas de 8 cm de espesor.<\/p>\n<p>El valor lambda, dependiendo de la aplicaci\u00f3n, es de 0,036 W\/mK en el caso del insuflado, y 0,045 W\/mK en el caso del soplado. La borra se aplica con 55 kg\/m3 y es algo basta en insuflado y unos 25 kg\/m3 soplados. Con ello se consigue abaratar el elevado coste del material de origen volc\u00e1nico (basalto).<\/p>\n<p>Tiene tambi\u00e9n excelentes propiedades de aislamiento ac\u00fastico debido a su elevado peso. Se puede de esta forma eliminar el efecto de resonancia dentro de las c\u00e1maras.<\/p>\n<p>Siendo un material incombustible, con la m\u00e1xima clasificaci\u00f3n A1 es muy seguro. Igualmente el sello EUCEB garantiza que no causa c\u00e1ncer, ya que est\u00e1 compuesto por fibras biodisolubles.<\/p>\n<p>Se presenta en palets de 35 sacos con 20 kg cada uno, total 700 kg por palet. Dimensiones 1.20 x 1.20 x 2.20 m.<\/p>\n<p>&nbsp;<\/p>\n","protected":false},"featured_media":2937,"comment_status":"open","ping_status":"closed","template":"","meta":[],"product_brand":[],"product_cat":[19],"product_tag":[124],"class_list":{"0":"post-2935","1":"product","2":"type-product","3":"status-publish","4":"has-post-thumbnail","6":"product_cat-materiales","7":"product_tag-rockin-l","8":"product_shipping_class-palet-envio","10":"first","11":"onbackorder","12":"shipping-taxable","13":"purchasable","14":"product-type-simple"},"yoast_head":"<!-- This site is optimized with the Yoast SEO plugin v26.8 - https:\/\/yoast.com\/product\/yoast-seo-wordpress\/ -->\n<title>Palet lana de roca Rockwool Rockin L -<\/title>\n<meta name=\"description\" content=\"El palet Lana de roca Rockwool Rockin L se utiliza para soplar aislamiento en bajo cubiertas o insuflar cavidades anchas. Lleva 35 sacos de 20 kg de lana.\" \/>\n<meta name=\"robots\" content=\"index, follow, max-snippet:-1, max-image-preview:large, max-video-preview:-1\" \/>\n<link rel=\"canonical\" href=\"https:\/\/aislayahorra.es\/tienda\/shop\/palet-lana-de-roca-rockwool-rockin-l\/\" \/>\n<meta property=\"og:locale\" content=\"es_ES\" \/>\n<meta property=\"og:type\" content=\"article\" \/>\n<meta property=\"og:title\" content=\"Palet lana de roca Rockwool Rockin L -\" \/>\n<meta property=\"og:description\" content=\"El palet Lana de roca Rockwool Rockin L se utiliza para soplar aislamiento en bajo cubiertas o insuflar cavidades anchas. Lleva 35 sacos de 20 kg de lana.\" \/>\n<meta property=\"og:url\" content=\"https:\/\/aislayahorra.es\/tienda\/shop\/palet-lana-de-roca-rockwool-rockin-l\/\" \/>\n<meta property=\"article:modified_time\" content=\"2026-03-31T16:49:18+00:00\" \/>\n<meta property=\"og:image\" content=\"https:\/\/aislayahorra.es\/tienda\/wp-content\/uploads\/2025\/11\/9cb5ad10-2086-4544-b056-a777a9570de4.jpeg\" \/>\n\t<meta property=\"og:image:width\" content=\"1500\" \/>\n\t<meta property=\"og:image:height\" content=\"2000\" \/>\n\t<meta property=\"og:image:type\" content=\"image\/jpeg\" \/>\n<meta name=\"twitter:card\" content=\"summary_large_image\" \/>\n<meta name=\"twitter:label1\" content=\"Tiempo de lectura\" \/>\n\t<meta name=\"twitter:data1\" content=\"4 minutos\" \/>\n<script type=\"application\/ld+json\" class=\"yoast-schema-graph\">{\"@context\":\"https:\/\/schema.org\",\"@graph\":[{\"@type\":\"WebPage\",\"@id\":\"https:\/\/aislayahorra.es\/tienda\/shop\/palet-lana-de-roca-rockwool-rockin-l\/\",\"url\":\"https:\/\/aislayahorra.es\/tienda\/shop\/palet-lana-de-roca-rockwool-rockin-l\/\",\"name\":\"Palet lana de roca Rockwool Rockin L -\",\"isPartOf\":{\"@id\":\"https:\/\/aislayahorra.es\/tienda\/#website\"},\"primaryImageOfPage\":{\"@id\":\"https:\/\/aislayahorra.es\/tienda\/shop\/palet-lana-de-roca-rockwool-rockin-l\/#primaryimage\"},\"image\":{\"@id\":\"https:\/\/aislayahorra.es\/tienda\/shop\/palet-lana-de-roca-rockwool-rockin-l\/#primaryimage\"},\"thumbnailUrl\":\"https:\/\/aislayahorra.es\/tienda\/wp-content\/uploads\/2025\/11\/9cb5ad10-2086-4544-b056-a777a9570de4.jpeg\",\"datePublished\":\"2025-11-25T17:11:40+00:00\",\"dateModified\":\"2026-03-31T16:49:18+00:00\",\"description\":\"El palet Lana de roca Rockwool Rockin L se utiliza para soplar aislamiento en bajo cubiertas o insuflar cavidades anchas. Lleva 35 sacos de 20 kg de lana.\",\"breadcrumb\":{\"@id\":\"https:\/\/aislayahorra.es\/tienda\/shop\/palet-lana-de-roca-rockwool-rockin-l\/#breadcrumb\"},\"inLanguage\":\"es\",\"potentialAction\":[{\"@type\":\"ReadAction\",\"target\":[\"https:\/\/aislayahorra.es\/tienda\/shop\/palet-lana-de-roca-rockwool-rockin-l\/\"]}]},{\"@type\":\"ImageObject\",\"inLanguage\":\"es\",\"@id\":\"https:\/\/aislayahorra.es\/tienda\/shop\/palet-lana-de-roca-rockwool-rockin-l\/#primaryimage\",\"url\":\"https:\/\/aislayahorra.es\/tienda\/wp-content\/uploads\/2025\/11\/9cb5ad10-2086-4544-b056-a777a9570de4.jpeg\",\"contentUrl\":\"https:\/\/aislayahorra.es\/tienda\/wp-content\/uploads\/2025\/11\/9cb5ad10-2086-4544-b056-a777a9570de4.jpeg\",\"width\":1500,\"height\":2000,\"caption\":\"Palet lana de roca Rockwool Rockin L\"},{\"@type\":\"BreadcrumbList\",\"@id\":\"https:\/\/aislayahorra.es\/tienda\/shop\/palet-lana-de-roca-rockwool-rockin-l\/#breadcrumb\",\"itemListElement\":[{\"@type\":\"ListItem\",\"position\":1,\"name\":\"Portada\",\"item\":\"https:\/\/aislayahorra.es\/tienda\/\"},{\"@type\":\"ListItem\",\"position\":2,\"name\":\"Shop\",\"item\":\"https:\/\/aislayahorra.es\/tienda\/\"},{\"@type\":\"ListItem\",\"position\":3,\"name\":\"Palet lana de roca Rockwool Rockin L\"}]},{\"@type\":\"WebSite\",\"@id\":\"https:\/\/aislayahorra.es\/tienda\/#website\",\"url\":\"https:\/\/aislayahorra.es\/tienda\/\",\"name\":\"\",\"description\":\"\",\"potentialAction\":[{\"@type\":\"SearchAction\",\"target\":{\"@type\":\"EntryPoint\",\"urlTemplate\":\"https:\/\/aislayahorra.es\/tienda\/?s={search_term_string}\"},\"query-input\":{\"@type\":\"PropertyValueSpecification\",\"valueRequired\":true,\"valueName\":\"search_term_string\"}}],\"inLanguage\":\"es\"}]}<\/script>\n<!-- \/ Yoast SEO plugin. -->","yoast_head_json":{"title":"Palet lana de roca Rockwool Rockin L -","description":"El palet Lana de roca Rockwool Rockin L se utiliza para soplar aislamiento en bajo cubiertas o insuflar cavidades anchas. Lleva 35 sacos de 20 kg de lana.","robots":{"index":"index","follow":"follow","max-snippet":"max-snippet:-1","max-image-preview":"max-image-preview:large","max-video-preview":"max-video-preview:-1"},"canonical":"https:\/\/aislayahorra.es\/tienda\/shop\/palet-lana-de-roca-rockwool-rockin-l\/","og_locale":"es_ES","og_type":"article","og_title":"Palet lana de roca Rockwool Rockin L -","og_description":"El palet Lana de roca Rockwool Rockin L se utiliza para soplar aislamiento en bajo cubiertas o insuflar cavidades anchas. Lleva 35 sacos de 20 kg de lana.","og_url":"https:\/\/aislayahorra.es\/tienda\/shop\/palet-lana-de-roca-rockwool-rockin-l\/","article_modified_time":"2026-03-31T16:49:18+00:00","og_image":[{"width":1500,"height":2000,"url":"https:\/\/aislayahorra.es\/tienda\/wp-content\/uploads\/2025\/11\/9cb5ad10-2086-4544-b056-a777a9570de4.jpeg","type":"image\/jpeg"}],"twitter_card":"summary_large_image","twitter_misc":{"Tiempo de lectura":"4 minutos"},"schema":{"@context":"https:\/\/schema.org","@graph":[{"@type":"WebPage","@id":"https:\/\/aislayahorra.es\/tienda\/shop\/palet-lana-de-roca-rockwool-rockin-l\/","url":"https:\/\/aislayahorra.es\/tienda\/shop\/palet-lana-de-roca-rockwool-rockin-l\/","name":"Palet lana de roca Rockwool Rockin L -","isPartOf":{"@id":"https:\/\/aislayahorra.es\/tienda\/#website"},"primaryImageOfPage":{"@id":"https:\/\/aislayahorra.es\/tienda\/shop\/palet-lana-de-roca-rockwool-rockin-l\/#primaryimage"},"image":{"@id":"https:\/\/aislayahorra.es\/tienda\/shop\/palet-lana-de-roca-rockwool-rockin-l\/#primaryimage"},"thumbnailUrl":"https:\/\/aislayahorra.es\/tienda\/wp-content\/uploads\/2025\/11\/9cb5ad10-2086-4544-b056-a777a9570de4.jpeg","datePublished":"2025-11-25T17:11:40+00:00","dateModified":"2026-03-31T16:49:18+00:00","description":"El palet Lana de roca Rockwool Rockin L se utiliza para soplar aislamiento en bajo cubiertas o insuflar cavidades anchas. Lleva 35 sacos de 20 kg de lana.","breadcrumb":{"@id":"https:\/\/aislayahorra.es\/tienda\/shop\/palet-lana-de-roca-rockwool-rockin-l\/#breadcrumb"},"inLanguage":"es","potentialAction":[{"@type":"ReadAction","target":["https:\/\/aislayahorra.es\/tienda\/shop\/palet-lana-de-roca-rockwool-rockin-l\/"]}]},{"@type":"ImageObject","inLanguage":"es","@id":"https:\/\/aislayahorra.es\/tienda\/shop\/palet-lana-de-roca-rockwool-rockin-l\/#primaryimage","url":"https:\/\/aislayahorra.es\/tienda\/wp-content\/uploads\/2025\/11\/9cb5ad10-2086-4544-b056-a777a9570de4.jpeg","contentUrl":"https:\/\/aislayahorra.es\/tienda\/wp-content\/uploads\/2025\/11\/9cb5ad10-2086-4544-b056-a777a9570de4.jpeg","width":1500,"height":2000,"caption":"Palet lana de roca Rockwool Rockin L"},{"@type":"BreadcrumbList","@id":"https:\/\/aislayahorra.es\/tienda\/shop\/palet-lana-de-roca-rockwool-rockin-l\/#breadcrumb","itemListElement":[{"@type":"ListItem","position":1,"name":"Portada","item":"https:\/\/aislayahorra.es\/tienda\/"},{"@type":"ListItem","position":2,"name":"Shop","item":"https:\/\/aislayahorra.es\/tienda\/"},{"@type":"ListItem","position":3,"name":"Palet lana de roca Rockwool Rockin L"}]},{"@type":"WebSite","@id":"https:\/\/aislayahorra.es\/tienda\/#website","url":"https:\/\/aislayahorra.es\/tienda\/","name":"","description":"","potentialAction":[{"@type":"SearchAction","target":{"@type":"EntryPoint","urlTemplate":"https:\/\/aislayahorra.es\/tienda\/?s={search_term_string}"},"query-input":{"@type":"PropertyValueSpecification","valueRequired":true,"valueName":"search_term_string"}}],"inLanguage":"es"}]}},"_links":{"self":[{"href":"https:\/\/aislayahorra.es\/tienda\/wp-json\/wp\/v2\/product\/2935","targetHints":{"allow":["GET"]}}],"collection":[{"href":"https:\/\/aislayahorra.es\/tienda\/wp-json\/wp\/v2\/product"}],"about":[{"href":"https:\/\/aislayahorra.es\/tienda\/wp-json\/wp\/v2\/types\/product"}],"replies":[{"embeddable":true,"href":"https:\/\/aislayahorra.es\/tienda\/wp-json\/wp\/v2\/comments?post=2935"}],"version-history":[{"count":22,"href":"https:\/\/aislayahorra.es\/tienda\/wp-json\/wp\/v2\/product\/2935\/revisions"}],"predecessor-version":[{"id":2966,"href":"https:\/\/aislayahorra.es\/tienda\/wp-json\/wp\/v2\/product\/2935\/revisions\/2966"}],"wp:featuredmedia":[{"embeddable":true,"href":"https:\/\/aislayahorra.es\/tienda\/wp-json\/wp\/v2\/media\/2937"}],"wp:attachment":[{"href":"https:\/\/aislayahorra.es\/tienda\/wp-json\/wp\/v2\/media?parent=2935"}],"wp:term":[{"taxonomy":"product_brand","embeddable":true,"href":"https:\/\/aislayahorra.es\/tienda\/wp-json\/wp\/v2\/product_brand?post=2935"},{"taxonomy":"product_cat","embeddable":true,"href":"https:\/\/aislayahorra.es\/tienda\/wp-json\/wp\/v2\/product_cat?post=2935"},{"taxonomy":"product_tag","embeddable":true,"href":"https:\/\/aislayahorra.es\/tienda\/wp-json\/wp\/v2\/product_tag?post=2935"}],"curies":[{"name":"wp","href":"https:\/\/api.w.org\/{rel}","templated":true}]}}