{"id":2967,"date":"2025-11-30T14:43:38","date_gmt":"2025-11-30T12:43:38","guid":{"rendered":"https:\/\/aislayahorra.es\/tienda\/?post_type=product&#038;p=2967"},"modified":"2026-01-10T14:45:13","modified_gmt":"2026-01-10T12:45:13","slug":"palet-celulosa-isocell","status":"publish","type":"product","link":"https:\/\/aislayahorra.es\/tienda\/shop\/palet-celulosa-isocell\/","title":{"rendered":"Palet de celulosa Isocell"},"content":{"rendered":"\t\t<div data-elementor-type=\"product-post\" data-elementor-id=\"2967\" class=\"elementor elementor-2967\" data-elementor-post-type=\"product\">\n\t\t\t\t\t\t<section class=\"elementor-section elementor-top-section elementor-element elementor-element-ea8b658 elementor-section-boxed elementor-section-height-default elementor-section-height-default\" data-id=\"ea8b658\" data-element_type=\"section\" data-e-type=\"section\">\n\t\t\t\t\t\t<div class=\"elementor-container elementor-column-gap-default\">\n\t\t\t\t\t<div class=\"elementor-column elementor-col-100 elementor-top-column elementor-element elementor-element-82d2455\" data-id=\"82d2455\" data-element_type=\"column\" data-e-type=\"column\">\n\t\t\t<div class=\"elementor-widget-wrap elementor-element-populated\">\n\t\t\t\t\t\t<div class=\"elementor-element elementor-element-b767a79 elementor-widget elementor-widget-text-editor\" data-id=\"b767a79\" data-element_type=\"widget\" data-e-type=\"widget\" data-widget_type=\"text-editor.default\">\n\t\t\t\t<div class=\"elementor-widget-container\">\n\t\t\t\t\t\t\t\t\t<p>El palet de celulosa isocell es un palet que contiene 21 bolsas aislantes en base a papel de per\u00edodico con sales de borax, ideal para el aislamiento soplado de buhardillas o bajo cubiertas o entre palomeros. <br \/>Tambi\u00e9n se puede usar para aislar tabiques de PYL o falsos techos. El CTE no permite su instalaci\u00f3n en fachadas entre tabiques cer\u00e1micos ya que absorbe humedad. Es una celulosa Premium, por lo que consigue un valor lambda de 0,037 W\/mK, el mejor valor del mercado.<br \/>Se aplica con una densidad de 38 kg\/m3 insuflada en cavidad o 25 kg\/m3 soplada sobre cubierta.<br \/>El palet contiene por tanto suficiente material para aislar 7,7 m3 de aislamiento insuflado o 11,60 m3 soplados. A nuestros instaladores les encanta por la facilidad de aplicaci\u00f3n y el escaso polvo que genera, en comparaci\u00f3n con otras marcas.\u00a0<\/p>\t\t\t\t\t\t\t\t<\/div>\n\t\t\t\t<\/div>\n\t\t\t\t\t<\/div>\n\t\t<\/div>\n\t\t\t\t\t<\/div>\n\t\t<\/section>\n\t\t\t\t<section class=\"elementor-section elementor-top-section elementor-element elementor-element-1b5f5ff elementor-section-boxed elementor-section-height-default elementor-section-height-default\" data-id=\"1b5f5ff\" data-element_type=\"section\" data-e-type=\"section\">\n\t\t\t\t\t\t<div class=\"elementor-container elementor-column-gap-default\">\n\t\t\t\t\t<div class=\"elementor-column elementor-col-100 elementor-top-column elementor-element elementor-element-9de14ca\" data-id=\"9de14ca\" data-element_type=\"column\" data-e-type=\"column\">\n\t\t\t<div class=\"elementor-widget-wrap elementor-element-populated\">\n\t\t\t\t\t\t<div class=\"elementor-element elementor-element-24e9722 elementor-widget elementor-widget-image\" data-id=\"24e9722\" data-element_type=\"widget\" data-e-type=\"widget\" data-widget_type=\"image.default\">\n\t\t\t\t<div class=\"elementor-widget-container\">\n\t\t\t\t\t\t\t\t\t\t\t\t\t\t\t<img fetchpriority=\"high\" decoding=\"async\" width=\"768\" height=\"1024\" src=\"https:\/\/aislayahorra.es\/tienda\/wp-content\/uploads\/2025\/11\/f9218b9e-676c-40ce-892b-d78192a38b35-768x1024.jpeg\" class=\"attachment-large size-large wp-image-2973\" alt=\"Palet celulosa isocell\" srcset=\"https:\/\/aislayahorra.es\/tienda\/wp-content\/uploads\/2025\/11\/f9218b9e-676c-40ce-892b-d78192a38b35-768x1024.jpeg 768w, https:\/\/aislayahorra.es\/tienda\/wp-content\/uploads\/2025\/11\/f9218b9e-676c-40ce-892b-d78192a38b35-225x300.jpeg 225w, https:\/\/aislayahorra.es\/tienda\/wp-content\/uploads\/2025\/11\/f9218b9e-676c-40ce-892b-d78192a38b35-1152x1536.jpeg 1152w, https:\/\/aislayahorra.es\/tienda\/wp-content\/uploads\/2025\/11\/f9218b9e-676c-40ce-892b-d78192a38b35-416x555.jpeg 416w, https:\/\/aislayahorra.es\/tienda\/wp-content\/uploads\/2025\/11\/f9218b9e-676c-40ce-892b-d78192a38b35-64x85.jpeg 64w, https:\/\/aislayahorra.es\/tienda\/wp-content\/uploads\/2025\/11\/f9218b9e-676c-40ce-892b-d78192a38b35.jpeg 1500w\" sizes=\"(max-width: 768px) 100vw, 768px\" \/>\t\t\t\t\t\t\t\t\t\t\t\t\t\t\t<\/div>\n\t\t\t\t<\/div>\n\t\t\t\t\t<\/div>\n\t\t<\/div>\n\t\t\t\t\t<\/div>\n\t\t<\/section>\n\t\t\t\t<section class=\"elementor-section elementor-top-section elementor-element elementor-element-9aa4541 elementor-section-boxed elementor-section-height-default elementor-section-height-default\" data-id=\"9aa4541\" data-element_type=\"section\" data-e-type=\"section\">\n\t\t\t\t\t\t<div class=\"elementor-container elementor-column-gap-default\">\n\t\t\t\t\t<div class=\"elementor-column elementor-col-100 elementor-top-column elementor-element elementor-element-58496cc\" data-id=\"58496cc\" data-element_type=\"column\" data-e-type=\"column\">\n\t\t\t<div class=\"elementor-widget-wrap elementor-element-populated\">\n\t\t\t\t\t\t<div class=\"elementor-element elementor-element-e49a6b2 elementor-widget elementor-widget-text-editor\" data-id=\"e49a6b2\" data-element_type=\"widget\" data-e-type=\"widget\" data-widget_type=\"text-editor.default\">\n\t\t\t\t<div class=\"elementor-widget-container\">\n\t\t\t\t\t\t\t\t\t<p data-path-to-node=\"0\"><span dir=\"auto\">El aislamiento con palet de <\/span><b><span dir=\"auto\">celulosa ISOCELL<\/span><\/b><span dir=\"auto\"> aplicado mediante <\/span><b><span dir=\"auto\">insuflado<\/span><\/b><span dir=\"auto\"> y <\/span><b><span dir=\"auto\">soplado<\/span><\/b><span dir=\"auto\"> ofrece m\u00faltiples beneficios, destacando su eficiencia energ\u00e9tica, confort y car\u00e1cter ecol\u00f3gico.<\/span><\/p><hr data-path-to-node=\"1\" \/><h2><span dir=\"auto\">Ventajas Principales del Aislamiento con palet de Celulosa Isocell<\/span><\/h2><h3><span dir=\"auto\">Alto Rendimiento T\u00e9rmico y Ahorro Energ\u00e9tico<\/span><\/h3><ul data-path-to-node=\"4\"><li><p data-path-to-node=\"4,0,0\"><b><span dir=\"auto\">Aislamiento contra fr\u00edo y calor:<\/span><\/b><span dir=\"auto\"> La celulosa tiene un coeficiente de conductividad t\u00e9rmica muy bajo ( <\/span><span dir=\"auto\">0,037\u00a0 W\/m\u00b7K<\/span><span dir=\"auto\">), lo que permite mantener temperaturas agradables y estables en el interior, tanto en invierno (conservando el calor) como en verano (protegiendo contra el sobrecalentamiento).<\/span><\/p><\/li><li><p data-path-to-node=\"4,1,0\"><b><span dir=\"auto\">Alto Desfase T\u00e9rmico:<\/span><\/b><span dir=\"auto\"> Posee una alta capacidad de acumulaci\u00f3n de horas (alto calor espec\u00edfico de <\/span><span dir=\"auto\">2110 J\/kg\u00b7K<\/span><span dir=\"auto\"> ), lo que significa que tarda mucho en transmitir el calor (hasta 12 horas en espesores adecuados), siendo <\/span><b><span dir=\"auto\">excepcional contra el calor estival<\/span><\/b><span dir=\"auto\"> .<\/span><\/p><\/li><li><p data-path-to-node=\"4,2,0\"><b><span dir=\"auto\">Ahorro en facturas:<\/span><\/b><span dir=\"auto\"> Este aislamiento eficiente se traduce en una reducci\u00f3n significativa, a menudo hasta <\/span><b><span dir=\"auto\">el 50%<\/span><\/b><span dir=\"auto\"> , en los costes de calefacci\u00f3n y refrigeraci\u00f3n.<\/span><\/p><\/li><\/ul><h3><span dir=\"auto\">Excelente Aislamiento Ac\u00fastico<\/span><\/h3><p data-path-to-node=\"6,0,0\"><span dir=\"auto\">Su estructura porosa y el m\u00e9todo de aplicaci\u00f3n (insuflado\/soplado), que forma un manto continuo, ofrecen un <\/span><b><span dir=\"auto\">muy buen coeficiente de aislamiento ac\u00fastico<\/span><\/b><span dir=\"auto\"> , superior a muchos aislamientos tradicionales en paneles.<\/span><\/p><h3><span dir=\"auto\">Aplicaci\u00f3n Uniforme y Eficaz<\/span><\/h3><ul data-path-to-node=\"8\"><li><p data-path-to-node=\"8,0,0\"><b><span dir=\"auto\">Relleno completo:<\/span><\/b><span dir=\"auto\"> Las t\u00e9cnicas de insuflado (para cavidades cerradas como c\u00e1maras de aire en paredes) y soplado (para superficies abiertas como buhardillas o falsos techos) permiten <\/span><b><span dir=\"auto\">rellenar por completo cualquier hueco o cavidad<\/span><\/b><span dir=\"auto\"> , incluso irregulares.<\/span><\/p><\/li><li><p data-path-to-node=\"8,1,0\"><b><span dir=\"auto\">Eliminaci\u00f3n de puentes t\u00e9rmicos:<\/span><\/b><span dir=\"auto\"> Al distribuirse de forma homog\u00e9nea, se crea una <\/span><b><span dir=\"auto\">capa compacta y sin juntas ni fisuras<\/span><\/b><span dir=\"auto\"> , evitando las corrientes de aire indeseadas y la aparici\u00f3n de <\/span><b><span dir=\"auto\">puentes t\u00e9rmicos<\/span><\/b><span dir=\"auto\"> , que son puntos de fuga de calor.<\/span><\/p><\/li><li><p data-path-to-node=\"8,2,0\"><b><span dir=\"auto\">Instalaci\u00f3n r\u00e1pida y limpia:<\/span><\/b><span dir=\"auto\"> El proceso de inyecci\u00f3n se realiza sin necesidad de grandes obras, minimizando las molestias.<\/span><\/p><\/li><\/ul><h3><span dir=\"auto\">Seguridad y durabilidad<\/span><\/h3><ul data-path-to-node=\"10\"><li><p data-path-to-node=\"10,0,0\"><b><span dir=\"auto\">Resistencia al fuego:<\/span><\/b><span dir=\"auto\"> La celulosa ISOCELL es tratada con sales de boro que le confieren propiedades <\/span><b><span dir=\"auto\">ign\u00edfugas<\/span><\/b><span dir=\"auto\"> , clasific\u00e1ndola como material aislante <\/span><b><span dir=\"auto\">Euroclase B-s2, d0<\/span><\/b><span dir=\"auto\"> (no propaga las llamas).<\/span><\/p><\/li><li><p data-path-to-node=\"10,1,0\"><b><span dir=\"auto\">Protecci\u00f3n biol\u00f3gica:<\/span><\/b><span dir=\"auto\"> Estos aditivos tambi\u00e9n proporcionan propiedades <\/span><b><span dir=\"auto\">insecticidas y antif\u00fangicas<\/span><\/b><span dir=\"auto\"> , protegiendo contra plagas y moho.<\/span><\/p><\/li><li><p data-path-to-node=\"10,2,0\"><b><span dir=\"auto\">Larga vida \u00fatil:<\/span><\/b><span dir=\"auto\"> Se estima una vida \u00fatil superior a <\/span><b><span dir=\"auto\">50 a\u00f1os<\/span><\/b><span dir=\"auto\">\u00a0 manteniendo todas sus prestaciones sin apelmazarse ni asentarse con el tiempo.<\/span><\/p><\/li><\/ul><h3><span dir=\"auto\">Material Ecol\u00f3gico y Sostenible<\/span><\/h3><ul data-path-to-node=\"12\"><li><p data-path-to-node=\"12,0,0\"><b><span dir=\"auto\">Reciclado:<\/span><\/b><span dir=\"auto\"> Est\u00e1 fabricado principalmente a partir de <\/span><b><span dir=\"auto\">papel de peri\u00f3dico reciclado<\/span><\/b><span dir=\"auto\"> , posicion\u00e1ndose como un aislante ecol\u00f3gico por excelencia.<\/span><\/p><\/li><li><p data-path-to-node=\"12,1,0\"><b><span dir=\"auto\">Baja energ\u00eda de fabricaci\u00f3n:<\/span><\/b><span dir=\"auto\"> Requiere una cantidad de energ\u00eda muy baja para su producci\u00f3n en comparaci\u00f3n con otros materiales aislantes.<\/span><\/p><\/li><\/ul><h3><span dir=\"auto\">Transpirabilidad<\/span><\/h3><p data-path-to-node=\"14,0,0\"><span dir=\"auto\">El material contenido en el palet de celulosa isocell es <\/span><b><span dir=\"auto\">permeable al vapor de agua<\/span><\/b><span dir=\"auto\"> (transpirable), permitiendo que la vivienda \u00abrespire\u00bb y ayudando a <\/span><b><span dir=\"auto\">evitar la formaci\u00f3n de humedades por condensaci\u00f3n<\/span><\/b><span dir=\"auto\"> intersticiales, al no alcanzarse el punto de roc\u00edo en los muros.<\/span><\/p><hr data-path-to-node=\"15\" \/><p data-path-to-node=\"16\"><span dir=\"auto\">En resumen, el uso de palet de celulosa ISOCELL con insuflado y soplado proporciona una <\/span><b><span dir=\"auto\">triple protecci\u00f3n<\/span><\/b><span dir=\"auto\"> (fr\u00edo, calor y ruido), un <\/span><b><span dir=\"auto\">gran ahorro energ\u00e9tico<\/span><\/b><span dir=\"auto\"> y es una soluci\u00f3n de <\/span><b><span dir=\"auto\">bajo impacto ambiental<\/span><\/b><span dir=\"auto\"> y <\/span><b><span dir=\"auto\">duradera<\/span><\/b><span dir=\"auto\"> para mejorar el confort del hogar.<\/span><\/p>\t\t\t\t\t\t\t\t<\/div>\n\t\t\t\t<\/div>\n\t\t\t\t\t<\/div>\n\t\t<\/div>\n\t\t\t\t\t<\/div>\n\t\t<\/section>\n\t\t\t\t<section class=\"elementor-section elementor-top-section elementor-element elementor-element-2bc5e01 elementor-section-boxed elementor-section-height-default elementor-section-height-default\" data-id=\"2bc5e01\" data-element_type=\"section\" data-e-type=\"section\">\n\t\t\t\t\t\t<div class=\"elementor-container elementor-column-gap-default\">\n\t\t\t\t\t<div class=\"elementor-column elementor-col-100 elementor-top-column elementor-element elementor-element-5dedfd1\" data-id=\"5dedfd1\" data-element_type=\"column\" data-e-type=\"column\">\n\t\t\t<div class=\"elementor-widget-wrap elementor-element-populated\">\n\t\t\t\t\t\t<div class=\"elementor-element elementor-element-45aa07a elementor-align-center elementor-widget elementor-widget-button\" data-id=\"45aa07a\" data-element_type=\"widget\" data-e-type=\"widget\" data-widget_type=\"button.default\">\n\t\t\t\t<div class=\"elementor-widget-container\">\n\t\t\t\t\t\t\t\t\t<div class=\"elementor-button-wrapper\">\n\t\t\t\t\t<a class=\"elementor-button elementor-button-link elementor-size-sm\" href=\"https:\/\/aislayahorra.es\/descargas\">\n\t\t\t\t\t\t<span class=\"elementor-button-content-wrapper\">\n\t\t\t\t\t\t\t\t\t<span class=\"elementor-button-text\">Ficha T\u00e9cnica Celulosa Isocell<\/span>\n\t\t\t\t\t<\/span>\n\t\t\t\t\t<\/a>\n\t\t\t\t<\/div>\n\t\t\t\t\t\t\t\t<\/div>\n\t\t\t\t<\/div>\n\t\t\t\t\t<\/div>\n\t\t<\/div>\n\t\t\t\t\t<\/div>\n\t\t<\/section>\n\t\t\t\t<\/div>\n\t\t","protected":false},"excerpt":{"rendered":"<p>El palet de celulosa isocell es un palet que contiene 21 bolsas aislantes en base a papel de per\u00edodico con sales de borax, ideal para el aislamiento soplado de buhardillas o bajo cubiertas o entre palomeros.<br \/>\nTambi\u00e9n se puede usar para aislar tabiques de PYL o falsos techos. El CTE no permite su instalaci\u00f3n en fachadas entre tabiques cer\u00e1micos ya que absorbe humedad. Es una celulosa Premium, por lo que consigue un valor lambda de 0,037 W\/mK, el mejor valor del mercado.<br \/>\nSe aplica con una densidad de 38 kg\/m3 insuflada en cavidad o 25 kg\/m3 soplada sobre cubierta.<br \/>\nEl palet contiene por tanto suficiente material para aislar 7,7 m3 de aislamiento insuflado o 11,60 m3 soplados. A nuestros instaladores les encanta por la facilidad de aplicaci\u00f3n y el escaso polvo que genera, en comparaci\u00f3n con otras marcas.<\/p>\n","protected":false},"featured_media":2971,"comment_status":"open","ping_status":"closed","template":"","meta":[],"product_brand":[],"product_cat":[19],"product_tag":[125],"class_list":{"0":"post-2967","1":"product","2":"type-product","3":"status-publish","4":"has-post-thumbnail","6":"product_cat-materiales","7":"product_tag-celulosa-isocell","8":"product_shipping_class-palet-envio","10":"first","11":"instock","12":"shipping-taxable","13":"purchasable","14":"product-type-simple"},"yoast_head":"<!-- This site is optimized with the Yoast SEO plugin v26.8 - https:\/\/yoast.com\/product\/yoast-seo-wordpress\/ -->\n<title>Palet de celulosa Isocell -<\/title>\n<meta name=\"description\" content=\"El palet de celulosa isocell contiene 21 bolsas de 14 kg de celulosa Premium, m\u00e1xima calidad para asegurar un aislamiento soplado en verano e invierno\" \/>\n<meta name=\"robots\" content=\"index, follow, max-snippet:-1, max-image-preview:large, max-video-preview:-1\" \/>\n<link rel=\"canonical\" href=\"https:\/\/aislayahorra.es\/tienda\/shop\/palet-celulosa-isocell\/\" \/>\n<meta property=\"og:locale\" content=\"es_ES\" \/>\n<meta property=\"og:type\" content=\"article\" \/>\n<meta property=\"og:title\" content=\"Palet de celulosa Isocell -\" \/>\n<meta property=\"og:description\" content=\"El palet de celulosa isocell contiene 21 bolsas de 14 kg de celulosa Premium, m\u00e1xima calidad para asegurar un aislamiento soplado en verano e invierno\" \/>\n<meta property=\"og:url\" content=\"https:\/\/aislayahorra.es\/tienda\/shop\/palet-celulosa-isocell\/\" \/>\n<meta property=\"article:modified_time\" content=\"2026-01-10T12:45:13+00:00\" \/>\n<meta property=\"og:image\" content=\"https:\/\/aislayahorra.es\/tienda\/wp-content\/uploads\/2025\/11\/8c7d4699-6e74-401f-82c0-884ad74a0283.jpeg\" \/>\n\t<meta property=\"og:image:width\" content=\"1500\" \/>\n\t<meta property=\"og:image:height\" content=\"2000\" \/>\n\t<meta property=\"og:image:type\" content=\"image\/jpeg\" \/>\n<meta name=\"twitter:card\" content=\"summary_large_image\" \/>\n<meta name=\"twitter:label1\" content=\"Tiempo de lectura\" \/>\n\t<meta name=\"twitter:data1\" content=\"3 minutos\" \/>\n<script type=\"application\/ld+json\" class=\"yoast-schema-graph\">{\"@context\":\"https:\/\/schema.org\",\"@graph\":[{\"@type\":\"WebPage\",\"@id\":\"https:\/\/aislayahorra.es\/tienda\/shop\/palet-celulosa-isocell\/\",\"url\":\"https:\/\/aislayahorra.es\/tienda\/shop\/palet-celulosa-isocell\/\",\"name\":\"Palet de celulosa Isocell -\",\"isPartOf\":{\"@id\":\"https:\/\/aislayahorra.es\/tienda\/#website\"},\"primaryImageOfPage\":{\"@id\":\"https:\/\/aislayahorra.es\/tienda\/shop\/palet-celulosa-isocell\/#primaryimage\"},\"image\":{\"@id\":\"https:\/\/aislayahorra.es\/tienda\/shop\/palet-celulosa-isocell\/#primaryimage\"},\"thumbnailUrl\":\"https:\/\/aislayahorra.es\/tienda\/wp-content\/uploads\/2025\/11\/8c7d4699-6e74-401f-82c0-884ad74a0283.jpeg\",\"datePublished\":\"2025-11-30T12:43:38+00:00\",\"dateModified\":\"2026-01-10T12:45:13+00:00\",\"description\":\"El palet de celulosa isocell contiene 21 bolsas de 14 kg de celulosa Premium, m\u00e1xima calidad para asegurar un aislamiento soplado en verano e invierno\",\"breadcrumb\":{\"@id\":\"https:\/\/aislayahorra.es\/tienda\/shop\/palet-celulosa-isocell\/#breadcrumb\"},\"inLanguage\":\"es\",\"potentialAction\":[{\"@type\":\"ReadAction\",\"target\":[\"https:\/\/aislayahorra.es\/tienda\/shop\/palet-celulosa-isocell\/\"]}]},{\"@type\":\"ImageObject\",\"inLanguage\":\"es\",\"@id\":\"https:\/\/aislayahorra.es\/tienda\/shop\/palet-celulosa-isocell\/#primaryimage\",\"url\":\"https:\/\/aislayahorra.es\/tienda\/wp-content\/uploads\/2025\/11\/8c7d4699-6e74-401f-82c0-884ad74a0283.jpeg\",\"contentUrl\":\"https:\/\/aislayahorra.es\/tienda\/wp-content\/uploads\/2025\/11\/8c7d4699-6e74-401f-82c0-884ad74a0283.jpeg\",\"width\":1500,\"height\":2000,\"caption\":\"Palet de celulosa isocell\"},{\"@type\":\"BreadcrumbList\",\"@id\":\"https:\/\/aislayahorra.es\/tienda\/shop\/palet-celulosa-isocell\/#breadcrumb\",\"itemListElement\":[{\"@type\":\"ListItem\",\"position\":1,\"name\":\"Portada\",\"item\":\"https:\/\/aislayahorra.es\/tienda\/\"},{\"@type\":\"ListItem\",\"position\":2,\"name\":\"Shop\",\"item\":\"https:\/\/aislayahorra.es\/tienda\/\"},{\"@type\":\"ListItem\",\"position\":3,\"name\":\"Palet de celulosa Isocell\"}]},{\"@type\":\"WebSite\",\"@id\":\"https:\/\/aislayahorra.es\/tienda\/#website\",\"url\":\"https:\/\/aislayahorra.es\/tienda\/\",\"name\":\"\",\"description\":\"\",\"potentialAction\":[{\"@type\":\"SearchAction\",\"target\":{\"@type\":\"EntryPoint\",\"urlTemplate\":\"https:\/\/aislayahorra.es\/tienda\/?s={search_term_string}\"},\"query-input\":{\"@type\":\"PropertyValueSpecification\",\"valueRequired\":true,\"valueName\":\"search_term_string\"}}],\"inLanguage\":\"es\"}]}<\/script>\n<!-- \/ Yoast SEO plugin. -->","yoast_head_json":{"title":"Palet de celulosa Isocell -","description":"El palet de celulosa isocell contiene 21 bolsas de 14 kg de celulosa Premium, m\u00e1xima calidad para asegurar un aislamiento soplado en verano e invierno","robots":{"index":"index","follow":"follow","max-snippet":"max-snippet:-1","max-image-preview":"max-image-preview:large","max-video-preview":"max-video-preview:-1"},"canonical":"https:\/\/aislayahorra.es\/tienda\/shop\/palet-celulosa-isocell\/","og_locale":"es_ES","og_type":"article","og_title":"Palet de celulosa Isocell -","og_description":"El palet de celulosa isocell contiene 21 bolsas de 14 kg de celulosa Premium, m\u00e1xima calidad para asegurar un aislamiento soplado en verano e invierno","og_url":"https:\/\/aislayahorra.es\/tienda\/shop\/palet-celulosa-isocell\/","article_modified_time":"2026-01-10T12:45:13+00:00","og_image":[{"width":1500,"height":2000,"url":"https:\/\/aislayahorra.es\/tienda\/wp-content\/uploads\/2025\/11\/8c7d4699-6e74-401f-82c0-884ad74a0283.jpeg","type":"image\/jpeg"}],"twitter_card":"summary_large_image","twitter_misc":{"Tiempo de lectura":"3 minutos"},"schema":{"@context":"https:\/\/schema.org","@graph":[{"@type":"WebPage","@id":"https:\/\/aislayahorra.es\/tienda\/shop\/palet-celulosa-isocell\/","url":"https:\/\/aislayahorra.es\/tienda\/shop\/palet-celulosa-isocell\/","name":"Palet de celulosa Isocell -","isPartOf":{"@id":"https:\/\/aislayahorra.es\/tienda\/#website"},"primaryImageOfPage":{"@id":"https:\/\/aislayahorra.es\/tienda\/shop\/palet-celulosa-isocell\/#primaryimage"},"image":{"@id":"https:\/\/aislayahorra.es\/tienda\/shop\/palet-celulosa-isocell\/#primaryimage"},"thumbnailUrl":"https:\/\/aislayahorra.es\/tienda\/wp-content\/uploads\/2025\/11\/8c7d4699-6e74-401f-82c0-884ad74a0283.jpeg","datePublished":"2025-11-30T12:43:38+00:00","dateModified":"2026-01-10T12:45:13+00:00","description":"El palet de celulosa isocell contiene 21 bolsas de 14 kg de celulosa Premium, m\u00e1xima calidad para asegurar un aislamiento soplado en verano e invierno","breadcrumb":{"@id":"https:\/\/aislayahorra.es\/tienda\/shop\/palet-celulosa-isocell\/#breadcrumb"},"inLanguage":"es","potentialAction":[{"@type":"ReadAction","target":["https:\/\/aislayahorra.es\/tienda\/shop\/palet-celulosa-isocell\/"]}]},{"@type":"ImageObject","inLanguage":"es","@id":"https:\/\/aislayahorra.es\/tienda\/shop\/palet-celulosa-isocell\/#primaryimage","url":"https:\/\/aislayahorra.es\/tienda\/wp-content\/uploads\/2025\/11\/8c7d4699-6e74-401f-82c0-884ad74a0283.jpeg","contentUrl":"https:\/\/aislayahorra.es\/tienda\/wp-content\/uploads\/2025\/11\/8c7d4699-6e74-401f-82c0-884ad74a0283.jpeg","width":1500,"height":2000,"caption":"Palet de celulosa isocell"},{"@type":"BreadcrumbList","@id":"https:\/\/aislayahorra.es\/tienda\/shop\/palet-celulosa-isocell\/#breadcrumb","itemListElement":[{"@type":"ListItem","position":1,"name":"Portada","item":"https:\/\/aislayahorra.es\/tienda\/"},{"@type":"ListItem","position":2,"name":"Shop","item":"https:\/\/aislayahorra.es\/tienda\/"},{"@type":"ListItem","position":3,"name":"Palet de celulosa Isocell"}]},{"@type":"WebSite","@id":"https:\/\/aislayahorra.es\/tienda\/#website","url":"https:\/\/aislayahorra.es\/tienda\/","name":"","description":"","potentialAction":[{"@type":"SearchAction","target":{"@type":"EntryPoint","urlTemplate":"https:\/\/aislayahorra.es\/tienda\/?s={search_term_string}"},"query-input":{"@type":"PropertyValueSpecification","valueRequired":true,"valueName":"search_term_string"}}],"inLanguage":"es"}]}},"_links":{"self":[{"href":"https:\/\/aislayahorra.es\/tienda\/wp-json\/wp\/v2\/product\/2967","targetHints":{"allow":["GET"]}}],"collection":[{"href":"https:\/\/aislayahorra.es\/tienda\/wp-json\/wp\/v2\/product"}],"about":[{"href":"https:\/\/aislayahorra.es\/tienda\/wp-json\/wp\/v2\/types\/product"}],"replies":[{"embeddable":true,"href":"https:\/\/aislayahorra.es\/tienda\/wp-json\/wp\/v2\/comments?post=2967"}],"version-history":[{"count":26,"href":"https:\/\/aislayahorra.es\/tienda\/wp-json\/wp\/v2\/product\/2967\/revisions"}],"predecessor-version":[{"id":2997,"href":"https:\/\/aislayahorra.es\/tienda\/wp-json\/wp\/v2\/product\/2967\/revisions\/2997"}],"wp:featuredmedia":[{"embeddable":true,"href":"https:\/\/aislayahorra.es\/tienda\/wp-json\/wp\/v2\/media\/2971"}],"wp:attachment":[{"href":"https:\/\/aislayahorra.es\/tienda\/wp-json\/wp\/v2\/media?parent=2967"}],"wp:term":[{"taxonomy":"product_brand","embeddable":true,"href":"https:\/\/aislayahorra.es\/tienda\/wp-json\/wp\/v2\/product_brand?post=2967"},{"taxonomy":"product_cat","embeddable":true,"href":"https:\/\/aislayahorra.es\/tienda\/wp-json\/wp\/v2\/product_cat?post=2967"},{"taxonomy":"product_tag","embeddable":true,"href":"https:\/\/aislayahorra.es\/tienda\/wp-json\/wp\/v2\/product_tag?post=2967"}],"curies":[{"name":"wp","href":"https:\/\/api.w.org\/{rel}","templated":true}]}}