{"id":2999,"date":"2025-12-25T21:44:57","date_gmt":"2025-12-25T19:44:57","guid":{"rendered":"https:\/\/aislayahorra.es\/tienda\/?post_type=product&#038;p=2999"},"modified":"2026-03-27T11:55:54","modified_gmt":"2026-03-27T09:55:54","slug":"saco-lana-mineral-supafil-cavity-34","status":"publish","type":"product","link":"https:\/\/aislayahorra.es\/tienda\/shop\/saco-lana-mineral-supafil-cavity-34\/","title":{"rendered":"Saco lana mineral Supafil Cavity 34"},"content":{"rendered":"\t\t<div data-elementor-type=\"product-post\" data-elementor-id=\"2999\" class=\"elementor elementor-2999\" data-elementor-post-type=\"product\">\n\t\t\t\t\t\t<section class=\"elementor-section elementor-top-section elementor-element elementor-element-5c58c7f elementor-section-boxed elementor-section-height-default elementor-section-height-default\" data-id=\"5c58c7f\" data-element_type=\"section\" data-e-type=\"section\">\n\t\t\t\t\t\t<div class=\"elementor-container elementor-column-gap-default\">\n\t\t\t\t\t<div class=\"elementor-column elementor-col-100 elementor-top-column elementor-element elementor-element-eb84a09\" data-id=\"eb84a09\" data-element_type=\"column\" data-e-type=\"column\">\n\t\t\t<div class=\"elementor-widget-wrap elementor-element-populated\">\n\t\t\t\t\t\t<div class=\"elementor-element elementor-element-66020a6 elementor-widget elementor-widget-text-editor\" data-id=\"66020a6\" data-element_type=\"widget\" data-e-type=\"widget\" data-widget_type=\"text-editor.default\">\n\t\t\t\t<div class=\"elementor-widget-container\">\n\t\t\t\t\t\t\t\t\t<p>El saco lana mineral Supafil Cavity 34 contiene un aislamiento idoneo para aislar las cavidades de fachadas en edificios en Espa\u00f1a mediante el uso de aislamiento insuflado, que requiere un equipo de aire insuflado. Tambi\u00e9n se pueden insuflar falsos techos y trasdosados de PYL. Finalmente, gracias a su excelente rendimiento en t\u00e9rminos t\u00e9rmicos, con un lambda 0,034 W\/mK tambi\u00e9n se puede aplicar para el soplado bajo cubiertas o palomeros. La instalaci\u00f3n debe realizarse por instaladores homologados para lanas minerales.<\/p>\t\t\t\t\t\t\t\t<\/div>\n\t\t\t\t<\/div>\n\t\t\t\t\t<\/div>\n\t\t<\/div>\n\t\t\t\t\t<\/div>\n\t\t<\/section>\n\t\t\t\t<section class=\"elementor-section elementor-top-section elementor-element elementor-element-6444fb4 elementor-section-boxed elementor-section-height-default elementor-section-height-default\" data-id=\"6444fb4\" data-element_type=\"section\" data-e-type=\"section\">\n\t\t\t\t\t\t<div class=\"elementor-container elementor-column-gap-default\">\n\t\t\t\t\t<div class=\"elementor-column elementor-col-100 elementor-top-column elementor-element elementor-element-9ffbd7a\" data-id=\"9ffbd7a\" data-element_type=\"column\" data-e-type=\"column\">\n\t\t\t<div class=\"elementor-widget-wrap elementor-element-populated\">\n\t\t\t\t\t\t<div class=\"elementor-element elementor-element-0418cd1 elementor-widget elementor-widget-image\" data-id=\"0418cd1\" data-element_type=\"widget\" data-e-type=\"widget\" data-widget_type=\"image.default\">\n\t\t\t\t<div class=\"elementor-widget-container\">\n\t\t\t\t\t\t\t\t\t\t\t\t\t\t\t<img fetchpriority=\"high\" decoding=\"async\" width=\"336\" height=\"350\" src=\"https:\/\/aislayahorra.es\/tienda\/wp-content\/uploads\/2025\/12\/37e1695a619ab232a00cd26f8365c2e3.png\" class=\"attachment-large size-large wp-image-3000\" alt=\"Saco lana mineral Supafil Cavity 34\" srcset=\"https:\/\/aislayahorra.es\/tienda\/wp-content\/uploads\/2025\/12\/37e1695a619ab232a00cd26f8365c2e3.png 336w, https:\/\/aislayahorra.es\/tienda\/wp-content\/uploads\/2025\/12\/37e1695a619ab232a00cd26f8365c2e3-288x300.png 288w, https:\/\/aislayahorra.es\/tienda\/wp-content\/uploads\/2025\/12\/37e1695a619ab232a00cd26f8365c2e3-64x67.png 64w\" sizes=\"(max-width: 336px) 100vw, 336px\" \/>\t\t\t\t\t\t\t\t\t\t\t\t\t\t\t<\/div>\n\t\t\t\t<\/div>\n\t\t\t\t\t<\/div>\n\t\t<\/div>\n\t\t\t\t\t<\/div>\n\t\t<\/section>\n\t\t\t\t<section class=\"elementor-section elementor-top-section elementor-element elementor-element-bae3719 elementor-section-boxed elementor-section-height-default elementor-section-height-default\" data-id=\"bae3719\" data-element_type=\"section\" data-e-type=\"section\">\n\t\t\t\t\t\t<div class=\"elementor-container elementor-column-gap-default\">\n\t\t\t\t\t<div class=\"elementor-column elementor-col-100 elementor-top-column elementor-element elementor-element-0d17b69\" data-id=\"0d17b69\" data-element_type=\"column\" data-e-type=\"column\">\n\t\t\t<div class=\"elementor-widget-wrap elementor-element-populated\">\n\t\t\t\t\t\t<div class=\"elementor-element elementor-element-6a84a95 elementor-widget__width-initial elementor-widget elementor-widget-text-editor\" data-id=\"6a84a95\" data-element_type=\"widget\" data-e-type=\"widget\" data-widget_type=\"text-editor.default\">\n\t\t\t\t<div class=\"elementor-widget-container\">\n\t\t\t\t\t\t\t\t\t<h2 data-path-to-node=\"0\">Ventajas del saco lana mineral Supafil Cavity 34:<\/h2><p data-path-to-node=\"0\">\u00a0<\/p><p data-path-to-node=\"0\"><span dir=\"auto\">El saco lana mineral <\/span><b data-path-to-node=\"0\" data-index-in-node=\"16\"><span dir=\"auto\">Supafil Cavity 34<\/span><\/b><span dir=\"auto\"> (de Knauf Insulation) es una de las soluciones m\u00e1s avanzadas para el aislamiento de c\u00e1maras de aire. <\/span><span class=\"citation-31\"><span dir=\"auto\">Al ser una <\/span><\/span><b data-path-to-node=\"0\" data-index-in-node=\"146\"><span class=\"citation-31\"><span dir=\"auto\">lana mineral virgen<\/span><\/span><\/b><span class=\"citation-31 citation-end-31\"><span dir=\"auto\">, ofrece prestaciones superiores frente a otros materiales insuflados tradicionales.<\/span><\/span><\/p><p data-path-to-node=\"1\"><span dir=\"auto\">Presentamos las ventajas claves desglosadas por su rendimiento y aplicaci\u00f3n en fachadas, falsos techos y trasdosados de PYL (Placa de Yeso Laminado):<\/span><\/p><p data-path-to-node=\"2\"><strong><span dir=\"auto\">1. <\/span><span class=\"citation-30 citation-end-30\"><span dir=\"auto\">M\u00e1ximo Rendimiento T\u00e9rmico (valor <\/span><\/span><span class=\"math-inline\" data-math=\"\\lambda = 0,034\" data-index-in-node=\"31\">lambda = 0,034<\/span><span class=\"citation-29 citation-end-29\"><span dir=\"auto\">)<\/span><\/span><\/strong><\/p><p data-path-to-node=\"3\"><span dir=\"auto\">Es el beneficio principal que le da nombre. <\/span><span class=\"citation-28 citation-end-28\"><span dir=\"auto\">Su conductividad t\u00e9rmica de <\/span><\/span><b data-path-to-node=\"3\" data-index-in-node=\"72\"><span class=\"math-inline\" data-math=\"0,034\\text{ W\/m\u00b7K}\" data-index-in-node=\"72\">0,034\\W\/m\u00b7K <\/span><\/b><span class=\"citation-27 citation-end-27\"><span dir=\"auto\">es de las m\u00e1s bajas del mercado para productos insuflados.<\/span><\/span><\/p><ul data-path-to-node=\"4\"><li><p data-path-to-node=\"4,0,0\"><b data-path-to-node=\"4,0,0\" data-index-in-node=\"0\"><span dir=\"auto\">Fachadas:<\/span><\/b><span dir=\"auto\"> Al eliminar las corrientes de aire internas de la c\u00e1mara, desaparece el \u00abefecto pared fr\u00eda\u00bb, estabilizando la temperatura interior.<\/span><\/p><\/li><li><p data-path-to-node=\"4,1,0\"><b data-path-to-node=\"4,1,0\" data-index-in-node=\"0\"><span dir=\"auto\">Eficiencia:<\/span><\/b><span dir=\"auto\"> Permite alcanzar una resistencia t\u00e9rmica elevada incluso en c\u00e1maras estrechas, donde otros materiales requerir\u00edan m\u00e1s espesor para aislar lo mismo.<\/span><\/p><\/li><\/ul><p data-path-to-node=\"5\"><strong><span dir=\"auto\">2. Seguridad Total frente al Fuego (Euroclase A1)<\/span><\/strong><\/p><ul><li data-path-to-node=\"6\"><span class=\"citation-26\"><span dir=\"auto\">El saco <a href=\"https:\/\/aislayahorra.es\/fibra-de-vidrio\/\">lana mineral<\/a> Supafil Cavity 34 es <\/span><\/span><b data-path-to-node=\"6\" data-index-in-node=\"131\"><span class=\"citation-26\"><span dir=\"auto\">totalmente incombustible<\/span><\/span><\/b><span class=\"citation-26 citation-end-26\"><span dir=\"auto\"> .<\/span><\/span><\/li><li data-path-to-node=\"7,0,0\"><span class=\"citation-25 citation-end-25\"><span dir=\"auto\">No propaga llama ni emite humos t\u00f3xicos.<\/span><\/span><\/li><li><span dir=\"auto\">Es ideal para edificios de altura o trasdosados de PYL donde la protecci\u00f3n pasiva contra incendios es cr\u00edtica.<\/span><\/li><\/ul><p data-path-to-node=\"8\"><strong><span dir=\"auto\">3. Comportamiento frente a la Humedad (Hidr\u00f3fugo)<\/span><\/strong><\/p><ul><li data-path-to-node=\"9\"><span class=\"citation-24\"><span dir=\"auto\">Es un material <\/span><\/span><b data-path-to-node=\"9\" data-index-in-node=\"15\"><span class=\"citation-24\"><span dir=\"auto\">no higrosc\u00f3pico<\/span><\/span><\/b><span class=\"citation-24 citation-end-24\"><span dir=\"auto\"> , lo que significa que no absorbe agua por capilaridad ni por humedad ambiental.<\/span><\/span><\/li><li data-path-to-node=\"10,0,0\"><b data-path-to-node=\"10,0,0\" data-index-in-node=\"0\"><span dir=\"auto\">transpirabilidad: <\/span><\/b><span class=\"citation-23 citation-end-23\"><span dir=\"auto\">Permite que el muro \u00abrespire\u00bb (vapor de agua), evitando condensaciones intersticiales.<\/span><\/span><\/li><li data-path-to-node=\"10,1,0\"><b data-path-to-node=\"10,1,0\" data-index-in-node=\"0\"><span dir=\"auto\">Salud: <\/span><\/b><span class=\"citation-22 citation-end-22\"><span dir=\"auto\">Al ser un material mineral inerte, no favorece el crecimiento de moho, hongos o bacterias, algo vital en el interior de c\u00e1maras de aire de fachadas.<\/span><\/span><\/li><\/ul><p data-path-to-node=\"11\"><strong><span dir=\"auto\">4. Estabilidad y durabilidad<\/span><\/strong><\/p><p data-path-to-node=\"12\"><span dir=\"auto\">Una de las grandes preocupaciones en el insuflado es el asentamiento (que el material baje con el tiempo y deje huecos arriba).<\/span><\/p><ul><li data-path-to-node=\"13,0,0\"><b data-path-to-node=\"13,0,0\" data-index-in-node=\"0\"><span dir=\"auto\">Sin asentamiento:<\/span><\/b><span class=\"citation-21 citation-end-21\"><span dir=\"auto\"> Una vez insuflado con la densidad correcta <\/span><\/span><span class=\"math-inline\" data-math=\"\\approx 35\\text{ kg\/m\u00b3}\" data-index-in-node=\"62\">approx 35 kg\/m\u00b3<\/span><span class=\"citation-20 citation-end-20\"><span dir=\"auto\">, las fibras tienen un comportamiento el\u00e1stico y no se asientan, manteniendo su capacidad aislante durante toda la vida \u00fatil del edificio.<\/span><\/span><\/li><li data-path-to-node=\"13,1,0\"><b data-path-to-node=\"13,1,0\" data-index-in-node=\"0\"><span dir=\"auto\">Inerte:<\/span><\/b><span class=\"citation-19 citation-end-19\"><span dir=\"auto\"> No se degrada ni pierde propiedades con el paso de las d\u00e9cadas.<\/span><\/span><\/li><\/ul><p data-path-to-node=\"14\"><strong><span dir=\"auto\">5. Instalaci\u00f3n Limpia y Vers\u00e1til<\/span><\/strong><\/p><p data-path-to-node=\"15,0,0\"><b data-path-to-node=\"15,0,0\" data-index-in-node=\"0\"><span class=\"citation-18\"><span dir=\"auto\">Sin obras: <\/span><\/span><\/b><span class=\"citation-18 citation-end-18\"><span dir=\"auto\">El acceso se realiza mediante peque\u00f1as perforaciones 30 a 40<\/span><\/span><span class=\"math-inline\" data-math=\"25\\text{ mm}\" data-index-in-node=\"78\">\u00a0mm<\/span><span class=\"citation-17 citation-end-17\"><span dir=\"auto\"> que luego se sellan.<\/span><\/span>\u00a0<span class=\"citation-16 citation-end-16\"><span dir=\"auto\">En una vivienda tipo piso, el trabajo puede terminar en un solo d\u00eda.<\/span><\/span><\/p><p><b data-path-to-node=\"15,1,0\" data-index-in-node=\"0\"><span dir=\"auto\">Trasdosados de PYL y Falsos Techos:<\/span><\/b><span dir=\"auto\"> Gracias a su fluidez durante el insuflado, rellena perfectamente todos los huecos y rincones alrededor de los perfiles met\u00e1licos de la tabiquer\u00eda seca, garantizando un aislamiento continuo sin puentes t\u00e9rmicos.<\/span><\/p><hr data-path-to-node=\"16\" \/><p data-path-to-node=\"17\"><span dir=\"auto\">Resumen de Caracter\u00edsticas T\u00e9cnicas<\/span><\/p><div class=\"source-inline-chip-container ng-star-inserted\">\u00a0<\/div><table data-path-to-node=\"18\"><thead><tr><td><strong>Propiedad<\/strong><\/td><td><strong>Valor \/ Clasificaci\u00f3n<\/strong><\/td><\/tr><\/thead><tbody><tr><td><span data-path-to-node=\"18,1,0,0\"><b data-path-to-node=\"18,1,0,0\" data-index-in-node=\"0\"><span dir=\"auto\">Conductividad t\u00e9rmica (<\/span><span class=\"math-inline\" data-math=\"\\lambda\" data-index-in-node=\"23\">$\\lambda$<\/span><span dir=\"auto\">)<\/span><\/b><\/span><\/td><td><span data-path-to-node=\"18,1,1,0\"><span class=\"math-inline\" data-math=\"0,034\\text{ W\/m\u00b7K}\" data-index-in-node=\"0\">0,034 W\/m\u00b7K<\/span><\/span><\/td><\/tr><tr><td><span data-path-to-node=\"18,2,0,0\"><b data-path-to-node=\"18,2,0,0\" data-index-in-node=\"0\"><span dir=\"auto\">Reacci\u00f3n al Fuego<\/span><\/b><\/span><\/td><td><span data-path-to-node=\"18,2,1,0\"><span dir=\"auto\">Euroclase A1 (Incombustible)<\/span><\/span><\/td><\/tr><tr><td><span data-path-to-node=\"18,3,0,0\"><b data-path-to-node=\"18,3,0,0\" data-index-in-node=\"0\"><span dir=\"auto\">Resistencia al Vapor, valor mue\u00a0<\/span><\/b><\/span><\/td><td><span data-path-to-node=\"18,3,1,0\"><span class=\"math-inline\" data-math=\"1\" data-index-in-node=\"0\">1 <\/span><span dir=\"auto\">(Muy transpirable)<\/span><\/span><\/td><\/tr><tr><td><span data-path-to-node=\"18,4,0,0\"><b data-path-to-node=\"18,4,0,0\" data-index-in-node=\"0\"><span dir=\"auto\">Calidad de Aire Interior<\/span><\/b><\/span><\/td><td><span data-path-to-node=\"18,4,1,0\"><span dir=\"auto\">Certificado Eurofins Gold (Sin COV)<\/span><\/span><\/td><\/tr><tr><td><span data-path-to-node=\"18,5,0,0\"><b data-path-to-node=\"18,5,0,0\" data-index-in-node=\"0\"><span dir=\"auto\">Origen<\/span><\/b><\/span><\/td><td><span data-path-to-node=\"18,5,1,0\"><span dir=\"auto\">Lana de vidrio virgen (sin resinas ni fenoles)<\/span><\/span><\/td><\/tr><\/tbody><\/table><p data-path-to-node=\"19\">\u00a0<\/p>\t\t\t\t\t\t\t\t<\/div>\n\t\t\t\t<\/div>\n\t\t\t\t\t<\/div>\n\t\t<\/div>\n\t\t\t\t\t<\/div>\n\t\t<\/section>\n\t\t\t\t<\/div>\n\t\t","protected":false},"excerpt":{"rendered":"<p>El saco lana mineral Supafil Cavity 34 contiene un aislamiento idoneo para aislar las cavidades de fachadas en edificios en Espa\u00f1a mediante el uso de aislamiento insuflado, que requiere un equipo de aire insuflado. Tambi\u00e9n se pueden insuflar falsos techos y trasdosados de PYL. Finalmente, gracias a su excelente rendimiento en t\u00e9rminos t\u00e9rmicos, con un lambda 0,034 W\/mK tambi\u00e9n se puede aplicar para el soplado bajo cubiertas o palomeros. La instalaci\u00f3n debe realizarse por instaladores homologados para lanas minerales.<\/p>\n","protected":false},"featured_media":3000,"comment_status":"open","ping_status":"closed","template":"","meta":[],"product_brand":[],"product_cat":[19],"product_tag":[126],"class_list":{"0":"post-2999","1":"product","2":"type-product","3":"status-publish","4":"has-post-thumbnail","6":"product_cat-materiales","7":"product_tag-supafil-34-cavity","8":"product_shipping_class-producto-tipo-3","10":"first","11":"instock","12":"shipping-taxable","13":"purchasable","14":"product-type-simple"},"yoast_head":"<!-- This site is optimized with the Yoast SEO plugin v26.8 - https:\/\/yoast.com\/product\/yoast-seo-wordpress\/ -->\n<title>Saco lana mineral Supafil Cavity 34 - A\u00edsla y Ahorra<\/title>\n<meta name=\"description\" content=\"El saco lana mineral Supafil Cavity 34 ofrece un aislamiento excepcional para aislamientos insuflados. En 1 d\u00edas y sin obra\" \/>\n<meta name=\"robots\" content=\"index, follow, max-snippet:-1, max-image-preview:large, max-video-preview:-1\" \/>\n<link rel=\"canonical\" href=\"https:\/\/aislayahorra.es\/tienda\/shop\/saco-lana-mineral-supafil-cavity-34\/\" \/>\n<meta property=\"og:locale\" content=\"es_ES\" \/>\n<meta property=\"og:type\" content=\"article\" \/>\n<meta property=\"og:title\" content=\"Saco lana mineral Supafil Cavity 34 - A\u00edsla y Ahorra\" \/>\n<meta property=\"og:description\" content=\"El saco lana mineral Supafil Cavity 34 ofrece un aislamiento excepcional para aislamientos insuflados. En 1 d\u00edas y sin obra\" \/>\n<meta property=\"og:url\" content=\"https:\/\/aislayahorra.es\/tienda\/shop\/saco-lana-mineral-supafil-cavity-34\/\" \/>\n<meta property=\"article:modified_time\" content=\"2026-03-27T09:55:54+00:00\" \/>\n<meta property=\"og:image\" content=\"https:\/\/aislayahorra.es\/tienda\/wp-content\/uploads\/2025\/12\/37e1695a619ab232a00cd26f8365c2e3.png\" \/>\n\t<meta property=\"og:image:width\" content=\"336\" \/>\n\t<meta property=\"og:image:height\" content=\"350\" \/>\n\t<meta property=\"og:image:type\" content=\"image\/png\" \/>\n<meta name=\"twitter:card\" content=\"summary_large_image\" \/>\n<meta name=\"twitter:label1\" content=\"Tiempo de lectura\" \/>\n\t<meta name=\"twitter:data1\" content=\"3 minutos\" \/>\n<script type=\"application\/ld+json\" class=\"yoast-schema-graph\">{\"@context\":\"https:\/\/schema.org\",\"@graph\":[{\"@type\":\"WebPage\",\"@id\":\"https:\/\/aislayahorra.es\/tienda\/shop\/saco-lana-mineral-supafil-cavity-34\/\",\"url\":\"https:\/\/aislayahorra.es\/tienda\/shop\/saco-lana-mineral-supafil-cavity-34\/\",\"name\":\"Saco lana mineral Supafil Cavity 34 - A\u00edsla y Ahorra\",\"isPartOf\":{\"@id\":\"https:\/\/aislayahorra.es\/tienda\/#website\"},\"primaryImageOfPage\":{\"@id\":\"https:\/\/aislayahorra.es\/tienda\/shop\/saco-lana-mineral-supafil-cavity-34\/#primaryimage\"},\"image\":{\"@id\":\"https:\/\/aislayahorra.es\/tienda\/shop\/saco-lana-mineral-supafil-cavity-34\/#primaryimage\"},\"thumbnailUrl\":\"https:\/\/aislayahorra.es\/tienda\/wp-content\/uploads\/2025\/12\/37e1695a619ab232a00cd26f8365c2e3.png\",\"datePublished\":\"2025-12-25T19:44:57+00:00\",\"dateModified\":\"2026-03-27T09:55:54+00:00\",\"description\":\"El saco lana mineral Supafil Cavity 34 ofrece un aislamiento excepcional para aislamientos insuflados. En 1 d\u00edas y sin obra\",\"breadcrumb\":{\"@id\":\"https:\/\/aislayahorra.es\/tienda\/shop\/saco-lana-mineral-supafil-cavity-34\/#breadcrumb\"},\"inLanguage\":\"es\",\"potentialAction\":[{\"@type\":\"ReadAction\",\"target\":[\"https:\/\/aislayahorra.es\/tienda\/shop\/saco-lana-mineral-supafil-cavity-34\/\"]}]},{\"@type\":\"ImageObject\",\"inLanguage\":\"es\",\"@id\":\"https:\/\/aislayahorra.es\/tienda\/shop\/saco-lana-mineral-supafil-cavity-34\/#primaryimage\",\"url\":\"https:\/\/aislayahorra.es\/tienda\/wp-content\/uploads\/2025\/12\/37e1695a619ab232a00cd26f8365c2e3.png\",\"contentUrl\":\"https:\/\/aislayahorra.es\/tienda\/wp-content\/uploads\/2025\/12\/37e1695a619ab232a00cd26f8365c2e3.png\",\"width\":336,\"height\":350,\"caption\":\"Saco lana mineral Supafil Cavity 34\"},{\"@type\":\"BreadcrumbList\",\"@id\":\"https:\/\/aislayahorra.es\/tienda\/shop\/saco-lana-mineral-supafil-cavity-34\/#breadcrumb\",\"itemListElement\":[{\"@type\":\"ListItem\",\"position\":1,\"name\":\"Portada\",\"item\":\"https:\/\/aislayahorra.es\/tienda\/\"},{\"@type\":\"ListItem\",\"position\":2,\"name\":\"Shop\",\"item\":\"https:\/\/aislayahorra.es\/tienda\/\"},{\"@type\":\"ListItem\",\"position\":3,\"name\":\"Saco lana mineral Supafil Cavity 34\"}]},{\"@type\":\"WebSite\",\"@id\":\"https:\/\/aislayahorra.es\/tienda\/#website\",\"url\":\"https:\/\/aislayahorra.es\/tienda\/\",\"name\":\"\",\"description\":\"\",\"potentialAction\":[{\"@type\":\"SearchAction\",\"target\":{\"@type\":\"EntryPoint\",\"urlTemplate\":\"https:\/\/aislayahorra.es\/tienda\/?s={search_term_string}\"},\"query-input\":{\"@type\":\"PropertyValueSpecification\",\"valueRequired\":true,\"valueName\":\"search_term_string\"}}],\"inLanguage\":\"es\"}]}<\/script>\n<!-- \/ Yoast SEO plugin. -->","yoast_head_json":{"title":"Saco lana mineral Supafil Cavity 34 - A\u00edsla y Ahorra","description":"El saco lana mineral Supafil Cavity 34 ofrece un aislamiento excepcional para aislamientos insuflados. En 1 d\u00edas y sin obra","robots":{"index":"index","follow":"follow","max-snippet":"max-snippet:-1","max-image-preview":"max-image-preview:large","max-video-preview":"max-video-preview:-1"},"canonical":"https:\/\/aislayahorra.es\/tienda\/shop\/saco-lana-mineral-supafil-cavity-34\/","og_locale":"es_ES","og_type":"article","og_title":"Saco lana mineral Supafil Cavity 34 - A\u00edsla y Ahorra","og_description":"El saco lana mineral Supafil Cavity 34 ofrece un aislamiento excepcional para aislamientos insuflados. En 1 d\u00edas y sin obra","og_url":"https:\/\/aislayahorra.es\/tienda\/shop\/saco-lana-mineral-supafil-cavity-34\/","article_modified_time":"2026-03-27T09:55:54+00:00","og_image":[{"width":336,"height":350,"url":"https:\/\/aislayahorra.es\/tienda\/wp-content\/uploads\/2025\/12\/37e1695a619ab232a00cd26f8365c2e3.png","type":"image\/png"}],"twitter_card":"summary_large_image","twitter_misc":{"Tiempo de lectura":"3 minutos"},"schema":{"@context":"https:\/\/schema.org","@graph":[{"@type":"WebPage","@id":"https:\/\/aislayahorra.es\/tienda\/shop\/saco-lana-mineral-supafil-cavity-34\/","url":"https:\/\/aislayahorra.es\/tienda\/shop\/saco-lana-mineral-supafil-cavity-34\/","name":"Saco lana mineral Supafil Cavity 34 - A\u00edsla y Ahorra","isPartOf":{"@id":"https:\/\/aislayahorra.es\/tienda\/#website"},"primaryImageOfPage":{"@id":"https:\/\/aislayahorra.es\/tienda\/shop\/saco-lana-mineral-supafil-cavity-34\/#primaryimage"},"image":{"@id":"https:\/\/aislayahorra.es\/tienda\/shop\/saco-lana-mineral-supafil-cavity-34\/#primaryimage"},"thumbnailUrl":"https:\/\/aislayahorra.es\/tienda\/wp-content\/uploads\/2025\/12\/37e1695a619ab232a00cd26f8365c2e3.png","datePublished":"2025-12-25T19:44:57+00:00","dateModified":"2026-03-27T09:55:54+00:00","description":"El saco lana mineral Supafil Cavity 34 ofrece un aislamiento excepcional para aislamientos insuflados. En 1 d\u00edas y sin obra","breadcrumb":{"@id":"https:\/\/aislayahorra.es\/tienda\/shop\/saco-lana-mineral-supafil-cavity-34\/#breadcrumb"},"inLanguage":"es","potentialAction":[{"@type":"ReadAction","target":["https:\/\/aislayahorra.es\/tienda\/shop\/saco-lana-mineral-supafil-cavity-34\/"]}]},{"@type":"ImageObject","inLanguage":"es","@id":"https:\/\/aislayahorra.es\/tienda\/shop\/saco-lana-mineral-supafil-cavity-34\/#primaryimage","url":"https:\/\/aislayahorra.es\/tienda\/wp-content\/uploads\/2025\/12\/37e1695a619ab232a00cd26f8365c2e3.png","contentUrl":"https:\/\/aislayahorra.es\/tienda\/wp-content\/uploads\/2025\/12\/37e1695a619ab232a00cd26f8365c2e3.png","width":336,"height":350,"caption":"Saco lana mineral Supafil Cavity 34"},{"@type":"BreadcrumbList","@id":"https:\/\/aislayahorra.es\/tienda\/shop\/saco-lana-mineral-supafil-cavity-34\/#breadcrumb","itemListElement":[{"@type":"ListItem","position":1,"name":"Portada","item":"https:\/\/aislayahorra.es\/tienda\/"},{"@type":"ListItem","position":2,"name":"Shop","item":"https:\/\/aislayahorra.es\/tienda\/"},{"@type":"ListItem","position":3,"name":"Saco lana mineral Supafil Cavity 34"}]},{"@type":"WebSite","@id":"https:\/\/aislayahorra.es\/tienda\/#website","url":"https:\/\/aislayahorra.es\/tienda\/","name":"","description":"","potentialAction":[{"@type":"SearchAction","target":{"@type":"EntryPoint","urlTemplate":"https:\/\/aislayahorra.es\/tienda\/?s={search_term_string}"},"query-input":{"@type":"PropertyValueSpecification","valueRequired":true,"valueName":"search_term_string"}}],"inLanguage":"es"}]}},"_links":{"self":[{"href":"https:\/\/aislayahorra.es\/tienda\/wp-json\/wp\/v2\/product\/2999","targetHints":{"allow":["GET"]}}],"collection":[{"href":"https:\/\/aislayahorra.es\/tienda\/wp-json\/wp\/v2\/product"}],"about":[{"href":"https:\/\/aislayahorra.es\/tienda\/wp-json\/wp\/v2\/types\/product"}],"replies":[{"embeddable":true,"href":"https:\/\/aislayahorra.es\/tienda\/wp-json\/wp\/v2\/comments?post=2999"}],"version-history":[{"count":25,"href":"https:\/\/aislayahorra.es\/tienda\/wp-json\/wp\/v2\/product\/2999\/revisions"}],"predecessor-version":[{"id":3026,"href":"https:\/\/aislayahorra.es\/tienda\/wp-json\/wp\/v2\/product\/2999\/revisions\/3026"}],"wp:featuredmedia":[{"embeddable":true,"href":"https:\/\/aislayahorra.es\/tienda\/wp-json\/wp\/v2\/media\/3000"}],"wp:attachment":[{"href":"https:\/\/aislayahorra.es\/tienda\/wp-json\/wp\/v2\/media?parent=2999"}],"wp:term":[{"taxonomy":"product_brand","embeddable":true,"href":"https:\/\/aislayahorra.es\/tienda\/wp-json\/wp\/v2\/product_brand?post=2999"},{"taxonomy":"product_cat","embeddable":true,"href":"https:\/\/aislayahorra.es\/tienda\/wp-json\/wp\/v2\/product_cat?post=2999"},{"taxonomy":"product_tag","embeddable":true,"href":"https:\/\/aislayahorra.es\/tienda\/wp-json\/wp\/v2\/product_tag?post=2999"}],"curies":[{"name":"wp","href":"https:\/\/api.w.org\/{rel}","templated":true}]}}