{"id":3046,"date":"2026-01-10T14:46:50","date_gmt":"2026-01-10T12:46:50","guid":{"rendered":"https:\/\/aislayahorra.es\/tienda\/?post_type=product&#038;p=3046"},"modified":"2026-01-10T18:32:52","modified_gmt":"2026-01-10T16:32:52","slug":"kit-corona-35-mm-con-extension-corta","status":"publish","type":"product","link":"https:\/\/aislayahorra.es\/tienda\/shop\/kit-corona-35-mm-con-extension-corta\/","title":{"rendered":"Kit corona 35 mm con extensi\u00f3n corta"},"content":{"rendered":"\t\t<div data-elementor-type=\"product-post\" data-elementor-id=\"3046\" class=\"elementor elementor-3046\" data-elementor-post-type=\"product\">\n\t\t\t\t\t\t<section class=\"elementor-section elementor-top-section elementor-element elementor-element-52e480a elementor-section-boxed elementor-section-height-default elementor-section-height-default\" data-id=\"52e480a\" data-element_type=\"section\" data-e-type=\"section\">\n\t\t\t\t\t\t<div class=\"elementor-container elementor-column-gap-default\">\n\t\t\t\t\t<div class=\"elementor-column elementor-col-100 elementor-top-column elementor-element elementor-element-0dd3b77\" data-id=\"0dd3b77\" data-element_type=\"column\" data-e-type=\"column\">\n\t\t\t<div class=\"elementor-widget-wrap elementor-element-populated\">\n\t\t\t\t\t\t<div class=\"elementor-element elementor-element-b9d004b elementor-widget elementor-widget-text-editor\" data-id=\"b9d004b\" data-element_type=\"widget\" data-e-type=\"widget\" data-widget_type=\"text-editor.default\">\n\t\t\t\t<div class=\"elementor-widget-container\">\n\t\t\t\t\t\t\t\t\t<p>Kit Corona 35 mm con extensi\u00f3n corta de adaptaci\u00f3n SDS. En el aislamiento insuflado se requiere con frecuencia usar una corona de 35 mm, capaz de perforar ladrillo, yeso, escayola, o mortero. Mediante los dientes y usando la percursi\u00f3n puede ejecutarse as\u00ed una perforaci\u00f3n perfecta para el aislamiento insuflado. El taladro ejecutado ser\u00e1 suficientemente grande para la introducci\u00f3n de una tobera de insuflado y una inspecci\u00f3n ocular, a la vez que se puede tapar con mayor facilidad.\u00a0\u00a0<\/p><p>En el mercado no est\u00e1 disponible este tipo de herramienta habitualmente, por lo que hemos optado por combinar un v\u00e1stago y una corona ideal para el aislamiento insuflado.\u00a0<\/p><p>Existe tambi\u00e9n la posibilidad de combinar la corona con un v\u00e1stago mas largo de 440 mm. En vez de constituir un KIT Corona 35 mm con extensi\u00f3n corta de adaptaci\u00f3n SDS, ser\u00eda un KIT Corona 35 mm con extensi\u00f3n larga.\u00a0 Ello es necesario a veces en perforaciones mas profundas, o cuando se ejecuta la obra desde el exterior, para encontrar la c\u00e1mara en el interior.<\/p>\t\t\t\t\t\t\t\t<\/div>\n\t\t\t\t<\/div>\n\t\t\t\t\t<\/div>\n\t\t<\/div>\n\t\t\t\t\t<\/div>\n\t\t<\/section>\n\t\t\t\t<section class=\"elementor-section elementor-top-section elementor-element elementor-element-33639d7 elementor-section-boxed elementor-section-height-default elementor-section-height-default\" data-id=\"33639d7\" data-element_type=\"section\" data-e-type=\"section\">\n\t\t\t\t\t\t<div class=\"elementor-container elementor-column-gap-default\">\n\t\t\t\t\t<div class=\"elementor-column elementor-col-100 elementor-top-column elementor-element elementor-element-df0cfc5\" data-id=\"df0cfc5\" data-element_type=\"column\" data-e-type=\"column\">\n\t\t\t<div class=\"elementor-widget-wrap elementor-element-populated\">\n\t\t\t\t\t\t<div class=\"elementor-element elementor-element-a57b5d5 elementor-widget elementor-widget-image\" data-id=\"a57b5d5\" data-element_type=\"widget\" data-e-type=\"widget\" data-widget_type=\"image.default\">\n\t\t\t\t<div class=\"elementor-widget-container\">\n\t\t\t\t\t\t\t\t\t\t\t\t\t\t\t<img fetchpriority=\"high\" decoding=\"async\" width=\"747\" height=\"1024\" src=\"https:\/\/aislayahorra.es\/tienda\/wp-content\/uploads\/2026\/01\/Extension-corta-Kit-de-Insuflado-Corona-35-mm.jpg\" class=\"attachment-large size-large wp-image-3077\" alt=\"Extensi\u00f3n corta Kit de Corona de insuflado\" srcset=\"https:\/\/aislayahorra.es\/tienda\/wp-content\/uploads\/2026\/01\/Extension-corta-Kit-de-Insuflado-Corona-35-mm.jpg 747w, https:\/\/aislayahorra.es\/tienda\/wp-content\/uploads\/2026\/01\/Extension-corta-Kit-de-Insuflado-Corona-35-mm-219x300.jpg 219w, https:\/\/aislayahorra.es\/tienda\/wp-content\/uploads\/2026\/01\/Extension-corta-Kit-de-Insuflado-Corona-35-mm-416x570.jpg 416w, https:\/\/aislayahorra.es\/tienda\/wp-content\/uploads\/2026\/01\/Extension-corta-Kit-de-Insuflado-Corona-35-mm-64x88.jpg 64w\" sizes=\"(max-width: 747px) 100vw, 747px\" \/>\t\t\t\t\t\t\t\t\t\t\t\t\t\t\t<\/div>\n\t\t\t\t<\/div>\n\t\t\t\t\t<\/div>\n\t\t<\/div>\n\t\t\t\t\t<\/div>\n\t\t<\/section>\n\t\t\t\t<section class=\"elementor-section elementor-top-section elementor-element elementor-element-6255167 elementor-section-boxed elementor-section-height-default elementor-section-height-default\" data-id=\"6255167\" data-element_type=\"section\" data-e-type=\"section\">\n\t\t\t\t\t\t<div class=\"elementor-container elementor-column-gap-default\">\n\t\t\t\t\t<div class=\"elementor-column elementor-col-100 elementor-top-column elementor-element elementor-element-f50dd88\" data-id=\"f50dd88\" data-element_type=\"column\" data-e-type=\"column\">\n\t\t\t<div class=\"elementor-widget-wrap elementor-element-populated\">\n\t\t\t\t\t\t<div class=\"elementor-element elementor-element-7715739 elementor-widget elementor-widget-image\" data-id=\"7715739\" data-element_type=\"widget\" data-e-type=\"widget\" data-widget_type=\"image.default\">\n\t\t\t\t<div class=\"elementor-widget-container\">\n\t\t\t\t\t\t\t\t\t\t\t\t\t\t\t<img decoding=\"async\" width=\"747\" height=\"1024\" data-src=\"https:\/\/aislayahorra.es\/tienda\/wp-content\/uploads\/2026\/01\/Kit-Corona-35-mm.jpg\" class=\"attachment-large size-large wp-image-3073 lazyload\" alt=\"Kit Corona 35 mm\" data-srcset=\"https:\/\/aislayahorra.es\/tienda\/wp-content\/uploads\/2026\/01\/Kit-Corona-35-mm.jpg 747w, https:\/\/aislayahorra.es\/tienda\/wp-content\/uploads\/2026\/01\/Kit-Corona-35-mm-219x300.jpg 219w, https:\/\/aislayahorra.es\/tienda\/wp-content\/uploads\/2026\/01\/Kit-Corona-35-mm-416x570.jpg 416w, https:\/\/aislayahorra.es\/tienda\/wp-content\/uploads\/2026\/01\/Kit-Corona-35-mm-64x88.jpg 64w\" data-sizes=\"(max-width: 747px) 100vw, 747px\" src=\"data:image\/svg+xml;base64,PHN2ZyB3aWR0aD0iMSIgaGVpZ2h0PSIxIiB4bWxucz0iaHR0cDovL3d3dy53My5vcmcvMjAwMC9zdmciPjwvc3ZnPg==\" style=\"--smush-placeholder-width: 747px; --smush-placeholder-aspect-ratio: 747\/1024;\" \/>\t\t\t\t\t\t\t\t\t\t\t\t\t\t\t<\/div>\n\t\t\t\t<\/div>\n\t\t\t\t<div class=\"elementor-element elementor-element-6f79f06 elementor-widget elementor-widget-text-editor\" data-id=\"6f79f06\" data-element_type=\"widget\" data-e-type=\"widget\" data-widget_type=\"text-editor.default\">\n\t\t\t\t<div class=\"elementor-widget-container\">\n\t\t\t\t\t\t\t\t\t<p>Corona 35 mm con extensi\u00f3n corta para insuflado consistente en\u00a0<\/p><ul><li>Corona 350 mm<\/li><li>Husillo incluido, 2 tipos disponibles (110 y 440 mm).<\/li><li>Dientes Carburo de Tungsteno Clase P.<\/li><li>Cuerpo en acero especial con h\u00e9lice para mejor evacuaci\u00f3n de la viruta.<\/li><li>Altura \u00faltil de corte 50 mm.<\/li><li>Para uso en rotopercusi\u00f3n.<\/li><li>Apta para perforaci\u00f3n de hormig\u00f3n, conglomerados de cemento, piedra, mamposter\u00eda, \u2026<\/li><li>No apta para hormig\u00f3n armado<\/li><\/ul><p>.<\/p>\t\t\t\t\t\t\t\t<\/div>\n\t\t\t\t<\/div>\n\t\t\t\t\t<\/div>\n\t\t<\/div>\n\t\t\t\t\t<\/div>\n\t\t<\/section>\n\t\t\t\t<section class=\"elementor-section elementor-top-section elementor-element elementor-element-e89899e elementor-section-boxed elementor-section-height-default elementor-section-height-default\" data-id=\"e89899e\" data-element_type=\"section\" data-e-type=\"section\">\n\t\t\t\t\t\t<div class=\"elementor-container elementor-column-gap-default\">\n\t\t\t\t\t<div class=\"elementor-column elementor-col-100 elementor-top-column elementor-element elementor-element-d450155\" data-id=\"d450155\" data-element_type=\"column\" data-e-type=\"column\">\n\t\t\t<div class=\"elementor-widget-wrap elementor-element-populated\">\n\t\t\t\t\t\t<div class=\"elementor-element elementor-element-de5c43c elementor-widget elementor-widget-text-editor\" data-id=\"de5c43c\" data-element_type=\"widget\" data-e-type=\"widget\" data-widget_type=\"text-editor.default\">\n\t\t\t\t<div class=\"elementor-widget-container\">\n\t\t\t\t\t\t\t\t\t<p data-path-to-node=\"0\">Basado en las especificaciones t\u00e9cnicas estas son las ventajas que ofrecen las <b data-path-to-node=\"0\" data-index-in-node=\"95\">Coronas de A\u00edsla y Ahorra<\/b> para los trabajos de aislamiento insuflado:<\/p><ul data-path-to-node=\"1\"><li><p data-path-to-node=\"1,0,0\"><b data-path-to-node=\"1,0,0\" data-index-in-node=\"0\">Alta durabilidad y precisi\u00f3n:<\/b> Gracias a sus dientes de <b data-path-to-node=\"1,0,0\" data-index-in-node=\"55\">Carburo de Tungsteno Clase P<\/b>, permiten realizar perforaciones limpias y precisas incluso en materiales duros, asegurando que el orificio de insuflado sea perfecto para el sellado posterior.<\/p><\/li><li><p data-path-to-node=\"1,1,0\"><b data-path-to-node=\"1,1,0\" data-index-in-node=\"0\">Eficiencia en el trabajo:<\/b> El dise\u00f1o de su cuerpo en <b data-path-to-node=\"1,1,0\" data-index-in-node=\"52\">acero especial con h\u00e9lice<\/b> facilita la evacuaci\u00f3n de la viruta y el polvo de perforaci\u00f3n. Esto evita que la corona se atasque y reduce el tiempo de ejecuci\u00f3n en cada perforaci\u00f3n.<\/p><\/li><li><p data-path-to-node=\"1,2,0\"><b data-path-to-node=\"1,2,0\" data-index-in-node=\"0\">Gran capacidad de perforaci\u00f3n:<\/b> Con una <b data-path-to-node=\"1,2,0\" data-index-in-node=\"39\">altura \u00fatil de corte de 50 mm<\/b>, es ideal para atravesar el espesor de la mayor\u00eda de las fachadas o tabiques necesarios para acceder a la c\u00e1mara de aire.<\/p><\/li><li><p data-path-to-node=\"1,3,0\"><b data-path-to-node=\"1,3,0\" data-index-in-node=\"0\">Versatilidad de materiales:<\/b> Es apta para trabajar sobre una amplia variedad de soportes comunes en construcci\u00f3n, como <b data-path-to-node=\"1,3,0\" data-index-in-node=\"118\">hormig\u00f3n (no armado), conglomerados de cemento, piedra y mamposter\u00eda<\/b>, lo que permite al instalador enfrentarse a casi cualquier tipo de fachada.<\/p><\/li><li><p data-path-to-node=\"1,4,0\"><b data-path-to-node=\"1,4,0\" data-index-in-node=\"0\">Adaptabilidad:<\/b> Al ser compatible con el uso de <b data-path-to-node=\"1,4,0\" data-index-in-node=\"47\">rotopercusi\u00f3n<\/b> y permitir una <b data-path-to-node=\"1,4,0\" data-index-in-node=\"76\">amplia gama de husillos<\/b>, se adapta f\u00e1cilmente a las herramientas est\u00e1ndar que suelen utilizar los profesionales del aislamiento.<\/p><\/li><li><p data-path-to-node=\"1,5,0\"><b data-path-to-node=\"1,5,0\" data-index-in-node=\"0\">Resultados profesionales:<\/b> Al utilizar una herramienta espec\u00edfica para perforaci\u00f3n industrial, se garantiza un acabado t\u00e9cnico que minimiza el riesgo de da\u00f1os est\u00e9ticos en la vivienda del cliente.<\/p><\/li><\/ul><p>\u00a0<\/p>\t\t\t\t\t\t\t\t<\/div>\n\t\t\t\t<\/div>\n\t\t\t\t\t<\/div>\n\t\t<\/div>\n\t\t\t\t\t<\/div>\n\t\t<\/section>\n\t\t\t\t<\/div>\n\t\t","protected":false},"excerpt":{"rendered":"<p>Kit Corona 35 mm con extensi\u00f3n corta de adaptaci\u00f3n SDS. En el aislamiento insuflado se requiere con frecuencia usar una corona de 35 mm, capaz de perforar ladrillo, yeso, escayola, o mortero. Mediante los dientes y usando la percursi\u00f3n puede ejecutarse as\u00ed una perforaci\u00f3n perfecta para el aislamiento insuflado. El taladro ejecutado ser\u00e1 suficientemente grande para la introducci\u00f3n de una tobera de insuflado y una inspecci\u00f3n ocular, a la vez que se puede tapar con mayor facilidad.<\/p>\n<p>En el mercado no est\u00e1 disponible este tipo de herramienta habitualmente, por lo que hemos optado por combinar un v\u00e1stago y una corona ideal para el aislamiento insuflado.<\/p>\n<p>Existe tambi\u00e9n la posibilidad de combinar la corona con un v\u00e1stago mas largo de 440 mm. Ello es necesario a veces en perforaciones mas profundas, o cuando se ejecuta la obra desde el exterior, para encontrar la c\u00e1mara en el interior.<\/p>\n<p>&nbsp;<\/p>\n","protected":false},"featured_media":3081,"comment_status":"open","ping_status":"closed","template":"","meta":[],"product_brand":[],"product_cat":[21],"product_tag":[128],"class_list":{"0":"post-3046","1":"product","2":"type-product","3":"status-publish","4":"has-post-thumbnail","6":"product_cat-accesorios-insuflado","7":"product_tag-corona-con-extension-sds-para-insuflado","8":"product_shipping_class-producto-tipo-3","10":"first","11":"instock","12":"shipping-taxable","13":"purchasable","14":"product-type-simple"},"yoast_head":"<!-- This site is optimized with the Yoast SEO plugin v26.8 - https:\/\/yoast.com\/product\/yoast-seo-wordpress\/ -->\n<title>Kit corona 35 mm con extensi\u00f3n corta - para insuflado<\/title>\n<meta name=\"description\" content=\"Para instalar aislamiento insuflado en fachadas se usa mucho el kit corona 35 mm con extensi\u00f3n corta. KIT especial con extensi\u00f3n SDS para el insuflado\" \/>\n<meta name=\"robots\" content=\"index, follow, max-snippet:-1, max-image-preview:large, max-video-preview:-1\" \/>\n<link rel=\"canonical\" href=\"https:\/\/aislayahorra.es\/tienda\/shop\/kit-corona-35-mm-con-extension-corta\/\" \/>\n<meta property=\"og:locale\" content=\"es_ES\" \/>\n<meta property=\"og:type\" content=\"article\" \/>\n<meta property=\"og:title\" content=\"Kit corona 35 mm con extensi\u00f3n corta - para insuflado\" \/>\n<meta property=\"og:description\" content=\"Para instalar aislamiento insuflado en fachadas se usa mucho el kit corona 35 mm con extensi\u00f3n corta. KIT especial con extensi\u00f3n SDS para el insuflado\" \/>\n<meta property=\"og:url\" content=\"https:\/\/aislayahorra.es\/tienda\/shop\/kit-corona-35-mm-con-extension-corta\/\" \/>\n<meta property=\"article:modified_time\" content=\"2026-01-10T16:32:52+00:00\" \/>\n<meta property=\"og:image\" content=\"https:\/\/aislayahorra.es\/tienda\/wp-content\/uploads\/2026\/01\/Kit-Corona-35-con-extension.jpg\" \/>\n\t<meta property=\"og:image:width\" content=\"747\" \/>\n\t<meta property=\"og:image:height\" content=\"1024\" \/>\n\t<meta property=\"og:image:type\" content=\"image\/jpeg\" \/>\n<meta name=\"twitter:card\" content=\"summary_large_image\" \/>\n<meta name=\"twitter:label1\" content=\"Tiempo de lectura\" \/>\n\t<meta name=\"twitter:data1\" content=\"2 minutos\" \/>\n<script type=\"application\/ld+json\" class=\"yoast-schema-graph\">{\"@context\":\"https:\/\/schema.org\",\"@graph\":[{\"@type\":\"WebPage\",\"@id\":\"https:\/\/aislayahorra.es\/tienda\/shop\/kit-corona-35-mm-con-extension-corta\/\",\"url\":\"https:\/\/aislayahorra.es\/tienda\/shop\/kit-corona-35-mm-con-extension-corta\/\",\"name\":\"Kit corona 35 mm con extensi\u00f3n corta - para insuflado\",\"isPartOf\":{\"@id\":\"https:\/\/aislayahorra.es\/tienda\/#website\"},\"primaryImageOfPage\":{\"@id\":\"https:\/\/aislayahorra.es\/tienda\/shop\/kit-corona-35-mm-con-extension-corta\/#primaryimage\"},\"image\":{\"@id\":\"https:\/\/aislayahorra.es\/tienda\/shop\/kit-corona-35-mm-con-extension-corta\/#primaryimage\"},\"thumbnailUrl\":\"https:\/\/aislayahorra.es\/tienda\/wp-content\/uploads\/2026\/01\/Kit-Corona-35-con-extension.jpg\",\"datePublished\":\"2026-01-10T12:46:50+00:00\",\"dateModified\":\"2026-01-10T16:32:52+00:00\",\"description\":\"Para instalar aislamiento insuflado en fachadas se usa mucho el kit corona 35 mm con extensi\u00f3n corta. KIT especial con extensi\u00f3n SDS para el insuflado\",\"breadcrumb\":{\"@id\":\"https:\/\/aislayahorra.es\/tienda\/shop\/kit-corona-35-mm-con-extension-corta\/#breadcrumb\"},\"inLanguage\":\"es\",\"potentialAction\":[{\"@type\":\"ReadAction\",\"target\":[\"https:\/\/aislayahorra.es\/tienda\/shop\/kit-corona-35-mm-con-extension-corta\/\"]}]},{\"@type\":\"ImageObject\",\"inLanguage\":\"es\",\"@id\":\"https:\/\/aislayahorra.es\/tienda\/shop\/kit-corona-35-mm-con-extension-corta\/#primaryimage\",\"url\":\"https:\/\/aislayahorra.es\/tienda\/wp-content\/uploads\/2026\/01\/Kit-Corona-35-con-extension.jpg\",\"contentUrl\":\"https:\/\/aislayahorra.es\/tienda\/wp-content\/uploads\/2026\/01\/Kit-Corona-35-con-extension.jpg\",\"width\":747,\"height\":1024,\"caption\":\"Kit Corona 35 con extensi\u00f3n\"},{\"@type\":\"BreadcrumbList\",\"@id\":\"https:\/\/aislayahorra.es\/tienda\/shop\/kit-corona-35-mm-con-extension-corta\/#breadcrumb\",\"itemListElement\":[{\"@type\":\"ListItem\",\"position\":1,\"name\":\"Portada\",\"item\":\"https:\/\/aislayahorra.es\/tienda\/\"},{\"@type\":\"ListItem\",\"position\":2,\"name\":\"Shop\",\"item\":\"https:\/\/aislayahorra.es\/tienda\/\"},{\"@type\":\"ListItem\",\"position\":3,\"name\":\"Kit corona 35 mm con extensi\u00f3n corta\"}]},{\"@type\":\"WebSite\",\"@id\":\"https:\/\/aislayahorra.es\/tienda\/#website\",\"url\":\"https:\/\/aislayahorra.es\/tienda\/\",\"name\":\"\",\"description\":\"\",\"potentialAction\":[{\"@type\":\"SearchAction\",\"target\":{\"@type\":\"EntryPoint\",\"urlTemplate\":\"https:\/\/aislayahorra.es\/tienda\/?s={search_term_string}\"},\"query-input\":{\"@type\":\"PropertyValueSpecification\",\"valueRequired\":true,\"valueName\":\"search_term_string\"}}],\"inLanguage\":\"es\"}]}<\/script>\n<!-- \/ Yoast SEO plugin. -->","yoast_head_json":{"title":"Kit corona 35 mm con extensi\u00f3n corta - para insuflado","description":"Para instalar aislamiento insuflado en fachadas se usa mucho el kit corona 35 mm con extensi\u00f3n corta. KIT especial con extensi\u00f3n SDS para el insuflado","robots":{"index":"index","follow":"follow","max-snippet":"max-snippet:-1","max-image-preview":"max-image-preview:large","max-video-preview":"max-video-preview:-1"},"canonical":"https:\/\/aislayahorra.es\/tienda\/shop\/kit-corona-35-mm-con-extension-corta\/","og_locale":"es_ES","og_type":"article","og_title":"Kit corona 35 mm con extensi\u00f3n corta - para insuflado","og_description":"Para instalar aislamiento insuflado en fachadas se usa mucho el kit corona 35 mm con extensi\u00f3n corta. KIT especial con extensi\u00f3n SDS para el insuflado","og_url":"https:\/\/aislayahorra.es\/tienda\/shop\/kit-corona-35-mm-con-extension-corta\/","article_modified_time":"2026-01-10T16:32:52+00:00","og_image":[{"width":747,"height":1024,"url":"https:\/\/aislayahorra.es\/tienda\/wp-content\/uploads\/2026\/01\/Kit-Corona-35-con-extension.jpg","type":"image\/jpeg"}],"twitter_card":"summary_large_image","twitter_misc":{"Tiempo de lectura":"2 minutos"},"schema":{"@context":"https:\/\/schema.org","@graph":[{"@type":"WebPage","@id":"https:\/\/aislayahorra.es\/tienda\/shop\/kit-corona-35-mm-con-extension-corta\/","url":"https:\/\/aislayahorra.es\/tienda\/shop\/kit-corona-35-mm-con-extension-corta\/","name":"Kit corona 35 mm con extensi\u00f3n corta - para insuflado","isPartOf":{"@id":"https:\/\/aislayahorra.es\/tienda\/#website"},"primaryImageOfPage":{"@id":"https:\/\/aislayahorra.es\/tienda\/shop\/kit-corona-35-mm-con-extension-corta\/#primaryimage"},"image":{"@id":"https:\/\/aislayahorra.es\/tienda\/shop\/kit-corona-35-mm-con-extension-corta\/#primaryimage"},"thumbnailUrl":"https:\/\/aislayahorra.es\/tienda\/wp-content\/uploads\/2026\/01\/Kit-Corona-35-con-extension.jpg","datePublished":"2026-01-10T12:46:50+00:00","dateModified":"2026-01-10T16:32:52+00:00","description":"Para instalar aislamiento insuflado en fachadas se usa mucho el kit corona 35 mm con extensi\u00f3n corta. KIT especial con extensi\u00f3n SDS para el insuflado","breadcrumb":{"@id":"https:\/\/aislayahorra.es\/tienda\/shop\/kit-corona-35-mm-con-extension-corta\/#breadcrumb"},"inLanguage":"es","potentialAction":[{"@type":"ReadAction","target":["https:\/\/aislayahorra.es\/tienda\/shop\/kit-corona-35-mm-con-extension-corta\/"]}]},{"@type":"ImageObject","inLanguage":"es","@id":"https:\/\/aislayahorra.es\/tienda\/shop\/kit-corona-35-mm-con-extension-corta\/#primaryimage","url":"https:\/\/aislayahorra.es\/tienda\/wp-content\/uploads\/2026\/01\/Kit-Corona-35-con-extension.jpg","contentUrl":"https:\/\/aislayahorra.es\/tienda\/wp-content\/uploads\/2026\/01\/Kit-Corona-35-con-extension.jpg","width":747,"height":1024,"caption":"Kit Corona 35 con extensi\u00f3n"},{"@type":"BreadcrumbList","@id":"https:\/\/aislayahorra.es\/tienda\/shop\/kit-corona-35-mm-con-extension-corta\/#breadcrumb","itemListElement":[{"@type":"ListItem","position":1,"name":"Portada","item":"https:\/\/aislayahorra.es\/tienda\/"},{"@type":"ListItem","position":2,"name":"Shop","item":"https:\/\/aislayahorra.es\/tienda\/"},{"@type":"ListItem","position":3,"name":"Kit corona 35 mm con extensi\u00f3n corta"}]},{"@type":"WebSite","@id":"https:\/\/aislayahorra.es\/tienda\/#website","url":"https:\/\/aislayahorra.es\/tienda\/","name":"","description":"","potentialAction":[{"@type":"SearchAction","target":{"@type":"EntryPoint","urlTemplate":"https:\/\/aislayahorra.es\/tienda\/?s={search_term_string}"},"query-input":{"@type":"PropertyValueSpecification","valueRequired":true,"valueName":"search_term_string"}}],"inLanguage":"es"}]}},"_links":{"self":[{"href":"https:\/\/aislayahorra.es\/tienda\/wp-json\/wp\/v2\/product\/3046","targetHints":{"allow":["GET"]}}],"collection":[{"href":"https:\/\/aislayahorra.es\/tienda\/wp-json\/wp\/v2\/product"}],"about":[{"href":"https:\/\/aislayahorra.es\/tienda\/wp-json\/wp\/v2\/types\/product"}],"replies":[{"embeddable":true,"href":"https:\/\/aislayahorra.es\/tienda\/wp-json\/wp\/v2\/comments?post=3046"}],"version-history":[{"count":33,"href":"https:\/\/aislayahorra.es\/tienda\/wp-json\/wp\/v2\/product\/3046\/revisions"}],"predecessor-version":[{"id":3090,"href":"https:\/\/aislayahorra.es\/tienda\/wp-json\/wp\/v2\/product\/3046\/revisions\/3090"}],"wp:featuredmedia":[{"embeddable":true,"href":"https:\/\/aislayahorra.es\/tienda\/wp-json\/wp\/v2\/media\/3081"}],"wp:attachment":[{"href":"https:\/\/aislayahorra.es\/tienda\/wp-json\/wp\/v2\/media?parent=3046"}],"wp:term":[{"taxonomy":"product_brand","embeddable":true,"href":"https:\/\/aislayahorra.es\/tienda\/wp-json\/wp\/v2\/product_brand?post=3046"},{"taxonomy":"product_cat","embeddable":true,"href":"https:\/\/aislayahorra.es\/tienda\/wp-json\/wp\/v2\/product_cat?post=3046"},{"taxonomy":"product_tag","embeddable":true,"href":"https:\/\/aislayahorra.es\/tienda\/wp-json\/wp\/v2\/product_tag?post=3046"}],"curies":[{"name":"wp","href":"https:\/\/api.w.org\/{rel}","templated":true}]}}