{"id":3096,"date":"2026-01-11T17:26:26","date_gmt":"2026-01-11T15:26:26","guid":{"rendered":"https:\/\/aislayahorra.es\/tienda\/?post_type=product&#038;p=3096"},"modified":"2026-03-27T11:53:49","modified_gmt":"2026-03-27T09:53:49","slug":"palet-de-lana-de-roca-paroc-blt-9","status":"publish","type":"product","link":"https:\/\/aislayahorra.es\/tienda\/shop\/palet-de-lana-de-roca-paroc-blt-9\/","title":{"rendered":"Palet de lana de roca PAROC BLT 9 900kg"},"content":{"rendered":"\t\t<div data-elementor-type=\"product-post\" data-elementor-id=\"3096\" class=\"elementor elementor-3096\" data-elementor-post-type=\"product\">\n\t\t\t\t\t\t<section class=\"elementor-section elementor-top-section elementor-element elementor-element-77b75d3 elementor-section-boxed elementor-section-height-default elementor-section-height-default\" data-id=\"77b75d3\" data-element_type=\"section\" data-e-type=\"section\">\n\t\t\t\t\t\t<div class=\"elementor-container elementor-column-gap-default\">\n\t\t\t\t\t<div class=\"elementor-column elementor-col-100 elementor-top-column elementor-element elementor-element-1c8e618\" data-id=\"1c8e618\" data-element_type=\"column\" data-e-type=\"column\">\n\t\t\t<div class=\"elementor-widget-wrap elementor-element-populated\">\n\t\t\t\t\t\t<div class=\"elementor-element elementor-element-a49eb6a elementor-widget elementor-widget-text-editor\" data-id=\"a49eb6a\" data-element_type=\"widget\" data-e-type=\"widget\" data-widget_type=\"text-editor.default\">\n\t\t\t\t<div class=\"elementor-widget-container\">\n\t\t\t\t\t\t\t\t\t<p>El palet de lana de roca PAROC BLT 9 sirve para aislar con n\u00f3dulos de lana de roca reciclados, el interior de cavidades, tales como las fachadas, utilizando maquinaria especial de insuflado y equipos instaladores profesionales. Tambi\u00e9n puede usarse para soplar una capa generosa bajo cubierta o tabiques palomeros.\u00a0 Tiene una densidad insuflada de 60 kg\/m3 y soplada de 40 kg\/m3. El palet que nosotros enviamos recortado por motivos de transporte viene con 60 sacos de 15 kg, es decir lleva un total de 900 kg de lana de roca.<\/p><p>Las dimensiones del palet son de 1.60 m x 1.20 m x 2.20 m. Si se quiere transportar en la pen\u00ednsula de Espa\u00f1a.\u00a0\u00a0<\/p>\t\t\t\t\t\t\t\t<\/div>\n\t\t\t\t<\/div>\n\t\t\t\t\t<\/div>\n\t\t<\/div>\n\t\t\t\t\t<\/div>\n\t\t<\/section>\n\t\t\t\t<section class=\"elementor-section elementor-top-section elementor-element elementor-element-1688590 elementor-section-boxed elementor-section-height-default elementor-section-height-default\" data-id=\"1688590\" data-element_type=\"section\" data-e-type=\"section\">\n\t\t\t\t\t\t<div class=\"elementor-container elementor-column-gap-default\">\n\t\t\t\t\t<div class=\"elementor-column elementor-col-100 elementor-top-column elementor-element elementor-element-461c3a8\" data-id=\"461c3a8\" data-element_type=\"column\" data-e-type=\"column\">\n\t\t\t<div class=\"elementor-widget-wrap elementor-element-populated\">\n\t\t\t\t\t\t<div class=\"elementor-element elementor-element-10c04f8 elementor-widget elementor-widget-image\" data-id=\"10c04f8\" data-element_type=\"widget\" data-e-type=\"widget\" data-widget_type=\"image.default\">\n\t\t\t\t<div class=\"elementor-widget-container\">\n\t\t\t\t\t\t\t\t\t\t\t\t\t\t\t<img fetchpriority=\"high\" decoding=\"async\" width=\"980\" height=\"715\" src=\"https:\/\/aislayahorra.es\/tienda\/wp-content\/uploads\/2026\/01\/Palet-BLT9-Paroc.jpg\" class=\"attachment-large size-large wp-image-3099\" alt=\"Palet lana de roca Paroc BLT9\" srcset=\"https:\/\/aislayahorra.es\/tienda\/wp-content\/uploads\/2026\/01\/Palet-BLT9-Paroc.jpg 1024w, https:\/\/aislayahorra.es\/tienda\/wp-content\/uploads\/2026\/01\/Palet-BLT9-Paroc-300x219.jpg 300w, https:\/\/aislayahorra.es\/tienda\/wp-content\/uploads\/2026\/01\/Palet-BLT9-Paroc-768x560.jpg 768w, https:\/\/aislayahorra.es\/tienda\/wp-content\/uploads\/2026\/01\/Palet-BLT9-Paroc-416x303.jpg 416w, https:\/\/aislayahorra.es\/tienda\/wp-content\/uploads\/2026\/01\/Palet-BLT9-Paroc-64x47.jpg 64w\" sizes=\"(max-width: 980px) 100vw, 980px\" \/>\t\t\t\t\t\t\t\t\t\t\t\t\t\t\t<\/div>\n\t\t\t\t<\/div>\n\t\t\t\t\t<\/div>\n\t\t<\/div>\n\t\t\t\t\t<\/div>\n\t\t<\/section>\n\t\t\t\t<section class=\"elementor-section elementor-top-section elementor-element elementor-element-927179c elementor-section-boxed elementor-section-height-default elementor-section-height-default\" data-id=\"927179c\" data-element_type=\"section\" data-e-type=\"section\">\n\t\t\t\t\t\t<div class=\"elementor-container elementor-column-gap-default\">\n\t\t\t\t\t<div class=\"elementor-column elementor-col-100 elementor-top-column elementor-element elementor-element-83faf1e\" data-id=\"83faf1e\" data-element_type=\"column\" data-e-type=\"column\">\n\t\t\t<div class=\"elementor-widget-wrap elementor-element-populated\">\n\t\t\t\t\t\t<div class=\"elementor-element elementor-element-5adeb47 elementor-widget elementor-widget-text-editor\" data-id=\"5adeb47\" data-element_type=\"widget\" data-e-type=\"widget\" data-widget_type=\"text-editor.default\">\n\t\t\t\t<div class=\"elementor-widget-container\">\n\t\t\t\t\t\t\t\t\t<p>Con cada palet de <a href=\"https:\/\/aislayahorra.es\/lana-de-roca\/\">lana der roca<\/a> PAROC BLT 9 60 contiene sacos, se obtienen 900 kg de lana de roca<\/p><p>Eso quiere decir que si se insufla a la densidad marcada por el fabricante de 60 kg\/m3 se pueden insuflar un total de 15,0 m3 por palet. Si disponemos por ejemplo de 10 cm de c\u00e1mara, se podr\u00edan aislar 150 m2 de fachada con un solo palet.\u00a0\u00a0<\/p><p>O alternativamente se pueden soplar bajo cubierta con una densidad mas baja de 40 kg\/m3 un total de 22,50 m3. Aplicando un espesor de 20 cm as\u00ed podremos aislar mediante soplado una superficie de 125 m2 con 1 solo palet.<\/p>\t\t\t\t\t\t\t\t<\/div>\n\t\t\t\t<\/div>\n\t\t\t\t<div class=\"elementor-element elementor-element-ca33537 elementor-align-center elementor-widget elementor-widget-button\" data-id=\"ca33537\" data-element_type=\"widget\" data-e-type=\"widget\" data-widget_type=\"button.default\">\n\t\t\t\t<div class=\"elementor-widget-container\">\n\t\t\t\t\t\t\t\t\t<div class=\"elementor-button-wrapper\">\n\t\t\t\t\t<a class=\"elementor-button elementor-button-link elementor-size-sm\" href=\"https:\/\/aislayahorra.es\/wp-content\/uploads\/2026\/03\/1_TL_PAROC_BLT_9_.pdf\">\n\t\t\t\t\t\t<span class=\"elementor-button-content-wrapper\">\n\t\t\t\t\t\t\t\t\t<span class=\"elementor-button-text\">FICHA TECNICA PAROC BLT 9<\/span>\n\t\t\t\t\t<\/span>\n\t\t\t\t\t<\/a>\n\t\t\t\t<\/div>\n\t\t\t\t\t\t\t\t<\/div>\n\t\t\t\t<\/div>\n\t\t\t\t\t<\/div>\n\t\t<\/div>\n\t\t\t\t\t<\/div>\n\t\t<\/section>\n\t\t\t\t<section class=\"elementor-section elementor-top-section elementor-element elementor-element-43557f6 elementor-section-boxed elementor-section-height-default elementor-section-height-default\" data-id=\"43557f6\" data-element_type=\"section\" data-e-type=\"section\">\n\t\t\t\t\t\t<div class=\"elementor-container elementor-column-gap-default\">\n\t\t\t\t\t<div class=\"elementor-column elementor-col-100 elementor-top-column elementor-element elementor-element-e9731e2\" data-id=\"e9731e2\" data-element_type=\"column\" data-e-type=\"column\">\n\t\t\t<div class=\"elementor-widget-wrap elementor-element-populated\">\n\t\t\t\t\t\t<div class=\"elementor-element elementor-element-21b8cbb elementor-widget elementor-widget-text-editor\" data-id=\"21b8cbb\" data-element_type=\"widget\" data-e-type=\"widget\" data-widget_type=\"text-editor.default\">\n\t\t\t\t<div class=\"elementor-widget-container\">\n\t\t\t\t\t\t\t\t\t<p>FICHA T\u00c9CNICA<\/p><p data-path-to-node=\"0\"><span class=\"citation-37\">La lana de roca <\/span><b data-path-to-node=\"0\" data-index-in-node=\"16\"><span class=\"citation-37\">PAROC BLT 9<\/span><\/b><span class=\"citation-37 citation-end-37\"> es un aislamiento de fibra mineral suelta (en copos o granulada) dise\u00f1ado espec\u00edficamente para ser aplicado mediante soplado o de forma manual en c\u00e1maras de aire, buhardillas y bajo cubiertas.<sup class=\"superscript\" data-turn-source-index=\"1\">1<\/sup><\/span><\/p><p data-path-to-node=\"1\">A continuaci\u00f3n, detallo y traduzco sus especificaciones t\u00e9cnicas principales basadas en su ficha t\u00e9cnica:<\/p><h3 data-path-to-node=\"2\">1. Propiedades T\u00e9rmicas<\/h3><ul data-path-to-node=\"3\"><li><p data-path-to-node=\"3,0,0\"><b data-path-to-node=\"3,0,0\" data-index-in-node=\"0\">Conductividad T\u00e9rmica Declarada (<span class=\"math-inline\" data-math=\"\\lambda_D\" data-index-in-node=\"33\">lambda_D<\/span>):<\/b><\/p><ul data-path-to-node=\"3,0,1\"><li><p data-path-to-node=\"3,0,1,0,0\"><b data-path-to-node=\"3,0,1,0,0\" data-index-in-node=\"0\"><span class=\"citation-36 citation-end-36\">En buhardillas\/\u00e1ticos (densidad = <\/span><span class=\"citation-35\">40 kg\/m\u00b3):<\/span><\/b><\/p><p data-path-to-node=\"3,0,1,0,0\"><span class=\"math-inline\" data-math=\"0,041 \\text{ W\/mK}\" data-index-in-node=\"47\">0,041 \/W\/mK<\/span><\/p><div class=\"source-inline-chip-container ng-star-inserted\">\u00a0<b data-path-to-node=\"3,0,1,1,0\" data-index-in-node=\"0\"><span class=\"citation-33 citation-end-33\">En marcos\/muros (pendientes <\/span><span class=\"citation-32 citation-end-32\">\u00a0= o <\/span><span class=\"math-inline\" data-math=\"&gt; 45^\\circ\" data-index-in-node=\"34\">&gt; 45 grados<\/span><span class=\"citation-31 citation-end-31\">, densidad <\/span><span class=\"citation-30\">60-70 kg\/m\u00b3):<\/span><\/b><span class=\"citation-30 citation-end-30\">\u00a0 <\/span><\/div><div class=\"source-inline-chip-container ng-star-inserted\"><span class=\"math-inline\" data-math=\"0,038 \\text{ W\/mK}\" data-index-in-node=\"73\">0,038 \/W\/mK<\/span><span class=\"citation-29 citation-end-29\">.<\/span><\/div><\/li><\/ul><\/li><\/ul><p data-path-to-node=\"3,1,0\"><b data-path-to-node=\"3,1,0\" data-index-in-node=\"0\">esistencia al Envejecimiento:<\/b><span class=\"citation-28 citation-end-28\"> Las propiedades t\u00e9rmicas no cambian con el tiempo, ya que la estructura de la fibra es estable y el aire en sus poros es aire atmosf\u00e9rico natural.<\/span><\/p><p><span style=\"font-size: 1.618em;\">2. Comportamiento ante el Fuego<\/span><\/p><ul><li data-path-to-node=\"5,0,0\"><b data-path-to-node=\"5,0,0\" data-index-in-node=\"0\"><span class=\"citation-27\">Clasificaci\u00f3n Euroclase:<\/span><\/b> <b data-path-to-node=\"5,0,0\" data-index-in-node=\"25\"><span class=\"citation-27\">A1<\/span><\/b><span class=\"citation-27 citation-end-27\"> (Incombustible).<\/span>\u00a0<span class=\"citation-26 citation-end-26\">Es la m\u00e1xima calificaci\u00f3n posible; no contribuye al fuego.<\/span><\/li><li><b data-path-to-node=\"5,1,0\" data-index-in-node=\"0\"><span class=\"citation-25\">Temperatura de Fusi\u00f3n:<\/span><\/b><span class=\"citation-25\"> Soporta temperaturas superiores a los <\/span><b data-path-to-node=\"5,1,0\" data-index-in-node=\"61\"><span class=\"citation-25\">1.000 \u00b0C<\/span><\/b><span class=\"citation-25 citation-end-25\">.<sup class=\"superscript\" data-turn-source-index=\"13\">\u00a0<\/sup><\/span><\/li><li data-path-to-node=\"5,2,0\"><b data-path-to-node=\"5,2,0\" data-index-in-node=\"0\"><span class=\"citation-24\">Estabilidad T\u00e9rmica:<\/span><\/b><span class=\"citation-24 citation-end-24\"> El aglutinante org\u00e1nico empieza a evaporarse por encima de los 200 \u00b0C, pero las propiedades aislantes permanecen inalteradas (aunque la resistencia a la compresi\u00f3n disminuye).<\/span><\/li><\/ul><h3 data-path-to-node=\"6\">3. Propiedades de Humedad y Qu\u00edmicas<\/h3><ul><li><p data-path-to-node=\"7,0,0\"><b data-path-to-node=\"7,0,0\" data-index-in-node=\"0\">Permeabilidad al Vapor de Agua (<span class=\"math-inline\" data-math=\"\\mu\" data-index-in-node=\"32\">mu<\/span>):<\/b> Valor <b data-path-to-node=\"7,0,0\" data-index-in-node=\"44\">1<\/b> (equivalente al aire). Permite que el edificio \u00abrespire\u00bb, evitando condensaciones.<\/p><\/li><li data-path-to-node=\"7,1,0\"><b data-path-to-node=\"7,1,0\" data-index-in-node=\"0\"><span class=\"citation-23\">Absorci\u00f3n de Agua:<\/span><\/b><span class=\"citation-23 citation-end-23\"> Apenas absorbe humedad; es un material hidr\u00f3fugo por naturaleza.\u00a0<\/span><\/li><li><b data-path-to-node=\"7,2,0\" data-index-in-node=\"0\">Neutralidad Qu\u00edmica:<\/b> Es un material qu\u00edmicamente neutro, no provoca corrosi\u00f3n en los elementos en contacto.<\/li><\/ul><h3>4. Caracter\u00edsticas F\u00edsicas y de Instalaci\u00f3n<\/h3><ul data-path-to-node=\"9\"><li><p data-path-to-node=\"9,0,0\"><b data-path-to-node=\"9,0,0\" data-index-in-node=\"0\">Clase de Asentamiento (<span class=\"math-inline\" data-math=\"S_i\" data-index-in-node=\"23\">S<\/span>):<\/b><\/p><ul data-path-to-node=\"9,0,1\"><li><p data-path-to-node=\"9,0,1,0,0\"><b data-path-to-node=\"9,0,1,0,0\" data-index-in-node=\"0\">Buhardillas:<\/b> Clase 2 (asentamiento m\u00ednimo tras la instalaci\u00f3n).<\/p><\/li><li><p data-path-to-node=\"9,0,1,1,0\"><b data-path-to-node=\"9,0,1,1,0\" data-index-in-node=\"0\">Marcos\/Estructuras cerradas:<\/b> Clase S1 (asentamiento pr\u00e1cticamente nulo).<\/p><\/li><\/ul><\/li><li><p data-path-to-node=\"9,1,0\"><b data-path-to-node=\"9,1,0\" data-index-in-node=\"0\">Densidad de Aplicaci\u00f3n:<\/b> Var\u00eda seg\u00fan el uso, entre <b data-path-to-node=\"9,1,0\" data-index-in-node=\"50\">35 kg\/m\u00b3<\/b> y <b data-path-to-node=\"9,1,0\" data-index-in-node=\"61\">70 kg\/m\u00b3<\/b>.<\/p><\/li><li><p data-path-to-node=\"9,2,0\"><b data-path-to-node=\"9,2,0\" data-index-in-node=\"0\"><span class=\"citation-22\">Presentaci\u00f3n:<\/span><\/b><span class=\"citation-22\"> Sacos de <\/span><b data-path-to-node=\"9,2,0\" data-index-in-node=\"23\"><span class=\"citation-22\">15 kg<\/span><\/b><span class=\"citation-22 citation-end-22\">.<\/span>\u00a0<span class=\"citation-21\">Un palet est\u00e1ndar suele contener <\/span><b data-path-to-node=\"9,2,0\" data-index-in-node=\"63\"><span class=\"citation-21\">60 sacos<\/span><\/b><span class=\"citation-21 citation-end-21\"> (900 kg netos).<\/span><\/p><div class=\"source-inline-chip-container ng-star-inserted\">\u00a0<\/div><\/li><\/ul><hr data-path-to-node=\"10\" \/><h3 data-path-to-node=\"11\">Resumen de Ventajas (Traducci\u00f3n)<\/h3><ul><li data-path-to-node=\"12,0,0\"><b data-path-to-node=\"12,0,0\" data-index-in-node=\"0\"><span class=\"citation-20\">Aislamiento continuo:<\/span><\/b><span class=\"citation-20 citation-end-20\"> Crea una capa de aislamiento continua, sin juntas ni puentes t\u00e9rmicos, rellenando huecos alrededor de tuber\u00edas y estructuras.<\/span><\/li><li><b data-path-to-node=\"12,1,0\" data-index-in-node=\"0\">No se asienta:<\/b> No se encoge ni se asienta significativamente con el paso de los a\u00f1os si se instala con la densidad correcta.<\/li><li><p data-path-to-node=\"12,2,0\"><b data-path-to-node=\"12,2,0\" data-index-in-node=\"0\">Sostenible:<\/b><span class=\"citation-19 citation-end-19\"> Fabricado a partir de roca volc\u00e1nica natural, es un producto duradero con una vida \u00fatil estimada de al menos 60 a\u00f1os.<\/span><\/p><\/li><\/ul>\t\t\t\t\t\t\t\t<\/div>\n\t\t\t\t<\/div>\n\t\t\t\t\t<\/div>\n\t\t<\/div>\n\t\t\t\t\t<\/div>\n\t\t<\/section>\n\t\t\t\t<\/div>\n\t\t","protected":false},"excerpt":{"rendered":"<p>El palet de lana de roca PAROC BLT 9 sirve para aislar con n\u00f3dulos de lana de roca reciclados, el interior de cavidades, tales como las fachadas, utilizando maquinaria especial de insuflado y equipos instaladores profesionales. Tambi\u00e9n puede usarse para soplar una capa generosa bajo cubierta o tabiques palomeros.\u00a0 Tiene una densidad insuflada de 60 kg\/m3 y soplada de 40 kg\/m3. El palet q viene con 60 sacos de 15 kg, es decir lleva un total de 900 kg de lana de roca.<\/p>\n<p>Las dimensiones del palet son de 1.60 m x 1.20 m x 2.20 m. Si se quiere, se puede enviar en toda la pen\u00ednsula de Espa\u00f1a.<\/p>\n","protected":false},"featured_media":3099,"comment_status":"open","ping_status":"closed","template":"","meta":[],"product_brand":[],"product_cat":[19],"product_tag":[129],"class_list":{"0":"post-3096","1":"product","2":"type-product","3":"status-publish","4":"has-post-thumbnail","6":"product_cat-materiales","7":"product_tag-palet-lana-de-roca-paroc-blt-9","8":"product_shipping_class-palet-envio","10":"first","11":"instock","12":"shipping-taxable","13":"purchasable","14":"product-type-simple"},"yoast_head":"<!-- This site is optimized with the Yoast SEO plugin v26.8 - https:\/\/yoast.com\/product\/yoast-seo-wordpress\/ -->\n<title>Palet de lana de roca PAROC BLT 9 900kg insuflado y soplado<\/title>\n<meta name=\"description\" content=\"El Palet de lana de roca PAROC BLT 9 es un aislante reciclado que sirve para insuflar n\u00f3dulos de lana de roca en fachadas y soplar lana bajo cubiertas\" \/>\n<meta name=\"robots\" content=\"index, follow, max-snippet:-1, max-image-preview:large, max-video-preview:-1\" \/>\n<link rel=\"canonical\" href=\"https:\/\/aislayahorra.es\/tienda\/shop\/palet-de-lana-de-roca-paroc-blt-9\/\" \/>\n<meta property=\"og:locale\" content=\"es_ES\" \/>\n<meta property=\"og:type\" content=\"article\" \/>\n<meta property=\"og:title\" content=\"Palet de lana de roca PAROC BLT 9 900kg insuflado y soplado\" \/>\n<meta property=\"og:description\" content=\"El Palet de lana de roca PAROC BLT 9 es un aislante reciclado que sirve para insuflar n\u00f3dulos de lana de roca en fachadas y soplar lana bajo cubiertas\" \/>\n<meta property=\"og:url\" content=\"https:\/\/aislayahorra.es\/tienda\/shop\/palet-de-lana-de-roca-paroc-blt-9\/\" \/>\n<meta property=\"article:modified_time\" content=\"2026-03-27T09:53:49+00:00\" \/>\n<meta property=\"og:image\" content=\"https:\/\/aislayahorra.es\/tienda\/wp-content\/uploads\/2026\/01\/Palet-BLT9-Paroc.jpg\" \/>\n\t<meta property=\"og:image:width\" content=\"1024\" \/>\n\t<meta property=\"og:image:height\" content=\"747\" \/>\n\t<meta property=\"og:image:type\" content=\"image\/jpeg\" \/>\n<meta name=\"twitter:card\" content=\"summary_large_image\" \/>\n<meta name=\"twitter:label1\" content=\"Tiempo de lectura\" \/>\n\t<meta name=\"twitter:data1\" content=\"3 minutos\" \/>\n<script type=\"application\/ld+json\" class=\"yoast-schema-graph\">{\"@context\":\"https:\/\/schema.org\",\"@graph\":[{\"@type\":\"WebPage\",\"@id\":\"https:\/\/aislayahorra.es\/tienda\/shop\/palet-de-lana-de-roca-paroc-blt-9\/\",\"url\":\"https:\/\/aislayahorra.es\/tienda\/shop\/palet-de-lana-de-roca-paroc-blt-9\/\",\"name\":\"Palet de lana de roca PAROC BLT 9 900kg insuflado y soplado\",\"isPartOf\":{\"@id\":\"https:\/\/aislayahorra.es\/tienda\/#website\"},\"primaryImageOfPage\":{\"@id\":\"https:\/\/aislayahorra.es\/tienda\/shop\/palet-de-lana-de-roca-paroc-blt-9\/#primaryimage\"},\"image\":{\"@id\":\"https:\/\/aislayahorra.es\/tienda\/shop\/palet-de-lana-de-roca-paroc-blt-9\/#primaryimage\"},\"thumbnailUrl\":\"https:\/\/aislayahorra.es\/tienda\/wp-content\/uploads\/2026\/01\/Palet-BLT9-Paroc.jpg\",\"datePublished\":\"2026-01-11T15:26:26+00:00\",\"dateModified\":\"2026-03-27T09:53:49+00:00\",\"description\":\"El Palet de lana de roca PAROC BLT 9 es un aislante reciclado que sirve para insuflar n\u00f3dulos de lana de roca en fachadas y soplar lana bajo cubiertas\",\"breadcrumb\":{\"@id\":\"https:\/\/aislayahorra.es\/tienda\/shop\/palet-de-lana-de-roca-paroc-blt-9\/#breadcrumb\"},\"inLanguage\":\"es\",\"potentialAction\":[{\"@type\":\"ReadAction\",\"target\":[\"https:\/\/aislayahorra.es\/tienda\/shop\/palet-de-lana-de-roca-paroc-blt-9\/\"]}]},{\"@type\":\"ImageObject\",\"inLanguage\":\"es\",\"@id\":\"https:\/\/aislayahorra.es\/tienda\/shop\/palet-de-lana-de-roca-paroc-blt-9\/#primaryimage\",\"url\":\"https:\/\/aislayahorra.es\/tienda\/wp-content\/uploads\/2026\/01\/Palet-BLT9-Paroc.jpg\",\"contentUrl\":\"https:\/\/aislayahorra.es\/tienda\/wp-content\/uploads\/2026\/01\/Palet-BLT9-Paroc.jpg\",\"width\":1024,\"height\":747,\"caption\":\"Palet lana de roca Paroc BLT9\"},{\"@type\":\"BreadcrumbList\",\"@id\":\"https:\/\/aislayahorra.es\/tienda\/shop\/palet-de-lana-de-roca-paroc-blt-9\/#breadcrumb\",\"itemListElement\":[{\"@type\":\"ListItem\",\"position\":1,\"name\":\"Portada\",\"item\":\"https:\/\/aislayahorra.es\/tienda\/\"},{\"@type\":\"ListItem\",\"position\":2,\"name\":\"Shop\",\"item\":\"https:\/\/aislayahorra.es\/tienda\/\"},{\"@type\":\"ListItem\",\"position\":3,\"name\":\"Palet de lana de roca PAROC BLT 9 900kg\"}]},{\"@type\":\"WebSite\",\"@id\":\"https:\/\/aislayahorra.es\/tienda\/#website\",\"url\":\"https:\/\/aislayahorra.es\/tienda\/\",\"name\":\"\",\"description\":\"\",\"potentialAction\":[{\"@type\":\"SearchAction\",\"target\":{\"@type\":\"EntryPoint\",\"urlTemplate\":\"https:\/\/aislayahorra.es\/tienda\/?s={search_term_string}\"},\"query-input\":{\"@type\":\"PropertyValueSpecification\",\"valueRequired\":true,\"valueName\":\"search_term_string\"}}],\"inLanguage\":\"es\"}]}<\/script>\n<!-- \/ Yoast SEO plugin. -->","yoast_head_json":{"title":"Palet de lana de roca PAROC BLT 9 900kg insuflado y soplado","description":"El Palet de lana de roca PAROC BLT 9 es un aislante reciclado que sirve para insuflar n\u00f3dulos de lana de roca en fachadas y soplar lana bajo cubiertas","robots":{"index":"index","follow":"follow","max-snippet":"max-snippet:-1","max-image-preview":"max-image-preview:large","max-video-preview":"max-video-preview:-1"},"canonical":"https:\/\/aislayahorra.es\/tienda\/shop\/palet-de-lana-de-roca-paroc-blt-9\/","og_locale":"es_ES","og_type":"article","og_title":"Palet de lana de roca PAROC BLT 9 900kg insuflado y soplado","og_description":"El Palet de lana de roca PAROC BLT 9 es un aislante reciclado que sirve para insuflar n\u00f3dulos de lana de roca en fachadas y soplar lana bajo cubiertas","og_url":"https:\/\/aislayahorra.es\/tienda\/shop\/palet-de-lana-de-roca-paroc-blt-9\/","article_modified_time":"2026-03-27T09:53:49+00:00","og_image":[{"width":1024,"height":747,"url":"https:\/\/aislayahorra.es\/tienda\/wp-content\/uploads\/2026\/01\/Palet-BLT9-Paroc.jpg","type":"image\/jpeg"}],"twitter_card":"summary_large_image","twitter_misc":{"Tiempo de lectura":"3 minutos"},"schema":{"@context":"https:\/\/schema.org","@graph":[{"@type":"WebPage","@id":"https:\/\/aislayahorra.es\/tienda\/shop\/palet-de-lana-de-roca-paroc-blt-9\/","url":"https:\/\/aislayahorra.es\/tienda\/shop\/palet-de-lana-de-roca-paroc-blt-9\/","name":"Palet de lana de roca PAROC BLT 9 900kg insuflado y soplado","isPartOf":{"@id":"https:\/\/aislayahorra.es\/tienda\/#website"},"primaryImageOfPage":{"@id":"https:\/\/aislayahorra.es\/tienda\/shop\/palet-de-lana-de-roca-paroc-blt-9\/#primaryimage"},"image":{"@id":"https:\/\/aislayahorra.es\/tienda\/shop\/palet-de-lana-de-roca-paroc-blt-9\/#primaryimage"},"thumbnailUrl":"https:\/\/aislayahorra.es\/tienda\/wp-content\/uploads\/2026\/01\/Palet-BLT9-Paroc.jpg","datePublished":"2026-01-11T15:26:26+00:00","dateModified":"2026-03-27T09:53:49+00:00","description":"El Palet de lana de roca PAROC BLT 9 es un aislante reciclado que sirve para insuflar n\u00f3dulos de lana de roca en fachadas y soplar lana bajo cubiertas","breadcrumb":{"@id":"https:\/\/aislayahorra.es\/tienda\/shop\/palet-de-lana-de-roca-paroc-blt-9\/#breadcrumb"},"inLanguage":"es","potentialAction":[{"@type":"ReadAction","target":["https:\/\/aislayahorra.es\/tienda\/shop\/palet-de-lana-de-roca-paroc-blt-9\/"]}]},{"@type":"ImageObject","inLanguage":"es","@id":"https:\/\/aislayahorra.es\/tienda\/shop\/palet-de-lana-de-roca-paroc-blt-9\/#primaryimage","url":"https:\/\/aislayahorra.es\/tienda\/wp-content\/uploads\/2026\/01\/Palet-BLT9-Paroc.jpg","contentUrl":"https:\/\/aislayahorra.es\/tienda\/wp-content\/uploads\/2026\/01\/Palet-BLT9-Paroc.jpg","width":1024,"height":747,"caption":"Palet lana de roca Paroc BLT9"},{"@type":"BreadcrumbList","@id":"https:\/\/aislayahorra.es\/tienda\/shop\/palet-de-lana-de-roca-paroc-blt-9\/#breadcrumb","itemListElement":[{"@type":"ListItem","position":1,"name":"Portada","item":"https:\/\/aislayahorra.es\/tienda\/"},{"@type":"ListItem","position":2,"name":"Shop","item":"https:\/\/aislayahorra.es\/tienda\/"},{"@type":"ListItem","position":3,"name":"Palet de lana de roca PAROC BLT 9 900kg"}]},{"@type":"WebSite","@id":"https:\/\/aislayahorra.es\/tienda\/#website","url":"https:\/\/aislayahorra.es\/tienda\/","name":"","description":"","potentialAction":[{"@type":"SearchAction","target":{"@type":"EntryPoint","urlTemplate":"https:\/\/aislayahorra.es\/tienda\/?s={search_term_string}"},"query-input":{"@type":"PropertyValueSpecification","valueRequired":true,"valueName":"search_term_string"}}],"inLanguage":"es"}]}},"_links":{"self":[{"href":"https:\/\/aislayahorra.es\/tienda\/wp-json\/wp\/v2\/product\/3096","targetHints":{"allow":["GET"]}}],"collection":[{"href":"https:\/\/aislayahorra.es\/tienda\/wp-json\/wp\/v2\/product"}],"about":[{"href":"https:\/\/aislayahorra.es\/tienda\/wp-json\/wp\/v2\/types\/product"}],"replies":[{"embeddable":true,"href":"https:\/\/aislayahorra.es\/tienda\/wp-json\/wp\/v2\/comments?post=3096"}],"version-history":[{"count":39,"href":"https:\/\/aislayahorra.es\/tienda\/wp-json\/wp\/v2\/product\/3096\/revisions"}],"predecessor-version":[{"id":3197,"href":"https:\/\/aislayahorra.es\/tienda\/wp-json\/wp\/v2\/product\/3096\/revisions\/3197"}],"wp:featuredmedia":[{"embeddable":true,"href":"https:\/\/aislayahorra.es\/tienda\/wp-json\/wp\/v2\/media\/3099"}],"wp:attachment":[{"href":"https:\/\/aislayahorra.es\/tienda\/wp-json\/wp\/v2\/media?parent=3096"}],"wp:term":[{"taxonomy":"product_brand","embeddable":true,"href":"https:\/\/aislayahorra.es\/tienda\/wp-json\/wp\/v2\/product_brand?post=3096"},{"taxonomy":"product_cat","embeddable":true,"href":"https:\/\/aislayahorra.es\/tienda\/wp-json\/wp\/v2\/product_cat?post=3096"},{"taxonomy":"product_tag","embeddable":true,"href":"https:\/\/aislayahorra.es\/tienda\/wp-json\/wp\/v2\/product_tag?post=3096"}],"curies":[{"name":"wp","href":"https:\/\/api.w.org\/{rel}","templated":true}]}}