{"id":3258,"date":"2026-04-21T09:07:14","date_gmt":"2026-04-21T07:07:14","guid":{"rendered":"https:\/\/aislayahorra.es\/tienda\/?post_type=product&#038;p=3258"},"modified":"2026-04-21T09:11:20","modified_gmt":"2026-04-21T07:11:20","slug":"imprimacion-puente-jetspray-primer-plus","status":"publish","type":"product","link":"https:\/\/aislayahorra.es\/tienda\/shop\/imprimacion-puente-jetspray-primer-plus\/","title":{"rendered":"Imprimaci\u00f3n puente Jetspray Primer Plus"},"content":{"rendered":"\t\t<div data-elementor-type=\"product-post\" data-elementor-id=\"3258\" class=\"elementor elementor-3258\" data-elementor-post-type=\"product\">\n\t\t\t\t\t\t<section class=\"elementor-section elementor-top-section elementor-element elementor-element-b291805 elementor-section-boxed elementor-section-height-default elementor-section-height-default\" data-id=\"b291805\" data-element_type=\"section\" data-e-type=\"section\">\n\t\t\t\t\t\t<div class=\"elementor-container elementor-column-gap-default\">\n\t\t\t\t\t<div class=\"elementor-column elementor-col-100 elementor-top-column elementor-element elementor-element-dd801df\" data-id=\"dd801df\" data-element_type=\"column\" data-e-type=\"column\">\n\t\t\t<div class=\"elementor-widget-wrap elementor-element-populated\">\n\t\t\t\t\t\t<div class=\"elementor-element elementor-element-b447ee4 elementor-widget elementor-widget-text-editor\" data-id=\"b447ee4\" data-element_type=\"widget\" data-e-type=\"widget\" data-widget_type=\"text-editor.default\">\n\t\t\t\t<div class=\"elementor-widget-container\">\n\t\t\t\t\t\t\t\t\t<p>La imprimaci\u00f3n puente Jetspray Primer Plus, sirve para hacer de puente entre el forjado de hormig\u00f3n y la lana mineral blanca proyectada Jetspray.\u00a0 Debe rociarse antes de la ejecuci\u00f3n del proyectado de lana mineral blanca Jetspray y dejarse secar.\u00a0<\/p>\t\t\t\t\t\t\t\t<\/div>\n\t\t\t\t<\/div>\n\t\t\t\t\t<\/div>\n\t\t<\/div>\n\t\t\t\t\t<\/div>\n\t\t<\/section>\n\t\t\t\t<section class=\"elementor-section elementor-top-section elementor-element elementor-element-bf1248e elementor-section-boxed elementor-section-height-default elementor-section-height-default\" data-id=\"bf1248e\" data-element_type=\"section\" data-e-type=\"section\">\n\t\t\t\t\t\t<div class=\"elementor-container elementor-column-gap-default\">\n\t\t\t\t\t<div class=\"elementor-column elementor-col-100 elementor-top-column elementor-element elementor-element-fc4f62a\" data-id=\"fc4f62a\" data-element_type=\"column\" data-e-type=\"column\">\n\t\t\t<div class=\"elementor-widget-wrap elementor-element-populated\">\n\t\t\t\t\t\t<div class=\"elementor-element elementor-element-ceeb8ba elementor-align-center elementor-widget elementor-widget-button\" data-id=\"ceeb8ba\" data-element_type=\"widget\" data-e-type=\"widget\" data-widget_type=\"button.default\">\n\t\t\t\t<div class=\"elementor-widget-container\">\n\t\t\t\t\t\t\t\t\t<div class=\"elementor-button-wrapper\">\n\t\t\t\t\t<a class=\"elementor-button elementor-button-link elementor-size-sm\" href=\"#aislayahorrra.es\/descargas\/\">\n\t\t\t\t\t\t<span class=\"elementor-button-content-wrapper\">\n\t\t\t\t\t\t\t\t\t<span class=\"elementor-button-text\">Haz clic aqu\u00ed<\/span>\n\t\t\t\t\t<\/span>\n\t\t\t\t\t<\/a>\n\t\t\t\t<\/div>\n\t\t\t\t\t\t\t\t<\/div>\n\t\t\t\t<\/div>\n\t\t\t\t\t<\/div>\n\t\t<\/div>\n\t\t\t\t\t<\/div>\n\t\t<\/section>\n\t\t\t\t<\/div>\n\t\t","protected":false},"excerpt":{"rendered":"<p>La imprimaci\u00f3n puente Jetspray Primer Plus, sirve para hacer de puente entre el forjado de hormig\u00f3n y la lana mineral blanca proyectada Jetspray.\u00a0 Debe rociarse antes de la ejecuci\u00f3n del proyectado de lana mineral blanca Jetspray y dejarse secar.<\/p>\n","protected":false},"featured_media":3259,"comment_status":"open","ping_status":"closed","template":"","meta":[],"product_brand":[],"product_cat":[19],"product_tag":[133,134],"class_list":{"0":"post-3258","1":"product","2":"type-product","3":"status-publish","4":"has-post-thumbnail","6":"product_cat-materiales","7":"product_tag-imprimacion-jetspray-primer-plus","8":"product_tag-jestpray-primer-plus","9":"product_shipping_class-uni-spruhprimer-imprimacion","11":"first","12":"instock","13":"shipping-taxable","14":"purchasable","15":"product-type-simple"},"yoast_head":"<!-- This site is optimized with the Yoast SEO plugin v26.8 - https:\/\/yoast.com\/product\/yoast-seo-wordpress\/ -->\n<title>Imprimaci\u00f3n puente Jetspray Primer Plus -<\/title>\n<meta name=\"description\" content=\"La imprimaci\u00f3n puente Jetspray Primer Plus sirve para hacer de puente de uni\u00f3n entre forjados de hormig\u00f3n y la lana mineral Jetspray, bidones 25 kg\" \/>\n<meta name=\"robots\" content=\"index, follow, max-snippet:-1, max-image-preview:large, max-video-preview:-1\" \/>\n<link rel=\"canonical\" href=\"https:\/\/aislayahorra.es\/tienda\/shop\/imprimacion-puente-jetspray-primer-plus\/\" \/>\n<meta property=\"og:locale\" content=\"es_ES\" \/>\n<meta property=\"og:type\" content=\"article\" \/>\n<meta property=\"og:title\" content=\"Imprimaci\u00f3n puente Jetspray Primer Plus -\" \/>\n<meta property=\"og:description\" content=\"La imprimaci\u00f3n puente Jetspray Primer Plus sirve para hacer de puente de uni\u00f3n entre forjados de hormig\u00f3n y la lana mineral Jetspray, bidones 25 kg\" \/>\n<meta property=\"og:url\" content=\"https:\/\/aislayahorra.es\/tienda\/shop\/imprimacion-puente-jetspray-primer-plus\/\" \/>\n<meta property=\"article:modified_time\" content=\"2026-04-21T07:11:20+00:00\" \/>\n<meta property=\"og:image\" content=\"https:\/\/aislayahorra.es\/tienda\/wp-content\/uploads\/2026\/04\/descarga.jpg\" \/>\n\t<meta property=\"og:image:width\" content=\"215\" \/>\n\t<meta property=\"og:image:height\" content=\"234\" \/>\n\t<meta property=\"og:image:type\" content=\"image\/jpeg\" \/>\n<meta name=\"twitter:card\" content=\"summary_large_image\" \/>\n<script type=\"application\/ld+json\" class=\"yoast-schema-graph\">{\"@context\":\"https:\/\/schema.org\",\"@graph\":[{\"@type\":\"WebPage\",\"@id\":\"https:\/\/aislayahorra.es\/tienda\/shop\/imprimacion-puente-jetspray-primer-plus\/\",\"url\":\"https:\/\/aislayahorra.es\/tienda\/shop\/imprimacion-puente-jetspray-primer-plus\/\",\"name\":\"Imprimaci\u00f3n puente Jetspray Primer Plus -\",\"isPartOf\":{\"@id\":\"https:\/\/aislayahorra.es\/tienda\/#website\"},\"primaryImageOfPage\":{\"@id\":\"https:\/\/aislayahorra.es\/tienda\/shop\/imprimacion-puente-jetspray-primer-plus\/#primaryimage\"},\"image\":{\"@id\":\"https:\/\/aislayahorra.es\/tienda\/shop\/imprimacion-puente-jetspray-primer-plus\/#primaryimage\"},\"thumbnailUrl\":\"https:\/\/aislayahorra.es\/tienda\/wp-content\/uploads\/2026\/04\/descarga.jpg\",\"datePublished\":\"2026-04-21T07:07:14+00:00\",\"dateModified\":\"2026-04-21T07:11:20+00:00\",\"description\":\"La imprimaci\u00f3n puente Jetspray Primer Plus sirve para hacer de puente de uni\u00f3n entre forjados de hormig\u00f3n y la lana mineral Jetspray, bidones 25 kg\",\"breadcrumb\":{\"@id\":\"https:\/\/aislayahorra.es\/tienda\/shop\/imprimacion-puente-jetspray-primer-plus\/#breadcrumb\"},\"inLanguage\":\"es\",\"potentialAction\":[{\"@type\":\"ReadAction\",\"target\":[\"https:\/\/aislayahorra.es\/tienda\/shop\/imprimacion-puente-jetspray-primer-plus\/\"]}]},{\"@type\":\"ImageObject\",\"inLanguage\":\"es\",\"@id\":\"https:\/\/aislayahorra.es\/tienda\/shop\/imprimacion-puente-jetspray-primer-plus\/#primaryimage\",\"url\":\"https:\/\/aislayahorra.es\/tienda\/wp-content\/uploads\/2026\/04\/descarga.jpg\",\"contentUrl\":\"https:\/\/aislayahorra.es\/tienda\/wp-content\/uploads\/2026\/04\/descarga.jpg\",\"width\":215,\"height\":234,\"caption\":\"Jetspray Primer Plus\"},{\"@type\":\"BreadcrumbList\",\"@id\":\"https:\/\/aislayahorra.es\/tienda\/shop\/imprimacion-puente-jetspray-primer-plus\/#breadcrumb\",\"itemListElement\":[{\"@type\":\"ListItem\",\"position\":1,\"name\":\"Portada\",\"item\":\"https:\/\/aislayahorra.es\/tienda\/\"},{\"@type\":\"ListItem\",\"position\":2,\"name\":\"Shop\",\"item\":\"https:\/\/aislayahorra.es\/tienda\/\"},{\"@type\":\"ListItem\",\"position\":3,\"name\":\"Imprimaci\u00f3n puente Jetspray Primer Plus\"}]},{\"@type\":\"WebSite\",\"@id\":\"https:\/\/aislayahorra.es\/tienda\/#website\",\"url\":\"https:\/\/aislayahorra.es\/tienda\/\",\"name\":\"\",\"description\":\"\",\"potentialAction\":[{\"@type\":\"SearchAction\",\"target\":{\"@type\":\"EntryPoint\",\"urlTemplate\":\"https:\/\/aislayahorra.es\/tienda\/?s={search_term_string}\"},\"query-input\":{\"@type\":\"PropertyValueSpecification\",\"valueRequired\":true,\"valueName\":\"search_term_string\"}}],\"inLanguage\":\"es\"}]}<\/script>\n<!-- \/ Yoast SEO plugin. -->","yoast_head_json":{"title":"Imprimaci\u00f3n puente Jetspray Primer Plus -","description":"La imprimaci\u00f3n puente Jetspray Primer Plus sirve para hacer de puente de uni\u00f3n entre forjados de hormig\u00f3n y la lana mineral Jetspray, bidones 25 kg","robots":{"index":"index","follow":"follow","max-snippet":"max-snippet:-1","max-image-preview":"max-image-preview:large","max-video-preview":"max-video-preview:-1"},"canonical":"https:\/\/aislayahorra.es\/tienda\/shop\/imprimacion-puente-jetspray-primer-plus\/","og_locale":"es_ES","og_type":"article","og_title":"Imprimaci\u00f3n puente Jetspray Primer Plus -","og_description":"La imprimaci\u00f3n puente Jetspray Primer Plus sirve para hacer de puente de uni\u00f3n entre forjados de hormig\u00f3n y la lana mineral Jetspray, bidones 25 kg","og_url":"https:\/\/aislayahorra.es\/tienda\/shop\/imprimacion-puente-jetspray-primer-plus\/","article_modified_time":"2026-04-21T07:11:20+00:00","og_image":[{"width":215,"height":234,"url":"https:\/\/aislayahorra.es\/tienda\/wp-content\/uploads\/2026\/04\/descarga.jpg","type":"image\/jpeg"}],"twitter_card":"summary_large_image","schema":{"@context":"https:\/\/schema.org","@graph":[{"@type":"WebPage","@id":"https:\/\/aislayahorra.es\/tienda\/shop\/imprimacion-puente-jetspray-primer-plus\/","url":"https:\/\/aislayahorra.es\/tienda\/shop\/imprimacion-puente-jetspray-primer-plus\/","name":"Imprimaci\u00f3n puente Jetspray Primer Plus -","isPartOf":{"@id":"https:\/\/aislayahorra.es\/tienda\/#website"},"primaryImageOfPage":{"@id":"https:\/\/aislayahorra.es\/tienda\/shop\/imprimacion-puente-jetspray-primer-plus\/#primaryimage"},"image":{"@id":"https:\/\/aislayahorra.es\/tienda\/shop\/imprimacion-puente-jetspray-primer-plus\/#primaryimage"},"thumbnailUrl":"https:\/\/aislayahorra.es\/tienda\/wp-content\/uploads\/2026\/04\/descarga.jpg","datePublished":"2026-04-21T07:07:14+00:00","dateModified":"2026-04-21T07:11:20+00:00","description":"La imprimaci\u00f3n puente Jetspray Primer Plus sirve para hacer de puente de uni\u00f3n entre forjados de hormig\u00f3n y la lana mineral Jetspray, bidones 25 kg","breadcrumb":{"@id":"https:\/\/aislayahorra.es\/tienda\/shop\/imprimacion-puente-jetspray-primer-plus\/#breadcrumb"},"inLanguage":"es","potentialAction":[{"@type":"ReadAction","target":["https:\/\/aislayahorra.es\/tienda\/shop\/imprimacion-puente-jetspray-primer-plus\/"]}]},{"@type":"ImageObject","inLanguage":"es","@id":"https:\/\/aislayahorra.es\/tienda\/shop\/imprimacion-puente-jetspray-primer-plus\/#primaryimage","url":"https:\/\/aislayahorra.es\/tienda\/wp-content\/uploads\/2026\/04\/descarga.jpg","contentUrl":"https:\/\/aislayahorra.es\/tienda\/wp-content\/uploads\/2026\/04\/descarga.jpg","width":215,"height":234,"caption":"Jetspray Primer Plus"},{"@type":"BreadcrumbList","@id":"https:\/\/aislayahorra.es\/tienda\/shop\/imprimacion-puente-jetspray-primer-plus\/#breadcrumb","itemListElement":[{"@type":"ListItem","position":1,"name":"Portada","item":"https:\/\/aislayahorra.es\/tienda\/"},{"@type":"ListItem","position":2,"name":"Shop","item":"https:\/\/aislayahorra.es\/tienda\/"},{"@type":"ListItem","position":3,"name":"Imprimaci\u00f3n puente Jetspray Primer Plus"}]},{"@type":"WebSite","@id":"https:\/\/aislayahorra.es\/tienda\/#website","url":"https:\/\/aislayahorra.es\/tienda\/","name":"","description":"","potentialAction":[{"@type":"SearchAction","target":{"@type":"EntryPoint","urlTemplate":"https:\/\/aislayahorra.es\/tienda\/?s={search_term_string}"},"query-input":{"@type":"PropertyValueSpecification","valueRequired":true,"valueName":"search_term_string"}}],"inLanguage":"es"}]}},"_links":{"self":[{"href":"https:\/\/aislayahorra.es\/tienda\/wp-json\/wp\/v2\/product\/3258","targetHints":{"allow":["GET"]}}],"collection":[{"href":"https:\/\/aislayahorra.es\/tienda\/wp-json\/wp\/v2\/product"}],"about":[{"href":"https:\/\/aislayahorra.es\/tienda\/wp-json\/wp\/v2\/types\/product"}],"replies":[{"embeddable":true,"href":"https:\/\/aislayahorra.es\/tienda\/wp-json\/wp\/v2\/comments?post=3258"}],"version-history":[{"count":5,"href":"https:\/\/aislayahorra.es\/tienda\/wp-json\/wp\/v2\/product\/3258\/revisions"}],"predecessor-version":[{"id":3264,"href":"https:\/\/aislayahorra.es\/tienda\/wp-json\/wp\/v2\/product\/3258\/revisions\/3264"}],"wp:featuredmedia":[{"embeddable":true,"href":"https:\/\/aislayahorra.es\/tienda\/wp-json\/wp\/v2\/media\/3259"}],"wp:attachment":[{"href":"https:\/\/aislayahorra.es\/tienda\/wp-json\/wp\/v2\/media?parent=3258"}],"wp:term":[{"taxonomy":"product_brand","embeddable":true,"href":"https:\/\/aislayahorra.es\/tienda\/wp-json\/wp\/v2\/product_brand?post=3258"},{"taxonomy":"product_cat","embeddable":true,"href":"https:\/\/aislayahorra.es\/tienda\/wp-json\/wp\/v2\/product_cat?post=3258"},{"taxonomy":"product_tag","embeddable":true,"href":"https:\/\/aislayahorra.es\/tienda\/wp-json\/wp\/v2\/product_tag?post=3258"}],"curies":[{"name":"wp","href":"https:\/\/api.w.org\/{rel}","templated":true}]}}