{"id":391,"date":"2021-01-18T12:06:24","date_gmt":"2021-01-18T10:06:24","guid":{"rendered":"https:\/\/test.aislayahorra.es\/tienda\/?post_type=product&#038;p=391"},"modified":"2025-10-12T13:17:46","modified_gmt":"2025-10-12T11:17:46","slug":"ventilador-descentralizado-sevi160-con-recuperacion-calor","status":"publish","type":"product","link":"https:\/\/aislayahorra.es\/tienda\/shop\/ventilador-descentralizado-sevi160-con-recuperacion-calor\/","title":{"rendered":"Ventilador descentralizado SEVi160 con recuperaci\u00f3n de calor"},"content":{"rendered":"\t\t<div data-elementor-type=\"product-post\" data-elementor-id=\"391\" class=\"elementor elementor-391\" data-elementor-post-type=\"product\">\n\t\t\t\t\t\t<section class=\"elementor-section elementor-top-section elementor-element elementor-element-28a5d36 elementor-section-boxed elementor-section-height-default elementor-section-height-default\" data-id=\"28a5d36\" data-element_type=\"section\" data-e-type=\"section\">\n\t\t\t\t\t\t<div class=\"elementor-container elementor-column-gap-default\">\n\t\t\t\t\t<div class=\"elementor-column elementor-col-100 elementor-top-column elementor-element elementor-element-e489e04\" data-id=\"e489e04\" data-element_type=\"column\" data-e-type=\"column\">\n\t\t\t<div class=\"elementor-widget-wrap elementor-element-populated\">\n\t\t\t\t\t\t<div class=\"elementor-element elementor-element-efcc11a elementor-widget elementor-widget-text-editor\" data-id=\"efcc11a\" data-element_type=\"widget\" data-e-type=\"widget\" data-widget_type=\"text-editor.default\">\n\t\t\t\t<div class=\"elementor-widget-container\">\n\t\t\t\t\t\t\t\t\t<p>El equipo SEVi\u00a0160 como variante estandard (ventilaci\u00f3n decentralizada SEVi\u00a0160) parte de un tubo fijo (\u00d8 = 160 mm) de PPs (Polipropileno) dificilmente combustible, para empotrarlo en las fachadas del inmueble en distintos espesores a partir de 150 mm. El Sistema de ventilaci\u00f3n se fija en el tubo. Forma parte de una carcasa de EPP (polypropileno expendido)\u00a0 Este material tiene un efecto aislante termoac\u00fastico.<\/p><p>Dentro de la carcasa est\u00e1 ubicado un ventilador silencioso y de la empresa Papst que trabaja en ambos sentidos. El ventilator est\u00e1 optimizado para funcionar en ambos sentidos. El recuperador de calor es cer\u00e1mico (capacidad espec\u00edfica de calor \u00a0877 J\/kgK). La caperuza de chapa exterior evita que pueda penetrar viento o agua. Adem\u00e1s el ventilador dispone de de filtros \u00a0(filtros opcionales a disposici\u00f3n como filtro de polen o filtro activo de clima) para protegerse de agentes exteriores. \u00a0(Los filtros del sistema SEVi 160 se pueden cambiar con mucha facilidad.)<\/p>\t\t\t\t\t\t\t\t<\/div>\n\t\t\t\t<\/div>\n\t\t\t\t<div class=\"elementor-element elementor-element-af59c27 elementor-icon-list--layout-traditional elementor-list-item-link-full_width elementor-widget elementor-widget-icon-list\" data-id=\"af59c27\" data-element_type=\"widget\" data-e-type=\"widget\" data-widget_type=\"icon-list.default\">\n\t\t\t\t<div class=\"elementor-widget-container\">\n\t\t\t\t\t\t\t<ul class=\"elementor-icon-list-items\">\n\t\t\t\t\t\t\t<li class=\"elementor-icon-list-item\">\n\t\t\t\t\t\t\t\t\t\t\t<a href=\"https:\/\/www.aislayahorra.es\/tienda\/wp-content\/uploads\/2021\/01\/operating_manual_sevi160-1.pdf\" target=\"_blank\">\n\n\t\t\t\t\t\t\t\t\t\t\t\t<span class=\"elementor-icon-list-icon\">\n\t\t\t\t\t\t\t<i aria-hidden=\"true\" class=\"far fa-file-pdf\"><\/i>\t\t\t\t\t\t<\/span>\n\t\t\t\t\t\t\t\t\t\t<span class=\"elementor-icon-list-text\">MANUAL DE OPERACIONES<\/span>\n\t\t\t\t\t\t\t\t\t\t\t<\/a>\n\t\t\t\t\t\t\t\t\t<\/li>\n\t\t\t\t\t\t\t\t<li class=\"elementor-icon-list-item\">\n\t\t\t\t\t\t\t\t\t\t\t<a href=\"https:\/\/www.aislayahorra.es\/tienda\/wp-content\/uploads\/2021\/01\/customer_prospect_sevi160_web-1-1.pdf\" target=\"_blank\">\n\n\t\t\t\t\t\t\t\t\t\t\t\t<span class=\"elementor-icon-list-icon\">\n\t\t\t\t\t\t\t<i aria-hidden=\"true\" class=\"far fa-file-pdf\"><\/i>\t\t\t\t\t\t<\/span>\n\t\t\t\t\t\t\t\t\t\t<span class=\"elementor-icon-list-text\">CUSTOMER PROSPECT SEVI160<\/span>\n\t\t\t\t\t\t\t\t\t\t\t<\/a>\n\t\t\t\t\t\t\t\t\t<\/li>\n\t\t\t\t\t\t\t\t<li class=\"elementor-icon-list-item\">\n\t\t\t\t\t\t\t\t\t\t\t<a href=\"https:\/\/www.aislayahorra.es\/tienda\/wp-content\/uploads\/2021\/01\/assembly_manual_sevi160_sevi160plus-1.pdf\" target=\"_blank\">\n\n\t\t\t\t\t\t\t\t\t\t\t\t<span class=\"elementor-icon-list-icon\">\n\t\t\t\t\t\t\t<i aria-hidden=\"true\" class=\"far fa-file-pdf\"><\/i>\t\t\t\t\t\t<\/span>\n\t\t\t\t\t\t\t\t\t\t<span class=\"elementor-icon-list-text\">MANUAL DE MONTAJE<\/span>\n\t\t\t\t\t\t\t\t\t\t\t<\/a>\n\t\t\t\t\t\t\t\t\t<\/li>\n\t\t\t\t\t\t<\/ul>\n\t\t\t\t\t\t<\/div>\n\t\t\t\t<\/div>\n\t\t\t\t\t<\/div>\n\t\t<\/div>\n\t\t\t\t\t<\/div>\n\t\t<\/section>\n\t\t\t\t<section class=\"elementor-section elementor-top-section elementor-element elementor-element-2170a70 elementor-section-boxed elementor-section-height-default elementor-section-height-default\" data-id=\"2170a70\" data-element_type=\"section\" data-e-type=\"section\">\n\t\t\t\t\t\t<div class=\"elementor-container elementor-column-gap-default\">\n\t\t\t\t\t<div class=\"elementor-column elementor-col-50 elementor-top-column elementor-element elementor-element-9bf07a8\" data-id=\"9bf07a8\" data-element_type=\"column\" data-e-type=\"column\">\n\t\t\t<div class=\"elementor-widget-wrap elementor-element-populated\">\n\t\t\t\t\t\t<div class=\"elementor-element elementor-element-fc4af48 elementor-widget elementor-widget-video\" data-id=\"fc4af48\" data-element_type=\"widget\" data-e-type=\"widget\" data-settings=\"{&quot;youtube_url&quot;:&quot;https:\\\/\\\/youtu.be\\\/M2dS0AyZlWI&quot;,&quot;video_type&quot;:&quot;youtube&quot;,&quot;controls&quot;:&quot;yes&quot;}\" data-widget_type=\"video.default\">\n\t\t\t\t<div class=\"elementor-widget-container\">\n\t\t\t\t\t\t\t<div class=\"elementor-wrapper elementor-open-inline\">\n\t\t\t<div class=\"elementor-video\"><\/div>\t\t<\/div>\n\t\t\t\t\t\t<\/div>\n\t\t\t\t<\/div>\n\t\t\t\t\t<\/div>\n\t\t<\/div>\n\t\t\t\t<div class=\"elementor-column elementor-col-50 elementor-top-column elementor-element elementor-element-428385f\" data-id=\"428385f\" data-element_type=\"column\" data-e-type=\"column\">\n\t\t\t<div class=\"elementor-widget-wrap elementor-element-populated\">\n\t\t\t\t\t\t<div class=\"elementor-element elementor-element-5bda148 elementor-widget elementor-widget-video\" data-id=\"5bda148\" data-element_type=\"widget\" data-e-type=\"widget\" data-settings=\"{&quot;youtube_url&quot;:&quot;https:\\\/\\\/youtu.be\\\/4LjFUm3EDAk&quot;,&quot;video_type&quot;:&quot;youtube&quot;,&quot;controls&quot;:&quot;yes&quot;}\" data-widget_type=\"video.default\">\n\t\t\t\t<div class=\"elementor-widget-container\">\n\t\t\t\t\t\t\t<div class=\"elementor-wrapper elementor-open-inline\">\n\t\t\t<div class=\"elementor-video\"><\/div>\t\t<\/div>\n\t\t\t\t\t\t<\/div>\n\t\t\t\t<\/div>\n\t\t\t\t\t<\/div>\n\t\t<\/div>\n\t\t\t\t\t<\/div>\n\t\t<\/section>\n\t\t\t\t<section class=\"elementor-section elementor-top-section elementor-element elementor-element-3414d40 elementor-section-boxed elementor-section-height-default elementor-section-height-default\" data-id=\"3414d40\" data-element_type=\"section\" data-e-type=\"section\">\n\t\t\t\t\t\t<div class=\"elementor-container elementor-column-gap-default\">\n\t\t\t\t\t<div class=\"elementor-column elementor-col-100 elementor-top-column elementor-element elementor-element-847df5f\" data-id=\"847df5f\" data-element_type=\"column\" data-e-type=\"column\">\n\t\t\t<div class=\"elementor-widget-wrap elementor-element-populated\">\n\t\t\t\t\t\t<div class=\"elementor-element elementor-element-2df4733 elementor-widget elementor-widget-video\" data-id=\"2df4733\" data-element_type=\"widget\" data-e-type=\"widget\" data-settings=\"{&quot;youtube_url&quot;:&quot;https:\\\/\\\/youtu.be\\\/hFoaVPkCfPk?list=PLLoOIX0G-x9ihAngQfkNKMol0rIjhSa7l&quot;,&quot;video_type&quot;:&quot;youtube&quot;,&quot;controls&quot;:&quot;yes&quot;}\" data-widget_type=\"video.default\">\n\t\t\t\t<div class=\"elementor-widget-container\">\n\t\t\t\t\t\t\t<div class=\"elementor-wrapper elementor-open-inline\">\n\t\t\t<div class=\"elementor-video\"><\/div>\t\t<\/div>\n\t\t\t\t\t\t<\/div>\n\t\t\t\t<\/div>\n\t\t\t\t\t<\/div>\n\t\t<\/div>\n\t\t\t\t\t<\/div>\n\t\t<\/section>\n\t\t\t\t<\/div>\n\t\t","protected":false},"excerpt":{"rendered":"<p>El equipo SEVi 160 como variante est\u00e1ndar (ventilaci\u00f3n descentralizada SEVi 160) parte de un tubo fijo (\u00d8 = 160 mm) de PPs (Polipropileno) dif\u00edcilmente combustible, para empotrarlo en las fachadas del inmueble en distintos espesores a partir de 150 mm. El Sistema de ventilaci\u00f3n se fija en el tubo. Forma parte de una carcasa de EPP (polipropileno expendido)\u00a0 Este material tiene un efecto aislante termo ac\u00fastico.<\/p>\n","protected":false},"featured_media":394,"comment_status":"open","ping_status":"closed","template":"","meta":[],"product_brand":[],"product_cat":[20],"product_tag":[],"class_list":{"0":"post-391","1":"product","2":"type-product","3":"status-publish","4":"has-post-thumbnail","6":"product_cat-ventilacion","7":"product_shipping_class-producto-tipo-4","9":"first","10":"instock","11":"shipping-taxable","12":"purchasable","13":"product-type-simple"},"yoast_head":"<!-- This site is optimized with the Yoast SEO plugin v26.8 - https:\/\/yoast.com\/product\/yoast-seo-wordpress\/ -->\n<title>Ahorre con Ventilador descentralizado SEVi160 con recuperaci\u00f3n de calor<\/title>\n<meta name=\"description\" content=\"Con el ventilador descentralizado SEVi160 con recuperaci\u00f3n de calor, puede ventilar su vivienda, sin apenas gasto energ\u00e9tico.\" \/>\n<meta name=\"robots\" content=\"index, follow, max-snippet:-1, max-image-preview:large, max-video-preview:-1\" \/>\n<link rel=\"canonical\" href=\"https:\/\/aislayahorra.es\/tienda\/shop\/ventilador-descentralizado-sevi160-con-recuperacion-calor\/\" \/>\n<meta property=\"og:locale\" content=\"es_ES\" \/>\n<meta property=\"og:type\" content=\"article\" \/>\n<meta property=\"og:title\" content=\"Ahorre con Ventilador descentralizado SEVi160 con recuperaci\u00f3n de calor\" \/>\n<meta property=\"og:description\" content=\"Con el ventilador descentralizado SEVi160 con recuperaci\u00f3n de calor, puede ventilar su vivienda, sin apenas gasto energ\u00e9tico.\" \/>\n<meta property=\"og:url\" content=\"https:\/\/aislayahorra.es\/tienda\/shop\/ventilador-descentralizado-sevi160-con-recuperacion-calor\/\" \/>\n<meta property=\"article:modified_time\" content=\"2025-10-12T11:17:46+00:00\" \/>\n<meta property=\"og:image\" content=\"https:\/\/aislayahorra.es\/tienda\/wp-content\/uploads\/2021\/01\/64-motor-ventilador-sevi160-1.jpg\" \/>\n\t<meta property=\"og:image:width\" content=\"1294\" \/>\n\t<meta property=\"og:image:height\" content=\"1294\" \/>\n\t<meta property=\"og:image:type\" content=\"image\/jpeg\" \/>\n<meta name=\"twitter:card\" content=\"summary_large_image\" \/>\n<meta name=\"twitter:label1\" content=\"Tiempo de lectura\" \/>\n\t<meta name=\"twitter:data1\" content=\"1 minuto\" \/>\n<script type=\"application\/ld+json\" class=\"yoast-schema-graph\">{\"@context\":\"https:\/\/schema.org\",\"@graph\":[{\"@type\":\"WebPage\",\"@id\":\"https:\/\/aislayahorra.es\/tienda\/shop\/ventilador-descentralizado-sevi160-con-recuperacion-calor\/\",\"url\":\"https:\/\/aislayahorra.es\/tienda\/shop\/ventilador-descentralizado-sevi160-con-recuperacion-calor\/\",\"name\":\"Ahorre con Ventilador descentralizado SEVi160 con recuperaci\u00f3n de calor\",\"isPartOf\":{\"@id\":\"https:\/\/aislayahorra.es\/tienda\/#website\"},\"primaryImageOfPage\":{\"@id\":\"https:\/\/aislayahorra.es\/tienda\/shop\/ventilador-descentralizado-sevi160-con-recuperacion-calor\/#primaryimage\"},\"image\":{\"@id\":\"https:\/\/aislayahorra.es\/tienda\/shop\/ventilador-descentralizado-sevi160-con-recuperacion-calor\/#primaryimage\"},\"thumbnailUrl\":\"https:\/\/aislayahorra.es\/tienda\/wp-content\/uploads\/2021\/01\/64-motor-ventilador-sevi160-1.jpg\",\"datePublished\":\"2021-01-18T10:06:24+00:00\",\"dateModified\":\"2025-10-12T11:17:46+00:00\",\"description\":\"Con el ventilador descentralizado SEVi160 con recuperaci\u00f3n de calor, puede ventilar su vivienda, sin apenas gasto energ\u00e9tico.\",\"breadcrumb\":{\"@id\":\"https:\/\/aislayahorra.es\/tienda\/shop\/ventilador-descentralizado-sevi160-con-recuperacion-calor\/#breadcrumb\"},\"inLanguage\":\"es\",\"potentialAction\":[{\"@type\":\"ReadAction\",\"target\":[\"https:\/\/aislayahorra.es\/tienda\/shop\/ventilador-descentralizado-sevi160-con-recuperacion-calor\/\"]}]},{\"@type\":\"ImageObject\",\"inLanguage\":\"es\",\"@id\":\"https:\/\/aislayahorra.es\/tienda\/shop\/ventilador-descentralizado-sevi160-con-recuperacion-calor\/#primaryimage\",\"url\":\"https:\/\/aislayahorra.es\/tienda\/wp-content\/uploads\/2021\/01\/64-motor-ventilador-sevi160-1.jpg\",\"contentUrl\":\"https:\/\/aislayahorra.es\/tienda\/wp-content\/uploads\/2021\/01\/64-motor-ventilador-sevi160-1.jpg\",\"width\":1294,\"height\":1294,\"caption\":\"Ventilador descentralizado SEVi160 con recuperaci\u00f3n de calor\"},{\"@type\":\"BreadcrumbList\",\"@id\":\"https:\/\/aislayahorra.es\/tienda\/shop\/ventilador-descentralizado-sevi160-con-recuperacion-calor\/#breadcrumb\",\"itemListElement\":[{\"@type\":\"ListItem\",\"position\":1,\"name\":\"Portada\",\"item\":\"https:\/\/aislayahorra.es\/tienda\/\"},{\"@type\":\"ListItem\",\"position\":2,\"name\":\"Shop\",\"item\":\"https:\/\/aislayahorra.es\/tienda\/\"},{\"@type\":\"ListItem\",\"position\":3,\"name\":\"Ventilador descentralizado SEVi160 con recuperaci\u00f3n de calor\"}]},{\"@type\":\"WebSite\",\"@id\":\"https:\/\/aislayahorra.es\/tienda\/#website\",\"url\":\"https:\/\/aislayahorra.es\/tienda\/\",\"name\":\"\",\"description\":\"\",\"potentialAction\":[{\"@type\":\"SearchAction\",\"target\":{\"@type\":\"EntryPoint\",\"urlTemplate\":\"https:\/\/aislayahorra.es\/tienda\/?s={search_term_string}\"},\"query-input\":{\"@type\":\"PropertyValueSpecification\",\"valueRequired\":true,\"valueName\":\"search_term_string\"}}],\"inLanguage\":\"es\"}]}<\/script>\n<!-- \/ Yoast SEO plugin. -->","yoast_head_json":{"title":"Ahorre con Ventilador descentralizado SEVi160 con recuperaci\u00f3n de calor","description":"Con el ventilador descentralizado SEVi160 con recuperaci\u00f3n de calor, puede ventilar su vivienda, sin apenas gasto energ\u00e9tico.","robots":{"index":"index","follow":"follow","max-snippet":"max-snippet:-1","max-image-preview":"max-image-preview:large","max-video-preview":"max-video-preview:-1"},"canonical":"https:\/\/aislayahorra.es\/tienda\/shop\/ventilador-descentralizado-sevi160-con-recuperacion-calor\/","og_locale":"es_ES","og_type":"article","og_title":"Ahorre con Ventilador descentralizado SEVi160 con recuperaci\u00f3n de calor","og_description":"Con el ventilador descentralizado SEVi160 con recuperaci\u00f3n de calor, puede ventilar su vivienda, sin apenas gasto energ\u00e9tico.","og_url":"https:\/\/aislayahorra.es\/tienda\/shop\/ventilador-descentralizado-sevi160-con-recuperacion-calor\/","article_modified_time":"2025-10-12T11:17:46+00:00","og_image":[{"width":1294,"height":1294,"url":"https:\/\/aislayahorra.es\/tienda\/wp-content\/uploads\/2021\/01\/64-motor-ventilador-sevi160-1.jpg","type":"image\/jpeg"}],"twitter_card":"summary_large_image","twitter_misc":{"Tiempo de lectura":"1 minuto"},"schema":{"@context":"https:\/\/schema.org","@graph":[{"@type":"WebPage","@id":"https:\/\/aislayahorra.es\/tienda\/shop\/ventilador-descentralizado-sevi160-con-recuperacion-calor\/","url":"https:\/\/aislayahorra.es\/tienda\/shop\/ventilador-descentralizado-sevi160-con-recuperacion-calor\/","name":"Ahorre con Ventilador descentralizado SEVi160 con recuperaci\u00f3n de calor","isPartOf":{"@id":"https:\/\/aislayahorra.es\/tienda\/#website"},"primaryImageOfPage":{"@id":"https:\/\/aislayahorra.es\/tienda\/shop\/ventilador-descentralizado-sevi160-con-recuperacion-calor\/#primaryimage"},"image":{"@id":"https:\/\/aislayahorra.es\/tienda\/shop\/ventilador-descentralizado-sevi160-con-recuperacion-calor\/#primaryimage"},"thumbnailUrl":"https:\/\/aislayahorra.es\/tienda\/wp-content\/uploads\/2021\/01\/64-motor-ventilador-sevi160-1.jpg","datePublished":"2021-01-18T10:06:24+00:00","dateModified":"2025-10-12T11:17:46+00:00","description":"Con el ventilador descentralizado SEVi160 con recuperaci\u00f3n de calor, puede ventilar su vivienda, sin apenas gasto energ\u00e9tico.","breadcrumb":{"@id":"https:\/\/aislayahorra.es\/tienda\/shop\/ventilador-descentralizado-sevi160-con-recuperacion-calor\/#breadcrumb"},"inLanguage":"es","potentialAction":[{"@type":"ReadAction","target":["https:\/\/aislayahorra.es\/tienda\/shop\/ventilador-descentralizado-sevi160-con-recuperacion-calor\/"]}]},{"@type":"ImageObject","inLanguage":"es","@id":"https:\/\/aislayahorra.es\/tienda\/shop\/ventilador-descentralizado-sevi160-con-recuperacion-calor\/#primaryimage","url":"https:\/\/aislayahorra.es\/tienda\/wp-content\/uploads\/2021\/01\/64-motor-ventilador-sevi160-1.jpg","contentUrl":"https:\/\/aislayahorra.es\/tienda\/wp-content\/uploads\/2021\/01\/64-motor-ventilador-sevi160-1.jpg","width":1294,"height":1294,"caption":"Ventilador descentralizado SEVi160 con recuperaci\u00f3n de calor"},{"@type":"BreadcrumbList","@id":"https:\/\/aislayahorra.es\/tienda\/shop\/ventilador-descentralizado-sevi160-con-recuperacion-calor\/#breadcrumb","itemListElement":[{"@type":"ListItem","position":1,"name":"Portada","item":"https:\/\/aislayahorra.es\/tienda\/"},{"@type":"ListItem","position":2,"name":"Shop","item":"https:\/\/aislayahorra.es\/tienda\/"},{"@type":"ListItem","position":3,"name":"Ventilador descentralizado SEVi160 con recuperaci\u00f3n de calor"}]},{"@type":"WebSite","@id":"https:\/\/aislayahorra.es\/tienda\/#website","url":"https:\/\/aislayahorra.es\/tienda\/","name":"","description":"","potentialAction":[{"@type":"SearchAction","target":{"@type":"EntryPoint","urlTemplate":"https:\/\/aislayahorra.es\/tienda\/?s={search_term_string}"},"query-input":{"@type":"PropertyValueSpecification","valueRequired":true,"valueName":"search_term_string"}}],"inLanguage":"es"}]}},"_links":{"self":[{"href":"https:\/\/aislayahorra.es\/tienda\/wp-json\/wp\/v2\/product\/391","targetHints":{"allow":["GET"]}}],"collection":[{"href":"https:\/\/aislayahorra.es\/tienda\/wp-json\/wp\/v2\/product"}],"about":[{"href":"https:\/\/aislayahorra.es\/tienda\/wp-json\/wp\/v2\/types\/product"}],"replies":[{"embeddable":true,"href":"https:\/\/aislayahorra.es\/tienda\/wp-json\/wp\/v2\/comments?post=391"}],"version-history":[{"count":1,"href":"https:\/\/aislayahorra.es\/tienda\/wp-json\/wp\/v2\/product\/391\/revisions"}],"predecessor-version":[{"id":2740,"href":"https:\/\/aislayahorra.es\/tienda\/wp-json\/wp\/v2\/product\/391\/revisions\/2740"}],"wp:featuredmedia":[{"embeddable":true,"href":"https:\/\/aislayahorra.es\/tienda\/wp-json\/wp\/v2\/media\/394"}],"wp:attachment":[{"href":"https:\/\/aislayahorra.es\/tienda\/wp-json\/wp\/v2\/media?parent=391"}],"wp:term":[{"taxonomy":"product_brand","embeddable":true,"href":"https:\/\/aislayahorra.es\/tienda\/wp-json\/wp\/v2\/product_brand?post=391"},{"taxonomy":"product_cat","embeddable":true,"href":"https:\/\/aislayahorra.es\/tienda\/wp-json\/wp\/v2\/product_cat?post=391"},{"taxonomy":"product_tag","embeddable":true,"href":"https:\/\/aislayahorra.es\/tienda\/wp-json\/wp\/v2\/product_tag?post=391"}],"curies":[{"name":"wp","href":"https:\/\/api.w.org\/{rel}","templated":true}]}}