{"id":421,"date":"2021-01-18T12:57:45","date_gmt":"2021-01-18T10:57:45","guid":{"rendered":"https:\/\/test.aislayahorra.es\/tienda\/?post_type=product&#038;p=421"},"modified":"2025-10-12T13:17:06","modified_gmt":"2025-10-12T11:17:06","slug":"camara-termografica-con-deteccion-de-humedades-mr-277-flir","status":"publish","type":"product","link":"https:\/\/aislayahorra.es\/tienda\/shop\/camara-termografica-con-deteccion-de-humedades-mr-277-flir\/","title":{"rendered":"C\u00e1mara termogr\u00e1fica con detecci\u00f3n de humedades MR 277 FLIR"},"content":{"rendered":"\t\t<div data-elementor-type=\"product-post\" data-elementor-id=\"421\" class=\"elementor elementor-421\" data-elementor-post-type=\"product\">\n\t\t\t\t\t\t<section class=\"elementor-section elementor-top-section elementor-element elementor-element-28a5d36 elementor-section-boxed elementor-section-height-default elementor-section-height-default\" data-id=\"28a5d36\" data-element_type=\"section\" data-e-type=\"section\">\n\t\t\t\t\t\t<div class=\"elementor-container elementor-column-gap-default\">\n\t\t\t\t\t<div class=\"elementor-column elementor-col-100 elementor-top-column elementor-element elementor-element-e489e04\" data-id=\"e489e04\" data-element_type=\"column\" data-e-type=\"column\">\n\t\t\t<div class=\"elementor-widget-wrap elementor-element-populated\">\n\t\t\t\t\t\t<div class=\"elementor-element elementor-element-efcc11a elementor-widget elementor-widget-text-editor\" data-id=\"efcc11a\" data-element_type=\"widget\" data-e-type=\"widget\" data-widget_type=\"text-editor.default\">\n\t\t\t\t<div class=\"elementor-widget-container\">\n\t\t\t\t\t\t\t\t\t<p><strong>FLIR MR277<\/strong><\/p><p>El <strong>MR277<\/strong> es el primer sistema de inspecci\u00f3n de edificios de FLIR que combina las ventajas de la medici\u00f3n guiada por infrarrojos (IGM\u2122) y nuestra imagen din\u00e1mica multiespectral (MSX\u00ae) patentada con sensores ambientales avanzados que le ayudar\u00e1n a localizar r\u00e1pidamente, identificar con claridad y documentar f\u00e1cilmente los problemas. La tecnolog\u00eda IGM y un puntero l\u00e1ser a\u00edslan el \u00e1rea en la que puede utilizar el sensor de humedad sin clavija para lecturas no invasivas o la sonda de clavija externa para mediciones invasivas. Con lecturas ambientales que se calculan autom\u00e1ticamente y un sensor de humedad\/temperatura reemplazable sobre el terreno, el MR277 le permite finalizar el trabajo y reducir el tiempo de inactividad. Con\u00e9ctese con dispositivos externos con METERLiNK\u00ae y utilice FLIR Tools\u00ae para mejorar la soluci\u00f3n de problemas y los informes.<\/p>\t\t\t\t\t\t\t\t<\/div>\n\t\t\t\t<\/div>\n\t\t\t\t<div class=\"elementor-element elementor-element-af59c27 elementor-icon-list--layout-traditional elementor-list-item-link-full_width elementor-widget elementor-widget-icon-list\" data-id=\"af59c27\" data-element_type=\"widget\" data-e-type=\"widget\" data-widget_type=\"icon-list.default\">\n\t\t\t\t<div class=\"elementor-widget-container\">\n\t\t\t\t\t\t\t<ul class=\"elementor-icon-list-items\">\n\t\t\t\t\t\t\t<li class=\"elementor-icon-list-item\">\n\t\t\t\t\t\t\t\t\t\t\t<a href=\"https:\/\/www.aislayahorra.es\/tienda\/wp-content\/uploads\/2021\/01\/Camara-humedades-MR-277.pdf\" target=\"_blank\">\n\n\t\t\t\t\t\t\t\t\t\t\t\t<span class=\"elementor-icon-list-icon\">\n\t\t\t\t\t\t\t<i aria-hidden=\"true\" class=\"far fa-file-pdf\"><\/i>\t\t\t\t\t\t<\/span>\n\t\t\t\t\t\t\t\t\t\t<span class=\"elementor-icon-list-text\">FICHA TECNICA<\/span>\n\t\t\t\t\t\t\t\t\t\t\t<\/a>\n\t\t\t\t\t\t\t\t\t<\/li>\n\t\t\t\t\t\t<\/ul>\n\t\t\t\t\t\t<\/div>\n\t\t\t\t<\/div>\n\t\t\t\t\t<\/div>\n\t\t<\/div>\n\t\t\t\t\t<\/div>\n\t\t<\/section>\n\t\t\t\t<section class=\"elementor-section elementor-top-section elementor-element elementor-element-2170a70 elementor-section-boxed elementor-section-height-default elementor-section-height-default\" data-id=\"2170a70\" data-element_type=\"section\" data-e-type=\"section\">\n\t\t\t\t\t\t<div class=\"elementor-container elementor-column-gap-default\">\n\t\t\t\t\t<div class=\"elementor-column elementor-col-100 elementor-top-column elementor-element elementor-element-9bf07a8\" data-id=\"9bf07a8\" data-element_type=\"column\" data-e-type=\"column\">\n\t\t\t<div class=\"elementor-widget-wrap elementor-element-populated\">\n\t\t\t\t\t\t<div class=\"elementor-element elementor-element-fc4af48 elementor-widget elementor-widget-video\" data-id=\"fc4af48\" data-element_type=\"widget\" data-e-type=\"widget\" data-settings=\"{&quot;youtube_url&quot;:&quot;https:\\\/\\\/www.youtube.com\\\/watch?v=PQmDz4Csffs&quot;,&quot;video_type&quot;:&quot;youtube&quot;,&quot;controls&quot;:&quot;yes&quot;}\" data-widget_type=\"video.default\">\n\t\t\t\t<div class=\"elementor-widget-container\">\n\t\t\t\t\t\t\t<div class=\"elementor-wrapper elementor-open-inline\">\n\t\t\t<div class=\"elementor-video\"><\/div>\t\t<\/div>\n\t\t\t\t\t\t<\/div>\n\t\t\t\t<\/div>\n\t\t\t\t\t<\/div>\n\t\t<\/div>\n\t\t\t\t\t<\/div>\n\t\t<\/section>\n\t\t\t\t<\/div>\n\t\t","protected":false},"excerpt":{"rendered":"<p><strong>FLIR MR 277<\/strong><br \/>\nEl <strong>MR 277<\/strong> es el primer sistema de inspecci\u00f3n de edificios de FLIR que combina las ventajas de la medici\u00f3n guiada por infrarrojos (IGM\u2122) y nuestra imagen din\u00e1mica multiespectral (MSX\u00ae) patentada con sensores ambientales avanzados que le ayudar\u00e1n a localizar r\u00e1pidamente, identificar con claridad y documentar f\u00e1cilmente los problemas.<\/p>\n","protected":false},"featured_media":422,"comment_status":"open","ping_status":"closed","template":"","meta":[],"product_brand":[],"product_cat":[21],"product_tag":[],"class_list":{"0":"post-421","1":"product","2":"type-product","3":"status-publish","4":"has-post-thumbnail","6":"product_cat-accesorios-insuflado","7":"product_shipping_class-producto-tipo-5","9":"first","10":"instock","11":"shipping-taxable","12":"purchasable","13":"product-type-simple"},"yoast_head":"<!-- This site is optimized with the Yoast SEO plugin v26.8 - https:\/\/yoast.com\/product\/yoast-seo-wordpress\/ -->\n<title>\u00datil: C\u00e1mara termogr\u00e1fica con detecci\u00f3n de humedades MR 277 FLIR<\/title>\n<meta name=\"description\" content=\"La c\u00e1mara termogr\u00e1fica con detecci\u00f3n de humedades MR 277 FLIR es muy \u00fatil a la hora de detectar el origen de las humedades.\" \/>\n<meta name=\"robots\" content=\"index, follow, max-snippet:-1, max-image-preview:large, max-video-preview:-1\" \/>\n<link rel=\"canonical\" href=\"https:\/\/aislayahorra.es\/tienda\/shop\/camara-termografica-con-deteccion-de-humedades-mr-277-flir\/\" \/>\n<meta property=\"og:locale\" content=\"es_ES\" \/>\n<meta property=\"og:type\" content=\"article\" \/>\n<meta property=\"og:title\" content=\"\u00datil: C\u00e1mara termogr\u00e1fica con detecci\u00f3n de humedades MR 277 FLIR\" \/>\n<meta property=\"og:description\" content=\"La c\u00e1mara termogr\u00e1fica con detecci\u00f3n de humedades MR 277 FLIR es muy \u00fatil a la hora de detectar el origen de las humedades.\" \/>\n<meta property=\"og:url\" content=\"https:\/\/aislayahorra.es\/tienda\/shop\/camara-termografica-con-deteccion-de-humedades-mr-277-flir\/\" \/>\n<meta property=\"article:modified_time\" content=\"2025-10-12T11:17:06+00:00\" \/>\n<meta property=\"og:image\" content=\"https:\/\/aislayahorra.es\/tienda\/wp-content\/uploads\/2021\/01\/62-camara-termografica-humedad-mr-277.jpg\" \/>\n\t<meta property=\"og:image:width\" content=\"1294\" \/>\n\t<meta property=\"og:image:height\" content=\"1294\" \/>\n\t<meta property=\"og:image:type\" content=\"image\/jpeg\" \/>\n<meta name=\"twitter:card\" content=\"summary_large_image\" \/>\n<meta name=\"twitter:label1\" content=\"Tiempo de lectura\" \/>\n\t<meta name=\"twitter:data1\" content=\"1 minuto\" \/>\n<script type=\"application\/ld+json\" class=\"yoast-schema-graph\">{\"@context\":\"https:\/\/schema.org\",\"@graph\":[{\"@type\":\"WebPage\",\"@id\":\"https:\/\/aislayahorra.es\/tienda\/shop\/camara-termografica-con-deteccion-de-humedades-mr-277-flir\/\",\"url\":\"https:\/\/aislayahorra.es\/tienda\/shop\/camara-termografica-con-deteccion-de-humedades-mr-277-flir\/\",\"name\":\"\u00datil: C\u00e1mara termogr\u00e1fica con detecci\u00f3n de humedades MR 277 FLIR\",\"isPartOf\":{\"@id\":\"https:\/\/aislayahorra.es\/tienda\/#website\"},\"primaryImageOfPage\":{\"@id\":\"https:\/\/aislayahorra.es\/tienda\/shop\/camara-termografica-con-deteccion-de-humedades-mr-277-flir\/#primaryimage\"},\"image\":{\"@id\":\"https:\/\/aislayahorra.es\/tienda\/shop\/camara-termografica-con-deteccion-de-humedades-mr-277-flir\/#primaryimage\"},\"thumbnailUrl\":\"https:\/\/aislayahorra.es\/tienda\/wp-content\/uploads\/2021\/01\/62-camara-termografica-humedad-mr-277.jpg\",\"datePublished\":\"2021-01-18T10:57:45+00:00\",\"dateModified\":\"2025-10-12T11:17:06+00:00\",\"description\":\"La c\u00e1mara termogr\u00e1fica con detecci\u00f3n de humedades MR 277 FLIR es muy \u00fatil a la hora de detectar el origen de las humedades.\",\"breadcrumb\":{\"@id\":\"https:\/\/aislayahorra.es\/tienda\/shop\/camara-termografica-con-deteccion-de-humedades-mr-277-flir\/#breadcrumb\"},\"inLanguage\":\"es\",\"potentialAction\":[{\"@type\":\"ReadAction\",\"target\":[\"https:\/\/aislayahorra.es\/tienda\/shop\/camara-termografica-con-deteccion-de-humedades-mr-277-flir\/\"]}]},{\"@type\":\"ImageObject\",\"inLanguage\":\"es\",\"@id\":\"https:\/\/aislayahorra.es\/tienda\/shop\/camara-termografica-con-deteccion-de-humedades-mr-277-flir\/#primaryimage\",\"url\":\"https:\/\/aislayahorra.es\/tienda\/wp-content\/uploads\/2021\/01\/62-camara-termografica-humedad-mr-277.jpg\",\"contentUrl\":\"https:\/\/aislayahorra.es\/tienda\/wp-content\/uploads\/2021\/01\/62-camara-termografica-humedad-mr-277.jpg\",\"width\":1294,\"height\":1294,\"caption\":\"C\u00e1mara termogr\u00e1fica con detecci\u00f3n de humedades MR 277 FLIR\"},{\"@type\":\"BreadcrumbList\",\"@id\":\"https:\/\/aislayahorra.es\/tienda\/shop\/camara-termografica-con-deteccion-de-humedades-mr-277-flir\/#breadcrumb\",\"itemListElement\":[{\"@type\":\"ListItem\",\"position\":1,\"name\":\"Portada\",\"item\":\"https:\/\/aislayahorra.es\/tienda\/\"},{\"@type\":\"ListItem\",\"position\":2,\"name\":\"Shop\",\"item\":\"https:\/\/aislayahorra.es\/tienda\/\"},{\"@type\":\"ListItem\",\"position\":3,\"name\":\"C\u00e1mara termogr\u00e1fica con detecci\u00f3n de humedades MR 277 FLIR\"}]},{\"@type\":\"WebSite\",\"@id\":\"https:\/\/aislayahorra.es\/tienda\/#website\",\"url\":\"https:\/\/aislayahorra.es\/tienda\/\",\"name\":\"\",\"description\":\"\",\"potentialAction\":[{\"@type\":\"SearchAction\",\"target\":{\"@type\":\"EntryPoint\",\"urlTemplate\":\"https:\/\/aislayahorra.es\/tienda\/?s={search_term_string}\"},\"query-input\":{\"@type\":\"PropertyValueSpecification\",\"valueRequired\":true,\"valueName\":\"search_term_string\"}}],\"inLanguage\":\"es\"}]}<\/script>\n<!-- \/ Yoast SEO plugin. -->","yoast_head_json":{"title":"\u00datil: C\u00e1mara termogr\u00e1fica con detecci\u00f3n de humedades MR 277 FLIR","description":"La c\u00e1mara termogr\u00e1fica con detecci\u00f3n de humedades MR 277 FLIR es muy \u00fatil a la hora de detectar el origen de las humedades.","robots":{"index":"index","follow":"follow","max-snippet":"max-snippet:-1","max-image-preview":"max-image-preview:large","max-video-preview":"max-video-preview:-1"},"canonical":"https:\/\/aislayahorra.es\/tienda\/shop\/camara-termografica-con-deteccion-de-humedades-mr-277-flir\/","og_locale":"es_ES","og_type":"article","og_title":"\u00datil: C\u00e1mara termogr\u00e1fica con detecci\u00f3n de humedades MR 277 FLIR","og_description":"La c\u00e1mara termogr\u00e1fica con detecci\u00f3n de humedades MR 277 FLIR es muy \u00fatil a la hora de detectar el origen de las humedades.","og_url":"https:\/\/aislayahorra.es\/tienda\/shop\/camara-termografica-con-deteccion-de-humedades-mr-277-flir\/","article_modified_time":"2025-10-12T11:17:06+00:00","og_image":[{"width":1294,"height":1294,"url":"https:\/\/aislayahorra.es\/tienda\/wp-content\/uploads\/2021\/01\/62-camara-termografica-humedad-mr-277.jpg","type":"image\/jpeg"}],"twitter_card":"summary_large_image","twitter_misc":{"Tiempo de lectura":"1 minuto"},"schema":{"@context":"https:\/\/schema.org","@graph":[{"@type":"WebPage","@id":"https:\/\/aislayahorra.es\/tienda\/shop\/camara-termografica-con-deteccion-de-humedades-mr-277-flir\/","url":"https:\/\/aislayahorra.es\/tienda\/shop\/camara-termografica-con-deteccion-de-humedades-mr-277-flir\/","name":"\u00datil: C\u00e1mara termogr\u00e1fica con detecci\u00f3n de humedades MR 277 FLIR","isPartOf":{"@id":"https:\/\/aislayahorra.es\/tienda\/#website"},"primaryImageOfPage":{"@id":"https:\/\/aislayahorra.es\/tienda\/shop\/camara-termografica-con-deteccion-de-humedades-mr-277-flir\/#primaryimage"},"image":{"@id":"https:\/\/aislayahorra.es\/tienda\/shop\/camara-termografica-con-deteccion-de-humedades-mr-277-flir\/#primaryimage"},"thumbnailUrl":"https:\/\/aislayahorra.es\/tienda\/wp-content\/uploads\/2021\/01\/62-camara-termografica-humedad-mr-277.jpg","datePublished":"2021-01-18T10:57:45+00:00","dateModified":"2025-10-12T11:17:06+00:00","description":"La c\u00e1mara termogr\u00e1fica con detecci\u00f3n de humedades MR 277 FLIR es muy \u00fatil a la hora de detectar el origen de las humedades.","breadcrumb":{"@id":"https:\/\/aislayahorra.es\/tienda\/shop\/camara-termografica-con-deteccion-de-humedades-mr-277-flir\/#breadcrumb"},"inLanguage":"es","potentialAction":[{"@type":"ReadAction","target":["https:\/\/aislayahorra.es\/tienda\/shop\/camara-termografica-con-deteccion-de-humedades-mr-277-flir\/"]}]},{"@type":"ImageObject","inLanguage":"es","@id":"https:\/\/aislayahorra.es\/tienda\/shop\/camara-termografica-con-deteccion-de-humedades-mr-277-flir\/#primaryimage","url":"https:\/\/aislayahorra.es\/tienda\/wp-content\/uploads\/2021\/01\/62-camara-termografica-humedad-mr-277.jpg","contentUrl":"https:\/\/aislayahorra.es\/tienda\/wp-content\/uploads\/2021\/01\/62-camara-termografica-humedad-mr-277.jpg","width":1294,"height":1294,"caption":"C\u00e1mara termogr\u00e1fica con detecci\u00f3n de humedades MR 277 FLIR"},{"@type":"BreadcrumbList","@id":"https:\/\/aislayahorra.es\/tienda\/shop\/camara-termografica-con-deteccion-de-humedades-mr-277-flir\/#breadcrumb","itemListElement":[{"@type":"ListItem","position":1,"name":"Portada","item":"https:\/\/aislayahorra.es\/tienda\/"},{"@type":"ListItem","position":2,"name":"Shop","item":"https:\/\/aislayahorra.es\/tienda\/"},{"@type":"ListItem","position":3,"name":"C\u00e1mara termogr\u00e1fica con detecci\u00f3n de humedades MR 277 FLIR"}]},{"@type":"WebSite","@id":"https:\/\/aislayahorra.es\/tienda\/#website","url":"https:\/\/aislayahorra.es\/tienda\/","name":"","description":"","potentialAction":[{"@type":"SearchAction","target":{"@type":"EntryPoint","urlTemplate":"https:\/\/aislayahorra.es\/tienda\/?s={search_term_string}"},"query-input":{"@type":"PropertyValueSpecification","valueRequired":true,"valueName":"search_term_string"}}],"inLanguage":"es"}]}},"_links":{"self":[{"href":"https:\/\/aislayahorra.es\/tienda\/wp-json\/wp\/v2\/product\/421","targetHints":{"allow":["GET"]}}],"collection":[{"href":"https:\/\/aislayahorra.es\/tienda\/wp-json\/wp\/v2\/product"}],"about":[{"href":"https:\/\/aislayahorra.es\/tienda\/wp-json\/wp\/v2\/types\/product"}],"replies":[{"embeddable":true,"href":"https:\/\/aislayahorra.es\/tienda\/wp-json\/wp\/v2\/comments?post=421"}],"version-history":[{"count":1,"href":"https:\/\/aislayahorra.es\/tienda\/wp-json\/wp\/v2\/product\/421\/revisions"}],"predecessor-version":[{"id":1951,"href":"https:\/\/aislayahorra.es\/tienda\/wp-json\/wp\/v2\/product\/421\/revisions\/1951"}],"wp:featuredmedia":[{"embeddable":true,"href":"https:\/\/aislayahorra.es\/tienda\/wp-json\/wp\/v2\/media\/422"}],"wp:attachment":[{"href":"https:\/\/aislayahorra.es\/tienda\/wp-json\/wp\/v2\/media?parent=421"}],"wp:term":[{"taxonomy":"product_brand","embeddable":true,"href":"https:\/\/aislayahorra.es\/tienda\/wp-json\/wp\/v2\/product_brand?post=421"},{"taxonomy":"product_cat","embeddable":true,"href":"https:\/\/aislayahorra.es\/tienda\/wp-json\/wp\/v2\/product_cat?post=421"},{"taxonomy":"product_tag","embeddable":true,"href":"https:\/\/aislayahorra.es\/tienda\/wp-json\/wp\/v2\/product_tag?post=421"}],"curies":[{"name":"wp","href":"https:\/\/api.w.org\/{rel}","templated":true}]}}