{"id":430,"date":"2021-01-18T13:31:51","date_gmt":"2021-01-18T11:31:51","guid":{"rendered":"https:\/\/test.aislayahorra.es\/tienda\/?post_type=product&#038;p=430"},"modified":"2025-10-12T13:16:53","modified_gmt":"2025-10-12T11:16:53","slug":"camara-termografica-c5","status":"publish","type":"product","link":"https:\/\/aislayahorra.es\/tienda\/shop\/camara-termografica-c5\/","title":{"rendered":"C\u00e1mara Termogr\u00e1fica C5 Flir"},"content":{"rendered":"\t\t<div data-elementor-type=\"product-post\" data-elementor-id=\"430\" class=\"elementor elementor-430\" data-elementor-post-type=\"product\">\n\t\t\t\t\t\t<section class=\"elementor-section elementor-top-section elementor-element elementor-element-28a5d36 elementor-section-boxed elementor-section-height-default elementor-section-height-default\" data-id=\"28a5d36\" data-element_type=\"section\" data-e-type=\"section\">\n\t\t\t\t\t\t<div class=\"elementor-container elementor-column-gap-default\">\n\t\t\t\t\t<div class=\"elementor-column elementor-col-50 elementor-top-column elementor-element elementor-element-e489e04\" data-id=\"e489e04\" data-element_type=\"column\" data-e-type=\"column\">\n\t\t\t<div class=\"elementor-widget-wrap elementor-element-populated\">\n\t\t\t\t\t\t<div class=\"elementor-element elementor-element-a6ec59d elementor-widget elementor-widget-image\" data-id=\"a6ec59d\" data-element_type=\"widget\" data-e-type=\"widget\" data-widget_type=\"image.default\">\n\t\t\t\t<div class=\"elementor-widget-container\">\n\t\t\t\t\t\t\t\t\t\t\t\t\t\t\t<img fetchpriority=\"high\" decoding=\"async\" width=\"980\" height=\"980\" src=\"https:\/\/aislayahorra.es\/tienda\/wp-content\/uploads\/2021\/01\/61-camara-termografica-c5-1-1024x1024.jpg\" class=\"attachment-large size-large wp-image-435\" alt=\"C\u00e1mara Termogr\u00e1fica C5 Flir\" srcset=\"https:\/\/aislayahorra.es\/tienda\/wp-content\/uploads\/2021\/01\/61-camara-termografica-c5-1-1024x1024.jpg 1024w, https:\/\/aislayahorra.es\/tienda\/wp-content\/uploads\/2021\/01\/61-camara-termografica-c5-1-300x300.jpg 300w, https:\/\/aislayahorra.es\/tienda\/wp-content\/uploads\/2021\/01\/61-camara-termografica-c5-1-150x150.jpg 150w, https:\/\/aislayahorra.es\/tienda\/wp-content\/uploads\/2021\/01\/61-camara-termografica-c5-1-768x768.jpg 768w, https:\/\/aislayahorra.es\/tienda\/wp-content\/uploads\/2021\/01\/61-camara-termografica-c5-1-324x324.jpg 324w, https:\/\/aislayahorra.es\/tienda\/wp-content\/uploads\/2021\/01\/61-camara-termografica-c5-1-416x416.jpg 416w, https:\/\/aislayahorra.es\/tienda\/wp-content\/uploads\/2021\/01\/61-camara-termografica-c5-1-100x100.jpg 100w, https:\/\/aislayahorra.es\/tienda\/wp-content\/uploads\/2021\/01\/61-camara-termografica-c5-1.jpg 1294w\" sizes=\"(max-width: 980px) 100vw, 980px\" \/>\t\t\t\t\t\t\t\t\t\t\t\t\t\t\t<\/div>\n\t\t\t\t<\/div>\n\t\t\t\t\t<\/div>\n\t\t<\/div>\n\t\t\t\t<div class=\"elementor-column elementor-col-50 elementor-top-column elementor-element elementor-element-47fa234\" data-id=\"47fa234\" data-element_type=\"column\" data-e-type=\"column\">\n\t\t\t<div class=\"elementor-widget-wrap elementor-element-populated\">\n\t\t\t\t\t\t<div class=\"elementor-element elementor-element-22de2bf elementor-widget elementor-widget-text-editor\" data-id=\"22de2bf\" data-element_type=\"widget\" data-e-type=\"widget\" data-widget_type=\"text-editor.default\">\n\t\t\t\t<div class=\"elementor-widget-container\">\n\t\t\t\t\t\t\t\t\t<p><strong>FLIR C5<\/strong><\/p><p>Con la <strong>FLIR C5<\/strong> en el bolsillo, siempre estar\u00e1 listo para encontrar fusibles calientes, fugas de aire fr\u00edo, problemas de fontaner\u00eda, etc.<\/p><p>Identificar problemas que est\u00e1n ocultos a simple vista con el generador de im\u00e1genes t\u00e9rmicas de resoluci\u00f3n real de 160\u00a0\u00d7\u00a0120 (19\u00a0200 p\u00edxeles), MSX\u00ae (imagen din\u00e1mica multiespectral), c\u00e1mara visual de 5 megap\u00edxeles y flash LED.<\/p><p>La C5 carga y almacena directamente sus im\u00e1genes en la nube de FLIR Ignite\u2122, desde donde podr\u00e1 organizarlas y crear copias de seguridad. A continuaci\u00f3n, podr\u00e1 compartir al instante las im\u00e1genes con los clientes o crear informes profesionales que documenten el problema y las tareas de reparaci\u00f3n necesarias.<\/p>\t\t\t\t\t\t\t\t<\/div>\n\t\t\t\t<\/div>\n\t\t\t\t\t<\/div>\n\t\t<\/div>\n\t\t\t\t\t<\/div>\n\t\t<\/section>\n\t\t\t\t<section class=\"elementor-section elementor-top-section elementor-element elementor-element-2170a70 elementor-section-boxed elementor-section-height-default elementor-section-height-default\" data-id=\"2170a70\" data-element_type=\"section\" data-e-type=\"section\">\n\t\t\t\t\t\t<div class=\"elementor-container elementor-column-gap-default\">\n\t\t\t\t\t<div class=\"elementor-column elementor-col-100 elementor-top-column elementor-element elementor-element-9bf07a8\" data-id=\"9bf07a8\" data-element_type=\"column\" data-e-type=\"column\">\n\t\t\t<div class=\"elementor-widget-wrap elementor-element-populated\">\n\t\t\t\t\t\t<div class=\"elementor-element elementor-element-fc4af48 elementor-widget elementor-widget-video\" data-id=\"fc4af48\" data-element_type=\"widget\" data-e-type=\"widget\" data-settings=\"{&quot;youtube_url&quot;:&quot;https:\\\/\\\/www.youtube.com\\\/watch?v=FPXE_7KPNEQ&quot;,&quot;video_type&quot;:&quot;youtube&quot;,&quot;controls&quot;:&quot;yes&quot;}\" data-widget_type=\"video.default\">\n\t\t\t\t<div class=\"elementor-widget-container\">\n\t\t\t\t\t\t\t<div class=\"elementor-wrapper elementor-open-inline\">\n\t\t\t<div class=\"elementor-video\"><\/div>\t\t<\/div>\n\t\t\t\t\t\t<\/div>\n\t\t\t\t<\/div>\n\t\t\t\t\t<\/div>\n\t\t<\/div>\n\t\t\t\t\t<\/div>\n\t\t<\/section>\n\t\t\t\t<\/div>\n\t\t","protected":false},"excerpt":{"rendered":"<p>Con la FLIR C5 en el bolsillo, siempre estar\u00e1 listo para encontrar fusibles calientes, fugas de aire fr\u00edo, problemas de fontaner\u00eda, etc. Identificar problemas que est\u00e1n ocultos a simple vista con el generador de im\u00e1genes t\u00e9rmicas de resoluci\u00f3n real de 160\u00a0\u00d7\u00a0120 (19\u00a0200 p\u00edxeles), MSX\u00ae (imagen din\u00e1mica multiespectral), c\u00e1mara visual de 5 megap\u00edxeles y flash LED.<\/p>\n","protected":false},"featured_media":435,"comment_status":"open","ping_status":"closed","template":"","meta":[],"product_brand":[],"product_cat":[21],"product_tag":[],"class_list":{"0":"post-430","1":"product","2":"type-product","3":"status-publish","4":"has-post-thumbnail","6":"product_cat-accesorios-insuflado","7":"product_shipping_class-producto-tipo-5","9":"first","10":"instock","11":"shipping-taxable","12":"purchasable","13":"product-type-simple"},"yoast_head":"<!-- This site is optimized with the Yoast SEO plugin v26.8 - https:\/\/yoast.com\/product\/yoast-seo-wordpress\/ -->\n<title>C\u00e1mara Termogr\u00e1fica C5 Flir control del aislamiento insuflado invisible<\/title>\n<meta name=\"description\" content=\"Con la C\u00e1mara Termogr\u00e1fica C5 de Flir podremos controlar muy bien el aislamiento t\u00e9rmico insuflado, repasando los trabajos en el mismo d\u00eda.\" \/>\n<meta name=\"robots\" content=\"index, follow, max-snippet:-1, max-image-preview:large, max-video-preview:-1\" \/>\n<link rel=\"canonical\" href=\"https:\/\/aislayahorra.es\/tienda\/shop\/camara-termografica-c5\/\" \/>\n<meta property=\"og:locale\" content=\"es_ES\" \/>\n<meta property=\"og:type\" content=\"article\" \/>\n<meta property=\"og:title\" content=\"C\u00e1mara Termogr\u00e1fica C5 Flir control del aislamiento insuflado invisible\" \/>\n<meta property=\"og:description\" content=\"Con la C\u00e1mara Termogr\u00e1fica C5 de Flir podremos controlar muy bien el aislamiento t\u00e9rmico insuflado, repasando los trabajos en el mismo d\u00eda.\" \/>\n<meta property=\"og:url\" content=\"https:\/\/aislayahorra.es\/tienda\/shop\/camara-termografica-c5\/\" \/>\n<meta property=\"article:modified_time\" content=\"2025-10-12T11:16:53+00:00\" \/>\n<meta property=\"og:image\" content=\"https:\/\/aislayahorra.es\/tienda\/wp-content\/uploads\/2021\/01\/61-camara-termografica-c5-1.jpg\" \/>\n\t<meta property=\"og:image:width\" content=\"1294\" \/>\n\t<meta property=\"og:image:height\" content=\"1294\" \/>\n\t<meta property=\"og:image:type\" content=\"image\/jpeg\" \/>\n<meta name=\"twitter:card\" content=\"summary_large_image\" \/>\n<meta name=\"twitter:label1\" content=\"Tiempo de lectura\" \/>\n\t<meta name=\"twitter:data1\" content=\"1 minuto\" \/>\n<script type=\"application\/ld+json\" class=\"yoast-schema-graph\">{\"@context\":\"https:\/\/schema.org\",\"@graph\":[{\"@type\":\"WebPage\",\"@id\":\"https:\/\/aislayahorra.es\/tienda\/shop\/camara-termografica-c5\/\",\"url\":\"https:\/\/aislayahorra.es\/tienda\/shop\/camara-termografica-c5\/\",\"name\":\"C\u00e1mara Termogr\u00e1fica C5 Flir control del aislamiento insuflado invisible\",\"isPartOf\":{\"@id\":\"https:\/\/aislayahorra.es\/tienda\/#website\"},\"primaryImageOfPage\":{\"@id\":\"https:\/\/aislayahorra.es\/tienda\/shop\/camara-termografica-c5\/#primaryimage\"},\"image\":{\"@id\":\"https:\/\/aislayahorra.es\/tienda\/shop\/camara-termografica-c5\/#primaryimage\"},\"thumbnailUrl\":\"https:\/\/aislayahorra.es\/tienda\/wp-content\/uploads\/2021\/01\/61-camara-termografica-c5-1.jpg\",\"datePublished\":\"2021-01-18T11:31:51+00:00\",\"dateModified\":\"2025-10-12T11:16:53+00:00\",\"description\":\"Con la C\u00e1mara Termogr\u00e1fica C5 de Flir podremos controlar muy bien el aislamiento t\u00e9rmico insuflado, repasando los trabajos en el mismo d\u00eda.\",\"breadcrumb\":{\"@id\":\"https:\/\/aislayahorra.es\/tienda\/shop\/camara-termografica-c5\/#breadcrumb\"},\"inLanguage\":\"es\",\"potentialAction\":[{\"@type\":\"ReadAction\",\"target\":[\"https:\/\/aislayahorra.es\/tienda\/shop\/camara-termografica-c5\/\"]}]},{\"@type\":\"ImageObject\",\"inLanguage\":\"es\",\"@id\":\"https:\/\/aislayahorra.es\/tienda\/shop\/camara-termografica-c5\/#primaryimage\",\"url\":\"https:\/\/aislayahorra.es\/tienda\/wp-content\/uploads\/2021\/01\/61-camara-termografica-c5-1.jpg\",\"contentUrl\":\"https:\/\/aislayahorra.es\/tienda\/wp-content\/uploads\/2021\/01\/61-camara-termografica-c5-1.jpg\",\"width\":1294,\"height\":1294,\"caption\":\"C\u00e1mara Termogr\u00e1fica C5 Flir\"},{\"@type\":\"BreadcrumbList\",\"@id\":\"https:\/\/aislayahorra.es\/tienda\/shop\/camara-termografica-c5\/#breadcrumb\",\"itemListElement\":[{\"@type\":\"ListItem\",\"position\":1,\"name\":\"Portada\",\"item\":\"https:\/\/aislayahorra.es\/tienda\/\"},{\"@type\":\"ListItem\",\"position\":2,\"name\":\"Shop\",\"item\":\"https:\/\/aislayahorra.es\/tienda\/\"},{\"@type\":\"ListItem\",\"position\":3,\"name\":\"C\u00e1mara Termogr\u00e1fica C5 Flir\"}]},{\"@type\":\"WebSite\",\"@id\":\"https:\/\/aislayahorra.es\/tienda\/#website\",\"url\":\"https:\/\/aislayahorra.es\/tienda\/\",\"name\":\"\",\"description\":\"\",\"potentialAction\":[{\"@type\":\"SearchAction\",\"target\":{\"@type\":\"EntryPoint\",\"urlTemplate\":\"https:\/\/aislayahorra.es\/tienda\/?s={search_term_string}\"},\"query-input\":{\"@type\":\"PropertyValueSpecification\",\"valueRequired\":true,\"valueName\":\"search_term_string\"}}],\"inLanguage\":\"es\"}]}<\/script>\n<!-- \/ Yoast SEO plugin. -->","yoast_head_json":{"title":"C\u00e1mara Termogr\u00e1fica C5 Flir control del aislamiento insuflado invisible","description":"Con la C\u00e1mara Termogr\u00e1fica C5 de Flir podremos controlar muy bien el aislamiento t\u00e9rmico insuflado, repasando los trabajos en el mismo d\u00eda.","robots":{"index":"index","follow":"follow","max-snippet":"max-snippet:-1","max-image-preview":"max-image-preview:large","max-video-preview":"max-video-preview:-1"},"canonical":"https:\/\/aislayahorra.es\/tienda\/shop\/camara-termografica-c5\/","og_locale":"es_ES","og_type":"article","og_title":"C\u00e1mara Termogr\u00e1fica C5 Flir control del aislamiento insuflado invisible","og_description":"Con la C\u00e1mara Termogr\u00e1fica C5 de Flir podremos controlar muy bien el aislamiento t\u00e9rmico insuflado, repasando los trabajos en el mismo d\u00eda.","og_url":"https:\/\/aislayahorra.es\/tienda\/shop\/camara-termografica-c5\/","article_modified_time":"2025-10-12T11:16:53+00:00","og_image":[{"width":1294,"height":1294,"url":"https:\/\/aislayahorra.es\/tienda\/wp-content\/uploads\/2021\/01\/61-camara-termografica-c5-1.jpg","type":"image\/jpeg"}],"twitter_card":"summary_large_image","twitter_misc":{"Tiempo de lectura":"1 minuto"},"schema":{"@context":"https:\/\/schema.org","@graph":[{"@type":"WebPage","@id":"https:\/\/aislayahorra.es\/tienda\/shop\/camara-termografica-c5\/","url":"https:\/\/aislayahorra.es\/tienda\/shop\/camara-termografica-c5\/","name":"C\u00e1mara Termogr\u00e1fica C5 Flir control del aislamiento insuflado invisible","isPartOf":{"@id":"https:\/\/aislayahorra.es\/tienda\/#website"},"primaryImageOfPage":{"@id":"https:\/\/aislayahorra.es\/tienda\/shop\/camara-termografica-c5\/#primaryimage"},"image":{"@id":"https:\/\/aislayahorra.es\/tienda\/shop\/camara-termografica-c5\/#primaryimage"},"thumbnailUrl":"https:\/\/aislayahorra.es\/tienda\/wp-content\/uploads\/2021\/01\/61-camara-termografica-c5-1.jpg","datePublished":"2021-01-18T11:31:51+00:00","dateModified":"2025-10-12T11:16:53+00:00","description":"Con la C\u00e1mara Termogr\u00e1fica C5 de Flir podremos controlar muy bien el aislamiento t\u00e9rmico insuflado, repasando los trabajos en el mismo d\u00eda.","breadcrumb":{"@id":"https:\/\/aislayahorra.es\/tienda\/shop\/camara-termografica-c5\/#breadcrumb"},"inLanguage":"es","potentialAction":[{"@type":"ReadAction","target":["https:\/\/aislayahorra.es\/tienda\/shop\/camara-termografica-c5\/"]}]},{"@type":"ImageObject","inLanguage":"es","@id":"https:\/\/aislayahorra.es\/tienda\/shop\/camara-termografica-c5\/#primaryimage","url":"https:\/\/aislayahorra.es\/tienda\/wp-content\/uploads\/2021\/01\/61-camara-termografica-c5-1.jpg","contentUrl":"https:\/\/aislayahorra.es\/tienda\/wp-content\/uploads\/2021\/01\/61-camara-termografica-c5-1.jpg","width":1294,"height":1294,"caption":"C\u00e1mara Termogr\u00e1fica C5 Flir"},{"@type":"BreadcrumbList","@id":"https:\/\/aislayahorra.es\/tienda\/shop\/camara-termografica-c5\/#breadcrumb","itemListElement":[{"@type":"ListItem","position":1,"name":"Portada","item":"https:\/\/aislayahorra.es\/tienda\/"},{"@type":"ListItem","position":2,"name":"Shop","item":"https:\/\/aislayahorra.es\/tienda\/"},{"@type":"ListItem","position":3,"name":"C\u00e1mara Termogr\u00e1fica C5 Flir"}]},{"@type":"WebSite","@id":"https:\/\/aislayahorra.es\/tienda\/#website","url":"https:\/\/aislayahorra.es\/tienda\/","name":"","description":"","potentialAction":[{"@type":"SearchAction","target":{"@type":"EntryPoint","urlTemplate":"https:\/\/aislayahorra.es\/tienda\/?s={search_term_string}"},"query-input":{"@type":"PropertyValueSpecification","valueRequired":true,"valueName":"search_term_string"}}],"inLanguage":"es"}]}},"_links":{"self":[{"href":"https:\/\/aislayahorra.es\/tienda\/wp-json\/wp\/v2\/product\/430","targetHints":{"allow":["GET"]}}],"collection":[{"href":"https:\/\/aislayahorra.es\/tienda\/wp-json\/wp\/v2\/product"}],"about":[{"href":"https:\/\/aislayahorra.es\/tienda\/wp-json\/wp\/v2\/types\/product"}],"replies":[{"embeddable":true,"href":"https:\/\/aislayahorra.es\/tienda\/wp-json\/wp\/v2\/comments?post=430"}],"version-history":[{"count":1,"href":"https:\/\/aislayahorra.es\/tienda\/wp-json\/wp\/v2\/product\/430\/revisions"}],"predecessor-version":[{"id":1950,"href":"https:\/\/aislayahorra.es\/tienda\/wp-json\/wp\/v2\/product\/430\/revisions\/1950"}],"wp:featuredmedia":[{"embeddable":true,"href":"https:\/\/aislayahorra.es\/tienda\/wp-json\/wp\/v2\/media\/435"}],"wp:attachment":[{"href":"https:\/\/aislayahorra.es\/tienda\/wp-json\/wp\/v2\/media?parent=430"}],"wp:term":[{"taxonomy":"product_brand","embeddable":true,"href":"https:\/\/aislayahorra.es\/tienda\/wp-json\/wp\/v2\/product_brand?post=430"},{"taxonomy":"product_cat","embeddable":true,"href":"https:\/\/aislayahorra.es\/tienda\/wp-json\/wp\/v2\/product_cat?post=430"},{"taxonomy":"product_tag","embeddable":true,"href":"https:\/\/aislayahorra.es\/tienda\/wp-json\/wp\/v2\/product_tag?post=430"}],"curies":[{"name":"wp","href":"https:\/\/api.w.org\/{rel}","templated":true}]}}