{"id":535,"date":"2021-01-18T18:21:23","date_gmt":"2021-01-18T16:21:23","guid":{"rendered":"https:\/\/test.aislayahorra.es\/tienda\/?post_type=product&#038;p=535"},"modified":"2026-03-27T12:18:02","modified_gmt":"2026-03-27T10:18:02","slug":"cajon-de-ensayo-densidad-lm","status":"publish","type":"product","link":"https:\/\/aislayahorra.es\/tienda\/shop\/cajon-de-ensayo-densidad-lm\/","title":{"rendered":"Caj\u00f3n de ensayo densidad LM"},"content":{"rendered":"\t\t<div data-elementor-type=\"product-post\" data-elementor-id=\"535\" class=\"elementor elementor-535\" data-elementor-post-type=\"product\">\n\t\t\t\t\t\t<section class=\"elementor-section elementor-top-section elementor-element elementor-element-28a5d36 elementor-section-boxed elementor-section-height-default elementor-section-height-default\" data-id=\"28a5d36\" data-element_type=\"section\" data-e-type=\"section\">\n\t\t\t\t\t\t<div class=\"elementor-container elementor-column-gap-default\">\n\t\t\t\t\t<div class=\"elementor-column elementor-col-100 elementor-top-column elementor-element elementor-element-e489e04\" data-id=\"e489e04\" data-element_type=\"column\" data-e-type=\"column\">\n\t\t\t<div class=\"elementor-widget-wrap elementor-element-populated\">\n\t\t\t\t\t\t<div class=\"elementor-element elementor-element-efcc11a elementor-widget elementor-widget-text-editor\" data-id=\"efcc11a\" data-element_type=\"widget\" data-e-type=\"widget\" data-widget_type=\"text-editor.default\">\n\t\t\t\t<div class=\"elementor-widget-container\">\n\t\t\t\t\t\t\t\t\t<p>Caja de ensayo para ensayar la densidad de instalaci\u00f3n para lanas minerales de acuerdo con la norma UNE EN 14064-2 anexo C.<\/p><ul><li><strong>Volumen interior:<\/strong> aprox. 0,0175m\u00b3.<\/li><li><strong>Dimensiones (exterior):<\/strong> 570x530x109.<\/li><li><strong>Apertura insuflado:<\/strong> \u00d825mm.<\/li><li><strong>Material:<\/strong> Madera Multiplex \/ metal.<\/li><li><strong>Peso:<\/strong> aprox. 8kg.<\/li><\/ul>\t\t\t\t\t\t\t\t<\/div>\n\t\t\t\t<\/div>\n\t\t\t\t\t<\/div>\n\t\t<\/div>\n\t\t\t\t\t<\/div>\n\t\t<\/section>\n\t\t\t\t<section class=\"elementor-section elementor-top-section elementor-element elementor-element-81f95ca elementor-section-boxed elementor-section-height-default elementor-section-height-default\" data-id=\"81f95ca\" data-element_type=\"section\" data-e-type=\"section\">\n\t\t\t\t\t\t<div class=\"elementor-container elementor-column-gap-default\">\n\t\t\t\t\t<div class=\"elementor-column elementor-col-100 elementor-top-column elementor-element elementor-element-16aa38d\" data-id=\"16aa38d\" data-element_type=\"column\" data-e-type=\"column\">\n\t\t\t<div class=\"elementor-widget-wrap elementor-element-populated\">\n\t\t\t\t\t\t<div class=\"elementor-element elementor-element-46eaa5a elementor-widget elementor-widget-video\" data-id=\"46eaa5a\" data-element_type=\"widget\" data-e-type=\"widget\" data-settings=\"{&quot;youtube_url&quot;:&quot;https:\\\/\\\/www.youtube.com\\\/watch?v=fV5yts4_X8o&amp;t=6s&quot;,&quot;video_type&quot;:&quot;youtube&quot;,&quot;controls&quot;:&quot;yes&quot;}\" data-widget_type=\"video.default\">\n\t\t\t\t<div class=\"elementor-widget-container\">\n\t\t\t\t\t\t\t<div class=\"elementor-wrapper elementor-open-inline\">\n\t\t\t<div class=\"elementor-video\"><\/div>\t\t<\/div>\n\t\t\t\t\t\t<\/div>\n\t\t\t\t<\/div>\n\t\t\t\t\t<\/div>\n\t\t<\/div>\n\t\t\t\t\t<\/div>\n\t\t<\/section>\n\t\t\t\t<\/div>\n\t\t","protected":false},"excerpt":{"rendered":"<p>Caja de ensayo para ensayar la densidad de instalaci\u00f3n para lanas minerales de acuerdo con la norma UNE EN 14064-2 anexo C.<\/p>\n<ul>\n<li><strong>Volumen interior:<\/strong> aprox. 0,0175m\u00b3.<\/li>\n<li><strong>Dimensiones (exterior):<\/strong> 570x530x109.<\/li>\n<li><strong>Apertura insuflado:<\/strong> \u00d825mm.<\/li>\n<li><strong>Material:<\/strong> Madera Multiplex \/ metal.<\/li>\n<li><strong>Peso:<\/strong> aprox. 8kg.<\/li>\n<\/ul>\n","protected":false},"featured_media":536,"comment_status":"open","ping_status":"closed","template":"","meta":[],"product_brand":[],"product_cat":[22],"product_tag":[],"class_list":{"0":"post-535","1":"product","2":"type-product","3":"status-publish","4":"has-post-thumbnail","6":"product_cat-maquinaria-insuflado","7":"product_shipping_class-producto-tipo-7","9":"first","10":"instock","11":"shipping-taxable","12":"purchasable","13":"product-type-simple"},"yoast_head":"<!-- This site is optimized with the Yoast SEO plugin v26.8 - https:\/\/yoast.com\/product\/yoast-seo-wordpress\/ -->\n<title>Caj\u00f3n de ensayo densidad LM para ensayar la densidad de la lana mineral<\/title>\n<meta name=\"description\" content=\"Con el caj\u00f3n de ensayo de densidad LM podremos ensayar la densidad de la lana mineral in situ, asegurando la correcta aplicaci\u00f3n.\" \/>\n<meta name=\"robots\" content=\"index, follow, max-snippet:-1, max-image-preview:large, max-video-preview:-1\" \/>\n<link rel=\"canonical\" href=\"https:\/\/aislayahorra.es\/tienda\/shop\/cajon-de-ensayo-densidad-lm\/\" \/>\n<meta property=\"og:locale\" content=\"es_ES\" \/>\n<meta property=\"og:type\" content=\"article\" \/>\n<meta property=\"og:title\" content=\"Caj\u00f3n de ensayo densidad LM para ensayar la densidad de la lana mineral\" \/>\n<meta property=\"og:description\" content=\"Con el caj\u00f3n de ensayo de densidad LM podremos ensayar la densidad de la lana mineral in situ, asegurando la correcta aplicaci\u00f3n.\" \/>\n<meta property=\"og:url\" content=\"https:\/\/aislayahorra.es\/tienda\/shop\/cajon-de-ensayo-densidad-lm\/\" \/>\n<meta property=\"article:modified_time\" content=\"2026-03-27T10:18:02+00:00\" \/>\n<meta property=\"og:image\" content=\"https:\/\/aislayahorra.es\/tienda\/wp-content\/uploads\/2021\/01\/50-cajon-de-ensayo-densidad.jpg\" \/>\n\t<meta property=\"og:image:width\" content=\"1294\" \/>\n\t<meta property=\"og:image:height\" content=\"1294\" \/>\n\t<meta property=\"og:image:type\" content=\"image\/jpeg\" \/>\n<meta name=\"twitter:card\" content=\"summary_large_image\" \/>\n<script type=\"application\/ld+json\" class=\"yoast-schema-graph\">{\"@context\":\"https:\/\/schema.org\",\"@graph\":[{\"@type\":\"WebPage\",\"@id\":\"https:\/\/aislayahorra.es\/tienda\/shop\/cajon-de-ensayo-densidad-lm\/\",\"url\":\"https:\/\/aislayahorra.es\/tienda\/shop\/cajon-de-ensayo-densidad-lm\/\",\"name\":\"Caj\u00f3n de ensayo densidad LM para ensayar la densidad de la lana mineral\",\"isPartOf\":{\"@id\":\"https:\/\/aislayahorra.es\/tienda\/#website\"},\"primaryImageOfPage\":{\"@id\":\"https:\/\/aislayahorra.es\/tienda\/shop\/cajon-de-ensayo-densidad-lm\/#primaryimage\"},\"image\":{\"@id\":\"https:\/\/aislayahorra.es\/tienda\/shop\/cajon-de-ensayo-densidad-lm\/#primaryimage\"},\"thumbnailUrl\":\"https:\/\/aislayahorra.es\/tienda\/wp-content\/uploads\/2021\/01\/50-cajon-de-ensayo-densidad.jpg\",\"datePublished\":\"2021-01-18T16:21:23+00:00\",\"dateModified\":\"2026-03-27T10:18:02+00:00\",\"description\":\"Con el caj\u00f3n de ensayo de densidad LM podremos ensayar la densidad de la lana mineral in situ, asegurando la correcta aplicaci\u00f3n.\",\"breadcrumb\":{\"@id\":\"https:\/\/aislayahorra.es\/tienda\/shop\/cajon-de-ensayo-densidad-lm\/#breadcrumb\"},\"inLanguage\":\"es\",\"potentialAction\":[{\"@type\":\"ReadAction\",\"target\":[\"https:\/\/aislayahorra.es\/tienda\/shop\/cajon-de-ensayo-densidad-lm\/\"]}]},{\"@type\":\"ImageObject\",\"inLanguage\":\"es\",\"@id\":\"https:\/\/aislayahorra.es\/tienda\/shop\/cajon-de-ensayo-densidad-lm\/#primaryimage\",\"url\":\"https:\/\/aislayahorra.es\/tienda\/wp-content\/uploads\/2021\/01\/50-cajon-de-ensayo-densidad.jpg\",\"contentUrl\":\"https:\/\/aislayahorra.es\/tienda\/wp-content\/uploads\/2021\/01\/50-cajon-de-ensayo-densidad.jpg\",\"width\":1294,\"height\":1294,\"caption\":\"Caj\u00f3n de ensayo densidad LM\"},{\"@type\":\"BreadcrumbList\",\"@id\":\"https:\/\/aislayahorra.es\/tienda\/shop\/cajon-de-ensayo-densidad-lm\/#breadcrumb\",\"itemListElement\":[{\"@type\":\"ListItem\",\"position\":1,\"name\":\"Portada\",\"item\":\"https:\/\/aislayahorra.es\/tienda\/\"},{\"@type\":\"ListItem\",\"position\":2,\"name\":\"Shop\",\"item\":\"https:\/\/aislayahorra.es\/tienda\/\"},{\"@type\":\"ListItem\",\"position\":3,\"name\":\"Caj\u00f3n de ensayo densidad LM\"}]},{\"@type\":\"WebSite\",\"@id\":\"https:\/\/aislayahorra.es\/tienda\/#website\",\"url\":\"https:\/\/aislayahorra.es\/tienda\/\",\"name\":\"\",\"description\":\"\",\"potentialAction\":[{\"@type\":\"SearchAction\",\"target\":{\"@type\":\"EntryPoint\",\"urlTemplate\":\"https:\/\/aislayahorra.es\/tienda\/?s={search_term_string}\"},\"query-input\":{\"@type\":\"PropertyValueSpecification\",\"valueRequired\":true,\"valueName\":\"search_term_string\"}}],\"inLanguage\":\"es\"}]}<\/script>\n<!-- \/ Yoast SEO plugin. -->","yoast_head_json":{"title":"Caj\u00f3n de ensayo densidad LM para ensayar la densidad de la lana mineral","description":"Con el caj\u00f3n de ensayo de densidad LM podremos ensayar la densidad de la lana mineral in situ, asegurando la correcta aplicaci\u00f3n.","robots":{"index":"index","follow":"follow","max-snippet":"max-snippet:-1","max-image-preview":"max-image-preview:large","max-video-preview":"max-video-preview:-1"},"canonical":"https:\/\/aislayahorra.es\/tienda\/shop\/cajon-de-ensayo-densidad-lm\/","og_locale":"es_ES","og_type":"article","og_title":"Caj\u00f3n de ensayo densidad LM para ensayar la densidad de la lana mineral","og_description":"Con el caj\u00f3n de ensayo de densidad LM podremos ensayar la densidad de la lana mineral in situ, asegurando la correcta aplicaci\u00f3n.","og_url":"https:\/\/aislayahorra.es\/tienda\/shop\/cajon-de-ensayo-densidad-lm\/","article_modified_time":"2026-03-27T10:18:02+00:00","og_image":[{"width":1294,"height":1294,"url":"https:\/\/aislayahorra.es\/tienda\/wp-content\/uploads\/2021\/01\/50-cajon-de-ensayo-densidad.jpg","type":"image\/jpeg"}],"twitter_card":"summary_large_image","schema":{"@context":"https:\/\/schema.org","@graph":[{"@type":"WebPage","@id":"https:\/\/aislayahorra.es\/tienda\/shop\/cajon-de-ensayo-densidad-lm\/","url":"https:\/\/aislayahorra.es\/tienda\/shop\/cajon-de-ensayo-densidad-lm\/","name":"Caj\u00f3n de ensayo densidad LM para ensayar la densidad de la lana mineral","isPartOf":{"@id":"https:\/\/aislayahorra.es\/tienda\/#website"},"primaryImageOfPage":{"@id":"https:\/\/aislayahorra.es\/tienda\/shop\/cajon-de-ensayo-densidad-lm\/#primaryimage"},"image":{"@id":"https:\/\/aislayahorra.es\/tienda\/shop\/cajon-de-ensayo-densidad-lm\/#primaryimage"},"thumbnailUrl":"https:\/\/aislayahorra.es\/tienda\/wp-content\/uploads\/2021\/01\/50-cajon-de-ensayo-densidad.jpg","datePublished":"2021-01-18T16:21:23+00:00","dateModified":"2026-03-27T10:18:02+00:00","description":"Con el caj\u00f3n de ensayo de densidad LM podremos ensayar la densidad de la lana mineral in situ, asegurando la correcta aplicaci\u00f3n.","breadcrumb":{"@id":"https:\/\/aislayahorra.es\/tienda\/shop\/cajon-de-ensayo-densidad-lm\/#breadcrumb"},"inLanguage":"es","potentialAction":[{"@type":"ReadAction","target":["https:\/\/aislayahorra.es\/tienda\/shop\/cajon-de-ensayo-densidad-lm\/"]}]},{"@type":"ImageObject","inLanguage":"es","@id":"https:\/\/aislayahorra.es\/tienda\/shop\/cajon-de-ensayo-densidad-lm\/#primaryimage","url":"https:\/\/aislayahorra.es\/tienda\/wp-content\/uploads\/2021\/01\/50-cajon-de-ensayo-densidad.jpg","contentUrl":"https:\/\/aislayahorra.es\/tienda\/wp-content\/uploads\/2021\/01\/50-cajon-de-ensayo-densidad.jpg","width":1294,"height":1294,"caption":"Caj\u00f3n de ensayo densidad LM"},{"@type":"BreadcrumbList","@id":"https:\/\/aislayahorra.es\/tienda\/shop\/cajon-de-ensayo-densidad-lm\/#breadcrumb","itemListElement":[{"@type":"ListItem","position":1,"name":"Portada","item":"https:\/\/aislayahorra.es\/tienda\/"},{"@type":"ListItem","position":2,"name":"Shop","item":"https:\/\/aislayahorra.es\/tienda\/"},{"@type":"ListItem","position":3,"name":"Caj\u00f3n de ensayo densidad LM"}]},{"@type":"WebSite","@id":"https:\/\/aislayahorra.es\/tienda\/#website","url":"https:\/\/aislayahorra.es\/tienda\/","name":"","description":"","potentialAction":[{"@type":"SearchAction","target":{"@type":"EntryPoint","urlTemplate":"https:\/\/aislayahorra.es\/tienda\/?s={search_term_string}"},"query-input":{"@type":"PropertyValueSpecification","valueRequired":true,"valueName":"search_term_string"}}],"inLanguage":"es"}]}},"_links":{"self":[{"href":"https:\/\/aislayahorra.es\/tienda\/wp-json\/wp\/v2\/product\/535","targetHints":{"allow":["GET"]}}],"collection":[{"href":"https:\/\/aislayahorra.es\/tienda\/wp-json\/wp\/v2\/product"}],"about":[{"href":"https:\/\/aislayahorra.es\/tienda\/wp-json\/wp\/v2\/types\/product"}],"replies":[{"embeddable":true,"href":"https:\/\/aislayahorra.es\/tienda\/wp-json\/wp\/v2\/comments?post=535"}],"version-history":[{"count":1,"href":"https:\/\/aislayahorra.es\/tienda\/wp-json\/wp\/v2\/product\/535\/revisions"}],"predecessor-version":[{"id":2469,"href":"https:\/\/aislayahorra.es\/tienda\/wp-json\/wp\/v2\/product\/535\/revisions\/2469"}],"wp:featuredmedia":[{"embeddable":true,"href":"https:\/\/aislayahorra.es\/tienda\/wp-json\/wp\/v2\/media\/536"}],"wp:attachment":[{"href":"https:\/\/aislayahorra.es\/tienda\/wp-json\/wp\/v2\/media?parent=535"}],"wp:term":[{"taxonomy":"product_brand","embeddable":true,"href":"https:\/\/aislayahorra.es\/tienda\/wp-json\/wp\/v2\/product_brand?post=535"},{"taxonomy":"product_cat","embeddable":true,"href":"https:\/\/aislayahorra.es\/tienda\/wp-json\/wp\/v2\/product_cat?post=535"},{"taxonomy":"product_tag","embeddable":true,"href":"https:\/\/aislayahorra.es\/tienda\/wp-json\/wp\/v2\/product_tag?post=535"}],"curies":[{"name":"wp","href":"https:\/\/api.w.org\/{rel}","templated":true}]}}