{"id":557,"date":"2021-01-18T19:08:33","date_gmt":"2021-01-18T17:08:33","guid":{"rendered":"https:\/\/test.aislayahorra.es\/tienda\/?post_type=product&#038;p=557"},"modified":"2025-12-05T10:02:47","modified_gmt":"2025-12-05T08:02:47","slug":"bomba-de-membrana-para-proyectar-aislamiento","status":"publish","type":"product","link":"https:\/\/aislayahorra.es\/tienda\/shop\/bomba-de-membrana-para-proyectar-aislamiento\/","title":{"rendered":"Bomba de Membrana para proyectar aislamiento"},"content":{"rendered":"\t\t<div data-elementor-type=\"product-post\" data-elementor-id=\"557\" class=\"elementor elementor-557\" data-elementor-post-type=\"product\">\n\t\t\t\t\t\t<section class=\"elementor-section elementor-top-section elementor-element elementor-element-28a5d36 elementor-section-boxed elementor-section-height-default elementor-section-height-default\" data-id=\"28a5d36\" data-element_type=\"section\" data-e-type=\"section\">\n\t\t\t\t\t\t<div class=\"elementor-container elementor-column-gap-default\">\n\t\t\t\t\t<div class=\"elementor-column elementor-col-100 elementor-top-column elementor-element elementor-element-e489e04\" data-id=\"e489e04\" data-element_type=\"column\" data-e-type=\"column\">\n\t\t\t<div class=\"elementor-widget-wrap elementor-element-populated\">\n\t\t\t\t\t\t<div class=\"elementor-element elementor-element-efcc11a elementor-widget elementor-widget-text-editor\" data-id=\"efcc11a\" data-element_type=\"widget\" data-e-type=\"widget\" data-widget_type=\"text-editor.default\">\n\t\t\t\t<div class=\"elementor-widget-container\">\n\t\t\t\t\t\t\t\t\t<p>Bomba de membrana para proyectar aislamientos con agua (celulosa, lana de roca con cemento) 2 mangueras se colocan a modo circuito y se sumergen en un recipiente (tonel). Una tercera manguera alimenta la tobera de proyectado. Es compatible con uso de agentes adhesivos, se puede desmontar y limpiar la membrana, f\u00e1cilmente.<\/p><p><strong>Datos t\u00e9cnicos:<\/strong><br \/>0.75 kW, 600 U\/min, 17.2 l\/min, pmax 20 bares, incluye man\u00f3metro, manual, accesorios y componentes de conexi\u00f3n.<\/p>\t\t\t\t\t\t\t\t<\/div>\n\t\t\t\t<\/div>\n\t\t\t\t\t<\/div>\n\t\t<\/div>\n\t\t\t\t\t<\/div>\n\t\t<\/section>\n\t\t\t\t<section class=\"elementor-section elementor-top-section elementor-element elementor-element-a4bd2c8 elementor-section-boxed elementor-section-height-default elementor-section-height-default\" data-id=\"a4bd2c8\" data-element_type=\"section\" data-e-type=\"section\">\n\t\t\t\t\t\t<div class=\"elementor-container elementor-column-gap-default\">\n\t\t\t\t\t<div class=\"elementor-column elementor-col-50 elementor-top-column elementor-element elementor-element-8f1ebca\" data-id=\"8f1ebca\" data-element_type=\"column\" data-e-type=\"column\">\n\t\t\t<div class=\"elementor-widget-wrap elementor-element-populated\">\n\t\t\t\t\t\t<div class=\"elementor-element elementor-element-4f15dd2 elementor-widget elementor-widget-video\" data-id=\"4f15dd2\" data-element_type=\"widget\" data-e-type=\"widget\" data-settings=\"{&quot;youtube_url&quot;:&quot;https:\\\/\\\/youtu.be\\\/zr8KT5LhYQY&quot;,&quot;video_type&quot;:&quot;youtube&quot;,&quot;controls&quot;:&quot;yes&quot;}\" data-widget_type=\"video.default\">\n\t\t\t\t<div class=\"elementor-widget-container\">\n\t\t\t\t\t\t\t<div class=\"elementor-wrapper elementor-open-inline\">\n\t\t\t<div class=\"elementor-video\"><\/div>\t\t<\/div>\n\t\t\t\t\t\t<\/div>\n\t\t\t\t<\/div>\n\t\t\t\t\t<\/div>\n\t\t<\/div>\n\t\t\t\t<div class=\"elementor-column elementor-col-50 elementor-top-column elementor-element elementor-element-943c8eb\" data-id=\"943c8eb\" data-element_type=\"column\" data-e-type=\"column\">\n\t\t\t<div class=\"elementor-widget-wrap elementor-element-populated\">\n\t\t\t\t\t\t<div class=\"elementor-element elementor-element-a9efa17 elementor-widget elementor-widget-video\" data-id=\"a9efa17\" data-element_type=\"widget\" data-e-type=\"widget\" data-settings=\"{&quot;youtube_url&quot;:&quot;https:\\\/\\\/youtu.be\\\/ncuU7b4tq4E&quot;,&quot;video_type&quot;:&quot;youtube&quot;,&quot;controls&quot;:&quot;yes&quot;}\" data-widget_type=\"video.default\">\n\t\t\t\t<div class=\"elementor-widget-container\">\n\t\t\t\t\t\t\t<div class=\"elementor-wrapper elementor-open-inline\">\n\t\t\t<div class=\"elementor-video\"><\/div>\t\t<\/div>\n\t\t\t\t\t\t<\/div>\n\t\t\t\t<\/div>\n\t\t\t\t\t<\/div>\n\t\t<\/div>\n\t\t\t\t\t<\/div>\n\t\t<\/section>\n\t\t\t\t<section class=\"elementor-section elementor-top-section elementor-element elementor-element-88a4176 elementor-section-boxed elementor-section-height-default elementor-section-height-default\" data-id=\"88a4176\" data-element_type=\"section\" data-e-type=\"section\">\n\t\t\t\t\t\t<div class=\"elementor-container elementor-column-gap-default\">\n\t\t\t\t\t<div class=\"elementor-column elementor-col-100 elementor-top-column elementor-element elementor-element-2e26f01\" data-id=\"2e26f01\" data-element_type=\"column\" data-e-type=\"column\">\n\t\t\t<div class=\"elementor-widget-wrap elementor-element-populated\">\n\t\t\t\t\t\t<div class=\"elementor-element elementor-element-1592156 elementor-widget elementor-widget-video\" data-id=\"1592156\" data-element_type=\"widget\" data-e-type=\"widget\" data-settings=\"{&quot;youtube_url&quot;:&quot;https:\\\/\\\/www.youtube.com\\\/watch?v=pfTF1w1E-FY&quot;,&quot;video_type&quot;:&quot;youtube&quot;,&quot;controls&quot;:&quot;yes&quot;}\" data-widget_type=\"video.default\">\n\t\t\t\t<div class=\"elementor-widget-container\">\n\t\t\t\t\t\t\t<div class=\"elementor-wrapper elementor-open-inline\">\n\t\t\t<div class=\"elementor-video\"><\/div>\t\t<\/div>\n\t\t\t\t\t\t<\/div>\n\t\t\t\t<\/div>\n\t\t\t\t\t<\/div>\n\t\t<\/div>\n\t\t\t\t\t<\/div>\n\t\t<\/section>\n\t\t\t\t<\/div>\n\t\t","protected":false},"excerpt":{"rendered":"<p>Bomba de membrana para proyectar aislamientos con agua (celulosa, lana de roca con cemento) 2 mangueras se colocan a modo circuito y se sumergen en un recipiente (tonel). Una tercera manguera alimenta la tobera de proyectado. Es compatible con uso de agentes adhesivos, se puede desmontar y limpiar la membrana, f\u00e1cilmente.<\/p>\n<p><strong>Datos t\u00e9cnicos:<\/strong><br \/>\n2,2 kW, 33.0 l\/min, pmax 30 bares, incluye man\u00f3metro, manual, accesorios y componentes de conexi\u00f3n.- Alimentaci\u00f3n: 230V\/50-60Hz<br \/>\n&#8211; Potencia: aprox. 2.2kW<br \/>\n&#8211; Clase protecci\u00f3n: IP55<br \/>\n&#8211; Gear ratio: 1:5<br \/>\n&#8211; Suministro max: 33 l\/min<br \/>\n&#8211; Max. presi\u00f3n: 30 bar<br \/>\n&#8211; Peso: aprox. 32,8kg<br \/>\n&#8211; Incl. man\u00f3metro e instrucciones<br \/>\n&#8211; Incl. adaptor<\/p>\n","protected":false},"featured_media":2246,"comment_status":"open","ping_status":"closed","template":"","meta":[],"product_brand":[],"product_cat":[22],"product_tag":[],"class_list":{"0":"post-557","1":"product","2":"type-product","3":"status-publish","4":"has-post-thumbnail","6":"product_cat-maquinaria-insuflado","7":"product_shipping_class-producto-tipo-10","9":"first","10":"instock","11":"shipping-taxable","12":"purchasable","13":"product-type-simple"},"yoast_head":"<!-- This site is optimized with the Yoast SEO plugin v26.8 - https:\/\/yoast.com\/product\/yoast-seo-wordpress\/ -->\n<title>Bomba de Membrana para proyectar aislamiento protecci\u00f3n pasiva<\/title>\n<meta name=\"description\" content=\"Con la bomba de membrana para proyectar aislamiento se puede proyectar aislamiento t\u00e9rmico, protecci\u00f3n pasiva o bolitas con pegamento\" \/>\n<meta name=\"robots\" content=\"index, follow, max-snippet:-1, max-image-preview:large, max-video-preview:-1\" \/>\n<link rel=\"canonical\" href=\"https:\/\/aislayahorra.es\/tienda\/shop\/bomba-de-membrana-para-proyectar-aislamiento\/\" \/>\n<meta property=\"og:locale\" content=\"es_ES\" \/>\n<meta property=\"og:type\" content=\"article\" \/>\n<meta property=\"og:title\" content=\"Bomba de Membrana para proyectar aislamiento protecci\u00f3n pasiva\" \/>\n<meta property=\"og:description\" content=\"Con la bomba de membrana para proyectar aislamiento se puede proyectar aislamiento t\u00e9rmico, protecci\u00f3n pasiva o bolitas con pegamento\" \/>\n<meta property=\"og:url\" content=\"https:\/\/aislayahorra.es\/tienda\/shop\/bomba-de-membrana-para-proyectar-aislamiento\/\" \/>\n<meta property=\"article:modified_time\" content=\"2025-12-05T08:02:47+00:00\" \/>\n<meta property=\"og:image\" content=\"https:\/\/aislayahorra.es\/tienda\/wp-content\/uploads\/2021\/01\/fse-membranpumpe-220kw-p-30bar.jpg\" \/>\n\t<meta property=\"og:image:width\" content=\"458\" \/>\n\t<meta property=\"og:image:height\" content=\"458\" \/>\n\t<meta property=\"og:image:type\" content=\"image\/jpeg\" \/>\n<meta name=\"twitter:card\" content=\"summary_large_image\" \/>\n<script type=\"application\/ld+json\" class=\"yoast-schema-graph\">{\"@context\":\"https:\/\/schema.org\",\"@graph\":[{\"@type\":\"WebPage\",\"@id\":\"https:\/\/aislayahorra.es\/tienda\/shop\/bomba-de-membrana-para-proyectar-aislamiento\/\",\"url\":\"https:\/\/aislayahorra.es\/tienda\/shop\/bomba-de-membrana-para-proyectar-aislamiento\/\",\"name\":\"Bomba de Membrana para proyectar aislamiento protecci\u00f3n pasiva\",\"isPartOf\":{\"@id\":\"https:\/\/aislayahorra.es\/tienda\/#website\"},\"primaryImageOfPage\":{\"@id\":\"https:\/\/aislayahorra.es\/tienda\/shop\/bomba-de-membrana-para-proyectar-aislamiento\/#primaryimage\"},\"image\":{\"@id\":\"https:\/\/aislayahorra.es\/tienda\/shop\/bomba-de-membrana-para-proyectar-aislamiento\/#primaryimage\"},\"thumbnailUrl\":\"https:\/\/aislayahorra.es\/tienda\/wp-content\/uploads\/2021\/01\/fse-membranpumpe-220kw-p-30bar.jpg\",\"datePublished\":\"2021-01-18T17:08:33+00:00\",\"dateModified\":\"2025-12-05T08:02:47+00:00\",\"description\":\"Con la bomba de membrana para proyectar aislamiento se puede proyectar aislamiento t\u00e9rmico, protecci\u00f3n pasiva o bolitas con pegamento\",\"breadcrumb\":{\"@id\":\"https:\/\/aislayahorra.es\/tienda\/shop\/bomba-de-membrana-para-proyectar-aislamiento\/#breadcrumb\"},\"inLanguage\":\"es\",\"potentialAction\":[{\"@type\":\"ReadAction\",\"target\":[\"https:\/\/aislayahorra.es\/tienda\/shop\/bomba-de-membrana-para-proyectar-aislamiento\/\"]}]},{\"@type\":\"ImageObject\",\"inLanguage\":\"es\",\"@id\":\"https:\/\/aislayahorra.es\/tienda\/shop\/bomba-de-membrana-para-proyectar-aislamiento\/#primaryimage\",\"url\":\"https:\/\/aislayahorra.es\/tienda\/wp-content\/uploads\/2021\/01\/fse-membranpumpe-220kw-p-30bar.jpg\",\"contentUrl\":\"https:\/\/aislayahorra.es\/tienda\/wp-content\/uploads\/2021\/01\/fse-membranpumpe-220kw-p-30bar.jpg\",\"width\":458,\"height\":458,\"caption\":\"Bomba membrana 30 baress\"},{\"@type\":\"BreadcrumbList\",\"@id\":\"https:\/\/aislayahorra.es\/tienda\/shop\/bomba-de-membrana-para-proyectar-aislamiento\/#breadcrumb\",\"itemListElement\":[{\"@type\":\"ListItem\",\"position\":1,\"name\":\"Portada\",\"item\":\"https:\/\/aislayahorra.es\/tienda\/\"},{\"@type\":\"ListItem\",\"position\":2,\"name\":\"Shop\",\"item\":\"https:\/\/aislayahorra.es\/tienda\/\"},{\"@type\":\"ListItem\",\"position\":3,\"name\":\"Bomba de Membrana para proyectar aislamiento\"}]},{\"@type\":\"WebSite\",\"@id\":\"https:\/\/aislayahorra.es\/tienda\/#website\",\"url\":\"https:\/\/aislayahorra.es\/tienda\/\",\"name\":\"\",\"description\":\"\",\"potentialAction\":[{\"@type\":\"SearchAction\",\"target\":{\"@type\":\"EntryPoint\",\"urlTemplate\":\"https:\/\/aislayahorra.es\/tienda\/?s={search_term_string}\"},\"query-input\":{\"@type\":\"PropertyValueSpecification\",\"valueRequired\":true,\"valueName\":\"search_term_string\"}}],\"inLanguage\":\"es\"}]}<\/script>\n<!-- \/ Yoast SEO plugin. -->","yoast_head_json":{"title":"Bomba de Membrana para proyectar aislamiento protecci\u00f3n pasiva","description":"Con la bomba de membrana para proyectar aislamiento se puede proyectar aislamiento t\u00e9rmico, protecci\u00f3n pasiva o bolitas con pegamento","robots":{"index":"index","follow":"follow","max-snippet":"max-snippet:-1","max-image-preview":"max-image-preview:large","max-video-preview":"max-video-preview:-1"},"canonical":"https:\/\/aislayahorra.es\/tienda\/shop\/bomba-de-membrana-para-proyectar-aislamiento\/","og_locale":"es_ES","og_type":"article","og_title":"Bomba de Membrana para proyectar aislamiento protecci\u00f3n pasiva","og_description":"Con la bomba de membrana para proyectar aislamiento se puede proyectar aislamiento t\u00e9rmico, protecci\u00f3n pasiva o bolitas con pegamento","og_url":"https:\/\/aislayahorra.es\/tienda\/shop\/bomba-de-membrana-para-proyectar-aislamiento\/","article_modified_time":"2025-12-05T08:02:47+00:00","og_image":[{"width":458,"height":458,"url":"https:\/\/aislayahorra.es\/tienda\/wp-content\/uploads\/2021\/01\/fse-membranpumpe-220kw-p-30bar.jpg","type":"image\/jpeg"}],"twitter_card":"summary_large_image","schema":{"@context":"https:\/\/schema.org","@graph":[{"@type":"WebPage","@id":"https:\/\/aislayahorra.es\/tienda\/shop\/bomba-de-membrana-para-proyectar-aislamiento\/","url":"https:\/\/aislayahorra.es\/tienda\/shop\/bomba-de-membrana-para-proyectar-aislamiento\/","name":"Bomba de Membrana para proyectar aislamiento protecci\u00f3n pasiva","isPartOf":{"@id":"https:\/\/aislayahorra.es\/tienda\/#website"},"primaryImageOfPage":{"@id":"https:\/\/aislayahorra.es\/tienda\/shop\/bomba-de-membrana-para-proyectar-aislamiento\/#primaryimage"},"image":{"@id":"https:\/\/aislayahorra.es\/tienda\/shop\/bomba-de-membrana-para-proyectar-aislamiento\/#primaryimage"},"thumbnailUrl":"https:\/\/aislayahorra.es\/tienda\/wp-content\/uploads\/2021\/01\/fse-membranpumpe-220kw-p-30bar.jpg","datePublished":"2021-01-18T17:08:33+00:00","dateModified":"2025-12-05T08:02:47+00:00","description":"Con la bomba de membrana para proyectar aislamiento se puede proyectar aislamiento t\u00e9rmico, protecci\u00f3n pasiva o bolitas con pegamento","breadcrumb":{"@id":"https:\/\/aislayahorra.es\/tienda\/shop\/bomba-de-membrana-para-proyectar-aislamiento\/#breadcrumb"},"inLanguage":"es","potentialAction":[{"@type":"ReadAction","target":["https:\/\/aislayahorra.es\/tienda\/shop\/bomba-de-membrana-para-proyectar-aislamiento\/"]}]},{"@type":"ImageObject","inLanguage":"es","@id":"https:\/\/aislayahorra.es\/tienda\/shop\/bomba-de-membrana-para-proyectar-aislamiento\/#primaryimage","url":"https:\/\/aislayahorra.es\/tienda\/wp-content\/uploads\/2021\/01\/fse-membranpumpe-220kw-p-30bar.jpg","contentUrl":"https:\/\/aislayahorra.es\/tienda\/wp-content\/uploads\/2021\/01\/fse-membranpumpe-220kw-p-30bar.jpg","width":458,"height":458,"caption":"Bomba membrana 30 baress"},{"@type":"BreadcrumbList","@id":"https:\/\/aislayahorra.es\/tienda\/shop\/bomba-de-membrana-para-proyectar-aislamiento\/#breadcrumb","itemListElement":[{"@type":"ListItem","position":1,"name":"Portada","item":"https:\/\/aislayahorra.es\/tienda\/"},{"@type":"ListItem","position":2,"name":"Shop","item":"https:\/\/aislayahorra.es\/tienda\/"},{"@type":"ListItem","position":3,"name":"Bomba de Membrana para proyectar aislamiento"}]},{"@type":"WebSite","@id":"https:\/\/aislayahorra.es\/tienda\/#website","url":"https:\/\/aislayahorra.es\/tienda\/","name":"","description":"","potentialAction":[{"@type":"SearchAction","target":{"@type":"EntryPoint","urlTemplate":"https:\/\/aislayahorra.es\/tienda\/?s={search_term_string}"},"query-input":{"@type":"PropertyValueSpecification","valueRequired":true,"valueName":"search_term_string"}}],"inLanguage":"es"}]}},"_links":{"self":[{"href":"https:\/\/aislayahorra.es\/tienda\/wp-json\/wp\/v2\/product\/557","targetHints":{"allow":["GET"]}}],"collection":[{"href":"https:\/\/aislayahorra.es\/tienda\/wp-json\/wp\/v2\/product"}],"about":[{"href":"https:\/\/aislayahorra.es\/tienda\/wp-json\/wp\/v2\/types\/product"}],"replies":[{"embeddable":true,"href":"https:\/\/aislayahorra.es\/tienda\/wp-json\/wp\/v2\/comments?post=557"}],"version-history":[{"count":2,"href":"https:\/\/aislayahorra.es\/tienda\/wp-json\/wp\/v2\/product\/557\/revisions"}],"predecessor-version":[{"id":2249,"href":"https:\/\/aislayahorra.es\/tienda\/wp-json\/wp\/v2\/product\/557\/revisions\/2249"}],"wp:featuredmedia":[{"embeddable":true,"href":"https:\/\/aislayahorra.es\/tienda\/wp-json\/wp\/v2\/media\/2246"}],"wp:attachment":[{"href":"https:\/\/aislayahorra.es\/tienda\/wp-json\/wp\/v2\/media?parent=557"}],"wp:term":[{"taxonomy":"product_brand","embeddable":true,"href":"https:\/\/aislayahorra.es\/tienda\/wp-json\/wp\/v2\/product_brand?post=557"},{"taxonomy":"product_cat","embeddable":true,"href":"https:\/\/aislayahorra.es\/tienda\/wp-json\/wp\/v2\/product_cat?post=557"},{"taxonomy":"product_tag","embeddable":true,"href":"https:\/\/aislayahorra.es\/tienda\/wp-json\/wp\/v2\/product_tag?post=557"}],"curies":[{"name":"wp","href":"https:\/\/api.w.org\/{rel}","templated":true}]}}