{"id":661,"date":"2021-01-18T21:55:06","date_gmt":"2021-01-18T19:55:06","guid":{"rendered":"https:\/\/test.aislayahorra.es\/tienda\/?post_type=product&#038;p=661"},"modified":"2026-03-27T12:24:25","modified_gmt":"2026-03-27T10:24:25","slug":"manguera-resistente-a-la-abrasion-50","status":"publish","type":"product","link":"https:\/\/aislayahorra.es\/tienda\/shop\/manguera-resistente-a-la-abrasion-50\/","title":{"rendered":"Manguera insuflado resistente a la abrasi\u00f3n 50"},"content":{"rendered":"\t\t<div data-elementor-type=\"product-post\" data-elementor-id=\"661\" class=\"elementor elementor-661\" data-elementor-post-type=\"product\">\n\t\t\t\t\t\t<section class=\"elementor-section elementor-top-section elementor-element elementor-element-28a5d36 elementor-section-boxed elementor-section-height-default elementor-section-height-default\" data-id=\"28a5d36\" data-element_type=\"section\" data-e-type=\"section\">\n\t\t\t\t\t\t<div class=\"elementor-container elementor-column-gap-default\">\n\t\t\t\t\t<div class=\"elementor-column elementor-col-100 elementor-top-column elementor-element elementor-element-e489e04\" data-id=\"e489e04\" data-element_type=\"column\" data-e-type=\"column\">\n\t\t\t<div class=\"elementor-widget-wrap elementor-element-populated\">\n\t\t\t\t\t\t<div class=\"elementor-element elementor-element-efcc11a elementor-widget elementor-widget-text-editor\" data-id=\"efcc11a\" data-element_type=\"widget\" data-e-type=\"widget\" data-widget_type=\"text-editor.default\">\n\t\t\t\t<div class=\"elementor-widget-container\">\n\t\t\t\t\t\t\t\t\t<p>Manguera NW50 extra fuerte para materiales abrasivos (LM), L 20 m<\/p><ul><li><strong>Temperatura:<\/strong> -40\u00b0 C a 90\u00b0 C.<\/li><li><strong>Aplicaci\u00f3n:<\/strong> Succi\u00f3n e insuflado de materiales abrasivos (lana de roca) y materiales granulares.<\/li><li><strong>Caracter\u00edsticas:<\/strong> Canal muy suave, alta resistencia a la abrasi\u00f3n, flexible con bajas temperaturas, aceite y gasolina, libre de hal\u00f3geno y disolventes.<\/li><li><strong>Radio de uni\u00f3n:<\/strong> aprox. 100 mm.<\/li><li><strong>Peso:<\/strong> aprox. 8 kg\/m.<\/li><li><strong>Presi\u00f3n:<\/strong> max operaci\u00f3n \/ vac\u00edo 1.2 bares \/ 0.5 bares.<\/li><li><strong>Di\u00e1metro:<\/strong> D 50,8 mm.<\/li><li><strong>Material:<\/strong> PU \/ cable de acero, se incluye cinta de uni\u00f3n<\/li><\/ul>\t\t\t\t\t\t\t\t<\/div>\n\t\t\t\t<\/div>\n\t\t\t\t\t<\/div>\n\t\t<\/div>\n\t\t\t\t\t<\/div>\n\t\t<\/section>\n\t\t\t\t<section class=\"elementor-section elementor-top-section elementor-element elementor-element-c0b0c04 elementor-section-boxed elementor-section-height-default elementor-section-height-default\" data-id=\"c0b0c04\" data-element_type=\"section\" data-e-type=\"section\">\n\t\t\t\t\t\t<div class=\"elementor-container elementor-column-gap-default\">\n\t\t\t\t\t<div class=\"elementor-column elementor-col-50 elementor-top-column elementor-element elementor-element-a9be8f3\" data-id=\"a9be8f3\" data-element_type=\"column\" data-e-type=\"column\">\n\t\t\t<div class=\"elementor-widget-wrap elementor-element-populated\">\n\t\t\t\t\t\t<div class=\"elementor-element elementor-element-3c9cb7c elementor-widget elementor-widget-video\" data-id=\"3c9cb7c\" data-element_type=\"widget\" data-e-type=\"widget\" data-settings=\"{&quot;youtube_url&quot;:&quot;https:\\\/\\\/youtu.be\\\/fqq1qxwKYw0&quot;,&quot;video_type&quot;:&quot;youtube&quot;,&quot;controls&quot;:&quot;yes&quot;}\" data-widget_type=\"video.default\">\n\t\t\t\t<div class=\"elementor-widget-container\">\n\t\t\t\t\t\t\t<div class=\"elementor-wrapper elementor-open-inline\">\n\t\t\t<div class=\"elementor-video\"><\/div>\t\t<\/div>\n\t\t\t\t\t\t<\/div>\n\t\t\t\t<\/div>\n\t\t\t\t\t<\/div>\n\t\t<\/div>\n\t\t\t\t<div class=\"elementor-column elementor-col-50 elementor-top-column elementor-element elementor-element-fd85b52\" data-id=\"fd85b52\" data-element_type=\"column\" data-e-type=\"column\">\n\t\t\t<div class=\"elementor-widget-wrap elementor-element-populated\">\n\t\t\t\t\t\t<div class=\"elementor-element elementor-element-aa804fa elementor-widget elementor-widget-video\" data-id=\"aa804fa\" data-element_type=\"widget\" data-e-type=\"widget\" data-settings=\"{&quot;youtube_url&quot;:&quot;https:\\\/\\\/youtu.be\\\/dKm0CAWSQB8&quot;,&quot;video_type&quot;:&quot;youtube&quot;,&quot;controls&quot;:&quot;yes&quot;}\" data-widget_type=\"video.default\">\n\t\t\t\t<div class=\"elementor-widget-container\">\n\t\t\t\t\t\t\t<div class=\"elementor-wrapper elementor-open-inline\">\n\t\t\t<div class=\"elementor-video\"><\/div>\t\t<\/div>\n\t\t\t\t\t\t<\/div>\n\t\t\t\t<\/div>\n\t\t\t\t\t<\/div>\n\t\t<\/div>\n\t\t\t\t\t<\/div>\n\t\t<\/section>\n\t\t\t\t<section class=\"elementor-section elementor-top-section elementor-element elementor-element-9b4b3b9 elementor-section-boxed elementor-section-height-default elementor-section-height-default\" data-id=\"9b4b3b9\" data-element_type=\"section\" data-e-type=\"section\">\n\t\t\t\t\t\t<div class=\"elementor-container elementor-column-gap-default\">\n\t\t\t\t\t<div class=\"elementor-column elementor-col-100 elementor-top-column elementor-element elementor-element-41f2824\" data-id=\"41f2824\" data-element_type=\"column\" data-e-type=\"column\">\n\t\t\t<div class=\"elementor-widget-wrap elementor-element-populated\">\n\t\t\t\t\t\t<div class=\"elementor-element elementor-element-c06d0ca elementor-widget elementor-widget-video\" data-id=\"c06d0ca\" data-element_type=\"widget\" data-e-type=\"widget\" data-settings=\"{&quot;youtube_url&quot;:&quot;https:\\\/\\\/youtu.be\\\/fV5yts4_X8o&quot;,&quot;video_type&quot;:&quot;youtube&quot;,&quot;controls&quot;:&quot;yes&quot;}\" data-widget_type=\"video.default\">\n\t\t\t\t<div class=\"elementor-widget-container\">\n\t\t\t\t\t\t\t<div class=\"elementor-wrapper elementor-open-inline\">\n\t\t\t<div class=\"elementor-video\"><\/div>\t\t<\/div>\n\t\t\t\t\t\t<\/div>\n\t\t\t\t<\/div>\n\t\t\t\t\t<\/div>\n\t\t<\/div>\n\t\t\t\t\t<\/div>\n\t\t<\/section>\n\t\t\t\t<\/div>\n\t\t","protected":false},"excerpt":{"rendered":"<p>Manguera NW50 extra fuerte para materiales abrasivos (LM), L 20 m<\/p>\n<ul>\n<li><strong>Temperatura:<\/strong> -40\u00b0 C a 90\u00b0 C.<\/li>\n<li><strong>Aplicaci\u00f3n:<\/strong> Succi\u00f3n e insuflado de materiales abrasivos (lana de roca) y materiales granulares.<\/li>\n<li><strong>Caracter\u00edsticas:<\/strong> Canal muy suave, alta resistencia a la abrasi\u00f3n, flexible con bajas temperaturas, aceite y gasolina, libre de hal\u00f3geno y disolventes.<\/li>\n<li><strong>Radio de uni\u00f3n:<\/strong> aprox. 100 mm.<\/li>\n<li><strong>Peso:<\/strong> aprox. 8 kg\/m.<\/li>\n<li><strong>Presi\u00f3n:<\/strong> max operaci\u00f3n \/ vac\u00edo 1.2 bares \/ 0.5 bares.<\/li>\n<li><strong>Di\u00e1metro:<\/strong> D 50,8 mm.<\/li>\n<li><strong>Material:<\/strong> PU \/ cable de acero, se incluye cinta de uni\u00f3n<\/li>\n<\/ul>\n","protected":false},"featured_media":662,"comment_status":"open","ping_status":"closed","template":"","meta":[],"product_brand":[],"product_cat":[22],"product_tag":[],"class_list":{"0":"post-661","1":"product","2":"type-product","3":"status-publish","4":"has-post-thumbnail","6":"product_cat-maquinaria-insuflado","7":"product_shipping_class-producto-tipo-8","9":"first","10":"instock","11":"shipping-taxable","12":"purchasable","13":"product-type-simple"},"yoast_head":"<!-- This site is optimized with the Yoast SEO plugin v26.8 - https:\/\/yoast.com\/product\/yoast-seo-wordpress\/ -->\n<title>Manguera insuflado resistente a la abrasi\u00f3n 50 para insuflar lana de roca<\/title>\n<meta name=\"description\" content=\"Con la manguera insuflado resistente a la abrasi\u00f3n 50 se puede inyectar lana de roca en c\u00e1maras de aire y cavidades en edificios.\" \/>\n<meta name=\"robots\" content=\"index, follow, max-snippet:-1, max-image-preview:large, max-video-preview:-1\" \/>\n<link rel=\"canonical\" href=\"https:\/\/aislayahorra.es\/tienda\/shop\/manguera-resistente-a-la-abrasion-50\/\" \/>\n<meta property=\"og:locale\" content=\"es_ES\" \/>\n<meta property=\"og:type\" content=\"article\" \/>\n<meta property=\"og:title\" content=\"Manguera insuflado resistente a la abrasi\u00f3n 50 para insuflar lana de roca\" \/>\n<meta property=\"og:description\" content=\"Con la manguera insuflado resistente a la abrasi\u00f3n 50 se puede inyectar lana de roca en c\u00e1maras de aire y cavidades en edificios.\" \/>\n<meta property=\"og:url\" content=\"https:\/\/aislayahorra.es\/tienda\/shop\/manguera-resistente-a-la-abrasion-50\/\" \/>\n<meta property=\"article:modified_time\" content=\"2026-03-27T10:24:25+00:00\" \/>\n<meta property=\"og:image\" content=\"https:\/\/aislayahorra.es\/tienda\/wp-content\/uploads\/2021\/01\/33-manguera-resistente-a-la-abrasion.jpg\" \/>\n\t<meta property=\"og:image:width\" content=\"1294\" \/>\n\t<meta property=\"og:image:height\" content=\"1294\" \/>\n\t<meta property=\"og:image:type\" content=\"image\/jpeg\" \/>\n<meta name=\"twitter:card\" content=\"summary_large_image\" \/>\n<meta name=\"twitter:label1\" content=\"Tiempo de lectura\" \/>\n\t<meta name=\"twitter:data1\" content=\"1 minuto\" \/>\n<script type=\"application\/ld+json\" class=\"yoast-schema-graph\">{\"@context\":\"https:\/\/schema.org\",\"@graph\":[{\"@type\":\"WebPage\",\"@id\":\"https:\/\/aislayahorra.es\/tienda\/shop\/manguera-resistente-a-la-abrasion-50\/\",\"url\":\"https:\/\/aislayahorra.es\/tienda\/shop\/manguera-resistente-a-la-abrasion-50\/\",\"name\":\"Manguera insuflado resistente a la abrasi\u00f3n 50 para insuflar lana de roca\",\"isPartOf\":{\"@id\":\"https:\/\/aislayahorra.es\/tienda\/#website\"},\"primaryImageOfPage\":{\"@id\":\"https:\/\/aislayahorra.es\/tienda\/shop\/manguera-resistente-a-la-abrasion-50\/#primaryimage\"},\"image\":{\"@id\":\"https:\/\/aislayahorra.es\/tienda\/shop\/manguera-resistente-a-la-abrasion-50\/#primaryimage\"},\"thumbnailUrl\":\"https:\/\/aislayahorra.es\/tienda\/wp-content\/uploads\/2021\/01\/33-manguera-resistente-a-la-abrasion.jpg\",\"datePublished\":\"2021-01-18T19:55:06+00:00\",\"dateModified\":\"2026-03-27T10:24:25+00:00\",\"description\":\"Con la manguera insuflado resistente a la abrasi\u00f3n 50 se puede inyectar lana de roca en c\u00e1maras de aire y cavidades en edificios.\",\"breadcrumb\":{\"@id\":\"https:\/\/aislayahorra.es\/tienda\/shop\/manguera-resistente-a-la-abrasion-50\/#breadcrumb\"},\"inLanguage\":\"es\",\"potentialAction\":[{\"@type\":\"ReadAction\",\"target\":[\"https:\/\/aislayahorra.es\/tienda\/shop\/manguera-resistente-a-la-abrasion-50\/\"]}]},{\"@type\":\"ImageObject\",\"inLanguage\":\"es\",\"@id\":\"https:\/\/aislayahorra.es\/tienda\/shop\/manguera-resistente-a-la-abrasion-50\/#primaryimage\",\"url\":\"https:\/\/aislayahorra.es\/tienda\/wp-content\/uploads\/2021\/01\/33-manguera-resistente-a-la-abrasion.jpg\",\"contentUrl\":\"https:\/\/aislayahorra.es\/tienda\/wp-content\/uploads\/2021\/01\/33-manguera-resistente-a-la-abrasion.jpg\",\"width\":1294,\"height\":1294,\"caption\":\"Manguera insuflado resistente a la abrasion\"},{\"@type\":\"BreadcrumbList\",\"@id\":\"https:\/\/aislayahorra.es\/tienda\/shop\/manguera-resistente-a-la-abrasion-50\/#breadcrumb\",\"itemListElement\":[{\"@type\":\"ListItem\",\"position\":1,\"name\":\"Portada\",\"item\":\"https:\/\/aislayahorra.es\/tienda\/\"},{\"@type\":\"ListItem\",\"position\":2,\"name\":\"Shop\",\"item\":\"https:\/\/aislayahorra.es\/tienda\/\"},{\"@type\":\"ListItem\",\"position\":3,\"name\":\"Manguera insuflado resistente a la abrasi\u00f3n 50\"}]},{\"@type\":\"WebSite\",\"@id\":\"https:\/\/aislayahorra.es\/tienda\/#website\",\"url\":\"https:\/\/aislayahorra.es\/tienda\/\",\"name\":\"\",\"description\":\"\",\"potentialAction\":[{\"@type\":\"SearchAction\",\"target\":{\"@type\":\"EntryPoint\",\"urlTemplate\":\"https:\/\/aislayahorra.es\/tienda\/?s={search_term_string}\"},\"query-input\":{\"@type\":\"PropertyValueSpecification\",\"valueRequired\":true,\"valueName\":\"search_term_string\"}}],\"inLanguage\":\"es\"}]}<\/script>\n<!-- \/ Yoast SEO plugin. -->","yoast_head_json":{"title":"Manguera insuflado resistente a la abrasi\u00f3n 50 para insuflar lana de roca","description":"Con la manguera insuflado resistente a la abrasi\u00f3n 50 se puede inyectar lana de roca en c\u00e1maras de aire y cavidades en edificios.","robots":{"index":"index","follow":"follow","max-snippet":"max-snippet:-1","max-image-preview":"max-image-preview:large","max-video-preview":"max-video-preview:-1"},"canonical":"https:\/\/aislayahorra.es\/tienda\/shop\/manguera-resistente-a-la-abrasion-50\/","og_locale":"es_ES","og_type":"article","og_title":"Manguera insuflado resistente a la abrasi\u00f3n 50 para insuflar lana de roca","og_description":"Con la manguera insuflado resistente a la abrasi\u00f3n 50 se puede inyectar lana de roca en c\u00e1maras de aire y cavidades en edificios.","og_url":"https:\/\/aislayahorra.es\/tienda\/shop\/manguera-resistente-a-la-abrasion-50\/","article_modified_time":"2026-03-27T10:24:25+00:00","og_image":[{"width":1294,"height":1294,"url":"https:\/\/aislayahorra.es\/tienda\/wp-content\/uploads\/2021\/01\/33-manguera-resistente-a-la-abrasion.jpg","type":"image\/jpeg"}],"twitter_card":"summary_large_image","twitter_misc":{"Tiempo de lectura":"1 minuto"},"schema":{"@context":"https:\/\/schema.org","@graph":[{"@type":"WebPage","@id":"https:\/\/aislayahorra.es\/tienda\/shop\/manguera-resistente-a-la-abrasion-50\/","url":"https:\/\/aislayahorra.es\/tienda\/shop\/manguera-resistente-a-la-abrasion-50\/","name":"Manguera insuflado resistente a la abrasi\u00f3n 50 para insuflar lana de roca","isPartOf":{"@id":"https:\/\/aislayahorra.es\/tienda\/#website"},"primaryImageOfPage":{"@id":"https:\/\/aislayahorra.es\/tienda\/shop\/manguera-resistente-a-la-abrasion-50\/#primaryimage"},"image":{"@id":"https:\/\/aislayahorra.es\/tienda\/shop\/manguera-resistente-a-la-abrasion-50\/#primaryimage"},"thumbnailUrl":"https:\/\/aislayahorra.es\/tienda\/wp-content\/uploads\/2021\/01\/33-manguera-resistente-a-la-abrasion.jpg","datePublished":"2021-01-18T19:55:06+00:00","dateModified":"2026-03-27T10:24:25+00:00","description":"Con la manguera insuflado resistente a la abrasi\u00f3n 50 se puede inyectar lana de roca en c\u00e1maras de aire y cavidades en edificios.","breadcrumb":{"@id":"https:\/\/aislayahorra.es\/tienda\/shop\/manguera-resistente-a-la-abrasion-50\/#breadcrumb"},"inLanguage":"es","potentialAction":[{"@type":"ReadAction","target":["https:\/\/aislayahorra.es\/tienda\/shop\/manguera-resistente-a-la-abrasion-50\/"]}]},{"@type":"ImageObject","inLanguage":"es","@id":"https:\/\/aislayahorra.es\/tienda\/shop\/manguera-resistente-a-la-abrasion-50\/#primaryimage","url":"https:\/\/aislayahorra.es\/tienda\/wp-content\/uploads\/2021\/01\/33-manguera-resistente-a-la-abrasion.jpg","contentUrl":"https:\/\/aislayahorra.es\/tienda\/wp-content\/uploads\/2021\/01\/33-manguera-resistente-a-la-abrasion.jpg","width":1294,"height":1294,"caption":"Manguera insuflado resistente a la abrasion"},{"@type":"BreadcrumbList","@id":"https:\/\/aislayahorra.es\/tienda\/shop\/manguera-resistente-a-la-abrasion-50\/#breadcrumb","itemListElement":[{"@type":"ListItem","position":1,"name":"Portada","item":"https:\/\/aislayahorra.es\/tienda\/"},{"@type":"ListItem","position":2,"name":"Shop","item":"https:\/\/aislayahorra.es\/tienda\/"},{"@type":"ListItem","position":3,"name":"Manguera insuflado resistente a la abrasi\u00f3n 50"}]},{"@type":"WebSite","@id":"https:\/\/aislayahorra.es\/tienda\/#website","url":"https:\/\/aislayahorra.es\/tienda\/","name":"","description":"","potentialAction":[{"@type":"SearchAction","target":{"@type":"EntryPoint","urlTemplate":"https:\/\/aislayahorra.es\/tienda\/?s={search_term_string}"},"query-input":{"@type":"PropertyValueSpecification","valueRequired":true,"valueName":"search_term_string"}}],"inLanguage":"es"}]}},"_links":{"self":[{"href":"https:\/\/aislayahorra.es\/tienda\/wp-json\/wp\/v2\/product\/661","targetHints":{"allow":["GET"]}}],"collection":[{"href":"https:\/\/aislayahorra.es\/tienda\/wp-json\/wp\/v2\/product"}],"about":[{"href":"https:\/\/aislayahorra.es\/tienda\/wp-json\/wp\/v2\/types\/product"}],"replies":[{"embeddable":true,"href":"https:\/\/aislayahorra.es\/tienda\/wp-json\/wp\/v2\/comments?post=661"}],"version-history":[{"count":1,"href":"https:\/\/aislayahorra.es\/tienda\/wp-json\/wp\/v2\/product\/661\/revisions"}],"predecessor-version":[{"id":1952,"href":"https:\/\/aislayahorra.es\/tienda\/wp-json\/wp\/v2\/product\/661\/revisions\/1952"}],"wp:featuredmedia":[{"embeddable":true,"href":"https:\/\/aislayahorra.es\/tienda\/wp-json\/wp\/v2\/media\/662"}],"wp:attachment":[{"href":"https:\/\/aislayahorra.es\/tienda\/wp-json\/wp\/v2\/media?parent=661"}],"wp:term":[{"taxonomy":"product_brand","embeddable":true,"href":"https:\/\/aislayahorra.es\/tienda\/wp-json\/wp\/v2\/product_brand?post=661"},{"taxonomy":"product_cat","embeddable":true,"href":"https:\/\/aislayahorra.es\/tienda\/wp-json\/wp\/v2\/product_cat?post=661"},{"taxonomy":"product_tag","embeddable":true,"href":"https:\/\/aislayahorra.es\/tienda\/wp-json\/wp\/v2\/product_tag?post=661"}],"curies":[{"name":"wp","href":"https:\/\/api.w.org\/{rel}","templated":true}]}}