{"id":78,"date":"2021-01-16T12:05:31","date_gmt":"2021-01-16T10:05:31","guid":{"rendered":"https:\/\/test.aislayahorra.es\/tienda\/?post_type=product&#038;p=78"},"modified":"2026-01-18T20:08:18","modified_gmt":"2026-01-18T18:08:18","slug":"curso-de-reformas","status":"publish","type":"product","link":"https:\/\/aislayahorra.es\/tienda\/shop\/curso-de-reformas\/","title":{"rendered":"Curso Reforma &#038; Rehabilitaci\u00f3n Energ\u00e9tica"},"content":{"rendered":"\t\t<div data-elementor-type=\"product-post\" data-elementor-id=\"78\" class=\"elementor elementor-78\" data-elementor-post-type=\"product\">\n\t\t\t\t\t\t<section class=\"elementor-section elementor-top-section elementor-element elementor-element-2ba1173 elementor-section-boxed elementor-section-height-default elementor-section-height-default\" data-id=\"2ba1173\" data-element_type=\"section\" data-e-type=\"section\">\n\t\t\t\t\t\t<div class=\"elementor-container elementor-column-gap-default\">\n\t\t\t\t\t<div class=\"elementor-column elementor-col-100 elementor-top-column elementor-element elementor-element-827bdc5\" data-id=\"827bdc5\" data-element_type=\"column\" data-e-type=\"column\">\n\t\t\t<div class=\"elementor-widget-wrap elementor-element-populated\">\n\t\t\t\t\t\t<div class=\"elementor-element elementor-element-5387714 elementor-widget elementor-widget-text-editor\" data-id=\"5387714\" data-element_type=\"widget\" data-e-type=\"widget\" data-widget_type=\"text-editor.default\">\n\t\t\t\t<div class=\"elementor-widget-container\">\n\t\t\t\t\t\t\t\t\t<p>En este curso trataremos una formaci\u00f3n integral en la que el aislamiento insuflado y proyectado ser\u00e1 protagonista, pero se integrar\u00e1n tambi\u00e9n las dem\u00e1s materias del passivhaus: Aislamiento interior y exterior, estanqueidad al aire y ensayo Blower Door, instalaci\u00f3n de ventanas passivhaus, instalaci\u00f3n de sistemas de ventilaci\u00f3n con recuperaci\u00f3n de calor, as\u00ed como introducci\u00f3n y formaci\u00f3n en el est\u00e1ndar Passivhaus.<\/p>\t\t\t\t\t\t\t\t<\/div>\n\t\t\t\t<\/div>\n\t\t\t\t<div class=\"elementor-element elementor-element-6405ae6 elementor-widget elementor-widget-image\" data-id=\"6405ae6\" data-element_type=\"widget\" data-e-type=\"widget\" data-widget_type=\"image.default\">\n\t\t\t\t<div class=\"elementor-widget-container\">\n\t\t\t\t\t\t\t\t\t\t\t\t\t\t\t<img fetchpriority=\"high\" decoding=\"async\" width=\"980\" height=\"551\" src=\"https:\/\/aislayahorra.es\/tienda\/wp-content\/uploads\/2021\/01\/Imagen1-1024x576.png\" class=\"attachment-large size-large wp-image-197\" alt=\"\" srcset=\"https:\/\/aislayahorra.es\/tienda\/wp-content\/uploads\/2021\/01\/Imagen1-1024x576.png 1024w, https:\/\/aislayahorra.es\/tienda\/wp-content\/uploads\/2021\/01\/Imagen1-300x169.png 300w, https:\/\/aislayahorra.es\/tienda\/wp-content\/uploads\/2021\/01\/Imagen1-768x432.png 768w, https:\/\/aislayahorra.es\/tienda\/wp-content\/uploads\/2021\/01\/Imagen1-416x234.png 416w, https:\/\/aislayahorra.es\/tienda\/wp-content\/uploads\/2021\/01\/Imagen1.png 1120w\" sizes=\"(max-width: 980px) 100vw, 980px\" \/>\t\t\t\t\t\t\t\t\t\t\t\t\t\t\t<\/div>\n\t\t\t\t<\/div>\n\t\t\t\t\t<\/div>\n\t\t<\/div>\n\t\t\t\t\t<\/div>\n\t\t<\/section>\n\t\t\t\t<section class=\"elementor-section elementor-top-section elementor-element elementor-element-3a8b97b elementor-section-boxed elementor-section-height-default elementor-section-height-default\" data-id=\"3a8b97b\" data-element_type=\"section\" data-e-type=\"section\">\n\t\t\t\t\t\t<div class=\"elementor-container elementor-column-gap-default\">\n\t\t\t\t\t<div class=\"elementor-column elementor-col-100 elementor-top-column elementor-element elementor-element-ea54a3a\" data-id=\"ea54a3a\" data-element_type=\"column\" data-e-type=\"column\">\n\t\t\t<div class=\"elementor-widget-wrap elementor-element-populated\">\n\t\t\t\t\t\t<div class=\"elementor-element elementor-element-43beaf2 elementor-widget elementor-widget-text-editor\" data-id=\"43beaf2\" data-element_type=\"widget\" data-e-type=\"widget\" data-widget_type=\"text-editor.default\">\n\t\t\t\t<div class=\"elementor-widget-container\">\n\t\t\t\t\t\t\t\t\t<p><strong style=\"font-weight: bold;\">CURSILLO TEORICO<\/strong> (28 h online en diferido)<\/p><ol><li>M\u00f3dulo de Aislamiento insuflado y proyectado (14 h)<\/li><\/ol><ul><li style=\"list-style-type: none;\"><ul><li style=\"list-style-type: none;\"><ul><li>Cap\u00edtulo 1 F\u00edsica del Aislamiento<\/li><li>Cap\u00edtulo 2 Sistemas de aislamiento insuflado y proyectado, CAES<\/li><li>Cap\u00edtulo 3 Calidad<\/li><li>Cap\u00edtulo 4 Incendios<\/li><li>Cap\u00edtulo 5 Costes, Presupuestos<\/li><li>Cap\u00edtulo 6 Marketing<\/li><li>Cap\u00edtulo 7 Directrices de Aplicaci\u00f3n<\/li><li>Cap\u00edtulo 8 Ac\u00fastica<\/li><li>Cap\u00edtulo 9 Promat C\u00e1lculos Lana Mineral con Cemento<\/li><li>Cap\u00edtulo 10 Normativa CTE<\/li><\/ul><\/li><\/ul><\/li><\/ul><ol start=\"2\"><li>M\u00f3dulo de Estanqueidad al Aire y Blower Door (4h)<\/li><\/ol><ul><li style=\"list-style-type: none;\"><ul><li style=\"list-style-type: none;\"><ul><li>Cap\u00edtulo 1 Sistemas de estanqueidad<\/li><li>Cap\u00edtulo 2 Blower Door<\/li><li>Cap\u00edtulo 3 Blower Door para detectar Rad\u00f3n<\/li><\/ul><\/li><\/ul><\/li><\/ul><ol start=\"3\"><li>M\u00f3dulo de Ventilaci\u00f3n descentralizada con recuperaci\u00f3n de calor (1h)<\/li><\/ol><ul><li style=\"list-style-type: none;\"><ul><li style=\"list-style-type: none;\"><ul><li>Cap\u00edtulo 1 Montaje de ventilaci\u00f3n descentralizada con recuperaci\u00f3n de cal<\/li><\/ul><\/li><\/ul><\/li><\/ul><ol start=\"4\"><li>M\u00f3dulo de aislamiento interior y exterior (SATE (4h)<\/li><\/ol><ul><li style=\"list-style-type: none;\"><ul><li style=\"list-style-type: none;\"><ul><li>Cap\u00edtulo 1 Sistema de aislamiento interior (2h)<\/li><li>Cap\u00edtulo 2 Sistema de aislamiento exterior (2h)<\/li><\/ul><\/li><\/ul><\/li><\/ul><ol start=\"5\"><li>M\u00f3dulo de instalaci\u00f3n de ventanas tipo Passivhaus (2h)<\/li><\/ol><ul><li style=\"list-style-type: none;\"><ul><li style=\"list-style-type: none;\"><ul><li>Cap\u00edtulo 1 Instalaci\u00f3n de ventanas Passivhaus<\/li><\/ul><\/li><\/ul><\/li><\/ul><ol start=\"6\"><li>M\u00f3dulo Introducci\u00f3n al Passivhaus y Formaci\u00f3n Passivhaus (1)<\/li><\/ol><ul><li style=\"list-style-type: none;\"><ul><li style=\"list-style-type: none;\"><ul><li>Cap\u00edtulo 1 Introducci\u00f3n al Passivhaus y Sello Tradesperson (1)<\/li><\/ul><\/li><\/ul><\/li><\/ul><p>\u00a0 \u00a0 \u00a0 \u00a0 \u00a0 7. M\u00f3dulo estructura ideal de empresa (1)<\/p>\t\t\t\t\t\t\t\t<\/div>\n\t\t\t\t<\/div>\n\t\t\t\t\t<\/div>\n\t\t<\/div>\n\t\t\t\t\t<\/div>\n\t\t<\/section>\n\t\t\t\t<section class=\"elementor-section elementor-top-section elementor-element elementor-element-2cd68b1 elementor-section-boxed elementor-section-height-default elementor-section-height-default\" data-id=\"2cd68b1\" data-element_type=\"section\" data-e-type=\"section\">\n\t\t\t\t\t\t<div class=\"elementor-container elementor-column-gap-default\">\n\t\t\t\t\t<div class=\"elementor-column elementor-col-100 elementor-top-column elementor-element elementor-element-aba6d06\" data-id=\"aba6d06\" data-element_type=\"column\" data-e-type=\"column\">\n\t\t\t<div class=\"elementor-widget-wrap elementor-element-populated\">\n\t\t\t\t\t\t<div class=\"elementor-element elementor-element-15b2852 elementor-widget elementor-widget-text-editor\" data-id=\"15b2852\" data-element_type=\"widget\" data-e-type=\"widget\" data-widget_type=\"text-editor.default\">\n\t\t\t\t<div class=\"elementor-widget-container\">\n\t\t\t\t\t\t\t\t\t<p><strong style=\"font-weight: bold;\">TALLER PRACTICO (2 d\u00edas)<\/strong><\/p><ol><li>Ensayos pr\u00e1cticos de insuflado y calibraci\u00f3n de densidades con m\u00e1quinas de insuflado y proyectado en todos los sistemas<\/li><\/ol><ul><li style=\"list-style-type: none;\"><ul><li style=\"list-style-type: none;\"><ul><li>Celulosa insuflada<\/li><li>Celulosa proyectada<\/li><li>Lana mineral blanca insuflada y soplada<\/li><li>Lana de roca insuflada y soplada<\/li><li>Corcho insuflado<\/li><li>Proyectado de lana de roca con cemento y agua para protecci\u00f3n pasiva.<\/li><\/ul><\/li><\/ul><\/li><\/ul><ol start=\"2\"><li>Presentaci\u00f3n de distintos sistemas de barreras de vapor y sistemas de estanqueidad<\/li><li>Ensayo pr\u00e1ctico de estanqueidad con Blower Door<\/li><li>Montaje de sistemas de ventilaci\u00f3n con\u00a0 recuperaci\u00f3n de calor<\/li><\/ol>\t\t\t\t\t\t\t\t<\/div>\n\t\t\t\t<\/div>\n\t\t\t\t\t<\/div>\n\t\t<\/div>\n\t\t\t\t\t<\/div>\n\t\t<\/section>\n\t\t\t\t<section class=\"elementor-section elementor-top-section elementor-element elementor-element-effe231 elementor-section-boxed elementor-section-height-default elementor-section-height-default\" data-id=\"effe231\" data-element_type=\"section\" data-e-type=\"section\">\n\t\t\t\t\t\t<div class=\"elementor-container elementor-column-gap-default\">\n\t\t\t\t\t<div class=\"elementor-column elementor-col-100 elementor-top-column elementor-element elementor-element-77f488d\" data-id=\"77f488d\" data-element_type=\"column\" data-e-type=\"column\">\n\t\t\t<div class=\"elementor-widget-wrap elementor-element-populated\">\n\t\t\t\t\t\t<div class=\"elementor-element elementor-element-b8b9e04 elementor-widget elementor-widget-image\" data-id=\"b8b9e04\" data-element_type=\"widget\" data-e-type=\"widget\" data-widget_type=\"image.default\">\n\t\t\t\t<div class=\"elementor-widget-container\">\n\t\t\t\t\t\t\t\t\t\t\t\t\t\t\t<img decoding=\"async\" width=\"980\" height=\"353\" data-src=\"https:\/\/aislayahorra.es\/tienda\/wp-content\/uploads\/2021\/01\/Imagen2-1024x369.png\" class=\"attachment-large size-large wp-image-198 lazyload\" alt=\"\" data-srcset=\"https:\/\/aislayahorra.es\/tienda\/wp-content\/uploads\/2021\/01\/Imagen2-1024x369.png 1024w, https:\/\/aislayahorra.es\/tienda\/wp-content\/uploads\/2021\/01\/Imagen2-300x108.png 300w, https:\/\/aislayahorra.es\/tienda\/wp-content\/uploads\/2021\/01\/Imagen2-768x276.png 768w, https:\/\/aislayahorra.es\/tienda\/wp-content\/uploads\/2021\/01\/Imagen2-416x150.png 416w, https:\/\/aislayahorra.es\/tienda\/wp-content\/uploads\/2021\/01\/Imagen2.png 1181w\" data-sizes=\"(max-width: 980px) 100vw, 980px\" src=\"data:image\/svg+xml;base64,PHN2ZyB3aWR0aD0iMSIgaGVpZ2h0PSIxIiB4bWxucz0iaHR0cDovL3d3dy53My5vcmcvMjAwMC9zdmciPjwvc3ZnPg==\" style=\"--smush-placeholder-width: 980px; --smush-placeholder-aspect-ratio: 980\/353;\" \/>\t\t\t\t\t\t\t\t\t\t\t\t\t\t\t<\/div>\n\t\t\t\t<\/div>\n\t\t\t\t\t<\/div>\n\t\t<\/div>\n\t\t\t\t\t<\/div>\n\t\t<\/section>\n\t\t\t\t<section class=\"elementor-section elementor-top-section elementor-element elementor-element-616bb60 elementor-section-boxed elementor-section-height-default elementor-section-height-default\" data-id=\"616bb60\" data-element_type=\"section\" data-e-type=\"section\">\n\t\t\t\t\t\t<div class=\"elementor-container elementor-column-gap-default\">\n\t\t\t\t\t<div class=\"elementor-column elementor-col-100 elementor-top-column elementor-element elementor-element-0378a84\" data-id=\"0378a84\" data-element_type=\"column\" data-e-type=\"column\">\n\t\t\t<div class=\"elementor-widget-wrap elementor-element-populated\">\n\t\t\t\t\t\t<div class=\"elementor-element elementor-element-c967200 elementor-widget elementor-widget-text-editor\" data-id=\"c967200\" data-element_type=\"widget\" data-e-type=\"widget\" data-widget_type=\"text-editor.default\">\n\t\t\t\t<div class=\"elementor-widget-container\">\n\t\t\t\t\t\t\t\t\t<p><strong style=\"font-weight: bold;\">CERTIFICADOS<\/strong><\/p><p style=\"padding-left: 40px;\">Se emitir\u00e1n certificados de homologaci\u00f3n de instalaci\u00f3n de los fabricantes de<\/p><ul><li style=\"list-style-type: none;\"><ul><li style=\"list-style-type: none;\"><ul><li>Celulosa<\/li><li>Lana de roca<\/li><li>Lanas minerales, varios sistemas<\/li><li>Corcho expandido<\/li><li>Lana de roca con cemento y agua<\/li><li>Ventilaci\u00f3n descentralizada<\/li><\/ul><\/li><\/ul><\/li><\/ul><p><strong style=\"font-weight: bold;\">COSTE:<\/strong> El precio de este cursillo es de 800 EUROS+ IVA\/participante.<\/p>\t\t\t\t\t\t\t\t<\/div>\n\t\t\t\t<\/div>\n\t\t\t\t\t<\/div>\n\t\t<\/div>\n\t\t\t\t\t<\/div>\n\t\t<\/section>\n\t\t\t\t<section class=\"elementor-section elementor-top-section elementor-element elementor-element-e70447c elementor-section-boxed elementor-section-height-default elementor-section-height-default\" data-id=\"e70447c\" data-element_type=\"section\" data-e-type=\"section\">\n\t\t\t\t\t\t<div class=\"elementor-container elementor-column-gap-default\">\n\t\t\t\t\t<div class=\"elementor-column elementor-col-100 elementor-top-column elementor-element elementor-element-610c829\" data-id=\"610c829\" data-element_type=\"column\" data-e-type=\"column\">\n\t\t\t<div class=\"elementor-widget-wrap elementor-element-populated\">\n\t\t\t\t\t\t<div class=\"elementor-element elementor-element-6a68d7d elementor-align-start elementor-icon-list--layout-traditional elementor-list-item-link-full_width elementor-widget elementor-widget-icon-list\" data-id=\"6a68d7d\" data-element_type=\"widget\" data-e-type=\"widget\" data-widget_type=\"icon-list.default\">\n\t\t\t\t<div class=\"elementor-widget-container\">\n\t\t\t\t\t\t\t<ul class=\"elementor-icon-list-items\">\n\t\t\t\t\t\t\t<li class=\"elementor-icon-list-item\">\n\t\t\t\t\t\t\t\t\t\t\t<a href=\"https:\/\/aislayahorra.es\/wp-content\/uploads\/2026\/01\/CURSO-REFORMAS-REHABILITACION-ENERGETICA-ORIGINAL-2026.pdf\" target=\"_blank\">\n\n\t\t\t\t\t\t\t\t\t\t\t\t<span class=\"elementor-icon-list-icon\">\n\t\t\t\t\t\t\t<i aria-hidden=\"true\" class=\"far fa-file-pdf\"><\/i>\t\t\t\t\t\t<\/span>\n\t\t\t\t\t\t\t\t\t\t<span class=\"elementor-icon-list-text\">CURSO REFORMAS REHABILITACION ENERGETICA<\/span>\n\t\t\t\t\t\t\t\t\t\t\t<\/a>\n\t\t\t\t\t\t\t\t\t<\/li>\n\t\t\t\t\t\t\t\t<li class=\"elementor-icon-list-item\">\n\t\t\t\t\t\t\t\t\t\t\t<a href=\"https:\/\/aislayahorra.es\/tienda\/wp-content\/uploads\/2026\/01\/Dossier-de-Franquicia-2026.pdf\" target=\"_blank\">\n\n\t\t\t\t\t\t\t\t\t\t\t\t<span class=\"elementor-icon-list-icon\">\n\t\t\t\t\t\t\t<i aria-hidden=\"true\" class=\"far fa-file-pdf\"><\/i>\t\t\t\t\t\t<\/span>\n\t\t\t\t\t\t\t\t\t\t<span class=\"elementor-icon-list-text\">DOSSIER RESUMIDO DE FRANQUICIA<\/span>\n\t\t\t\t\t\t\t\t\t\t\t<\/a>\n\t\t\t\t\t\t\t\t\t<\/li>\n\t\t\t\t\t\t\t\t<li class=\"elementor-icon-list-item\">\n\t\t\t\t\t\t\t\t\t\t\t<a href=\"https:\/\/www.aislayahorra.es\/tienda\/wp-content\/uploads\/2021\/01\/M99-Minifant-es-v1-aya.pdf\" target=\"_blank\">\n\n\t\t\t\t\t\t\t\t\t\t\t\t<span class=\"elementor-icon-list-icon\">\n\t\t\t\t\t\t\t<i aria-hidden=\"true\" class=\"far fa-file-pdf\"><\/i>\t\t\t\t\t\t<\/span>\n\t\t\t\t\t\t\t\t\t\t<span class=\"elementor-icon-list-text\">M99-MINIFANT-ES-V1-AYA<\/span>\n\t\t\t\t\t\t\t\t\t\t\t<\/a>\n\t\t\t\t\t\t\t\t\t<\/li>\n\t\t\t\t\t\t\t\t<li class=\"elementor-icon-list-item\">\n\t\t\t\t\t\t\t\t\t\t\t<a href=\"https:\/\/www.aislayahorra.es\/tienda\/wp-content\/uploads\/2021\/01\/PACK-MAQUINA-MINIFANT-99-230V-36kW-E-LR.pdf\" target=\"_blank\">\n\n\t\t\t\t\t\t\t\t\t\t\t\t<span class=\"elementor-icon-list-icon\">\n\t\t\t\t\t\t\t<i aria-hidden=\"true\" class=\"far fa-file-pdf\"><\/i>\t\t\t\t\t\t<\/span>\n\t\t\t\t\t\t\t\t\t\t<span class=\"elementor-icon-list-text\">PACK MAQUINA MINIFANT 99, 230V, 3,6kW, E LR<\/span>\n\t\t\t\t\t\t\t\t\t\t\t<\/a>\n\t\t\t\t\t\t\t\t\t<\/li>\n\t\t\t\t\t\t<\/ul>\n\t\t\t\t\t\t<\/div>\n\t\t\t\t<\/div>\n\t\t\t\t\t<\/div>\n\t\t<\/div>\n\t\t\t\t\t<\/div>\n\t\t<\/section>\n\t\t\t\t<section class=\"elementor-section elementor-top-section elementor-element elementor-element-87579f6 elementor-section-boxed elementor-section-height-default elementor-section-height-default\" data-id=\"87579f6\" data-element_type=\"section\" data-e-type=\"section\">\n\t\t\t\t\t\t<div class=\"elementor-container elementor-column-gap-default\">\n\t\t\t\t\t<div class=\"elementor-column elementor-col-100 elementor-top-column elementor-element elementor-element-6bbe369\" data-id=\"6bbe369\" data-element_type=\"column\" data-e-type=\"column\">\n\t\t\t<div class=\"elementor-widget-wrap elementor-element-populated\">\n\t\t\t\t\t\t<div class=\"elementor-element elementor-element-fec8ba2 elementor-widget elementor-widget-video\" data-id=\"fec8ba2\" data-element_type=\"widget\" data-e-type=\"widget\" data-settings=\"{&quot;youtube_url&quot;:&quot;https:\\\/\\\/www.youtube.com\\\/watch?v=fV5yts4_X8o&amp;t=6s&quot;,&quot;video_type&quot;:&quot;youtube&quot;,&quot;controls&quot;:&quot;yes&quot;}\" data-widget_type=\"video.default\">\n\t\t\t\t<div class=\"elementor-widget-container\">\n\t\t\t\t\t\t\t<div class=\"elementor-wrapper elementor-open-inline\">\n\t\t\t<div class=\"elementor-video\"><\/div>\t\t<\/div>\n\t\t\t\t\t\t<\/div>\n\t\t\t\t<\/div>\n\t\t\t\t\t<\/div>\n\t\t<\/div>\n\t\t\t\t\t<\/div>\n\t\t<\/section>\n\t\t\t\t<\/div>\n\t\t","protected":false},"excerpt":{"rendered":"<p>En este curso trataremos una formaci\u00f3n integral en la que el aislamiento insuflado y proyectado ser\u00e1 protagonista, pero se integrar\u00e1n tambi\u00e9n las dem\u00e1s materias del passivhaus: Aislamiento interior y exterior, estanqueidad al aire y ensayo Blower Door, instalaci\u00f3n de ventanas passivhaus, instalaci\u00f3n de sistemas de ventilaci\u00f3n con recuperaci\u00f3n de calor, as\u00ed como introducci\u00f3n y formaci\u00f3n en el est\u00e1ndar Passivhaus.<\/p>\n","protected":false},"featured_media":184,"comment_status":"open","ping_status":"closed","template":"","meta":[],"product_brand":[],"product_cat":[16],"product_tag":[],"class_list":{"0":"post-78","1":"product","2":"type-product","3":"status-publish","4":"has-post-thumbnail","6":"product_cat-cursos","7":"product_shipping_class-sin-envio","9":"first","10":"instock","11":"shipping-taxable","12":"purchasable","13":"product-type-simple"},"yoast_head":"<!-- This site is optimized with the Yoast SEO plugin v26.8 - https:\/\/yoast.com\/product\/yoast-seo-wordpress\/ -->\n<title>Curso Reforma &amp; Rehabilitaci\u00f3n Energ\u00e9tica instaladores insuflado<\/title>\n<meta name=\"description\" content=\"Con el Curso Reforma &amp; Rehabilitaci\u00f3n Energ\u00e9tica puede homologarse como instalador de aislamientos insuflados en 7 sistemas.\" \/>\n<meta name=\"robots\" content=\"index, follow, max-snippet:-1, max-image-preview:large, max-video-preview:-1\" \/>\n<link rel=\"canonical\" href=\"https:\/\/aislayahorra.es\/tienda\/shop\/curso-de-reformas\/\" \/>\n<meta property=\"og:locale\" content=\"es_ES\" \/>\n<meta property=\"og:type\" content=\"article\" \/>\n<meta property=\"og:title\" content=\"Curso Reforma &amp; Rehabilitaci\u00f3n Energ\u00e9tica instaladores insuflado\" \/>\n<meta property=\"og:description\" content=\"Con el Curso Reforma &amp; Rehabilitaci\u00f3n Energ\u00e9tica puede homologarse como instalador de aislamientos insuflados en 7 sistemas.\" \/>\n<meta property=\"og:url\" content=\"https:\/\/aislayahorra.es\/tienda\/shop\/curso-de-reformas\/\" \/>\n<meta property=\"article:modified_time\" content=\"2026-01-18T18:08:18+00:00\" \/>\n<meta property=\"og:image\" content=\"https:\/\/aislayahorra.es\/tienda\/wp-content\/uploads\/2021\/01\/81-CURSO.jpg\" \/>\n\t<meta property=\"og:image:width\" content=\"1294\" \/>\n\t<meta property=\"og:image:height\" content=\"1294\" \/>\n\t<meta property=\"og:image:type\" content=\"image\/jpeg\" \/>\n<meta name=\"twitter:card\" content=\"summary_large_image\" \/>\n<meta name=\"twitter:label1\" content=\"Tiempo de lectura\" \/>\n\t<meta name=\"twitter:data1\" content=\"2 minutos\" \/>\n<script type=\"application\/ld+json\" class=\"yoast-schema-graph\">{\"@context\":\"https:\/\/schema.org\",\"@graph\":[{\"@type\":\"WebPage\",\"@id\":\"https:\/\/aislayahorra.es\/tienda\/shop\/curso-de-reformas\/\",\"url\":\"https:\/\/aislayahorra.es\/tienda\/shop\/curso-de-reformas\/\",\"name\":\"Curso Reforma & Rehabilitaci\u00f3n Energ\u00e9tica instaladores insuflado\",\"isPartOf\":{\"@id\":\"https:\/\/aislayahorra.es\/tienda\/#website\"},\"primaryImageOfPage\":{\"@id\":\"https:\/\/aislayahorra.es\/tienda\/shop\/curso-de-reformas\/#primaryimage\"},\"image\":{\"@id\":\"https:\/\/aislayahorra.es\/tienda\/shop\/curso-de-reformas\/#primaryimage\"},\"thumbnailUrl\":\"https:\/\/aislayahorra.es\/tienda\/wp-content\/uploads\/2021\/01\/81-CURSO.jpg\",\"datePublished\":\"2021-01-16T10:05:31+00:00\",\"dateModified\":\"2026-01-18T18:08:18+00:00\",\"description\":\"Con el Curso Reforma & Rehabilitaci\u00f3n Energ\u00e9tica puede homologarse como instalador de aislamientos insuflados en 7 sistemas.\",\"breadcrumb\":{\"@id\":\"https:\/\/aislayahorra.es\/tienda\/shop\/curso-de-reformas\/#breadcrumb\"},\"inLanguage\":\"es\",\"potentialAction\":[{\"@type\":\"ReadAction\",\"target\":[\"https:\/\/aislayahorra.es\/tienda\/shop\/curso-de-reformas\/\"]}]},{\"@type\":\"ImageObject\",\"inLanguage\":\"es\",\"@id\":\"https:\/\/aislayahorra.es\/tienda\/shop\/curso-de-reformas\/#primaryimage\",\"url\":\"https:\/\/aislayahorra.es\/tienda\/wp-content\/uploads\/2021\/01\/81-CURSO.jpg\",\"contentUrl\":\"https:\/\/aislayahorra.es\/tienda\/wp-content\/uploads\/2021\/01\/81-CURSO.jpg\",\"width\":1294,\"height\":1294,\"caption\":\"Curso Reforma & Rehabilitaci\u00f3n Energ\u00e9tica\"},{\"@type\":\"BreadcrumbList\",\"@id\":\"https:\/\/aislayahorra.es\/tienda\/shop\/curso-de-reformas\/#breadcrumb\",\"itemListElement\":[{\"@type\":\"ListItem\",\"position\":1,\"name\":\"Portada\",\"item\":\"https:\/\/aislayahorra.es\/tienda\/\"},{\"@type\":\"ListItem\",\"position\":2,\"name\":\"Shop\",\"item\":\"https:\/\/aislayahorra.es\/tienda\/\"},{\"@type\":\"ListItem\",\"position\":3,\"name\":\"Curso Reforma &#038; Rehabilitaci\u00f3n Energ\u00e9tica\"}]},{\"@type\":\"WebSite\",\"@id\":\"https:\/\/aislayahorra.es\/tienda\/#website\",\"url\":\"https:\/\/aislayahorra.es\/tienda\/\",\"name\":\"\",\"description\":\"\",\"potentialAction\":[{\"@type\":\"SearchAction\",\"target\":{\"@type\":\"EntryPoint\",\"urlTemplate\":\"https:\/\/aislayahorra.es\/tienda\/?s={search_term_string}\"},\"query-input\":{\"@type\":\"PropertyValueSpecification\",\"valueRequired\":true,\"valueName\":\"search_term_string\"}}],\"inLanguage\":\"es\"}]}<\/script>\n<!-- \/ Yoast SEO plugin. -->","yoast_head_json":{"title":"Curso Reforma & Rehabilitaci\u00f3n Energ\u00e9tica instaladores insuflado","description":"Con el Curso Reforma & Rehabilitaci\u00f3n Energ\u00e9tica puede homologarse como instalador de aislamientos insuflados en 7 sistemas.","robots":{"index":"index","follow":"follow","max-snippet":"max-snippet:-1","max-image-preview":"max-image-preview:large","max-video-preview":"max-video-preview:-1"},"canonical":"https:\/\/aislayahorra.es\/tienda\/shop\/curso-de-reformas\/","og_locale":"es_ES","og_type":"article","og_title":"Curso Reforma & Rehabilitaci\u00f3n Energ\u00e9tica instaladores insuflado","og_description":"Con el Curso Reforma & Rehabilitaci\u00f3n Energ\u00e9tica puede homologarse como instalador de aislamientos insuflados en 7 sistemas.","og_url":"https:\/\/aislayahorra.es\/tienda\/shop\/curso-de-reformas\/","article_modified_time":"2026-01-18T18:08:18+00:00","og_image":[{"width":1294,"height":1294,"url":"https:\/\/aislayahorra.es\/tienda\/wp-content\/uploads\/2021\/01\/81-CURSO.jpg","type":"image\/jpeg"}],"twitter_card":"summary_large_image","twitter_misc":{"Tiempo de lectura":"2 minutos"},"schema":{"@context":"https:\/\/schema.org","@graph":[{"@type":"WebPage","@id":"https:\/\/aislayahorra.es\/tienda\/shop\/curso-de-reformas\/","url":"https:\/\/aislayahorra.es\/tienda\/shop\/curso-de-reformas\/","name":"Curso Reforma & Rehabilitaci\u00f3n Energ\u00e9tica instaladores insuflado","isPartOf":{"@id":"https:\/\/aislayahorra.es\/tienda\/#website"},"primaryImageOfPage":{"@id":"https:\/\/aislayahorra.es\/tienda\/shop\/curso-de-reformas\/#primaryimage"},"image":{"@id":"https:\/\/aislayahorra.es\/tienda\/shop\/curso-de-reformas\/#primaryimage"},"thumbnailUrl":"https:\/\/aislayahorra.es\/tienda\/wp-content\/uploads\/2021\/01\/81-CURSO.jpg","datePublished":"2021-01-16T10:05:31+00:00","dateModified":"2026-01-18T18:08:18+00:00","description":"Con el Curso Reforma & Rehabilitaci\u00f3n Energ\u00e9tica puede homologarse como instalador de aislamientos insuflados en 7 sistemas.","breadcrumb":{"@id":"https:\/\/aislayahorra.es\/tienda\/shop\/curso-de-reformas\/#breadcrumb"},"inLanguage":"es","potentialAction":[{"@type":"ReadAction","target":["https:\/\/aislayahorra.es\/tienda\/shop\/curso-de-reformas\/"]}]},{"@type":"ImageObject","inLanguage":"es","@id":"https:\/\/aislayahorra.es\/tienda\/shop\/curso-de-reformas\/#primaryimage","url":"https:\/\/aislayahorra.es\/tienda\/wp-content\/uploads\/2021\/01\/81-CURSO.jpg","contentUrl":"https:\/\/aislayahorra.es\/tienda\/wp-content\/uploads\/2021\/01\/81-CURSO.jpg","width":1294,"height":1294,"caption":"Curso Reforma & Rehabilitaci\u00f3n Energ\u00e9tica"},{"@type":"BreadcrumbList","@id":"https:\/\/aislayahorra.es\/tienda\/shop\/curso-de-reformas\/#breadcrumb","itemListElement":[{"@type":"ListItem","position":1,"name":"Portada","item":"https:\/\/aislayahorra.es\/tienda\/"},{"@type":"ListItem","position":2,"name":"Shop","item":"https:\/\/aislayahorra.es\/tienda\/"},{"@type":"ListItem","position":3,"name":"Curso Reforma &#038; Rehabilitaci\u00f3n Energ\u00e9tica"}]},{"@type":"WebSite","@id":"https:\/\/aislayahorra.es\/tienda\/#website","url":"https:\/\/aislayahorra.es\/tienda\/","name":"","description":"","potentialAction":[{"@type":"SearchAction","target":{"@type":"EntryPoint","urlTemplate":"https:\/\/aislayahorra.es\/tienda\/?s={search_term_string}"},"query-input":{"@type":"PropertyValueSpecification","valueRequired":true,"valueName":"search_term_string"}}],"inLanguage":"es"}]}},"_links":{"self":[{"href":"https:\/\/aislayahorra.es\/tienda\/wp-json\/wp\/v2\/product\/78","targetHints":{"allow":["GET"]}}],"collection":[{"href":"https:\/\/aislayahorra.es\/tienda\/wp-json\/wp\/v2\/product"}],"about":[{"href":"https:\/\/aislayahorra.es\/tienda\/wp-json\/wp\/v2\/types\/product"}],"replies":[{"embeddable":true,"href":"https:\/\/aislayahorra.es\/tienda\/wp-json\/wp\/v2\/comments?post=78"}],"version-history":[{"count":24,"href":"https:\/\/aislayahorra.es\/tienda\/wp-json\/wp\/v2\/product\/78\/revisions"}],"predecessor-version":[{"id":3152,"href":"https:\/\/aislayahorra.es\/tienda\/wp-json\/wp\/v2\/product\/78\/revisions\/3152"}],"wp:featuredmedia":[{"embeddable":true,"href":"https:\/\/aislayahorra.es\/tienda\/wp-json\/wp\/v2\/media\/184"}],"wp:attachment":[{"href":"https:\/\/aislayahorra.es\/tienda\/wp-json\/wp\/v2\/media?parent=78"}],"wp:term":[{"taxonomy":"product_brand","embeddable":true,"href":"https:\/\/aislayahorra.es\/tienda\/wp-json\/wp\/v2\/product_brand?post=78"},{"taxonomy":"product_cat","embeddable":true,"href":"https:\/\/aislayahorra.es\/tienda\/wp-json\/wp\/v2\/product_cat?post=78"},{"taxonomy":"product_tag","embeddable":true,"href":"https:\/\/aislayahorra.es\/tienda\/wp-json\/wp\/v2\/product_tag?post=78"}],"curies":[{"name":"wp","href":"https:\/\/api.w.org\/{rel}","templated":true}]}}