{"id":808,"date":"2021-01-21T09:38:17","date_gmt":"2021-01-21T07:38:17","guid":{"rendered":"https:\/\/test.aislayahorra.es\/tienda\/?post_type=product&#038;p=808"},"modified":"2025-10-12T13:05:55","modified_gmt":"2025-10-12T11:05:55","slug":"token-para-licencia-gratuita-blower-door-fireprotection","status":"publish","type":"product","link":"https:\/\/aislayahorra.es\/tienda\/shop\/token-para-licencia-gratuita-blower-door-fireprotection\/","title":{"rendered":"Token para Licencia gratuita Blower Door FIREPROTECTION"},"content":{"rendered":"\t\t<div data-elementor-type=\"product-post\" data-elementor-id=\"808\" class=\"elementor elementor-808\" data-elementor-post-type=\"product\">\n\t\t\t\t\t\t<section class=\"elementor-section elementor-top-section elementor-element elementor-element-28a5d36 elementor-section-boxed elementor-section-height-default elementor-section-height-default\" data-id=\"28a5d36\" data-element_type=\"section\" data-e-type=\"section\">\n\t\t\t\t\t\t<div class=\"elementor-container elementor-column-gap-default\">\n\t\t\t\t\t<div class=\"elementor-column elementor-col-100 elementor-top-column elementor-element elementor-element-e489e04\" data-id=\"e489e04\" data-element_type=\"column\" data-e-type=\"column\">\n\t\t\t<div class=\"elementor-widget-wrap elementor-element-populated\">\n\t\t\t\t\t\t<div class=\"elementor-element elementor-element-efcc11a elementor-widget elementor-widget-text-editor\" data-id=\"efcc11a\" data-element_type=\"widget\" data-e-type=\"widget\" data-widget_type=\"text-editor.default\">\n\t\t\t\t<div class=\"elementor-widget-container\">\n\t\t\t\t\t\t\t\t\t<p><strong>Informaci\u00f3n del producto \u00abBlower Door FireProtection\u00bb<\/strong><\/p><p>Simulaci\u00f3n del tiempo de retenci\u00f3n del gas de extinci\u00f3n seg\u00fan ISO 14520<\/p><p>Door fan test para determinar si se cumple con el tiempo m\u00ednimo de retenci\u00f3n de acuerdo con la norma ISO 14520 \u2013 Importaci\u00f3n de datos de TECTITE Express y TECLOG &#8211; ISO 14520:2006 C\u00e1lculos \u2013 edici\u00f3n con informe, licencia para PC o notebook<\/p><p>La seguridad de incendios es una de las \u00e1reas donde el uso de las medidas BlowerDoor gana cada vez m\u00e1s importancia. En general, se miden los cuartos de servidores, que, en caso de incendio, son sometidos a una invasi\u00f3n de gas de extinci\u00f3n. De esta forma se mantiene intacta la alta tecnolog\u00eda y no sufre los efectos de una extinci\u00f3n por Sprinkler.\u00a0 Uno de los requisitos que marca la normativa nacional RITE es que debe hacerse un ensayo 1 vez al a\u00f1o para asegurar que los espacios sean estancos.<\/p><p>Usando el Sistema de ensayo de estanqueidad Minneapolis BlowerDoor y el software FireProtection\u00a0 se pueden determinar los tiempos de retenci\u00f3n del gas de acuerdo con la ISO 14520.<\/p><p><strong>Para los usuarios<\/strong>\u00a0El uso de esta Software requiere conocimientos de la ISO 14520. Debe usarse un sistema de ensayo Blower Door Standard con un medidor DG1000 o DG700, un diafragma de calibraci\u00f3n y accesorios as\u00ed como un ordenador port\u00e1til.<\/p><p><strong>Contenido:<\/strong>\u00a01 licencia para PC o notebook<\/p>\t\t\t\t\t\t\t\t<\/div>\n\t\t\t\t<\/div>\n\t\t\t\t<div class=\"elementor-element elementor-element-2e5b048 elementor-icon-list--layout-traditional elementor-list-item-link-full_width elementor-widget elementor-widget-icon-list\" data-id=\"2e5b048\" data-element_type=\"widget\" data-e-type=\"widget\" data-widget_type=\"icon-list.default\">\n\t\t\t\t<div class=\"elementor-widget-container\">\n\t\t\t\t\t\t\t<ul class=\"elementor-icon-list-items\">\n\t\t\t\t\t\t\t<li class=\"elementor-icon-list-item\">\n\t\t\t\t\t\t\t\t\t\t\t<a href=\"https:\/\/www.aislayahorra.es\/tienda\/wp-content\/uploads\/2021\/01\/19_04_BD-FireProtection_en.pdf\" target=\"_blank\">\n\n\t\t\t\t\t\t\t\t\t\t\t\t<span class=\"elementor-icon-list-icon\">\n\t\t\t\t\t\t\t<i aria-hidden=\"true\" class=\"far fa-file-pdf\"><\/i>\t\t\t\t\t\t<\/span>\n\t\t\t\t\t\t\t\t\t\t<span class=\"elementor-icon-list-text\">BD FireProtection<\/span>\n\t\t\t\t\t\t\t\t\t\t\t<\/a>\n\t\t\t\t\t\t\t\t\t<\/li>\n\t\t\t\t\t\t<\/ul>\n\t\t\t\t\t\t<\/div>\n\t\t\t\t<\/div>\n\t\t\t\t\t<\/div>\n\t\t<\/div>\n\t\t\t\t\t<\/div>\n\t\t<\/section>\n\t\t\t\t<\/div>\n\t\t","protected":false},"excerpt":{"rendered":"<p><strong>Informaci\u00f3n del producto \u00abBlower Door FireProtection\u00bb<\/strong><\/p>\n<p>Simulaci\u00f3n del tiempo de retenci\u00f3n del gas de extinci\u00f3n seg\u00fan ISO 14520<\/p>\n<p>Door fan test para determinar si se cumple con el tiempo m\u00ednimo de retenci\u00f3n de acuerdo con la norma ISO 14520 \u2013 Importaci\u00f3n de datos de TECTITE Express y TECLOG &#8211; ISO 14520:2006 C\u00e1lculos \u2013 edici\u00f3n con informe, licencia para PC o notebook<\/p>\n","protected":false},"featured_media":810,"comment_status":"open","ping_status":"closed","template":"","meta":[],"product_brand":[],"product_cat":[23],"product_tag":[],"class_list":{"0":"post-808","1":"product","2":"type-product","3":"status-publish","4":"has-post-thumbnail","6":"product_cat-blower-door","7":"product_shipping_class-sin-envio","9":"first","10":"instock","11":"shipping-taxable","12":"purchasable","13":"product-type-simple"},"yoast_head":"<!-- This site is optimized with the Yoast SEO plugin v26.8 - https:\/\/yoast.com\/product\/yoast-seo-wordpress\/ -->\n<title>Token para Licencia gratuita Blower Door FIREPROTECTION (10)<\/title>\n<meta name=\"description\" content=\"Paquete de 10 Token para Licencia gratuita Blower Door FIREPROTECTION. Cada vez que se haga un ensayo se paga un Token, la licencia es gratis\" \/>\n<meta name=\"robots\" content=\"index, follow, max-snippet:-1, max-image-preview:large, max-video-preview:-1\" \/>\n<link rel=\"canonical\" href=\"https:\/\/aislayahorra.es\/tienda\/shop\/token-para-licencia-gratuita-blower-door-fireprotection\/\" \/>\n<meta property=\"og:locale\" content=\"es_ES\" \/>\n<meta property=\"og:type\" content=\"article\" \/>\n<meta property=\"og:title\" content=\"Token para Licencia gratuita Blower Door FIREPROTECTION (10)\" \/>\n<meta property=\"og:description\" content=\"Paquete de 10 Token para Licencia gratuita Blower Door FIREPROTECTION. Cada vez que se haga un ensayo se paga un Token, la licencia es gratis\" \/>\n<meta property=\"og:url\" content=\"https:\/\/aislayahorra.es\/tienda\/shop\/token-para-licencia-gratuita-blower-door-fireprotection\/\" \/>\n<meta property=\"article:modified_time\" content=\"2025-10-12T11:05:55+00:00\" \/>\n<meta property=\"og:image\" content=\"https:\/\/aislayahorra.es\/tienda\/wp-content\/uploads\/2021\/01\/20-licencia-fireprotection.jpg\" \/>\n\t<meta property=\"og:image:width\" content=\"1294\" \/>\n\t<meta property=\"og:image:height\" content=\"1294\" \/>\n\t<meta property=\"og:image:type\" content=\"image\/jpeg\" \/>\n<meta name=\"twitter:card\" content=\"summary_large_image\" \/>\n<meta name=\"twitter:label1\" content=\"Tiempo de lectura\" \/>\n\t<meta name=\"twitter:data1\" content=\"1 minuto\" \/>\n<script type=\"application\/ld+json\" class=\"yoast-schema-graph\">{\"@context\":\"https:\/\/schema.org\",\"@graph\":[{\"@type\":\"WebPage\",\"@id\":\"https:\/\/aislayahorra.es\/tienda\/shop\/token-para-licencia-gratuita-blower-door-fireprotection\/\",\"url\":\"https:\/\/aislayahorra.es\/tienda\/shop\/token-para-licencia-gratuita-blower-door-fireprotection\/\",\"name\":\"Token para Licencia gratuita Blower Door FIREPROTECTION (10)\",\"isPartOf\":{\"@id\":\"https:\/\/aislayahorra.es\/tienda\/#website\"},\"primaryImageOfPage\":{\"@id\":\"https:\/\/aislayahorra.es\/tienda\/shop\/token-para-licencia-gratuita-blower-door-fireprotection\/#primaryimage\"},\"image\":{\"@id\":\"https:\/\/aislayahorra.es\/tienda\/shop\/token-para-licencia-gratuita-blower-door-fireprotection\/#primaryimage\"},\"thumbnailUrl\":\"https:\/\/aislayahorra.es\/tienda\/wp-content\/uploads\/2021\/01\/20-licencia-fireprotection.jpg\",\"datePublished\":\"2021-01-21T07:38:17+00:00\",\"dateModified\":\"2025-10-12T11:05:55+00:00\",\"description\":\"Paquete de 10 Token para Licencia gratuita Blower Door FIREPROTECTION. Cada vez que se haga un ensayo se paga un Token, la licencia es gratis\",\"breadcrumb\":{\"@id\":\"https:\/\/aislayahorra.es\/tienda\/shop\/token-para-licencia-gratuita-blower-door-fireprotection\/#breadcrumb\"},\"inLanguage\":\"es\",\"potentialAction\":[{\"@type\":\"ReadAction\",\"target\":[\"https:\/\/aislayahorra.es\/tienda\/shop\/token-para-licencia-gratuita-blower-door-fireprotection\/\"]}]},{\"@type\":\"ImageObject\",\"inLanguage\":\"es\",\"@id\":\"https:\/\/aislayahorra.es\/tienda\/shop\/token-para-licencia-gratuita-blower-door-fireprotection\/#primaryimage\",\"url\":\"https:\/\/aislayahorra.es\/tienda\/wp-content\/uploads\/2021\/01\/20-licencia-fireprotection.jpg\",\"contentUrl\":\"https:\/\/aislayahorra.es\/tienda\/wp-content\/uploads\/2021\/01\/20-licencia-fireprotection.jpg\",\"width\":1294,\"height\":1294,\"caption\":\"Paquete 10 Token para licencia gratuita Fireprotection\"},{\"@type\":\"BreadcrumbList\",\"@id\":\"https:\/\/aislayahorra.es\/tienda\/shop\/token-para-licencia-gratuita-blower-door-fireprotection\/#breadcrumb\",\"itemListElement\":[{\"@type\":\"ListItem\",\"position\":1,\"name\":\"Portada\",\"item\":\"https:\/\/aislayahorra.es\/tienda\/\"},{\"@type\":\"ListItem\",\"position\":2,\"name\":\"Shop\",\"item\":\"https:\/\/aislayahorra.es\/tienda\/\"},{\"@type\":\"ListItem\",\"position\":3,\"name\":\"Token para Licencia gratuita Blower Door FIREPROTECTION\"}]},{\"@type\":\"WebSite\",\"@id\":\"https:\/\/aislayahorra.es\/tienda\/#website\",\"url\":\"https:\/\/aislayahorra.es\/tienda\/\",\"name\":\"\",\"description\":\"\",\"potentialAction\":[{\"@type\":\"SearchAction\",\"target\":{\"@type\":\"EntryPoint\",\"urlTemplate\":\"https:\/\/aislayahorra.es\/tienda\/?s={search_term_string}\"},\"query-input\":{\"@type\":\"PropertyValueSpecification\",\"valueRequired\":true,\"valueName\":\"search_term_string\"}}],\"inLanguage\":\"es\"}]}<\/script>\n<!-- \/ Yoast SEO plugin. -->","yoast_head_json":{"title":"Token para Licencia gratuita Blower Door FIREPROTECTION (10)","description":"Paquete de 10 Token para Licencia gratuita Blower Door FIREPROTECTION. Cada vez que se haga un ensayo se paga un Token, la licencia es gratis","robots":{"index":"index","follow":"follow","max-snippet":"max-snippet:-1","max-image-preview":"max-image-preview:large","max-video-preview":"max-video-preview:-1"},"canonical":"https:\/\/aislayahorra.es\/tienda\/shop\/token-para-licencia-gratuita-blower-door-fireprotection\/","og_locale":"es_ES","og_type":"article","og_title":"Token para Licencia gratuita Blower Door FIREPROTECTION (10)","og_description":"Paquete de 10 Token para Licencia gratuita Blower Door FIREPROTECTION. Cada vez que se haga un ensayo se paga un Token, la licencia es gratis","og_url":"https:\/\/aislayahorra.es\/tienda\/shop\/token-para-licencia-gratuita-blower-door-fireprotection\/","article_modified_time":"2025-10-12T11:05:55+00:00","og_image":[{"width":1294,"height":1294,"url":"https:\/\/aislayahorra.es\/tienda\/wp-content\/uploads\/2021\/01\/20-licencia-fireprotection.jpg","type":"image\/jpeg"}],"twitter_card":"summary_large_image","twitter_misc":{"Tiempo de lectura":"1 minuto"},"schema":{"@context":"https:\/\/schema.org","@graph":[{"@type":"WebPage","@id":"https:\/\/aislayahorra.es\/tienda\/shop\/token-para-licencia-gratuita-blower-door-fireprotection\/","url":"https:\/\/aislayahorra.es\/tienda\/shop\/token-para-licencia-gratuita-blower-door-fireprotection\/","name":"Token para Licencia gratuita Blower Door FIREPROTECTION (10)","isPartOf":{"@id":"https:\/\/aislayahorra.es\/tienda\/#website"},"primaryImageOfPage":{"@id":"https:\/\/aislayahorra.es\/tienda\/shop\/token-para-licencia-gratuita-blower-door-fireprotection\/#primaryimage"},"image":{"@id":"https:\/\/aislayahorra.es\/tienda\/shop\/token-para-licencia-gratuita-blower-door-fireprotection\/#primaryimage"},"thumbnailUrl":"https:\/\/aislayahorra.es\/tienda\/wp-content\/uploads\/2021\/01\/20-licencia-fireprotection.jpg","datePublished":"2021-01-21T07:38:17+00:00","dateModified":"2025-10-12T11:05:55+00:00","description":"Paquete de 10 Token para Licencia gratuita Blower Door FIREPROTECTION. Cada vez que se haga un ensayo se paga un Token, la licencia es gratis","breadcrumb":{"@id":"https:\/\/aislayahorra.es\/tienda\/shop\/token-para-licencia-gratuita-blower-door-fireprotection\/#breadcrumb"},"inLanguage":"es","potentialAction":[{"@type":"ReadAction","target":["https:\/\/aislayahorra.es\/tienda\/shop\/token-para-licencia-gratuita-blower-door-fireprotection\/"]}]},{"@type":"ImageObject","inLanguage":"es","@id":"https:\/\/aislayahorra.es\/tienda\/shop\/token-para-licencia-gratuita-blower-door-fireprotection\/#primaryimage","url":"https:\/\/aislayahorra.es\/tienda\/wp-content\/uploads\/2021\/01\/20-licencia-fireprotection.jpg","contentUrl":"https:\/\/aislayahorra.es\/tienda\/wp-content\/uploads\/2021\/01\/20-licencia-fireprotection.jpg","width":1294,"height":1294,"caption":"Paquete 10 Token para licencia gratuita Fireprotection"},{"@type":"BreadcrumbList","@id":"https:\/\/aislayahorra.es\/tienda\/shop\/token-para-licencia-gratuita-blower-door-fireprotection\/#breadcrumb","itemListElement":[{"@type":"ListItem","position":1,"name":"Portada","item":"https:\/\/aislayahorra.es\/tienda\/"},{"@type":"ListItem","position":2,"name":"Shop","item":"https:\/\/aislayahorra.es\/tienda\/"},{"@type":"ListItem","position":3,"name":"Token para Licencia gratuita Blower Door FIREPROTECTION"}]},{"@type":"WebSite","@id":"https:\/\/aislayahorra.es\/tienda\/#website","url":"https:\/\/aislayahorra.es\/tienda\/","name":"","description":"","potentialAction":[{"@type":"SearchAction","target":{"@type":"EntryPoint","urlTemplate":"https:\/\/aislayahorra.es\/tienda\/?s={search_term_string}"},"query-input":{"@type":"PropertyValueSpecification","valueRequired":true,"valueName":"search_term_string"}}],"inLanguage":"es"}]}},"_links":{"self":[{"href":"https:\/\/aislayahorra.es\/tienda\/wp-json\/wp\/v2\/product\/808","targetHints":{"allow":["GET"]}}],"collection":[{"href":"https:\/\/aislayahorra.es\/tienda\/wp-json\/wp\/v2\/product"}],"about":[{"href":"https:\/\/aislayahorra.es\/tienda\/wp-json\/wp\/v2\/types\/product"}],"replies":[{"embeddable":true,"href":"https:\/\/aislayahorra.es\/tienda\/wp-json\/wp\/v2\/comments?post=808"}],"version-history":[{"count":1,"href":"https:\/\/aislayahorra.es\/tienda\/wp-json\/wp\/v2\/product\/808\/revisions"}],"predecessor-version":[{"id":2739,"href":"https:\/\/aislayahorra.es\/tienda\/wp-json\/wp\/v2\/product\/808\/revisions\/2739"}],"wp:featuredmedia":[{"embeddable":true,"href":"https:\/\/aislayahorra.es\/tienda\/wp-json\/wp\/v2\/media\/810"}],"wp:attachment":[{"href":"https:\/\/aislayahorra.es\/tienda\/wp-json\/wp\/v2\/media?parent=808"}],"wp:term":[{"taxonomy":"product_brand","embeddable":true,"href":"https:\/\/aislayahorra.es\/tienda\/wp-json\/wp\/v2\/product_brand?post=808"},{"taxonomy":"product_cat","embeddable":true,"href":"https:\/\/aislayahorra.es\/tienda\/wp-json\/wp\/v2\/product_cat?post=808"},{"taxonomy":"product_tag","embeddable":true,"href":"https:\/\/aislayahorra.es\/tienda\/wp-json\/wp\/v2\/product_tag?post=808"}],"curies":[{"name":"wp","href":"https:\/\/api.w.org\/{rel}","templated":true}]}}