{"id":816,"date":"2021-01-21T09:57:09","date_gmt":"2021-01-21T07:57:09","guid":{"rendered":"https:\/\/test.aislayahorra.es\/tienda\/?post_type=product&#038;p=816"},"modified":"2025-10-12T13:03:59","modified_gmt":"2025-10-12T11:03:59","slug":"accesorios-blower-door-fireprotection","status":"publish","type":"product","link":"https:\/\/aislayahorra.es\/tienda\/shop\/accesorios-blower-door-fireprotection\/","title":{"rendered":"Accesorios Blower Door FIREPROTECTION"},"content":{"rendered":"\t\t<div data-elementor-type=\"product-post\" data-elementor-id=\"816\" class=\"elementor elementor-816\" data-elementor-post-type=\"product\">\n\t\t\t\t\t\t<section class=\"elementor-section elementor-top-section elementor-element elementor-element-28a5d36 elementor-section-boxed elementor-section-height-default elementor-section-height-default\" data-id=\"28a5d36\" data-element_type=\"section\" data-e-type=\"section\">\n\t\t\t\t\t\t<div class=\"elementor-container elementor-column-gap-default\">\n\t\t\t\t\t<div class=\"elementor-column elementor-col-100 elementor-top-column elementor-element elementor-element-e489e04\" data-id=\"e489e04\" data-element_type=\"column\" data-e-type=\"column\">\n\t\t\t<div class=\"elementor-widget-wrap elementor-element-populated\">\n\t\t\t\t\t\t<div class=\"elementor-element elementor-element-efcc11a elementor-widget elementor-widget-text-editor\" data-id=\"efcc11a\" data-element_type=\"widget\" data-e-type=\"widget\" data-widget_type=\"text-editor.default\">\n\t\t\t\t<div class=\"elementor-widget-container\">\n\t\t\t\t\t\t\t\t\t<p><strong>Informaci\u00f3n del producto \u00abAccesorios FireProtection\u00bb<\/strong><\/p><p><strong>Contenido:<\/strong> Lona Blower Door tama\u00f1o standard con 2 aperturas, diafragma con 4 aperturas para hacer mediciones de contraste, corchos para cerrar aperturas de escape del diafragma (4 unidades), r\u00f3tulos adhesivos (6 unidades), cu\u00f1as de madera (10 unidades), tubo capilar (2 tubos de 40 cm), 10 m de mangueras \u00a0(2 unidades), Velcros de sujeci\u00f3n (2 unidades)<\/p>\t\t\t\t\t\t\t\t<\/div>\n\t\t\t\t<\/div>\n\t\t\t\t<div class=\"elementor-element elementor-element-2e5b048 elementor-icon-list--layout-traditional elementor-list-item-link-full_width elementor-widget elementor-widget-icon-list\" data-id=\"2e5b048\" data-element_type=\"widget\" data-e-type=\"widget\" data-widget_type=\"icon-list.default\">\n\t\t\t\t<div class=\"elementor-widget-container\">\n\t\t\t\t\t\t\t<ul class=\"elementor-icon-list-items\">\n\t\t\t\t\t\t\t<li class=\"elementor-icon-list-item\">\n\t\t\t\t\t\t\t\t\t\t\t<a href=\"https:\/\/www.aislayahorra.es\/tienda\/wp-content\/uploads\/2021\/01\/19_04_BD-FireProtection_en.pdf\" target=\"_blank\">\n\n\t\t\t\t\t\t\t\t\t\t\t\t<span class=\"elementor-icon-list-icon\">\n\t\t\t\t\t\t\t<i aria-hidden=\"true\" class=\"far fa-file-pdf\"><\/i>\t\t\t\t\t\t<\/span>\n\t\t\t\t\t\t\t\t\t\t<span class=\"elementor-icon-list-text\">BD FireProtection<\/span>\n\t\t\t\t\t\t\t\t\t\t\t<\/a>\n\t\t\t\t\t\t\t\t\t<\/li>\n\t\t\t\t\t\t<\/ul>\n\t\t\t\t\t\t<\/div>\n\t\t\t\t<\/div>\n\t\t\t\t\t<\/div>\n\t\t<\/div>\n\t\t\t\t\t<\/div>\n\t\t<\/section>\n\t\t\t\t<\/div>\n\t\t","protected":false},"excerpt":{"rendered":"<p><strong>Informaci\u00f3n del producto \u00abAccesorios FireProtection\u00bb<\/strong><\/p>\n<p><strong>Contenido:<\/strong>\u00a0Lona BlowerDoor tama\u00f1o standard con 2 aperturas, diafragma con 4 aperturas para hacer mediciones de contraste, corchos para cerrar aperturas de escape del diafragma (4 unidades), r\u00f3tulos adhesivos (6 unidades), cu\u00f1as de madera (10 unidades), tubo capilar (2 tubos de 40 cm), 10 m de mangueras \u00a0(2 unidades), Velcros de sujeci\u00f3n (2 unidades)<\/p>\n","protected":false},"featured_media":817,"comment_status":"open","ping_status":"closed","template":"","meta":[],"product_brand":[],"product_cat":[23],"product_tag":[],"class_list":{"0":"post-816","1":"product","2":"type-product","3":"status-publish","4":"has-post-thumbnail","6":"product_cat-blower-door","7":"product_shipping_class-producto-tipo-8","9":"first","10":"instock","11":"shipping-taxable","12":"purchasable","13":"product-type-simple"},"yoast_head":"<!-- This site is optimized with the Yoast SEO plugin v26.8 - https:\/\/yoast.com\/product\/yoast-seo-wordpress\/ -->\n<title>Accesorios Blower Door FIREPROTECTION para ensayo de extinci\u00f3n gas<\/title>\n<meta name=\"description\" content=\"El Accesorio Blower Door Fireprotection posibilita el ensayo de salas de extinci\u00f3n de gas usando programas de simulaci\u00f3n.\" \/>\n<meta name=\"robots\" content=\"index, follow, max-snippet:-1, max-image-preview:large, max-video-preview:-1\" \/>\n<link rel=\"canonical\" href=\"https:\/\/aislayahorra.es\/tienda\/shop\/accesorios-blower-door-fireprotection\/\" \/>\n<meta property=\"og:locale\" content=\"es_ES\" \/>\n<meta property=\"og:type\" content=\"article\" \/>\n<meta property=\"og:title\" content=\"Accesorios Blower Door FIREPROTECTION para ensayo de extinci\u00f3n gas\" \/>\n<meta property=\"og:description\" content=\"El Accesorio Blower Door Fireprotection posibilita el ensayo de salas de extinci\u00f3n de gas usando programas de simulaci\u00f3n.\" \/>\n<meta property=\"og:url\" content=\"https:\/\/aislayahorra.es\/tienda\/shop\/accesorios-blower-door-fireprotection\/\" \/>\n<meta property=\"article:modified_time\" content=\"2025-10-12T11:03:59+00:00\" \/>\n<meta property=\"og:image\" content=\"https:\/\/aislayahorra.es\/tienda\/wp-content\/uploads\/2021\/01\/19-accesorios-fireprotection.jpg\" \/>\n\t<meta property=\"og:image:width\" content=\"1294\" \/>\n\t<meta property=\"og:image:height\" content=\"1294\" \/>\n\t<meta property=\"og:image:type\" content=\"image\/jpeg\" \/>\n<meta name=\"twitter:card\" content=\"summary_large_image\" \/>\n<script type=\"application\/ld+json\" class=\"yoast-schema-graph\">{\"@context\":\"https:\/\/schema.org\",\"@graph\":[{\"@type\":\"WebPage\",\"@id\":\"https:\/\/aislayahorra.es\/tienda\/shop\/accesorios-blower-door-fireprotection\/\",\"url\":\"https:\/\/aislayahorra.es\/tienda\/shop\/accesorios-blower-door-fireprotection\/\",\"name\":\"Accesorios Blower Door FIREPROTECTION para ensayo de extinci\u00f3n gas\",\"isPartOf\":{\"@id\":\"https:\/\/aislayahorra.es\/tienda\/#website\"},\"primaryImageOfPage\":{\"@id\":\"https:\/\/aislayahorra.es\/tienda\/shop\/accesorios-blower-door-fireprotection\/#primaryimage\"},\"image\":{\"@id\":\"https:\/\/aislayahorra.es\/tienda\/shop\/accesorios-blower-door-fireprotection\/#primaryimage\"},\"thumbnailUrl\":\"https:\/\/aislayahorra.es\/tienda\/wp-content\/uploads\/2021\/01\/19-accesorios-fireprotection.jpg\",\"datePublished\":\"2021-01-21T07:57:09+00:00\",\"dateModified\":\"2025-10-12T11:03:59+00:00\",\"description\":\"El Accesorio Blower Door Fireprotection posibilita el ensayo de salas de extinci\u00f3n de gas usando programas de simulaci\u00f3n.\",\"breadcrumb\":{\"@id\":\"https:\/\/aislayahorra.es\/tienda\/shop\/accesorios-blower-door-fireprotection\/#breadcrumb\"},\"inLanguage\":\"es\",\"potentialAction\":[{\"@type\":\"ReadAction\",\"target\":[\"https:\/\/aislayahorra.es\/tienda\/shop\/accesorios-blower-door-fireprotection\/\"]}]},{\"@type\":\"ImageObject\",\"inLanguage\":\"es\",\"@id\":\"https:\/\/aislayahorra.es\/tienda\/shop\/accesorios-blower-door-fireprotection\/#primaryimage\",\"url\":\"https:\/\/aislayahorra.es\/tienda\/wp-content\/uploads\/2021\/01\/19-accesorios-fireprotection.jpg\",\"contentUrl\":\"https:\/\/aislayahorra.es\/tienda\/wp-content\/uploads\/2021\/01\/19-accesorios-fireprotection.jpg\",\"width\":1294,\"height\":1294,\"caption\":\"Accesorio Blower Door Fire Protection\"},{\"@type\":\"BreadcrumbList\",\"@id\":\"https:\/\/aislayahorra.es\/tienda\/shop\/accesorios-blower-door-fireprotection\/#breadcrumb\",\"itemListElement\":[{\"@type\":\"ListItem\",\"position\":1,\"name\":\"Portada\",\"item\":\"https:\/\/aislayahorra.es\/tienda\/\"},{\"@type\":\"ListItem\",\"position\":2,\"name\":\"Shop\",\"item\":\"https:\/\/aislayahorra.es\/tienda\/\"},{\"@type\":\"ListItem\",\"position\":3,\"name\":\"Accesorios Blower Door FIREPROTECTION\"}]},{\"@type\":\"WebSite\",\"@id\":\"https:\/\/aislayahorra.es\/tienda\/#website\",\"url\":\"https:\/\/aislayahorra.es\/tienda\/\",\"name\":\"\",\"description\":\"\",\"potentialAction\":[{\"@type\":\"SearchAction\",\"target\":{\"@type\":\"EntryPoint\",\"urlTemplate\":\"https:\/\/aislayahorra.es\/tienda\/?s={search_term_string}\"},\"query-input\":{\"@type\":\"PropertyValueSpecification\",\"valueRequired\":true,\"valueName\":\"search_term_string\"}}],\"inLanguage\":\"es\"}]}<\/script>\n<!-- \/ Yoast SEO plugin. -->","yoast_head_json":{"title":"Accesorios Blower Door FIREPROTECTION para ensayo de extinci\u00f3n gas","description":"El Accesorio Blower Door Fireprotection posibilita el ensayo de salas de extinci\u00f3n de gas usando programas de simulaci\u00f3n.","robots":{"index":"index","follow":"follow","max-snippet":"max-snippet:-1","max-image-preview":"max-image-preview:large","max-video-preview":"max-video-preview:-1"},"canonical":"https:\/\/aislayahorra.es\/tienda\/shop\/accesorios-blower-door-fireprotection\/","og_locale":"es_ES","og_type":"article","og_title":"Accesorios Blower Door FIREPROTECTION para ensayo de extinci\u00f3n gas","og_description":"El Accesorio Blower Door Fireprotection posibilita el ensayo de salas de extinci\u00f3n de gas usando programas de simulaci\u00f3n.","og_url":"https:\/\/aislayahorra.es\/tienda\/shop\/accesorios-blower-door-fireprotection\/","article_modified_time":"2025-10-12T11:03:59+00:00","og_image":[{"width":1294,"height":1294,"url":"https:\/\/aislayahorra.es\/tienda\/wp-content\/uploads\/2021\/01\/19-accesorios-fireprotection.jpg","type":"image\/jpeg"}],"twitter_card":"summary_large_image","schema":{"@context":"https:\/\/schema.org","@graph":[{"@type":"WebPage","@id":"https:\/\/aislayahorra.es\/tienda\/shop\/accesorios-blower-door-fireprotection\/","url":"https:\/\/aislayahorra.es\/tienda\/shop\/accesorios-blower-door-fireprotection\/","name":"Accesorios Blower Door FIREPROTECTION para ensayo de extinci\u00f3n gas","isPartOf":{"@id":"https:\/\/aislayahorra.es\/tienda\/#website"},"primaryImageOfPage":{"@id":"https:\/\/aislayahorra.es\/tienda\/shop\/accesorios-blower-door-fireprotection\/#primaryimage"},"image":{"@id":"https:\/\/aislayahorra.es\/tienda\/shop\/accesorios-blower-door-fireprotection\/#primaryimage"},"thumbnailUrl":"https:\/\/aislayahorra.es\/tienda\/wp-content\/uploads\/2021\/01\/19-accesorios-fireprotection.jpg","datePublished":"2021-01-21T07:57:09+00:00","dateModified":"2025-10-12T11:03:59+00:00","description":"El Accesorio Blower Door Fireprotection posibilita el ensayo de salas de extinci\u00f3n de gas usando programas de simulaci\u00f3n.","breadcrumb":{"@id":"https:\/\/aislayahorra.es\/tienda\/shop\/accesorios-blower-door-fireprotection\/#breadcrumb"},"inLanguage":"es","potentialAction":[{"@type":"ReadAction","target":["https:\/\/aislayahorra.es\/tienda\/shop\/accesorios-blower-door-fireprotection\/"]}]},{"@type":"ImageObject","inLanguage":"es","@id":"https:\/\/aislayahorra.es\/tienda\/shop\/accesorios-blower-door-fireprotection\/#primaryimage","url":"https:\/\/aislayahorra.es\/tienda\/wp-content\/uploads\/2021\/01\/19-accesorios-fireprotection.jpg","contentUrl":"https:\/\/aislayahorra.es\/tienda\/wp-content\/uploads\/2021\/01\/19-accesorios-fireprotection.jpg","width":1294,"height":1294,"caption":"Accesorio Blower Door Fire Protection"},{"@type":"BreadcrumbList","@id":"https:\/\/aislayahorra.es\/tienda\/shop\/accesorios-blower-door-fireprotection\/#breadcrumb","itemListElement":[{"@type":"ListItem","position":1,"name":"Portada","item":"https:\/\/aislayahorra.es\/tienda\/"},{"@type":"ListItem","position":2,"name":"Shop","item":"https:\/\/aislayahorra.es\/tienda\/"},{"@type":"ListItem","position":3,"name":"Accesorios Blower Door FIREPROTECTION"}]},{"@type":"WebSite","@id":"https:\/\/aislayahorra.es\/tienda\/#website","url":"https:\/\/aislayahorra.es\/tienda\/","name":"","description":"","potentialAction":[{"@type":"SearchAction","target":{"@type":"EntryPoint","urlTemplate":"https:\/\/aislayahorra.es\/tienda\/?s={search_term_string}"},"query-input":{"@type":"PropertyValueSpecification","valueRequired":true,"valueName":"search_term_string"}}],"inLanguage":"es"}]}},"_links":{"self":[{"href":"https:\/\/aislayahorra.es\/tienda\/wp-json\/wp\/v2\/product\/816","targetHints":{"allow":["GET"]}}],"collection":[{"href":"https:\/\/aislayahorra.es\/tienda\/wp-json\/wp\/v2\/product"}],"about":[{"href":"https:\/\/aislayahorra.es\/tienda\/wp-json\/wp\/v2\/types\/product"}],"replies":[{"embeddable":true,"href":"https:\/\/aislayahorra.es\/tienda\/wp-json\/wp\/v2\/comments?post=816"}],"version-history":[{"count":1,"href":"https:\/\/aislayahorra.es\/tienda\/wp-json\/wp\/v2\/product\/816\/revisions"}],"predecessor-version":[{"id":1974,"href":"https:\/\/aislayahorra.es\/tienda\/wp-json\/wp\/v2\/product\/816\/revisions\/1974"}],"wp:featuredmedia":[{"embeddable":true,"href":"https:\/\/aislayahorra.es\/tienda\/wp-json\/wp\/v2\/media\/817"}],"wp:attachment":[{"href":"https:\/\/aislayahorra.es\/tienda\/wp-json\/wp\/v2\/media?parent=816"}],"wp:term":[{"taxonomy":"product_brand","embeddable":true,"href":"https:\/\/aislayahorra.es\/tienda\/wp-json\/wp\/v2\/product_brand?post=816"},{"taxonomy":"product_cat","embeddable":true,"href":"https:\/\/aislayahorra.es\/tienda\/wp-json\/wp\/v2\/product_cat?post=816"},{"taxonomy":"product_tag","embeddable":true,"href":"https:\/\/aislayahorra.es\/tienda\/wp-json\/wp\/v2\/product_tag?post=816"}],"curies":[{"name":"wp","href":"https:\/\/api.w.org\/{rel}","templated":true}]}}