{"id":836,"date":"2021-01-21T10:31:06","date_gmt":"2021-01-21T08:31:06","guid":{"rendered":"https:\/\/test.aislayahorra.es\/tienda\/?post_type=product&#038;p=836"},"modified":"2025-10-12T13:00:13","modified_gmt":"2025-10-12T11:00:13","slug":"blower-door-standard","status":"publish","type":"product","link":"https:\/\/aislayahorra.es\/tienda\/shop\/blower-door-standard\/","title":{"rendered":"Paquete b\u00e1sico Blower Door Standard"},"content":{"rendered":"\t\t<div data-elementor-type=\"product-post\" data-elementor-id=\"836\" class=\"elementor elementor-836\" data-elementor-post-type=\"product\">\n\t\t\t\t\t\t<section class=\"elementor-section elementor-top-section elementor-element elementor-element-28a5d36 elementor-section-boxed elementor-section-height-default elementor-section-height-default\" data-id=\"28a5d36\" data-element_type=\"section\" data-e-type=\"section\">\n\t\t\t\t\t\t<div class=\"elementor-container elementor-column-gap-default\">\n\t\t\t\t\t<div class=\"elementor-column elementor-col-100 elementor-top-column elementor-element elementor-element-e489e04\" data-id=\"e489e04\" data-element_type=\"column\" data-e-type=\"column\">\n\t\t\t<div class=\"elementor-widget-wrap elementor-element-populated\">\n\t\t\t\t\t\t<div class=\"elementor-element elementor-element-efcc11a elementor-widget elementor-widget-text-editor\" data-id=\"efcc11a\" data-element_type=\"widget\" data-e-type=\"widget\" data-widget_type=\"text-editor.default\">\n\t\t\t\t<div class=\"elementor-widget-container\">\n\t\t\t\t\t\t\t\t\t<p><strong>Informaci\u00f3n de producto \u00abMinneapolis Blower Door Standard\u00bb<\/strong><\/p><p>El equipo mide un rango de 5-2300 m3\/h, es un equipo compacto Blower Door Standard, utilizado para edificios muy estancos o peque\u00f1os y pisos individuales. Para ensayar el sistema de ventilaci\u00f3n se puede combinar con el sistema FlowBlaster o Micro Leakage Meter.\u00a0<\/p><p><strong>Contenido del paquete:<\/strong>\u00a0Ventilador BlowerDoor con diafragmas 1-4 \/ medidor de presiones digital\u00a0 DG-1000 con su estuche y con malet\u00edn de accessorios incl. Cubierta de ventilador, panel BlowerDoor panel de montaje (estandar), controlador de velocidad del ventilador (220-240 V), gu\u00eda de referencia, software TECTITE Express 5.1, set de mangueras incl. pieza en T, tubo capilar, certificado de calibraci\u00f3n para medidor de presiones DG-1000 y el ventilador \/ marco de montaje BlowerDoor (tama\u00f1o estandard) incl. estuche\u00a0 \/ Garant\u00eda de 4-a\u00f1os para todo el equipo.<\/p><p>Todos los sistemas BlowerDoor llevan su certificado de calibraci\u00f3n.<\/p><p><strong>Opcional:<\/strong>\u00a0Calibraci\u00f3n con certificado DAkkS<\/p>\t\t\t\t\t\t\t\t<\/div>\n\t\t\t\t<\/div>\n\t\t\t\t<div class=\"elementor-element elementor-element-2e5b048 elementor-icon-list--layout-traditional elementor-list-item-link-full_width elementor-widget elementor-widget-icon-list\" data-id=\"2e5b048\" data-element_type=\"widget\" data-e-type=\"widget\" data-widget_type=\"icon-list.default\">\n\t\t\t\t<div class=\"elementor-widget-container\">\n\t\t\t\t\t\t\t<ul class=\"elementor-icon-list-items\">\n\t\t\t\t\t\t\t<li class=\"elementor-icon-list-item\">\n\t\t\t\t\t\t\t\t\t\t\t<a href=\"https:\/\/www.aislayahorra.es\/tienda\/wp-content\/uploads\/2021\/01\/18_12_BD-Std-MF_en_4seitig.pdf\" target=\"_blank\">\n\n\t\t\t\t\t\t\t\t\t\t\t\t<span class=\"elementor-icon-list-icon\">\n\t\t\t\t\t\t\t<i aria-hidden=\"true\" class=\"far fa-file-pdf\"><\/i>\t\t\t\t\t\t<\/span>\n\t\t\t\t\t\t\t\t\t\t<span class=\"elementor-icon-list-text\">Informaci\u00f3n Blower Door Standard<\/span>\n\t\t\t\t\t\t\t\t\t\t\t<\/a>\n\t\t\t\t\t\t\t\t\t<\/li>\n\t\t\t\t\t\t<\/ul>\n\t\t\t\t\t\t<\/div>\n\t\t\t\t<\/div>\n\t\t\t\t\t<\/div>\n\t\t<\/div>\n\t\t\t\t\t<\/div>\n\t\t<\/section>\n\t\t\t\t<section class=\"elementor-section elementor-top-section elementor-element elementor-element-2c5ff6c elementor-section-boxed elementor-section-height-default elementor-section-height-default\" data-id=\"2c5ff6c\" data-element_type=\"section\" data-e-type=\"section\">\n\t\t\t\t\t\t<div class=\"elementor-container elementor-column-gap-default\">\n\t\t\t\t\t<div class=\"elementor-column elementor-col-100 elementor-top-column elementor-element elementor-element-84ccefe\" data-id=\"84ccefe\" data-element_type=\"column\" data-e-type=\"column\">\n\t\t\t<div class=\"elementor-widget-wrap elementor-element-populated\">\n\t\t\t\t\t\t<div class=\"elementor-element elementor-element-15a0cb7 elementor-widget elementor-widget-video\" data-id=\"15a0cb7\" data-element_type=\"widget\" data-e-type=\"widget\" data-settings=\"{&quot;youtube_url&quot;:&quot;https:\\\/\\\/www.youtube.com\\\/watch?v=vUOEcIHu7Lo&quot;,&quot;video_type&quot;:&quot;youtube&quot;,&quot;controls&quot;:&quot;yes&quot;}\" data-widget_type=\"video.default\">\n\t\t\t\t<div class=\"elementor-widget-container\">\n\t\t\t\t\t\t\t<div class=\"elementor-wrapper elementor-open-inline\">\n\t\t\t<div class=\"elementor-video\"><\/div>\t\t<\/div>\n\t\t\t\t\t\t<\/div>\n\t\t\t\t<\/div>\n\t\t\t\t\t<\/div>\n\t\t<\/div>\n\t\t\t\t\t<\/div>\n\t\t<\/section>\n\t\t\t\t<\/div>\n\t\t","protected":false},"excerpt":{"rendered":"<p><strong>Informaci\u00f3n de producto \u00abMinneapolis Blower Door Standard\u00bb<\/strong><\/p>\n<p>El equipo mide un rango de 5-2300 m3\/h, es un equipo compacto Blower Door standard, utilizado para edificios muy estancos o peque\u00f1os y pisos individuales. Para ensayar el sistema de ventilaci\u00f3n se puede combinar con el sistema FlowBlaster o Micro Leakage Meter.<\/p>\n","protected":false},"featured_media":838,"comment_status":"open","ping_status":"closed","template":"","meta":[],"product_brand":[],"product_cat":[23],"product_tag":[],"class_list":{"0":"post-836","1":"product","2":"type-product","3":"status-publish","4":"has-post-thumbnail","6":"product_cat-blower-door","7":"product_shipping_class-producto-tipo-15","9":"first","10":"instock","11":"shipping-taxable","12":"purchasable","13":"product-type-simple"},"yoast_head":"<!-- This site is optimized with the Yoast SEO plugin v26.8 - https:\/\/yoast.com\/product\/yoast-seo-wordpress\/ -->\n<title>Paquete b\u00e1sico Blower Door Standard para la medici\u00f3n de estanqueidad<\/title>\n<meta name=\"description\" content=\"Con el Paquete b\u00e1sico Blower Door Standard se pueden realizar mediciones Blower Door en edificios para ensayar su estanqueidad al viento.\" \/>\n<meta name=\"robots\" content=\"index, follow, max-snippet:-1, max-image-preview:large, max-video-preview:-1\" \/>\n<link rel=\"canonical\" href=\"https:\/\/aislayahorra.es\/tienda\/shop\/blower-door-standard\/\" \/>\n<meta property=\"og:locale\" content=\"es_ES\" \/>\n<meta property=\"og:type\" content=\"article\" \/>\n<meta property=\"og:title\" content=\"Paquete b\u00e1sico Blower Door Standard para la medici\u00f3n de estanqueidad\" \/>\n<meta property=\"og:description\" content=\"Con el Paquete b\u00e1sico Blower Door Standard se pueden realizar mediciones Blower Door en edificios para ensayar su estanqueidad al viento.\" \/>\n<meta property=\"og:url\" content=\"https:\/\/aislayahorra.es\/tienda\/shop\/blower-door-standard\/\" \/>\n<meta property=\"article:modified_time\" content=\"2025-10-12T11:00:13+00:00\" \/>\n<meta property=\"og:image\" content=\"https:\/\/aislayahorra.es\/tienda\/wp-content\/uploads\/2021\/01\/17-blower-door-standard.jpg\" \/>\n\t<meta property=\"og:image:width\" content=\"1294\" \/>\n\t<meta property=\"og:image:height\" content=\"1294\" \/>\n\t<meta property=\"og:image:type\" content=\"image\/jpeg\" \/>\n<meta name=\"twitter:card\" content=\"summary_large_image\" \/>\n<meta name=\"twitter:label1\" content=\"Tiempo de lectura\" \/>\n\t<meta name=\"twitter:data1\" content=\"1 minuto\" \/>\n<script type=\"application\/ld+json\" class=\"yoast-schema-graph\">{\"@context\":\"https:\/\/schema.org\",\"@graph\":[{\"@type\":\"WebPage\",\"@id\":\"https:\/\/aislayahorra.es\/tienda\/shop\/blower-door-standard\/\",\"url\":\"https:\/\/aislayahorra.es\/tienda\/shop\/blower-door-standard\/\",\"name\":\"Paquete b\u00e1sico Blower Door Standard para la medici\u00f3n de estanqueidad\",\"isPartOf\":{\"@id\":\"https:\/\/aislayahorra.es\/tienda\/#website\"},\"primaryImageOfPage\":{\"@id\":\"https:\/\/aislayahorra.es\/tienda\/shop\/blower-door-standard\/#primaryimage\"},\"image\":{\"@id\":\"https:\/\/aislayahorra.es\/tienda\/shop\/blower-door-standard\/#primaryimage\"},\"thumbnailUrl\":\"https:\/\/aislayahorra.es\/tienda\/wp-content\/uploads\/2021\/01\/17-blower-door-standard.jpg\",\"datePublished\":\"2021-01-21T08:31:06+00:00\",\"dateModified\":\"2025-10-12T11:00:13+00:00\",\"description\":\"Con el Paquete b\u00e1sico Blower Door Standard se pueden realizar mediciones Blower Door en edificios para ensayar su estanqueidad al viento.\",\"breadcrumb\":{\"@id\":\"https:\/\/aislayahorra.es\/tienda\/shop\/blower-door-standard\/#breadcrumb\"},\"inLanguage\":\"es\",\"potentialAction\":[{\"@type\":\"ReadAction\",\"target\":[\"https:\/\/aislayahorra.es\/tienda\/shop\/blower-door-standard\/\"]}]},{\"@type\":\"ImageObject\",\"inLanguage\":\"es\",\"@id\":\"https:\/\/aislayahorra.es\/tienda\/shop\/blower-door-standard\/#primaryimage\",\"url\":\"https:\/\/aislayahorra.es\/tienda\/wp-content\/uploads\/2021\/01\/17-blower-door-standard.jpg\",\"contentUrl\":\"https:\/\/aislayahorra.es\/tienda\/wp-content\/uploads\/2021\/01\/17-blower-door-standard.jpg\",\"width\":1294,\"height\":1294,\"caption\":\"Blower Door Standard\"},{\"@type\":\"BreadcrumbList\",\"@id\":\"https:\/\/aislayahorra.es\/tienda\/shop\/blower-door-standard\/#breadcrumb\",\"itemListElement\":[{\"@type\":\"ListItem\",\"position\":1,\"name\":\"Portada\",\"item\":\"https:\/\/aislayahorra.es\/tienda\/\"},{\"@type\":\"ListItem\",\"position\":2,\"name\":\"Shop\",\"item\":\"https:\/\/aislayahorra.es\/tienda\/\"},{\"@type\":\"ListItem\",\"position\":3,\"name\":\"Paquete b\u00e1sico Blower Door Standard\"}]},{\"@type\":\"WebSite\",\"@id\":\"https:\/\/aislayahorra.es\/tienda\/#website\",\"url\":\"https:\/\/aislayahorra.es\/tienda\/\",\"name\":\"\",\"description\":\"\",\"potentialAction\":[{\"@type\":\"SearchAction\",\"target\":{\"@type\":\"EntryPoint\",\"urlTemplate\":\"https:\/\/aislayahorra.es\/tienda\/?s={search_term_string}\"},\"query-input\":{\"@type\":\"PropertyValueSpecification\",\"valueRequired\":true,\"valueName\":\"search_term_string\"}}],\"inLanguage\":\"es\"}]}<\/script>\n<!-- \/ Yoast SEO plugin. -->","yoast_head_json":{"title":"Paquete b\u00e1sico Blower Door Standard para la medici\u00f3n de estanqueidad","description":"Con el Paquete b\u00e1sico Blower Door Standard se pueden realizar mediciones Blower Door en edificios para ensayar su estanqueidad al viento.","robots":{"index":"index","follow":"follow","max-snippet":"max-snippet:-1","max-image-preview":"max-image-preview:large","max-video-preview":"max-video-preview:-1"},"canonical":"https:\/\/aislayahorra.es\/tienda\/shop\/blower-door-standard\/","og_locale":"es_ES","og_type":"article","og_title":"Paquete b\u00e1sico Blower Door Standard para la medici\u00f3n de estanqueidad","og_description":"Con el Paquete b\u00e1sico Blower Door Standard se pueden realizar mediciones Blower Door en edificios para ensayar su estanqueidad al viento.","og_url":"https:\/\/aislayahorra.es\/tienda\/shop\/blower-door-standard\/","article_modified_time":"2025-10-12T11:00:13+00:00","og_image":[{"width":1294,"height":1294,"url":"https:\/\/aislayahorra.es\/tienda\/wp-content\/uploads\/2021\/01\/17-blower-door-standard.jpg","type":"image\/jpeg"}],"twitter_card":"summary_large_image","twitter_misc":{"Tiempo de lectura":"1 minuto"},"schema":{"@context":"https:\/\/schema.org","@graph":[{"@type":"WebPage","@id":"https:\/\/aislayahorra.es\/tienda\/shop\/blower-door-standard\/","url":"https:\/\/aislayahorra.es\/tienda\/shop\/blower-door-standard\/","name":"Paquete b\u00e1sico Blower Door Standard para la medici\u00f3n de estanqueidad","isPartOf":{"@id":"https:\/\/aislayahorra.es\/tienda\/#website"},"primaryImageOfPage":{"@id":"https:\/\/aislayahorra.es\/tienda\/shop\/blower-door-standard\/#primaryimage"},"image":{"@id":"https:\/\/aislayahorra.es\/tienda\/shop\/blower-door-standard\/#primaryimage"},"thumbnailUrl":"https:\/\/aislayahorra.es\/tienda\/wp-content\/uploads\/2021\/01\/17-blower-door-standard.jpg","datePublished":"2021-01-21T08:31:06+00:00","dateModified":"2025-10-12T11:00:13+00:00","description":"Con el Paquete b\u00e1sico Blower Door Standard se pueden realizar mediciones Blower Door en edificios para ensayar su estanqueidad al viento.","breadcrumb":{"@id":"https:\/\/aislayahorra.es\/tienda\/shop\/blower-door-standard\/#breadcrumb"},"inLanguage":"es","potentialAction":[{"@type":"ReadAction","target":["https:\/\/aislayahorra.es\/tienda\/shop\/blower-door-standard\/"]}]},{"@type":"ImageObject","inLanguage":"es","@id":"https:\/\/aislayahorra.es\/tienda\/shop\/blower-door-standard\/#primaryimage","url":"https:\/\/aislayahorra.es\/tienda\/wp-content\/uploads\/2021\/01\/17-blower-door-standard.jpg","contentUrl":"https:\/\/aislayahorra.es\/tienda\/wp-content\/uploads\/2021\/01\/17-blower-door-standard.jpg","width":1294,"height":1294,"caption":"Blower Door Standard"},{"@type":"BreadcrumbList","@id":"https:\/\/aislayahorra.es\/tienda\/shop\/blower-door-standard\/#breadcrumb","itemListElement":[{"@type":"ListItem","position":1,"name":"Portada","item":"https:\/\/aislayahorra.es\/tienda\/"},{"@type":"ListItem","position":2,"name":"Shop","item":"https:\/\/aislayahorra.es\/tienda\/"},{"@type":"ListItem","position":3,"name":"Paquete b\u00e1sico Blower Door Standard"}]},{"@type":"WebSite","@id":"https:\/\/aislayahorra.es\/tienda\/#website","url":"https:\/\/aislayahorra.es\/tienda\/","name":"","description":"","potentialAction":[{"@type":"SearchAction","target":{"@type":"EntryPoint","urlTemplate":"https:\/\/aislayahorra.es\/tienda\/?s={search_term_string}"},"query-input":{"@type":"PropertyValueSpecification","valueRequired":true,"valueName":"search_term_string"}}],"inLanguage":"es"}]}},"_links":{"self":[{"href":"https:\/\/aislayahorra.es\/tienda\/wp-json\/wp\/v2\/product\/836","targetHints":{"allow":["GET"]}}],"collection":[{"href":"https:\/\/aislayahorra.es\/tienda\/wp-json\/wp\/v2\/product"}],"about":[{"href":"https:\/\/aislayahorra.es\/tienda\/wp-json\/wp\/v2\/types\/product"}],"replies":[{"embeddable":true,"href":"https:\/\/aislayahorra.es\/tienda\/wp-json\/wp\/v2\/comments?post=836"}],"version-history":[{"count":1,"href":"https:\/\/aislayahorra.es\/tienda\/wp-json\/wp\/v2\/product\/836\/revisions"}],"predecessor-version":[{"id":1972,"href":"https:\/\/aislayahorra.es\/tienda\/wp-json\/wp\/v2\/product\/836\/revisions\/1972"}],"wp:featuredmedia":[{"embeddable":true,"href":"https:\/\/aislayahorra.es\/tienda\/wp-json\/wp\/v2\/media\/838"}],"wp:attachment":[{"href":"https:\/\/aislayahorra.es\/tienda\/wp-json\/wp\/v2\/media?parent=836"}],"wp:term":[{"taxonomy":"product_brand","embeddable":true,"href":"https:\/\/aislayahorra.es\/tienda\/wp-json\/wp\/v2\/product_brand?post=836"},{"taxonomy":"product_cat","embeddable":true,"href":"https:\/\/aislayahorra.es\/tienda\/wp-json\/wp\/v2\/product_cat?post=836"},{"taxonomy":"product_tag","embeddable":true,"href":"https:\/\/aislayahorra.es\/tienda\/wp-json\/wp\/v2\/product_tag?post=836"}],"curies":[{"name":"wp","href":"https:\/\/api.w.org\/{rel}","templated":true}]}}