{"id":853,"date":"2021-01-21T10:54:52","date_gmt":"2021-01-21T08:54:52","guid":{"rendered":"https:\/\/test.aislayahorra.es\/tienda\/?post_type=product&#038;p=853"},"modified":"2024-05-20T13:02:41","modified_gmt":"2024-05-20T11:02:41","slug":"imprimacion-para-superficies-rugosas-uni-spruhprimer","status":"publish","type":"product","link":"https:\/\/aislayahorra.es\/tienda\/shop\/imprimacion-para-superficies-rugosas-uni-spruhprimer\/","title":{"rendered":"IMPRIMACI\u00d3N PARA SUPERFICIES RUGOSAS UNI SPR\u00dcHPRIMER"},"content":{"rendered":"\t\t<div data-elementor-type=\"product-post\" data-elementor-id=\"853\" class=\"elementor elementor-853\" data-elementor-post-type=\"product\">\n\t\t\t\t\t\t<section class=\"elementor-section elementor-top-section elementor-element elementor-element-28a5d36 elementor-section-boxed elementor-section-height-default elementor-section-height-default\" data-id=\"28a5d36\" data-element_type=\"section\" data-e-type=\"section\">\n\t\t\t\t\t\t<div class=\"elementor-container elementor-column-gap-default\">\n\t\t\t\t\t<div class=\"elementor-column elementor-col-100 elementor-top-column elementor-element elementor-element-e489e04\" data-id=\"e489e04\" data-element_type=\"column\" data-e-type=\"column\">\n\t\t\t<div class=\"elementor-widget-wrap elementor-element-populated\">\n\t\t\t\t\t\t<div class=\"elementor-element elementor-element-efcc11a elementor-widget elementor-widget-text-editor\" data-id=\"efcc11a\" data-element_type=\"widget\" data-e-type=\"widget\" data-widget_type=\"text-editor.default\">\n\t\t\t\t<div class=\"elementor-widget-container\">\n\t\t\t\t\t\t\t\t\t<p><strong>DESCRIPCION DEL PRODUCTO<\/strong><strong>\u00a0<\/strong><\/p><p>Para el sellado sencillo, permanente de penetraciones tales como paso de tubos e instalaciones en paredes, chimeneas, tubos de ventilaci\u00f3n o conductos el\u00e9ctricos. Ideal para sellado de tama\u00f1os irregulares, puede adaptarse a cualquier tama\u00f1o. Expansible en un 300 %, espesor 2 mm. Temperatura de trabajo desde +5\u00b0 C<strong>\u00a0<\/strong><\/p><p><strong>DETALLE DEL PRODUCTO<\/strong><strong>\u00a0<\/strong><\/p><ul><li><strong>Ancho del rollo<\/strong>: 50 mm | 80 mm | 100 mm<\/li><li><strong>Longitud del rollo:<\/strong> 10 m<\/li><li><strong>Contenido del cart\u00f3n<\/strong>: 50 mm &#8211; 6 rollos | 80 mm, 100 mm\u00a0 &#8211; 4 rollos<\/li><\/ul>\t\t\t\t\t\t\t\t<\/div>\n\t\t\t\t<\/div>\n\t\t\t\t<div class=\"elementor-element elementor-element-2e5b048 elementor-icon-list--layout-traditional elementor-list-item-link-full_width elementor-widget elementor-widget-icon-list\" data-id=\"2e5b048\" data-element_type=\"widget\" data-e-type=\"widget\" data-widget_type=\"icon-list.default\">\n\t\t\t\t<div class=\"elementor-widget-container\">\n\t\t\t\t\t\t\t<ul class=\"elementor-icon-list-items\">\n\t\t\t\t\t\t\t<li class=\"elementor-icon-list-item\">\n\t\t\t\t\t\t\t\t\t\t\t<a href=\"https:\/\/www.aislayahorra.es\/tienda\/wp-content\/uploads\/2021\/01\/Product-data-sheet_UNI-Spray-primer_EN.pdf\" target=\"_blank\">\n\n\t\t\t\t\t\t\t\t\t\t\t\t<span class=\"elementor-icon-list-icon\">\n\t\t\t\t\t\t\t<i aria-hidden=\"true\" class=\"far fa-file-pdf\"><\/i>\t\t\t\t\t\t<\/span>\n\t\t\t\t\t\t\t\t\t\t<span class=\"elementor-icon-list-text\">Informaci\u00f3n del producto<\/span>\n\t\t\t\t\t\t\t\t\t\t\t<\/a>\n\t\t\t\t\t\t\t\t\t<\/li>\n\t\t\t\t\t\t<\/ul>\n\t\t\t\t\t\t<\/div>\n\t\t\t\t<\/div>\n\t\t\t\t\t<\/div>\n\t\t<\/div>\n\t\t\t\t\t<\/div>\n\t\t<\/section>\n\t\t\t\t<section class=\"elementor-section elementor-top-section elementor-element elementor-element-d960dd5 elementor-section-boxed elementor-section-height-default elementor-section-height-default\" data-id=\"d960dd5\" data-element_type=\"section\" data-e-type=\"section\">\n\t\t\t\t\t\t<div class=\"elementor-container elementor-column-gap-default\">\n\t\t\t\t\t<div class=\"elementor-column elementor-col-100 elementor-top-column elementor-element elementor-element-6b1c015\" data-id=\"6b1c015\" data-element_type=\"column\" data-e-type=\"column\">\n\t\t\t<div class=\"elementor-widget-wrap elementor-element-populated\">\n\t\t\t\t\t\t<div class=\"elementor-element elementor-element-65dfa3a elementor-widget elementor-widget-video\" data-id=\"65dfa3a\" data-element_type=\"widget\" data-e-type=\"widget\" data-settings=\"{&quot;youtube_url&quot;:&quot;https:\\\/\\\/www.youtube.com\\\/watch?v=xaP4wYCZME8&amp;list=PLLoOIX0G-x9hUnbDLUT7-1VdbpifNvA95&amp;index=11&quot;,&quot;video_type&quot;:&quot;youtube&quot;,&quot;controls&quot;:&quot;yes&quot;}\" data-widget_type=\"video.default\">\n\t\t\t\t<div class=\"elementor-widget-container\">\n\t\t\t\t\t\t\t<div class=\"elementor-wrapper elementor-open-inline\">\n\t\t\t<div class=\"elementor-video\"><\/div>\t\t<\/div>\n\t\t\t\t\t\t<\/div>\n\t\t\t\t<\/div>\n\t\t\t\t\t<\/div>\n\t\t<\/div>\n\t\t\t\t\t<\/div>\n\t\t<\/section>\n\t\t\t\t<\/div>\n\t\t","protected":false},"excerpt":{"rendered":"<p><strong>DESCRIPCION DEL PRODUCTO <\/strong><\/p>\n<p>Para optimizar la adhesi\u00f3n de Cintas. Es especialmente r\u00e1pido. Contenido:\u00a0 Aprox. 50 m con un ancho de 4 cm, temperatura desde -5\u00b0C<\/p>\n<p><strong>DETALLES DEL PRODUCTO<\/strong><\/p>\n<ul>\n<li><strong>Contenido<\/strong>: 500 ml Spray (12 Sprays\/cart\u00f3n)<\/li>\n<\/ul>\n","protected":false},"featured_media":854,"comment_status":"open","ping_status":"closed","template":"","meta":[],"product_brand":[],"product_cat":[24],"product_tag":[],"class_list":{"0":"post-853","1":"product","2":"type-product","3":"status-publish","4":"has-post-thumbnail","6":"product_cat-estanqueidad","7":"product_shipping_class-uni-spruhprimer-imprimacion","9":"first","10":"instock","11":"shipping-taxable","12":"purchasable","13":"product-type-simple"},"yoast_head":"<!-- This site is optimized with the Yoast SEO plugin v26.8 - https:\/\/yoast.com\/product\/yoast-seo-wordpress\/ -->\n<title>IMPRIMACI\u00d3N PARA SUPERFICIES RUGOSAS UNI SPR\u00dcHPRIMER .<\/title>\n<meta name=\"description\" content=\"Con la imprimaci\u00f3n para superficies rugosas UNI SPR\u00dcHPRIMER, se preparan superficies de hormig\u00f3n y ladrillo para el pegado de frenos de vapor\" \/>\n<meta name=\"robots\" content=\"index, follow, max-snippet:-1, max-image-preview:large, max-video-preview:-1\" \/>\n<link rel=\"canonical\" href=\"https:\/\/aislayahorra.es\/tienda\/shop\/imprimacion-para-superficies-rugosas-uni-spruhprimer\/\" \/>\n<meta property=\"og:locale\" content=\"es_ES\" \/>\n<meta property=\"og:type\" content=\"article\" \/>\n<meta property=\"og:title\" content=\"IMPRIMACI\u00d3N PARA SUPERFICIES RUGOSAS UNI SPR\u00dcHPRIMER .\" \/>\n<meta property=\"og:description\" content=\"Con la imprimaci\u00f3n para superficies rugosas UNI SPR\u00dcHPRIMER, se preparan superficies de hormig\u00f3n y ladrillo para el pegado de frenos de vapor\" \/>\n<meta property=\"og:url\" content=\"https:\/\/aislayahorra.es\/tienda\/shop\/imprimacion-para-superficies-rugosas-uni-spruhprimer\/\" \/>\n<meta property=\"article:modified_time\" content=\"2024-05-20T11:02:41+00:00\" \/>\n<meta property=\"og:image\" content=\"https:\/\/aislayahorra.es\/tienda\/wp-content\/uploads\/2021\/01\/15-uni-spruhprimer-imprimacion.jpg\" \/>\n\t<meta property=\"og:image:width\" content=\"1294\" \/>\n\t<meta property=\"og:image:height\" content=\"1294\" \/>\n\t<meta property=\"og:image:type\" content=\"image\/jpeg\" \/>\n<meta name=\"twitter:card\" content=\"summary_large_image\" \/>\n<script type=\"application\/ld+json\" class=\"yoast-schema-graph\">{\"@context\":\"https:\/\/schema.org\",\"@graph\":[{\"@type\":\"WebPage\",\"@id\":\"https:\/\/aislayahorra.es\/tienda\/shop\/imprimacion-para-superficies-rugosas-uni-spruhprimer\/\",\"url\":\"https:\/\/aislayahorra.es\/tienda\/shop\/imprimacion-para-superficies-rugosas-uni-spruhprimer\/\",\"name\":\"IMPRIMACI\u00d3N PARA SUPERFICIES RUGOSAS UNI SPR\u00dcHPRIMER .\",\"isPartOf\":{\"@id\":\"https:\/\/aislayahorra.es\/tienda\/#website\"},\"primaryImageOfPage\":{\"@id\":\"https:\/\/aislayahorra.es\/tienda\/shop\/imprimacion-para-superficies-rugosas-uni-spruhprimer\/#primaryimage\"},\"image\":{\"@id\":\"https:\/\/aislayahorra.es\/tienda\/shop\/imprimacion-para-superficies-rugosas-uni-spruhprimer\/#primaryimage\"},\"thumbnailUrl\":\"https:\/\/aislayahorra.es\/tienda\/wp-content\/uploads\/2021\/01\/15-uni-spruhprimer-imprimacion.jpg\",\"datePublished\":\"2021-01-21T08:54:52+00:00\",\"dateModified\":\"2024-05-20T11:02:41+00:00\",\"description\":\"Con la imprimaci\u00f3n para superficies rugosas UNI SPR\u00dcHPRIMER, se preparan superficies de hormig\u00f3n y ladrillo para el pegado de frenos de vapor\",\"breadcrumb\":{\"@id\":\"https:\/\/aislayahorra.es\/tienda\/shop\/imprimacion-para-superficies-rugosas-uni-spruhprimer\/#breadcrumb\"},\"inLanguage\":\"es\",\"potentialAction\":[{\"@type\":\"ReadAction\",\"target\":[\"https:\/\/aislayahorra.es\/tienda\/shop\/imprimacion-para-superficies-rugosas-uni-spruhprimer\/\"]}]},{\"@type\":\"ImageObject\",\"inLanguage\":\"es\",\"@id\":\"https:\/\/aislayahorra.es\/tienda\/shop\/imprimacion-para-superficies-rugosas-uni-spruhprimer\/#primaryimage\",\"url\":\"https:\/\/aislayahorra.es\/tienda\/wp-content\/uploads\/2021\/01\/15-uni-spruhprimer-imprimacion.jpg\",\"contentUrl\":\"https:\/\/aislayahorra.es\/tienda\/wp-content\/uploads\/2021\/01\/15-uni-spruhprimer-imprimacion.jpg\",\"width\":1294,\"height\":1294,\"caption\":\"Imprimaci\u00f3n para superficies rugosas UNI SPR\u00dcHPRIMER\"},{\"@type\":\"BreadcrumbList\",\"@id\":\"https:\/\/aislayahorra.es\/tienda\/shop\/imprimacion-para-superficies-rugosas-uni-spruhprimer\/#breadcrumb\",\"itemListElement\":[{\"@type\":\"ListItem\",\"position\":1,\"name\":\"Portada\",\"item\":\"https:\/\/aislayahorra.es\/tienda\/\"},{\"@type\":\"ListItem\",\"position\":2,\"name\":\"Shop\",\"item\":\"https:\/\/aislayahorra.es\/tienda\/\"},{\"@type\":\"ListItem\",\"position\":3,\"name\":\"IMPRIMACI\u00d3N PARA SUPERFICIES RUGOSAS UNI SPR\u00dcHPRIMER\"}]},{\"@type\":\"WebSite\",\"@id\":\"https:\/\/aislayahorra.es\/tienda\/#website\",\"url\":\"https:\/\/aislayahorra.es\/tienda\/\",\"name\":\"\",\"description\":\"\",\"potentialAction\":[{\"@type\":\"SearchAction\",\"target\":{\"@type\":\"EntryPoint\",\"urlTemplate\":\"https:\/\/aislayahorra.es\/tienda\/?s={search_term_string}\"},\"query-input\":{\"@type\":\"PropertyValueSpecification\",\"valueRequired\":true,\"valueName\":\"search_term_string\"}}],\"inLanguage\":\"es\"}]}<\/script>\n<!-- \/ Yoast SEO plugin. -->","yoast_head_json":{"title":"IMPRIMACI\u00d3N PARA SUPERFICIES RUGOSAS UNI SPR\u00dcHPRIMER .","description":"Con la imprimaci\u00f3n para superficies rugosas UNI SPR\u00dcHPRIMER, se preparan superficies de hormig\u00f3n y ladrillo para el pegado de frenos de vapor","robots":{"index":"index","follow":"follow","max-snippet":"max-snippet:-1","max-image-preview":"max-image-preview:large","max-video-preview":"max-video-preview:-1"},"canonical":"https:\/\/aislayahorra.es\/tienda\/shop\/imprimacion-para-superficies-rugosas-uni-spruhprimer\/","og_locale":"es_ES","og_type":"article","og_title":"IMPRIMACI\u00d3N PARA SUPERFICIES RUGOSAS UNI SPR\u00dcHPRIMER .","og_description":"Con la imprimaci\u00f3n para superficies rugosas UNI SPR\u00dcHPRIMER, se preparan superficies de hormig\u00f3n y ladrillo para el pegado de frenos de vapor","og_url":"https:\/\/aislayahorra.es\/tienda\/shop\/imprimacion-para-superficies-rugosas-uni-spruhprimer\/","article_modified_time":"2024-05-20T11:02:41+00:00","og_image":[{"width":1294,"height":1294,"url":"https:\/\/aislayahorra.es\/tienda\/wp-content\/uploads\/2021\/01\/15-uni-spruhprimer-imprimacion.jpg","type":"image\/jpeg"}],"twitter_card":"summary_large_image","schema":{"@context":"https:\/\/schema.org","@graph":[{"@type":"WebPage","@id":"https:\/\/aislayahorra.es\/tienda\/shop\/imprimacion-para-superficies-rugosas-uni-spruhprimer\/","url":"https:\/\/aislayahorra.es\/tienda\/shop\/imprimacion-para-superficies-rugosas-uni-spruhprimer\/","name":"IMPRIMACI\u00d3N PARA SUPERFICIES RUGOSAS UNI SPR\u00dcHPRIMER .","isPartOf":{"@id":"https:\/\/aislayahorra.es\/tienda\/#website"},"primaryImageOfPage":{"@id":"https:\/\/aislayahorra.es\/tienda\/shop\/imprimacion-para-superficies-rugosas-uni-spruhprimer\/#primaryimage"},"image":{"@id":"https:\/\/aislayahorra.es\/tienda\/shop\/imprimacion-para-superficies-rugosas-uni-spruhprimer\/#primaryimage"},"thumbnailUrl":"https:\/\/aislayahorra.es\/tienda\/wp-content\/uploads\/2021\/01\/15-uni-spruhprimer-imprimacion.jpg","datePublished":"2021-01-21T08:54:52+00:00","dateModified":"2024-05-20T11:02:41+00:00","description":"Con la imprimaci\u00f3n para superficies rugosas UNI SPR\u00dcHPRIMER, se preparan superficies de hormig\u00f3n y ladrillo para el pegado de frenos de vapor","breadcrumb":{"@id":"https:\/\/aislayahorra.es\/tienda\/shop\/imprimacion-para-superficies-rugosas-uni-spruhprimer\/#breadcrumb"},"inLanguage":"es","potentialAction":[{"@type":"ReadAction","target":["https:\/\/aislayahorra.es\/tienda\/shop\/imprimacion-para-superficies-rugosas-uni-spruhprimer\/"]}]},{"@type":"ImageObject","inLanguage":"es","@id":"https:\/\/aislayahorra.es\/tienda\/shop\/imprimacion-para-superficies-rugosas-uni-spruhprimer\/#primaryimage","url":"https:\/\/aislayahorra.es\/tienda\/wp-content\/uploads\/2021\/01\/15-uni-spruhprimer-imprimacion.jpg","contentUrl":"https:\/\/aislayahorra.es\/tienda\/wp-content\/uploads\/2021\/01\/15-uni-spruhprimer-imprimacion.jpg","width":1294,"height":1294,"caption":"Imprimaci\u00f3n para superficies rugosas UNI SPR\u00dcHPRIMER"},{"@type":"BreadcrumbList","@id":"https:\/\/aislayahorra.es\/tienda\/shop\/imprimacion-para-superficies-rugosas-uni-spruhprimer\/#breadcrumb","itemListElement":[{"@type":"ListItem","position":1,"name":"Portada","item":"https:\/\/aislayahorra.es\/tienda\/"},{"@type":"ListItem","position":2,"name":"Shop","item":"https:\/\/aislayahorra.es\/tienda\/"},{"@type":"ListItem","position":3,"name":"IMPRIMACI\u00d3N PARA SUPERFICIES RUGOSAS UNI SPR\u00dcHPRIMER"}]},{"@type":"WebSite","@id":"https:\/\/aislayahorra.es\/tienda\/#website","url":"https:\/\/aislayahorra.es\/tienda\/","name":"","description":"","potentialAction":[{"@type":"SearchAction","target":{"@type":"EntryPoint","urlTemplate":"https:\/\/aislayahorra.es\/tienda\/?s={search_term_string}"},"query-input":{"@type":"PropertyValueSpecification","valueRequired":true,"valueName":"search_term_string"}}],"inLanguage":"es"}]}},"_links":{"self":[{"href":"https:\/\/aislayahorra.es\/tienda\/wp-json\/wp\/v2\/product\/853","targetHints":{"allow":["GET"]}}],"collection":[{"href":"https:\/\/aislayahorra.es\/tienda\/wp-json\/wp\/v2\/product"}],"about":[{"href":"https:\/\/aislayahorra.es\/tienda\/wp-json\/wp\/v2\/types\/product"}],"replies":[{"embeddable":true,"href":"https:\/\/aislayahorra.es\/tienda\/wp-json\/wp\/v2\/comments?post=853"}],"version-history":[{"count":1,"href":"https:\/\/aislayahorra.es\/tienda\/wp-json\/wp\/v2\/product\/853\/revisions"}],"predecessor-version":[{"id":2123,"href":"https:\/\/aislayahorra.es\/tienda\/wp-json\/wp\/v2\/product\/853\/revisions\/2123"}],"wp:featuredmedia":[{"embeddable":true,"href":"https:\/\/aislayahorra.es\/tienda\/wp-json\/wp\/v2\/media\/854"}],"wp:attachment":[{"href":"https:\/\/aislayahorra.es\/tienda\/wp-json\/wp\/v2\/media?parent=853"}],"wp:term":[{"taxonomy":"product_brand","embeddable":true,"href":"https:\/\/aislayahorra.es\/tienda\/wp-json\/wp\/v2\/product_brand?post=853"},{"taxonomy":"product_cat","embeddable":true,"href":"https:\/\/aislayahorra.es\/tienda\/wp-json\/wp\/v2\/product_cat?post=853"},{"taxonomy":"product_tag","embeddable":true,"href":"https:\/\/aislayahorra.es\/tienda\/wp-json\/wp\/v2\/product_tag?post=853"}],"curies":[{"name":"wp","href":"https:\/\/api.w.org\/{rel}","templated":true}]}}