{"id":884,"date":"2021-01-21T11:23:54","date_gmt":"2021-01-21T09:23:54","guid":{"rendered":"https:\/\/test.aislayahorra.es\/tienda\/?post_type=product&#038;p=884"},"modified":"2025-10-12T12:46:10","modified_gmt":"2025-10-12T10:46:10","slug":"omega-sub-sk-duo-radon","status":"publish","type":"product","link":"https:\/\/aislayahorra.es\/tienda\/shop\/omega-sub-sk-duo-radon\/","title":{"rendered":"L\u00e1mina OMEGA BASE TOP sk duo para parar el gas rad\u00f3n"},"content":{"rendered":"\t\t<div data-elementor-type=\"product-post\" data-elementor-id=\"884\" class=\"elementor elementor-884\" data-elementor-post-type=\"product\">\n\t\t\t\t\t\t<section class=\"elementor-section elementor-top-section elementor-element elementor-element-28a5d36 elementor-section-boxed elementor-section-height-default elementor-section-height-default\" data-id=\"28a5d36\" data-element_type=\"section\" data-e-type=\"section\">\n\t\t\t\t\t\t<div class=\"elementor-container elementor-column-gap-default\">\n\t\t\t\t\t<div class=\"elementor-column elementor-col-100 elementor-top-column elementor-element elementor-element-e489e04\" data-id=\"e489e04\" data-element_type=\"column\" data-e-type=\"column\">\n\t\t\t<div class=\"elementor-widget-wrap elementor-element-populated\">\n\t\t\t\t\t\t<div class=\"elementor-element elementor-element-efcc11a elementor-widget elementor-widget-text-editor\" data-id=\"efcc11a\" data-element_type=\"widget\" data-e-type=\"widget\" data-widget_type=\"text-editor.default\">\n\t\t\t\t<div class=\"elementor-widget-container\">\n\t\t\t\t\t\t\t\t\t<p><strong>DESCRIPCION DEL PRODUCTO<\/strong><\/p><p>Se trata de una barrera de vapor impermeable y barrera de rad\u00f3n. La l\u00e1mina compuesta de varias capas tiene una l\u00e1mina de aluminio resistente a la corrosi\u00f3n con lanas de refuerzo de PPE en ambos lados. Esta l\u00e1mina fue desarrollada especialmente como l\u00e1mina estanca a la humedad ascendente de acuerdo con la normativa UNE 8195-4 o en plantas intermedias como barrera de vapor en aquellas partes especialmente sometidas a un alto grado de esfuerzo en t\u00e9rminos de f\u00edsica de la construcci\u00f3n El adhesivo en ambos lados permite un sellado r\u00e1pido, limpio duradero durante la colocaci\u00f3n. Para pegarlo se recomienda usar la cinta Plasto Omega Tape (5 unidades\/ 100 m2) previa imprimaci\u00f3n de superficie con Uni Spray Primer (5 latas\/100m2) .<\/p><p><strong>DETALLES DEL PRODUCTO <\/strong><\/p><ul><li><strong>Dimensiones del rollo:\u00a0<\/strong>1,50 m x 25 m<\/li><li><strong>Peso:<\/strong>\u00a0aprox. 200g\/m\u00b2<\/li><li><strong>Valor sd:\u00a0<\/strong>&gt; 1500 m<\/li><li><strong>Resistencia a la temperatura:<\/strong>\u00a0&#8211; 30\u00b0 &#8211; + 80\u00b0C<\/li><\/ul>\t\t\t\t\t\t\t\t<\/div>\n\t\t\t\t<\/div>\n\t\t\t\t<div class=\"elementor-element elementor-element-2e5b048 elementor-icon-list--layout-traditional elementor-list-item-link-full_width elementor-widget elementor-widget-icon-list\" data-id=\"2e5b048\" data-element_type=\"widget\" data-e-type=\"widget\" data-widget_type=\"icon-list.default\">\n\t\t\t\t<div class=\"elementor-widget-container\">\n\t\t\t\t\t\t\t<ul class=\"elementor-icon-list-items\">\n\t\t\t\t\t\t\t<li class=\"elementor-icon-list-item\">\n\t\t\t\t\t\t\t\t\t\t\t<a href=\"https:\/\/www.aislayahorra.es\/tienda\/wp-content\/uploads\/2024\/05\/PDBL_MA_OMEGA_BASETOP_ESTRICHBAHN_EN.pdf\" target=\"_blank\">\n\n\t\t\t\t\t\t\t\t\t\t\t\t<span class=\"elementor-icon-list-icon\">\n\t\t\t\t\t\t\t<i aria-hidden=\"true\" class=\"far fa-file-pdf\"><\/i>\t\t\t\t\t\t<\/span>\n\t\t\t\t\t\t\t\t\t\t<span class=\"elementor-icon-list-text\">Informaci\u00f3n del producto<\/span>\n\t\t\t\t\t\t\t\t\t\t\t<\/a>\n\t\t\t\t\t\t\t\t\t<\/li>\n\t\t\t\t\t\t\t\t<li class=\"elementor-icon-list-item\">\n\t\t\t\t\t\t\t\t\t\t\t<a href=\"https:\/\/aislayahorra.es\/tienda\/wp-content\/uploads\/2024\/05\/PDBL_MA_OMEGA_BASETOP_ESTRICHBAHN_EN.pdf\">\n\n\t\t\t\t\t\t\t\t\t\t\t<span class=\"elementor-icon-list-text\"><\/span>\n\t\t\t\t\t\t\t\t\t\t\t<\/a>\n\t\t\t\t\t\t\t\t\t<\/li>\n\t\t\t\t\t\t<\/ul>\n\t\t\t\t\t\t<\/div>\n\t\t\t\t<\/div>\n\t\t\t\t\t<\/div>\n\t\t<\/div>\n\t\t\t\t\t<\/div>\n\t\t<\/section>\n\t\t\t\t<\/div>\n\t\t","protected":false},"excerpt":{"rendered":"<p><strong>DESCRIPCION DEL PRODUCTO <\/strong><\/p>\n<p>Se trata de una barrera de vapor impermeable y barrera de rad\u00f3n. La l\u00e1mina compuesta de varias capas tiene una l\u00e1mina de aluminio resistente a la corrosi\u00f3n con lanas de refuerzo en ambos lados. Esta l\u00e1mina fue desarrollada especialmente como l\u00e1mina estanca a la humedad ascendente de acuerdo con la normativa UNE 8195-4 o en plantas intermedias como barrera de vapor en aquellas partes especialmente sometidas a un alto grado de esfuerzo en t\u00e9rminos de f\u00edsica de la construcci\u00f3n El adhesivo en ambos lados permite un sellado r\u00e1pido, limpio duradero durante la colocaci\u00f3n.<\/p>\n<p><strong>DETALLES DEL PRODUCTO <\/strong><\/p>\n<ul>\n<li><strong>Dimensiones del rollo:\u00a0<\/strong>1,50 m x 25 m<\/li>\n<li><strong>Peso:<\/strong>\u00a0aprox. 200g\/m\u00b2<\/li>\n<li><strong>Valor sd:\u00a0<\/strong>&gt; 1500 m<\/li>\n<li><strong>Resistencia a la temperatura:<\/strong>\u00a0&#8211; 30\u00b0 &#8211; + 80\u00b0C<\/li>\n<\/ul>\n","protected":false},"featured_media":2352,"comment_status":"open","ping_status":"closed","template":"","meta":[],"product_brand":[],"product_cat":[24],"product_tag":[],"class_list":{"0":"post-884","1":"product","2":"type-product","3":"status-publish","4":"has-post-thumbnail","6":"product_cat-estanqueidad","7":"product_shipping_class-producto-tipo-3","9":"first","10":"instock","11":"shipping-taxable","12":"purchasable","13":"product-type-simple"},"yoast_head":"<!-- This site is optimized with the Yoast SEO plugin v26.8 - https:\/\/yoast.com\/product\/yoast-seo-wordpress\/ -->\n<title>L\u00e1mina OMEGA BASE TOP sk duo para parar el gas rad\u00f3n - No mas rad\u00f3n<\/title>\n<meta name=\"description\" content=\"Usando la l\u00e1mina OMEGA sk duo para parar el gas rad\u00f3n, podremos dificultar el paso de este gas en los s\u00f3tanos. Colocar debajo de la solera.\" \/>\n<meta name=\"robots\" content=\"index, follow, max-snippet:-1, max-image-preview:large, max-video-preview:-1\" \/>\n<link rel=\"canonical\" href=\"https:\/\/aislayahorra.es\/tienda\/shop\/omega-sub-sk-duo-radon\/\" \/>\n<meta property=\"og:locale\" content=\"es_ES\" \/>\n<meta property=\"og:type\" content=\"article\" \/>\n<meta property=\"og:title\" content=\"L\u00e1mina OMEGA BASE TOP sk duo para parar el gas rad\u00f3n - No mas rad\u00f3n\" \/>\n<meta property=\"og:description\" content=\"Usando la l\u00e1mina OMEGA sk duo para parar el gas rad\u00f3n, podremos dificultar el paso de este gas en los s\u00f3tanos. Colocar debajo de la solera.\" \/>\n<meta property=\"og:url\" content=\"https:\/\/aislayahorra.es\/tienda\/shop\/omega-sub-sk-duo-radon\/\" \/>\n<meta property=\"article:modified_time\" content=\"2025-10-12T10:46:10+00:00\" \/>\n<meta property=\"og:image\" content=\"https:\/\/aislayahorra.es\/tienda\/wp-content\/uploads\/2021\/01\/header_basetop_74e5734d-8096-49f2-ac54-bb7dd9df3dfa.jpg\" \/>\n\t<meta property=\"og:image:width\" content=\"849\" \/>\n\t<meta property=\"og:image:height\" content=\"296\" \/>\n\t<meta property=\"og:image:type\" content=\"image\/jpeg\" \/>\n<meta name=\"twitter:card\" content=\"summary_large_image\" \/>\n<meta name=\"twitter:label1\" content=\"Tiempo de lectura\" \/>\n\t<meta name=\"twitter:data1\" content=\"1 minuto\" \/>\n<script type=\"application\/ld+json\" class=\"yoast-schema-graph\">{\"@context\":\"https:\/\/schema.org\",\"@graph\":[{\"@type\":\"WebPage\",\"@id\":\"https:\/\/aislayahorra.es\/tienda\/shop\/omega-sub-sk-duo-radon\/\",\"url\":\"https:\/\/aislayahorra.es\/tienda\/shop\/omega-sub-sk-duo-radon\/\",\"name\":\"L\u00e1mina OMEGA BASE TOP sk duo para parar el gas rad\u00f3n - No mas rad\u00f3n\",\"isPartOf\":{\"@id\":\"https:\/\/aislayahorra.es\/tienda\/#website\"},\"primaryImageOfPage\":{\"@id\":\"https:\/\/aislayahorra.es\/tienda\/shop\/omega-sub-sk-duo-radon\/#primaryimage\"},\"image\":{\"@id\":\"https:\/\/aislayahorra.es\/tienda\/shop\/omega-sub-sk-duo-radon\/#primaryimage\"},\"thumbnailUrl\":\"https:\/\/aislayahorra.es\/tienda\/wp-content\/uploads\/2021\/01\/header_basetop_74e5734d-8096-49f2-ac54-bb7dd9df3dfa.jpg\",\"datePublished\":\"2021-01-21T09:23:54+00:00\",\"dateModified\":\"2025-10-12T10:46:10+00:00\",\"description\":\"Usando la l\u00e1mina OMEGA sk duo para parar el gas rad\u00f3n, podremos dificultar el paso de este gas en los s\u00f3tanos. Colocar debajo de la solera.\",\"breadcrumb\":{\"@id\":\"https:\/\/aislayahorra.es\/tienda\/shop\/omega-sub-sk-duo-radon\/#breadcrumb\"},\"inLanguage\":\"es\",\"potentialAction\":[{\"@type\":\"ReadAction\",\"target\":[\"https:\/\/aislayahorra.es\/tienda\/shop\/omega-sub-sk-duo-radon\/\"]}]},{\"@type\":\"ImageObject\",\"inLanguage\":\"es\",\"@id\":\"https:\/\/aislayahorra.es\/tienda\/shop\/omega-sub-sk-duo-radon\/#primaryimage\",\"url\":\"https:\/\/aislayahorra.es\/tienda\/wp-content\/uploads\/2021\/01\/header_basetop_74e5734d-8096-49f2-ac54-bb7dd9df3dfa.jpg\",\"contentUrl\":\"https:\/\/aislayahorra.es\/tienda\/wp-content\/uploads\/2021\/01\/header_basetop_74e5734d-8096-49f2-ac54-bb7dd9df3dfa.jpg\",\"width\":849,\"height\":296,\"caption\":\"Omega Base top SK DUO Anti rad\u00f3n\"},{\"@type\":\"BreadcrumbList\",\"@id\":\"https:\/\/aislayahorra.es\/tienda\/shop\/omega-sub-sk-duo-radon\/#breadcrumb\",\"itemListElement\":[{\"@type\":\"ListItem\",\"position\":1,\"name\":\"Portada\",\"item\":\"https:\/\/aislayahorra.es\/tienda\/\"},{\"@type\":\"ListItem\",\"position\":2,\"name\":\"Shop\",\"item\":\"https:\/\/aislayahorra.es\/tienda\/\"},{\"@type\":\"ListItem\",\"position\":3,\"name\":\"L\u00e1mina OMEGA BASE TOP sk duo para parar el gas rad\u00f3n\"}]},{\"@type\":\"WebSite\",\"@id\":\"https:\/\/aislayahorra.es\/tienda\/#website\",\"url\":\"https:\/\/aislayahorra.es\/tienda\/\",\"name\":\"\",\"description\":\"\",\"potentialAction\":[{\"@type\":\"SearchAction\",\"target\":{\"@type\":\"EntryPoint\",\"urlTemplate\":\"https:\/\/aislayahorra.es\/tienda\/?s={search_term_string}\"},\"query-input\":{\"@type\":\"PropertyValueSpecification\",\"valueRequired\":true,\"valueName\":\"search_term_string\"}}],\"inLanguage\":\"es\"}]}<\/script>\n<!-- \/ Yoast SEO plugin. -->","yoast_head_json":{"title":"L\u00e1mina OMEGA BASE TOP sk duo para parar el gas rad\u00f3n - No mas rad\u00f3n","description":"Usando la l\u00e1mina OMEGA sk duo para parar el gas rad\u00f3n, podremos dificultar el paso de este gas en los s\u00f3tanos. Colocar debajo de la solera.","robots":{"index":"index","follow":"follow","max-snippet":"max-snippet:-1","max-image-preview":"max-image-preview:large","max-video-preview":"max-video-preview:-1"},"canonical":"https:\/\/aislayahorra.es\/tienda\/shop\/omega-sub-sk-duo-radon\/","og_locale":"es_ES","og_type":"article","og_title":"L\u00e1mina OMEGA BASE TOP sk duo para parar el gas rad\u00f3n - No mas rad\u00f3n","og_description":"Usando la l\u00e1mina OMEGA sk duo para parar el gas rad\u00f3n, podremos dificultar el paso de este gas en los s\u00f3tanos. Colocar debajo de la solera.","og_url":"https:\/\/aislayahorra.es\/tienda\/shop\/omega-sub-sk-duo-radon\/","article_modified_time":"2025-10-12T10:46:10+00:00","og_image":[{"width":849,"height":296,"url":"https:\/\/aislayahorra.es\/tienda\/wp-content\/uploads\/2021\/01\/header_basetop_74e5734d-8096-49f2-ac54-bb7dd9df3dfa.jpg","type":"image\/jpeg"}],"twitter_card":"summary_large_image","twitter_misc":{"Tiempo de lectura":"1 minuto"},"schema":{"@context":"https:\/\/schema.org","@graph":[{"@type":"WebPage","@id":"https:\/\/aislayahorra.es\/tienda\/shop\/omega-sub-sk-duo-radon\/","url":"https:\/\/aislayahorra.es\/tienda\/shop\/omega-sub-sk-duo-radon\/","name":"L\u00e1mina OMEGA BASE TOP sk duo para parar el gas rad\u00f3n - No mas rad\u00f3n","isPartOf":{"@id":"https:\/\/aislayahorra.es\/tienda\/#website"},"primaryImageOfPage":{"@id":"https:\/\/aislayahorra.es\/tienda\/shop\/omega-sub-sk-duo-radon\/#primaryimage"},"image":{"@id":"https:\/\/aislayahorra.es\/tienda\/shop\/omega-sub-sk-duo-radon\/#primaryimage"},"thumbnailUrl":"https:\/\/aislayahorra.es\/tienda\/wp-content\/uploads\/2021\/01\/header_basetop_74e5734d-8096-49f2-ac54-bb7dd9df3dfa.jpg","datePublished":"2021-01-21T09:23:54+00:00","dateModified":"2025-10-12T10:46:10+00:00","description":"Usando la l\u00e1mina OMEGA sk duo para parar el gas rad\u00f3n, podremos dificultar el paso de este gas en los s\u00f3tanos. Colocar debajo de la solera.","breadcrumb":{"@id":"https:\/\/aislayahorra.es\/tienda\/shop\/omega-sub-sk-duo-radon\/#breadcrumb"},"inLanguage":"es","potentialAction":[{"@type":"ReadAction","target":["https:\/\/aislayahorra.es\/tienda\/shop\/omega-sub-sk-duo-radon\/"]}]},{"@type":"ImageObject","inLanguage":"es","@id":"https:\/\/aislayahorra.es\/tienda\/shop\/omega-sub-sk-duo-radon\/#primaryimage","url":"https:\/\/aislayahorra.es\/tienda\/wp-content\/uploads\/2021\/01\/header_basetop_74e5734d-8096-49f2-ac54-bb7dd9df3dfa.jpg","contentUrl":"https:\/\/aislayahorra.es\/tienda\/wp-content\/uploads\/2021\/01\/header_basetop_74e5734d-8096-49f2-ac54-bb7dd9df3dfa.jpg","width":849,"height":296,"caption":"Omega Base top SK DUO Anti rad\u00f3n"},{"@type":"BreadcrumbList","@id":"https:\/\/aislayahorra.es\/tienda\/shop\/omega-sub-sk-duo-radon\/#breadcrumb","itemListElement":[{"@type":"ListItem","position":1,"name":"Portada","item":"https:\/\/aislayahorra.es\/tienda\/"},{"@type":"ListItem","position":2,"name":"Shop","item":"https:\/\/aislayahorra.es\/tienda\/"},{"@type":"ListItem","position":3,"name":"L\u00e1mina OMEGA BASE TOP sk duo para parar el gas rad\u00f3n"}]},{"@type":"WebSite","@id":"https:\/\/aislayahorra.es\/tienda\/#website","url":"https:\/\/aislayahorra.es\/tienda\/","name":"","description":"","potentialAction":[{"@type":"SearchAction","target":{"@type":"EntryPoint","urlTemplate":"https:\/\/aislayahorra.es\/tienda\/?s={search_term_string}"},"query-input":{"@type":"PropertyValueSpecification","valueRequired":true,"valueName":"search_term_string"}}],"inLanguage":"es"}]}},"_links":{"self":[{"href":"https:\/\/aislayahorra.es\/tienda\/wp-json\/wp\/v2\/product\/884","targetHints":{"allow":["GET"]}}],"collection":[{"href":"https:\/\/aislayahorra.es\/tienda\/wp-json\/wp\/v2\/product"}],"about":[{"href":"https:\/\/aislayahorra.es\/tienda\/wp-json\/wp\/v2\/types\/product"}],"replies":[{"embeddable":true,"href":"https:\/\/aislayahorra.es\/tienda\/wp-json\/wp\/v2\/comments?post=884"}],"version-history":[{"count":19,"href":"https:\/\/aislayahorra.es\/tienda\/wp-json\/wp\/v2\/product\/884\/revisions"}],"predecessor-version":[{"id":2367,"href":"https:\/\/aislayahorra.es\/tienda\/wp-json\/wp\/v2\/product\/884\/revisions\/2367"}],"wp:featuredmedia":[{"embeddable":true,"href":"https:\/\/aislayahorra.es\/tienda\/wp-json\/wp\/v2\/media\/2352"}],"wp:attachment":[{"href":"https:\/\/aislayahorra.es\/tienda\/wp-json\/wp\/v2\/media?parent=884"}],"wp:term":[{"taxonomy":"product_brand","embeddable":true,"href":"https:\/\/aislayahorra.es\/tienda\/wp-json\/wp\/v2\/product_brand?post=884"},{"taxonomy":"product_cat","embeddable":true,"href":"https:\/\/aislayahorra.es\/tienda\/wp-json\/wp\/v2\/product_cat?post=884"},{"taxonomy":"product_tag","embeddable":true,"href":"https:\/\/aislayahorra.es\/tienda\/wp-json\/wp\/v2\/product_tag?post=884"}],"curies":[{"name":"wp","href":"https:\/\/api.w.org\/{rel}","templated":true}]}}